{"id":986,"date":"2013-09-26T18:41:37","date_gmt":"2013-09-26T21:41:37","guid":{"rendered":"http:\/\/www.golosinaspormayor.com\/ventaonline\/?post_type=product&#038;p=986"},"modified":"2020-09-21T23:55:56","modified_gmt":"2020-09-22T02:55:56","slug":"salsa-inglesa-lea-perrins","status":"publish","type":"product","link":"https:\/\/www.golosinaspormayor.com\/ventaonline\/tienda\/condimentos\/salsa-inglesa-lea-perrins\/","title":{"rendered":"SALSA INGLESA LEA &amp; PERRINS"},"content":{"rendered":"<p>Si quieres saber m\u00e1s te diremos que la salsa inglesa Lea &amp; Perrins, es la m\u00e1s conocida en el mundo entero, que es tambi\u00e9n llamada salsa Perrins, salsa Worcestershire, entre otros nombres. Esta es la marca que es sin\u00f3nimo de salsa inglesa verdadera, extendida por todo el planeta, y te decimos que la tenemos en stock a un precio incre\u00edble, para que puedas venderla a tus clientes. Est\u00e1 compuesta por ingredientes libres de colesterol y gluten. Tiene entre sus componentes vinagres de alcohol, de malta, melasa, azucares, sal y anchoas, entre otros ingredientes que hasta ahora son un secreto.<\/p>\n<p>La salsa inglesa Lea &amp; Perrins, es ideal para agregar a los asados, para ensaladas y marinadas, tambi\u00e9n utilizada en el mundo para preparar ricos c\u00f3cteles. No solo la encontramos en los m\u00e1s importantes supermercados, sino que en restaurantes, y en hogares que gustan consumir alimentos ex\u00f3ticos, y llenos de sabor. Te aconsejamos que no te debe faltar la salsa inglesa Lea &amp; Perrins, para la venta en gastronom\u00eda, adem\u00e1s su presentaci\u00f3n tambi\u00e9n es un lujo, tres tipos de esta salsa en botellas de vidrio, finamente vestidas con papel que guardan una est\u00e9tica inmejorable. Haznos tu pedido ahora a trav\u00e9s de nuestra tienda online.<\/p>\n","protected":false},"excerpt":{"rendered":"<p><strong>SALSA INGLESA LEA &amp; PERRINS 150ML B\/24<\/strong><\/p>\n","protected":false},"featured_media":3286,"comment_status":"closed","ping_status":"closed","template":"","meta":{"site-sidebar-layout":"default","site-content-layout":"","ast-site-content-layout":"default","site-content-style":"default","site-sidebar-style":"default","ast-global-header-display":"","ast-banner-title-visibility":"","ast-main-header-display":"","ast-hfb-above-header-display":"","ast-hfb-below-header-display":"","ast-hfb-mobile-header-display":"","site-post-title":"","ast-breadcrumbs-content":"","ast-featured-img":"","footer-sml-layout":"","ast-disable-related-posts":"","theme-transparent-header-meta":"","adv-header-id-meta":"","stick-header-meta":"","header-above-stick-meta":"","header-main-stick-meta":"","header-below-stick-meta":"","astra-migrate-meta-layouts":"default","ast-page-background-enabled":"default","ast-page-background-meta":{"desktop":{"background-color":"","background-image":"","background-repeat":"repeat","background-position":"center center","background-size":"auto","background-attachment":"scroll","background-type":"","background-media":"","overlay-type":"","overlay-color":"","overlay-opacity":"","overlay-gradient":""},"tablet":{"background-color":"","background-image":"","background-repeat":"repeat","background-position":"center center","background-size":"auto","background-attachment":"scroll","background-type":"","background-media":"","overlay-type":"","overlay-color":"","overlay-opacity":"","overlay-gradient":""},"mobile":{"background-color":"","background-image":"","background-repeat":"repeat","background-position":"center center","background-size":"auto","background-attachment":"scroll","background-type":"","background-media":"","overlay-type":"","overlay-color":"","overlay-opacity":"","overlay-gradient":""}},"ast-content-background-meta":{"desktop":{"background-color":"var(--ast-global-color-5)","background-image":"","background-repeat":"repeat","background-position":"center center","background-size":"auto","background-attachment":"scroll","background-type":"","background-media":"","overlay-type":"","overlay-color":"","overlay-opacity":"","overlay-gradient":""},"tablet":{"background-color":"var(--ast-global-color-5)","background-image":"","background-repeat":"repeat","background-position":"center center","background-size":"auto","background-attachment":"scroll","background-type":"","background-media":"","overlay-type":"","overlay-color":"","overlay-opacity":"","overlay-gradient":""},"mobile":{"background-color":"var(--ast-global-color-5)","background-image":"","background-repeat":"repeat","background-position":"center center","background-size":"auto","background-attachment":"scroll","background-type":"","background-media":"","overlay-type":"","overlay-color":"","overlay-opacity":"","overlay-gradient":""}},"_joinchat":[]},"product_brand":[],"product_cat":[216],"product_tag":[147,676,677,114,647],"class_list":{"0":"post-986","1":"product","2":"type-product","3":"status-publish","4":"has-post-thumbnail","6":"product_cat-condimentos","7":"product_tag-drugstore","8":"product_tag-inglesa","9":"product_tag-lea-perrins","10":"product_tag-precios","11":"product_tag-salsa","12":"desktop-align-left","13":"tablet-align-left","14":"mobile-align-left","15":"ast-product-gallery-layout-vertical","16":"ast-product-gallery-with-no-image","17":"ast-product-tabs-layout-vertical","19":"first","20":"outofstock","21":"shipping-taxable","22":"purchasable","23":"product-type-simple"},"yoast_head":"<!-- This site is optimized with the Yoast SEO plugin v27.2 - https:\/\/yoast.com\/product\/yoast-seo-wordpress\/ -->\n<title>SALSA INGLESA LEA &amp; PERRINS -<\/title>\n<meta name=\"description\" content=\"La salsa inglesa Lea &amp; Perrins es una de las m\u00e1s comercializadas, no dudes en incluirlas dentro de tu stock. Tenemos los mejores precios mayoristas del mercado y un env\u00edo inmediato.\" \/>\n<meta name=\"robots\" content=\"index, follow, max-snippet:-1, max-image-preview:large, max-video-preview:-1\" \/>\n<link rel=\"canonical\" href=\"https:\/\/www.golosinaspormayor.com\/ventaonline\/tienda\/condimentos\/salsa-inglesa-lea-perrins\/\" \/>\n<meta property=\"og:locale\" content=\"es_ES\" \/>\n<meta property=\"og:type\" content=\"article\" \/>\n<meta property=\"og:title\" content=\"SALSA INGLESA LEA &amp; PERRINS -\" \/>\n<meta property=\"og:description\" content=\"La salsa inglesa Lea &amp; Perrins es una de las m\u00e1s comercializadas, no dudes en incluirlas dentro de tu stock. Tenemos los mejores precios mayoristas del mercado y un env\u00edo inmediato.\" \/>\n<meta property=\"og:url\" content=\"https:\/\/www.golosinaspormayor.com\/ventaonline\/tienda\/condimentos\/salsa-inglesa-lea-perrins\/\" \/>\n<meta property=\"og:site_name\" content=\"Golosinas por Mayor\" \/>\n<meta property=\"article:modified_time\" content=\"2020-09-22T02:55:56+00:00\" \/>\n<meta property=\"og:image\" content=\"https:\/\/www.golosinaspormayor.com\/ventaonline\/wp-content\/uploads\/lea-perrins-salsa-inglesa-x-150ml.jpg\" \/>\n\t<meta property=\"og:image:width\" content=\"500\" \/>\n\t<meta property=\"og:image:height\" content=\"500\" \/>\n\t<meta property=\"og:image:type\" content=\"image\/jpeg\" \/>\n<meta name=\"twitter:label1\" content=\"Tiempo de lectura\" \/>\n\t<meta name=\"twitter:data1\" content=\"1 minuto\" \/>\n<script type=\"application\/ld+json\" class=\"yoast-schema-graph\">{\"@context\":\"https:\/\/schema.org\",\"@graph\":[{\"@type\":\"WebPage\",\"@id\":\"https:\/\/www.golosinaspormayor.com\/ventaonline\/tienda\/condimentos\/salsa-inglesa-lea-perrins\/\",\"url\":\"https:\/\/www.golosinaspormayor.com\/ventaonline\/tienda\/condimentos\/salsa-inglesa-lea-perrins\/\",\"name\":\"SALSA INGLESA LEA &amp; PERRINS -\",\"isPartOf\":{\"@id\":\"https:\/\/www.golosinaspormayor.com\/ventaonline\/#website\"},\"primaryImageOfPage\":{\"@id\":\"https:\/\/www.golosinaspormayor.com\/ventaonline\/tienda\/condimentos\/salsa-inglesa-lea-perrins\/#primaryimage\"},\"image\":{\"@id\":\"https:\/\/www.golosinaspormayor.com\/ventaonline\/tienda\/condimentos\/salsa-inglesa-lea-perrins\/#primaryimage\"},\"thumbnailUrl\":\"https:\/\/www.golosinaspormayor.com\/ventaonline\/wp-content\/uploads\/lea-perrins-salsa-inglesa-x-150ml.jpg\",\"datePublished\":\"2013-09-26T21:41:37+00:00\",\"dateModified\":\"2020-09-22T02:55:56+00:00\",\"description\":\"La salsa inglesa Lea & Perrins es una de las m\u00e1s comercializadas, no dudes en incluirlas dentro de tu stock. Tenemos los mejores precios mayoristas del mercado y un env\u00edo inmediato.\",\"breadcrumb\":{\"@id\":\"https:\/\/www.golosinaspormayor.com\/ventaonline\/tienda\/condimentos\/salsa-inglesa-lea-perrins\/#breadcrumb\"},\"inLanguage\":\"es\",\"potentialAction\":[{\"@type\":\"ReadAction\",\"target\":[\"https:\/\/www.golosinaspormayor.com\/ventaonline\/tienda\/condimentos\/salsa-inglesa-lea-perrins\/\"]}]},{\"@type\":\"ImageObject\",\"inLanguage\":\"es\",\"@id\":\"https:\/\/www.golosinaspormayor.com\/ventaonline\/tienda\/condimentos\/salsa-inglesa-lea-perrins\/#primaryimage\",\"url\":\"https:\/\/www.golosinaspormayor.com\/ventaonline\/wp-content\/uploads\/lea-perrins-salsa-inglesa-x-150ml.jpg\",\"contentUrl\":\"https:\/\/www.golosinaspormayor.com\/ventaonline\/wp-content\/uploads\/lea-perrins-salsa-inglesa-x-150ml.jpg\",\"width\":500,\"height\":500},{\"@type\":\"BreadcrumbList\",\"@id\":\"https:\/\/www.golosinaspormayor.com\/ventaonline\/tienda\/condimentos\/salsa-inglesa-lea-perrins\/#breadcrumb\",\"itemListElement\":[{\"@type\":\"ListItem\",\"position\":1,\"name\":\"Tienda\",\"item\":\"https:\/\/www.golosinaspormayor.com\/ventaonline\/tienda\/\"},{\"@type\":\"ListItem\",\"position\":2,\"name\":\"SALSA INGLESA LEA &amp; PERRINS\"}]},{\"@type\":\"WebSite\",\"@id\":\"https:\/\/www.golosinaspormayor.com\/ventaonline\/#website\",\"url\":\"https:\/\/www.golosinaspormayor.com\/ventaonline\/\",\"name\":\"Golosinas por Mayor\",\"description\":\"Venta online de golosinas por mayor\",\"publisher\":{\"@id\":\"https:\/\/www.golosinaspormayor.com\/ventaonline\/#organization\"},\"potentialAction\":[{\"@type\":\"SearchAction\",\"target\":{\"@type\":\"EntryPoint\",\"urlTemplate\":\"https:\/\/www.golosinaspormayor.com\/ventaonline\/?s={search_term_string}\"},\"query-input\":{\"@type\":\"PropertyValueSpecification\",\"valueRequired\":true,\"valueName\":\"search_term_string\"}}],\"inLanguage\":\"es\"},{\"@type\":\"Organization\",\"@id\":\"https:\/\/www.golosinaspormayor.com\/ventaonline\/#organization\",\"name\":\"Golosinas por Mayor\",\"url\":\"https:\/\/www.golosinaspormayor.com\/ventaonline\/\",\"logo\":{\"@type\":\"ImageObject\",\"inLanguage\":\"es\",\"@id\":\"https:\/\/www.golosinaspormayor.com\/ventaonline\/#\/schema\/logo\/image\/\",\"url\":\"https:\/\/www.golosinaspormayor.com\/ventaonline\/wp-content\/uploads\/Copia-de-pop-logo-png.png\",\"contentUrl\":\"https:\/\/www.golosinaspormayor.com\/ventaonline\/wp-content\/uploads\/Copia-de-pop-logo-png.png\",\"width\":150,\"height\":46,\"caption\":\"Golosinas por Mayor\"},\"image\":{\"@id\":\"https:\/\/www.golosinaspormayor.com\/ventaonline\/#\/schema\/logo\/image\/\"}}]}<\/script>\n<!-- \/ Yoast SEO plugin. -->","yoast_head_json":{"title":"SALSA INGLESA LEA &amp; PERRINS -","description":"La salsa inglesa Lea & Perrins es una de las m\u00e1s comercializadas, no dudes en incluirlas dentro de tu stock. Tenemos los mejores precios mayoristas del mercado y un env\u00edo inmediato.","robots":{"index":"index","follow":"follow","max-snippet":"max-snippet:-1","max-image-preview":"max-image-preview:large","max-video-preview":"max-video-preview:-1"},"canonical":"https:\/\/www.golosinaspormayor.com\/ventaonline\/tienda\/condimentos\/salsa-inglesa-lea-perrins\/","og_locale":"es_ES","og_type":"article","og_title":"SALSA INGLESA LEA &amp; PERRINS -","og_description":"La salsa inglesa Lea & Perrins es una de las m\u00e1s comercializadas, no dudes en incluirlas dentro de tu stock. Tenemos los mejores precios mayoristas del mercado y un env\u00edo inmediato.","og_url":"https:\/\/www.golosinaspormayor.com\/ventaonline\/tienda\/condimentos\/salsa-inglesa-lea-perrins\/","og_site_name":"Golosinas por Mayor","article_modified_time":"2020-09-22T02:55:56+00:00","og_image":[{"width":500,"height":500,"url":"https:\/\/www.golosinaspormayor.com\/ventaonline\/wp-content\/uploads\/lea-perrins-salsa-inglesa-x-150ml.jpg","type":"image\/jpeg"}],"twitter_misc":{"Tiempo de lectura":"1 minuto"},"schema":{"@context":"https:\/\/schema.org","@graph":[{"@type":"WebPage","@id":"https:\/\/www.golosinaspormayor.com\/ventaonline\/tienda\/condimentos\/salsa-inglesa-lea-perrins\/","url":"https:\/\/www.golosinaspormayor.com\/ventaonline\/tienda\/condimentos\/salsa-inglesa-lea-perrins\/","name":"SALSA INGLESA LEA &amp; PERRINS -","isPartOf":{"@id":"https:\/\/www.golosinaspormayor.com\/ventaonline\/#website"},"primaryImageOfPage":{"@id":"https:\/\/www.golosinaspormayor.com\/ventaonline\/tienda\/condimentos\/salsa-inglesa-lea-perrins\/#primaryimage"},"image":{"@id":"https:\/\/www.golosinaspormayor.com\/ventaonline\/tienda\/condimentos\/salsa-inglesa-lea-perrins\/#primaryimage"},"thumbnailUrl":"https:\/\/www.golosinaspormayor.com\/ventaonline\/wp-content\/uploads\/lea-perrins-salsa-inglesa-x-150ml.jpg","datePublished":"2013-09-26T21:41:37+00:00","dateModified":"2020-09-22T02:55:56+00:00","description":"La salsa inglesa Lea & Perrins es una de las m\u00e1s comercializadas, no dudes en incluirlas dentro de tu stock. Tenemos los mejores precios mayoristas del mercado y un env\u00edo inmediato.","breadcrumb":{"@id":"https:\/\/www.golosinaspormayor.com\/ventaonline\/tienda\/condimentos\/salsa-inglesa-lea-perrins\/#breadcrumb"},"inLanguage":"es","potentialAction":[{"@type":"ReadAction","target":["https:\/\/www.golosinaspormayor.com\/ventaonline\/tienda\/condimentos\/salsa-inglesa-lea-perrins\/"]}]},{"@type":"ImageObject","inLanguage":"es","@id":"https:\/\/www.golosinaspormayor.com\/ventaonline\/tienda\/condimentos\/salsa-inglesa-lea-perrins\/#primaryimage","url":"https:\/\/www.golosinaspormayor.com\/ventaonline\/wp-content\/uploads\/lea-perrins-salsa-inglesa-x-150ml.jpg","contentUrl":"https:\/\/www.golosinaspormayor.com\/ventaonline\/wp-content\/uploads\/lea-perrins-salsa-inglesa-x-150ml.jpg","width":500,"height":500},{"@type":"BreadcrumbList","@id":"https:\/\/www.golosinaspormayor.com\/ventaonline\/tienda\/condimentos\/salsa-inglesa-lea-perrins\/#breadcrumb","itemListElement":[{"@type":"ListItem","position":1,"name":"Tienda","item":"https:\/\/www.golosinaspormayor.com\/ventaonline\/tienda\/"},{"@type":"ListItem","position":2,"name":"SALSA INGLESA LEA &amp; PERRINS"}]},{"@type":"WebSite","@id":"https:\/\/www.golosinaspormayor.com\/ventaonline\/#website","url":"https:\/\/www.golosinaspormayor.com\/ventaonline\/","name":"Golosinas por Mayor","description":"Venta online de golosinas por mayor","publisher":{"@id":"https:\/\/www.golosinaspormayor.com\/ventaonline\/#organization"},"potentialAction":[{"@type":"SearchAction","target":{"@type":"EntryPoint","urlTemplate":"https:\/\/www.golosinaspormayor.com\/ventaonline\/?s={search_term_string}"},"query-input":{"@type":"PropertyValueSpecification","valueRequired":true,"valueName":"search_term_string"}}],"inLanguage":"es"},{"@type":"Organization","@id":"https:\/\/www.golosinaspormayor.com\/ventaonline\/#organization","name":"Golosinas por Mayor","url":"https:\/\/www.golosinaspormayor.com\/ventaonline\/","logo":{"@type":"ImageObject","inLanguage":"es","@id":"https:\/\/www.golosinaspormayor.com\/ventaonline\/#\/schema\/logo\/image\/","url":"https:\/\/www.golosinaspormayor.com\/ventaonline\/wp-content\/uploads\/Copia-de-pop-logo-png.png","contentUrl":"https:\/\/www.golosinaspormayor.com\/ventaonline\/wp-content\/uploads\/Copia-de-pop-logo-png.png","width":150,"height":46,"caption":"Golosinas por Mayor"},"image":{"@id":"https:\/\/www.golosinaspormayor.com\/ventaonline\/#\/schema\/logo\/image\/"}}]}},"_links":{"self":[{"href":"https:\/\/www.golosinaspormayor.com\/ventaonline\/wp-json\/wp\/v2\/product\/986","targetHints":{"allow":["GET"]}}],"collection":[{"href":"https:\/\/www.golosinaspormayor.com\/ventaonline\/wp-json\/wp\/v2\/product"}],"about":[{"href":"https:\/\/www.golosinaspormayor.com\/ventaonline\/wp-json\/wp\/v2\/types\/product"}],"replies":[{"embeddable":true,"href":"https:\/\/www.golosinaspormayor.com\/ventaonline\/wp-json\/wp\/v2\/comments?post=986"}],"wp:featuredmedia":[{"embeddable":true,"href":"https:\/\/www.golosinaspormayor.com\/ventaonline\/wp-json\/wp\/v2\/media\/3286"}],"wp:attachment":[{"href":"https:\/\/www.golosinaspormayor.com\/ventaonline\/wp-json\/wp\/v2\/media?parent=986"}],"wp:term":[{"taxonomy":"product_brand","embeddable":true,"href":"https:\/\/www.golosinaspormayor.com\/ventaonline\/wp-json\/wp\/v2\/product_brand?post=986"},{"taxonomy":"product_cat","embeddable":true,"href":"https:\/\/www.golosinaspormayor.com\/ventaonline\/wp-json\/wp\/v2\/product_cat?post=986"},{"taxonomy":"product_tag","embeddable":true,"href":"https:\/\/www.golosinaspormayor.com\/ventaonline\/wp-json\/wp\/v2\/product_tag?post=986"}],"curies":[{"name":"wp","href":"https:\/\/api.w.org\/{rel}","templated":true}]}}