{"id":972,"date":"2013-09-27T01:20:34","date_gmt":"2013-09-27T04:20:34","guid":{"rendered":"http:\/\/www.golosinaspormayor.com\/ventaonline\/?post_type=product&#038;p=972"},"modified":"2018-08-03T11:18:05","modified_gmt":"2018-08-03T14:18:05","slug":"repuesto-afeitadora-gillette-sensor-excel","status":"publish","type":"product","link":"https:\/\/www.golosinaspormayor.com\/ventaonline\/tienda\/afeitadoras\/repuesto-afeitadora-gillette-sensor-excel\/","title":{"rendered":"REPUESTO AFEITADORA GILLETTE SENSOR EXCEL X 6U"},"content":{"rendered":"<p>Si realmente lo que se busca es el m\u00e1ximo confort al afeitarse y la precisi\u00f3n m\u00e1s intensa, es entonces la hora de hablar del repuesto de afeitadora Gillette Sensor Excel, que es una de las m\u00e1s populares de todas, puesto a que son m\u00e1s que precisas, y est\u00e1n en el momento justo. Hoy el consumidor busca productos que realmente sean \u00e1giles, modernos, y que nos permitan varias usadas, y en este sentido en cuestiones de depilaci\u00f3n y afeitados, los repuestos de afeitadora Gillette Sensor Excel, son las mejores del mercado.<\/p>\n<p>Este tipo de productos no deber\u00edan faltar en las g\u00f3ndolas de tu drugstore, ya que siempre habr\u00e1 alguien que te las pedir\u00e1. El beneficio es inmediato cuando tenemos el repuesto de afeitadora Gillette Sensor Excel, ya que te permite que tengas cada vez una afeitadora nueva y para el uso. Adem\u00e1s esta Gillette como todos los de esta marca, cuidan la piel del rostro y de cualquier parte del cuerpo. Tenemos todo este tipo de productos, y los puedes ver en el cat\u00e1logo que tenemos preparado para que veas precios, y detalles de cada uno de ellos, podr\u00e1s pedirlos por esta v\u00eda, y hacer las preguntas que sean necesarias acerca de cada producto.<\/p>\n","protected":false},"excerpt":{"rendered":"<p><strong>GILLETTE REPUESTO SENSOR EXCEL x 6u B\/24<\/strong><\/p>\n","protected":false},"featured_media":3167,"comment_status":"closed","ping_status":"closed","template":"","meta":{"site-sidebar-layout":"default","site-content-layout":"","ast-site-content-layout":"default","site-content-style":"default","site-sidebar-style":"default","ast-global-header-display":"","ast-banner-title-visibility":"","ast-main-header-display":"","ast-hfb-above-header-display":"","ast-hfb-below-header-display":"","ast-hfb-mobile-header-display":"","site-post-title":"","ast-breadcrumbs-content":"","ast-featured-img":"","footer-sml-layout":"","ast-disable-related-posts":"","theme-transparent-header-meta":"","adv-header-id-meta":"","stick-header-meta":"","header-above-stick-meta":"","header-main-stick-meta":"","header-below-stick-meta":"","astra-migrate-meta-layouts":"default","ast-page-background-enabled":"default","ast-page-background-meta":{"desktop":{"background-color":"","background-image":"","background-repeat":"repeat","background-position":"center center","background-size":"auto","background-attachment":"scroll","background-type":"","background-media":"","overlay-type":"","overlay-color":"","overlay-opacity":"","overlay-gradient":""},"tablet":{"background-color":"","background-image":"","background-repeat":"repeat","background-position":"center center","background-size":"auto","background-attachment":"scroll","background-type":"","background-media":"","overlay-type":"","overlay-color":"","overlay-opacity":"","overlay-gradient":""},"mobile":{"background-color":"","background-image":"","background-repeat":"repeat","background-position":"center center","background-size":"auto","background-attachment":"scroll","background-type":"","background-media":"","overlay-type":"","overlay-color":"","overlay-opacity":"","overlay-gradient":""}},"ast-content-background-meta":{"desktop":{"background-color":"var(--ast-global-color-5)","background-image":"","background-repeat":"repeat","background-position":"center center","background-size":"auto","background-attachment":"scroll","background-type":"","background-media":"","overlay-type":"","overlay-color":"","overlay-opacity":"","overlay-gradient":""},"tablet":{"background-color":"var(--ast-global-color-5)","background-image":"","background-repeat":"repeat","background-position":"center center","background-size":"auto","background-attachment":"scroll","background-type":"","background-media":"","overlay-type":"","overlay-color":"","overlay-opacity":"","overlay-gradient":""},"mobile":{"background-color":"var(--ast-global-color-5)","background-image":"","background-repeat":"repeat","background-position":"center center","background-size":"auto","background-attachment":"scroll","background-type":"","background-media":"","overlay-type":"","overlay-color":"","overlay-opacity":"","overlay-gradient":""}},"_joinchat":[]},"product_brand":[],"product_cat":[217],"product_tag":[662,20,664,661,665],"class_list":{"0":"post-972","1":"product","2":"type-product","3":"status-publish","4":"has-post-thumbnail","6":"product_cat-afeitadoras","7":"product_tag-gillette","8":"product_tag-mayorista","9":"product_tag-rasuradoras","10":"product_tag-repuestos","11":"product_tag-sensor-excel","12":"desktop-align-left","13":"tablet-align-left","14":"mobile-align-left","15":"ast-product-gallery-layout-vertical","16":"ast-product-gallery-with-no-image","17":"ast-product-tabs-layout-vertical","19":"first","20":"outofstock","21":"shipping-taxable","22":"purchasable","23":"product-type-simple"},"yoast_head":"<!-- This site is optimized with the Yoast SEO plugin v27.2 - https:\/\/yoast.com\/product\/yoast-seo-wordpress\/ -->\n<title>REPUESTO AFEITADORA GILLETTE SENSOR EXCEL X 6U -<\/title>\n<meta name=\"description\" content=\"Los repuestos de afeitadora Gillette Sensor Excel son l\u00edderes en el mercado por eso debes tenerlos entre tus productos. Te ofrecemos los mejores precios del mercado mayorista y una entrega inmediata.\" \/>\n<meta name=\"robots\" content=\"index, follow, max-snippet:-1, max-image-preview:large, max-video-preview:-1\" \/>\n<link rel=\"canonical\" href=\"https:\/\/www.golosinaspormayor.com\/ventaonline\/tienda\/afeitadoras\/repuesto-afeitadora-gillette-sensor-excel\/\" \/>\n<meta property=\"og:locale\" content=\"es_ES\" \/>\n<meta property=\"og:type\" content=\"article\" \/>\n<meta property=\"og:title\" content=\"REPUESTO AFEITADORA GILLETTE SENSOR EXCEL X 6U -\" \/>\n<meta property=\"og:description\" content=\"Los repuestos de afeitadora Gillette Sensor Excel son l\u00edderes en el mercado por eso debes tenerlos entre tus productos. Te ofrecemos los mejores precios del mercado mayorista y una entrega inmediata.\" \/>\n<meta property=\"og:url\" content=\"https:\/\/www.golosinaspormayor.com\/ventaonline\/tienda\/afeitadoras\/repuesto-afeitadora-gillette-sensor-excel\/\" \/>\n<meta property=\"og:site_name\" content=\"Golosinas por Mayor\" \/>\n<meta property=\"article:modified_time\" content=\"2018-08-03T14:18:05+00:00\" \/>\n<meta property=\"og:image\" content=\"https:\/\/www.golosinaspormayor.com\/ventaonline\/wp-content\/uploads\/gillette-sensor-excel.jpg\" \/>\n\t<meta property=\"og:image:width\" content=\"1000\" \/>\n\t<meta property=\"og:image:height\" content=\"1000\" \/>\n\t<meta property=\"og:image:type\" content=\"image\/jpeg\" \/>\n<meta name=\"twitter:label1\" content=\"Tiempo de lectura\" \/>\n\t<meta name=\"twitter:data1\" content=\"1 minuto\" \/>\n<script type=\"application\/ld+json\" class=\"yoast-schema-graph\">{\"@context\":\"https:\/\/schema.org\",\"@graph\":[{\"@type\":\"WebPage\",\"@id\":\"https:\/\/www.golosinaspormayor.com\/ventaonline\/tienda\/afeitadoras\/repuesto-afeitadora-gillette-sensor-excel\/\",\"url\":\"https:\/\/www.golosinaspormayor.com\/ventaonline\/tienda\/afeitadoras\/repuesto-afeitadora-gillette-sensor-excel\/\",\"name\":\"REPUESTO AFEITADORA GILLETTE SENSOR EXCEL X 6U -\",\"isPartOf\":{\"@id\":\"https:\/\/www.golosinaspormayor.com\/ventaonline\/#website\"},\"primaryImageOfPage\":{\"@id\":\"https:\/\/www.golosinaspormayor.com\/ventaonline\/tienda\/afeitadoras\/repuesto-afeitadora-gillette-sensor-excel\/#primaryimage\"},\"image\":{\"@id\":\"https:\/\/www.golosinaspormayor.com\/ventaonline\/tienda\/afeitadoras\/repuesto-afeitadora-gillette-sensor-excel\/#primaryimage\"},\"thumbnailUrl\":\"https:\/\/www.golosinaspormayor.com\/ventaonline\/wp-content\/uploads\/gillette-sensor-excel.jpg\",\"datePublished\":\"2013-09-27T04:20:34+00:00\",\"dateModified\":\"2018-08-03T14:18:05+00:00\",\"description\":\"Los repuestos de afeitadora Gillette Sensor Excel son l\u00edderes en el mercado por eso debes tenerlos entre tus productos. Te ofrecemos los mejores precios del mercado mayorista y una entrega inmediata.\",\"breadcrumb\":{\"@id\":\"https:\/\/www.golosinaspormayor.com\/ventaonline\/tienda\/afeitadoras\/repuesto-afeitadora-gillette-sensor-excel\/#breadcrumb\"},\"inLanguage\":\"es\",\"potentialAction\":[{\"@type\":\"ReadAction\",\"target\":[\"https:\/\/www.golosinaspormayor.com\/ventaonline\/tienda\/afeitadoras\/repuesto-afeitadora-gillette-sensor-excel\/\"]}]},{\"@type\":\"ImageObject\",\"inLanguage\":\"es\",\"@id\":\"https:\/\/www.golosinaspormayor.com\/ventaonline\/tienda\/afeitadoras\/repuesto-afeitadora-gillette-sensor-excel\/#primaryimage\",\"url\":\"https:\/\/www.golosinaspormayor.com\/ventaonline\/wp-content\/uploads\/gillette-sensor-excel.jpg\",\"contentUrl\":\"https:\/\/www.golosinaspormayor.com\/ventaonline\/wp-content\/uploads\/gillette-sensor-excel.jpg\",\"width\":1000,\"height\":1000},{\"@type\":\"BreadcrumbList\",\"@id\":\"https:\/\/www.golosinaspormayor.com\/ventaonline\/tienda\/afeitadoras\/repuesto-afeitadora-gillette-sensor-excel\/#breadcrumb\",\"itemListElement\":[{\"@type\":\"ListItem\",\"position\":1,\"name\":\"Tienda\",\"item\":\"https:\/\/www.golosinaspormayor.com\/ventaonline\/tienda\/\"},{\"@type\":\"ListItem\",\"position\":2,\"name\":\"REPUESTO AFEITADORA GILLETTE SENSOR EXCEL X 6U\"}]},{\"@type\":\"WebSite\",\"@id\":\"https:\/\/www.golosinaspormayor.com\/ventaonline\/#website\",\"url\":\"https:\/\/www.golosinaspormayor.com\/ventaonline\/\",\"name\":\"Golosinas por Mayor\",\"description\":\"Venta online de golosinas por mayor\",\"publisher\":{\"@id\":\"https:\/\/www.golosinaspormayor.com\/ventaonline\/#organization\"},\"potentialAction\":[{\"@type\":\"SearchAction\",\"target\":{\"@type\":\"EntryPoint\",\"urlTemplate\":\"https:\/\/www.golosinaspormayor.com\/ventaonline\/?s={search_term_string}\"},\"query-input\":{\"@type\":\"PropertyValueSpecification\",\"valueRequired\":true,\"valueName\":\"search_term_string\"}}],\"inLanguage\":\"es\"},{\"@type\":\"Organization\",\"@id\":\"https:\/\/www.golosinaspormayor.com\/ventaonline\/#organization\",\"name\":\"Golosinas por Mayor\",\"url\":\"https:\/\/www.golosinaspormayor.com\/ventaonline\/\",\"logo\":{\"@type\":\"ImageObject\",\"inLanguage\":\"es\",\"@id\":\"https:\/\/www.golosinaspormayor.com\/ventaonline\/#\/schema\/logo\/image\/\",\"url\":\"https:\/\/www.golosinaspormayor.com\/ventaonline\/wp-content\/uploads\/Copia-de-pop-logo-png.png\",\"contentUrl\":\"https:\/\/www.golosinaspormayor.com\/ventaonline\/wp-content\/uploads\/Copia-de-pop-logo-png.png\",\"width\":150,\"height\":46,\"caption\":\"Golosinas por Mayor\"},\"image\":{\"@id\":\"https:\/\/www.golosinaspormayor.com\/ventaonline\/#\/schema\/logo\/image\/\"}}]}<\/script>\n<!-- \/ Yoast SEO plugin. -->","yoast_head_json":{"title":"REPUESTO AFEITADORA GILLETTE SENSOR EXCEL X 6U -","description":"Los repuestos de afeitadora Gillette Sensor Excel son l\u00edderes en el mercado por eso debes tenerlos entre tus productos. Te ofrecemos los mejores precios del mercado mayorista y una entrega inmediata.","robots":{"index":"index","follow":"follow","max-snippet":"max-snippet:-1","max-image-preview":"max-image-preview:large","max-video-preview":"max-video-preview:-1"},"canonical":"https:\/\/www.golosinaspormayor.com\/ventaonline\/tienda\/afeitadoras\/repuesto-afeitadora-gillette-sensor-excel\/","og_locale":"es_ES","og_type":"article","og_title":"REPUESTO AFEITADORA GILLETTE SENSOR EXCEL X 6U -","og_description":"Los repuestos de afeitadora Gillette Sensor Excel son l\u00edderes en el mercado por eso debes tenerlos entre tus productos. Te ofrecemos los mejores precios del mercado mayorista y una entrega inmediata.","og_url":"https:\/\/www.golosinaspormayor.com\/ventaonline\/tienda\/afeitadoras\/repuesto-afeitadora-gillette-sensor-excel\/","og_site_name":"Golosinas por Mayor","article_modified_time":"2018-08-03T14:18:05+00:00","og_image":[{"width":1000,"height":1000,"url":"https:\/\/www.golosinaspormayor.com\/ventaonline\/wp-content\/uploads\/gillette-sensor-excel.jpg","type":"image\/jpeg"}],"twitter_misc":{"Tiempo de lectura":"1 minuto"},"schema":{"@context":"https:\/\/schema.org","@graph":[{"@type":"WebPage","@id":"https:\/\/www.golosinaspormayor.com\/ventaonline\/tienda\/afeitadoras\/repuesto-afeitadora-gillette-sensor-excel\/","url":"https:\/\/www.golosinaspormayor.com\/ventaonline\/tienda\/afeitadoras\/repuesto-afeitadora-gillette-sensor-excel\/","name":"REPUESTO AFEITADORA GILLETTE SENSOR EXCEL X 6U -","isPartOf":{"@id":"https:\/\/www.golosinaspormayor.com\/ventaonline\/#website"},"primaryImageOfPage":{"@id":"https:\/\/www.golosinaspormayor.com\/ventaonline\/tienda\/afeitadoras\/repuesto-afeitadora-gillette-sensor-excel\/#primaryimage"},"image":{"@id":"https:\/\/www.golosinaspormayor.com\/ventaonline\/tienda\/afeitadoras\/repuesto-afeitadora-gillette-sensor-excel\/#primaryimage"},"thumbnailUrl":"https:\/\/www.golosinaspormayor.com\/ventaonline\/wp-content\/uploads\/gillette-sensor-excel.jpg","datePublished":"2013-09-27T04:20:34+00:00","dateModified":"2018-08-03T14:18:05+00:00","description":"Los repuestos de afeitadora Gillette Sensor Excel son l\u00edderes en el mercado por eso debes tenerlos entre tus productos. Te ofrecemos los mejores precios del mercado mayorista y una entrega inmediata.","breadcrumb":{"@id":"https:\/\/www.golosinaspormayor.com\/ventaonline\/tienda\/afeitadoras\/repuesto-afeitadora-gillette-sensor-excel\/#breadcrumb"},"inLanguage":"es","potentialAction":[{"@type":"ReadAction","target":["https:\/\/www.golosinaspormayor.com\/ventaonline\/tienda\/afeitadoras\/repuesto-afeitadora-gillette-sensor-excel\/"]}]},{"@type":"ImageObject","inLanguage":"es","@id":"https:\/\/www.golosinaspormayor.com\/ventaonline\/tienda\/afeitadoras\/repuesto-afeitadora-gillette-sensor-excel\/#primaryimage","url":"https:\/\/www.golosinaspormayor.com\/ventaonline\/wp-content\/uploads\/gillette-sensor-excel.jpg","contentUrl":"https:\/\/www.golosinaspormayor.com\/ventaonline\/wp-content\/uploads\/gillette-sensor-excel.jpg","width":1000,"height":1000},{"@type":"BreadcrumbList","@id":"https:\/\/www.golosinaspormayor.com\/ventaonline\/tienda\/afeitadoras\/repuesto-afeitadora-gillette-sensor-excel\/#breadcrumb","itemListElement":[{"@type":"ListItem","position":1,"name":"Tienda","item":"https:\/\/www.golosinaspormayor.com\/ventaonline\/tienda\/"},{"@type":"ListItem","position":2,"name":"REPUESTO AFEITADORA GILLETTE SENSOR EXCEL X 6U"}]},{"@type":"WebSite","@id":"https:\/\/www.golosinaspormayor.com\/ventaonline\/#website","url":"https:\/\/www.golosinaspormayor.com\/ventaonline\/","name":"Golosinas por Mayor","description":"Venta online de golosinas por mayor","publisher":{"@id":"https:\/\/www.golosinaspormayor.com\/ventaonline\/#organization"},"potentialAction":[{"@type":"SearchAction","target":{"@type":"EntryPoint","urlTemplate":"https:\/\/www.golosinaspormayor.com\/ventaonline\/?s={search_term_string}"},"query-input":{"@type":"PropertyValueSpecification","valueRequired":true,"valueName":"search_term_string"}}],"inLanguage":"es"},{"@type":"Organization","@id":"https:\/\/www.golosinaspormayor.com\/ventaonline\/#organization","name":"Golosinas por Mayor","url":"https:\/\/www.golosinaspormayor.com\/ventaonline\/","logo":{"@type":"ImageObject","inLanguage":"es","@id":"https:\/\/www.golosinaspormayor.com\/ventaonline\/#\/schema\/logo\/image\/","url":"https:\/\/www.golosinaspormayor.com\/ventaonline\/wp-content\/uploads\/Copia-de-pop-logo-png.png","contentUrl":"https:\/\/www.golosinaspormayor.com\/ventaonline\/wp-content\/uploads\/Copia-de-pop-logo-png.png","width":150,"height":46,"caption":"Golosinas por Mayor"},"image":{"@id":"https:\/\/www.golosinaspormayor.com\/ventaonline\/#\/schema\/logo\/image\/"}}]}},"_links":{"self":[{"href":"https:\/\/www.golosinaspormayor.com\/ventaonline\/wp-json\/wp\/v2\/product\/972","targetHints":{"allow":["GET"]}}],"collection":[{"href":"https:\/\/www.golosinaspormayor.com\/ventaonline\/wp-json\/wp\/v2\/product"}],"about":[{"href":"https:\/\/www.golosinaspormayor.com\/ventaonline\/wp-json\/wp\/v2\/types\/product"}],"replies":[{"embeddable":true,"href":"https:\/\/www.golosinaspormayor.com\/ventaonline\/wp-json\/wp\/v2\/comments?post=972"}],"wp:featuredmedia":[{"embeddable":true,"href":"https:\/\/www.golosinaspormayor.com\/ventaonline\/wp-json\/wp\/v2\/media\/3167"}],"wp:attachment":[{"href":"https:\/\/www.golosinaspormayor.com\/ventaonline\/wp-json\/wp\/v2\/media?parent=972"}],"wp:term":[{"taxonomy":"product_brand","embeddable":true,"href":"https:\/\/www.golosinaspormayor.com\/ventaonline\/wp-json\/wp\/v2\/product_brand?post=972"},{"taxonomy":"product_cat","embeddable":true,"href":"https:\/\/www.golosinaspormayor.com\/ventaonline\/wp-json\/wp\/v2\/product_cat?post=972"},{"taxonomy":"product_tag","embeddable":true,"href":"https:\/\/www.golosinaspormayor.com\/ventaonline\/wp-json\/wp\/v2\/product_tag?post=972"}],"curies":[{"name":"wp","href":"https:\/\/api.w.org\/{rel}","templated":true}]}}