{"id":962,"date":"2013-09-26T03:19:22","date_gmt":"2013-09-26T06:19:22","guid":{"rendered":"http:\/\/www.golosinaspormayor.com\/ventaonline\/?post_type=product&#038;p=962"},"modified":"2019-08-13T21:27:15","modified_gmt":"2019-08-14T00:27:15","slug":"shampoo-sedal-crema-sachet","status":"publish","type":"product","link":"https:\/\/www.golosinaspormayor.com\/ventaonline\/tienda\/perfumeria\/shampoo-sedal-crema-sachet\/","title":{"rendered":"SHAMPOO SEDAL CREMA BALANCE SACHET X 24U"},"content":{"rendered":"<p>El shampoo Sedal en crema en sachet es el de siempre, el que nos acompa\u00f1a en el mercado desde hace m\u00e1s de cuarenta a\u00f1os, aunque se han renovado sus presentaciones, y los ingredientes con los que se elaboran los productos Sedal, se han mejorado mucho.<br \/>\nEn efecto el shampoo Sedal en crema es un champ\u00fa que tiene mucho cuerpo, permitiendo al pelo humectarse completamente y ese es el motivo por el que podemos tener un mal estado en \u00e9l, ya que la falta de humectaci\u00f3n deja verlos \u00e1speros, sin brillo y sin vida.<br \/>\nRealmente la marca Sedal tiene un producto para cada tipo de cabello, y en este sentido, los productos naturales y los ingredientes, permiten que sea uno de los m\u00e1s consumidos por las argentinas, pero esto no sucede hoy, porque ya tiene m\u00e1s de cuarenta a\u00f1os en el mercado.<br \/>\nEl shampoo Sedal en crema en sachet, representa la cantidad que se usa para un solo lavado por persona, por ello es que cuando los adquirimos en esta presentaci\u00f3n, la encontramos muy c\u00f3moda, por cuanto no nos ocupa espacio importante en las carteras, mochilas, etc\u00e9tera.<br \/>\nEs el shampoo Sedal en crema de sachet, lo pueden tener en cualquier comercio o punto de venta, por ello, lo ofrecemos en esta tienda Online.<\/p>\n","protected":false},"excerpt":{"rendered":"<p><strong>SHAMPOO SEDAL CREMA SACHET X 24U B\/6<\/strong><\/p>\n","protected":false},"featured_media":2294,"comment_status":"closed","ping_status":"closed","template":"","meta":{"site-sidebar-layout":"default","site-content-layout":"","ast-site-content-layout":"default","site-content-style":"default","site-sidebar-style":"default","ast-global-header-display":"","ast-banner-title-visibility":"","ast-main-header-display":"","ast-hfb-above-header-display":"","ast-hfb-below-header-display":"","ast-hfb-mobile-header-display":"","site-post-title":"","ast-breadcrumbs-content":"","ast-featured-img":"","footer-sml-layout":"","ast-disable-related-posts":"","theme-transparent-header-meta":"","adv-header-id-meta":"","stick-header-meta":"","header-above-stick-meta":"","header-main-stick-meta":"","header-below-stick-meta":"","astra-migrate-meta-layouts":"default","ast-page-background-enabled":"default","ast-page-background-meta":{"desktop":{"background-color":"","background-image":"","background-repeat":"repeat","background-position":"center center","background-size":"auto","background-attachment":"scroll","background-type":"","background-media":"","overlay-type":"","overlay-color":"","overlay-opacity":"","overlay-gradient":""},"tablet":{"background-color":"","background-image":"","background-repeat":"repeat","background-position":"center center","background-size":"auto","background-attachment":"scroll","background-type":"","background-media":"","overlay-type":"","overlay-color":"","overlay-opacity":"","overlay-gradient":""},"mobile":{"background-color":"","background-image":"","background-repeat":"repeat","background-position":"center center","background-size":"auto","background-attachment":"scroll","background-type":"","background-media":"","overlay-type":"","overlay-color":"","overlay-opacity":"","overlay-gradient":""}},"ast-content-background-meta":{"desktop":{"background-color":"var(--ast-global-color-5)","background-image":"","background-repeat":"repeat","background-position":"center center","background-size":"auto","background-attachment":"scroll","background-type":"","background-media":"","overlay-type":"","overlay-color":"","overlay-opacity":"","overlay-gradient":""},"tablet":{"background-color":"var(--ast-global-color-5)","background-image":"","background-repeat":"repeat","background-position":"center center","background-size":"auto","background-attachment":"scroll","background-type":"","background-media":"","overlay-type":"","overlay-color":"","overlay-opacity":"","overlay-gradient":""},"mobile":{"background-color":"var(--ast-global-color-5)","background-image":"","background-repeat":"repeat","background-position":"center center","background-size":"auto","background-attachment":"scroll","background-type":"","background-media":"","overlay-type":"","overlay-color":"","overlay-opacity":"","overlay-gradient":""}},"_joinchat":[]},"product_brand":[],"product_cat":[220],"product_tag":[444,509,651,510],"class_list":{"0":"post-962","1":"product","2":"type-product","3":"status-publish","4":"has-post-thumbnail","6":"product_cat-perfumeria","7":"product_tag-crema","8":"product_tag-sachet","9":"product_tag-sedal","10":"product_tag-shampoo","11":"desktop-align-left","12":"tablet-align-left","13":"mobile-align-left","14":"ast-product-gallery-layout-vertical","15":"ast-product-gallery-with-no-image","16":"ast-product-tabs-layout-vertical","18":"first","19":"outofstock","20":"shipping-taxable","21":"purchasable","22":"product-type-simple"},"yoast_head":"<!-- This site is optimized with the Yoast SEO plugin v27.2 - https:\/\/yoast.com\/product\/yoast-seo-wordpress\/ -->\n<title>SHAMPOO SEDAL CREMA BALANCE SACHET X 24U -<\/title>\n<meta name=\"description\" content=\"El shampoo Sedal en crema en sachet es un art\u00edculo esencial para cualquier maxikiosco. Nosotros te lo env\u00edamos dentro de las 48 horas realizado el pedido.\" \/>\n<meta name=\"robots\" content=\"index, follow, max-snippet:-1, max-image-preview:large, max-video-preview:-1\" \/>\n<link rel=\"canonical\" href=\"https:\/\/www.golosinaspormayor.com\/ventaonline\/tienda\/perfumeria\/shampoo-sedal-crema-sachet\/\" \/>\n<meta property=\"og:locale\" content=\"es_ES\" \/>\n<meta property=\"og:type\" content=\"article\" \/>\n<meta property=\"og:title\" content=\"SHAMPOO SEDAL CREMA BALANCE SACHET X 24U -\" \/>\n<meta property=\"og:description\" content=\"El shampoo Sedal en crema en sachet es un art\u00edculo esencial para cualquier maxikiosco. Nosotros te lo env\u00edamos dentro de las 48 horas realizado el pedido.\" \/>\n<meta property=\"og:url\" content=\"https:\/\/www.golosinaspormayor.com\/ventaonline\/tienda\/perfumeria\/shampoo-sedal-crema-sachet\/\" \/>\n<meta property=\"og:site_name\" content=\"Golosinas por Mayor\" \/>\n<meta property=\"article:modified_time\" content=\"2019-08-14T00:27:15+00:00\" \/>\n<meta property=\"og:image\" content=\"https:\/\/www.golosinaspormayor.com\/ventaonline\/wp-content\/uploads\/sedal-shampoo-crema-sachet-venta.jpg\" \/>\n\t<meta property=\"og:image:width\" content=\"500\" \/>\n\t<meta property=\"og:image:height\" content=\"500\" \/>\n\t<meta property=\"og:image:type\" content=\"image\/jpeg\" \/>\n<meta name=\"twitter:label1\" content=\"Tiempo de lectura\" \/>\n\t<meta name=\"twitter:data1\" content=\"1 minuto\" \/>\n<script type=\"application\/ld+json\" class=\"yoast-schema-graph\">{\"@context\":\"https:\/\/schema.org\",\"@graph\":[{\"@type\":\"WebPage\",\"@id\":\"https:\/\/www.golosinaspormayor.com\/ventaonline\/tienda\/perfumeria\/shampoo-sedal-crema-sachet\/\",\"url\":\"https:\/\/www.golosinaspormayor.com\/ventaonline\/tienda\/perfumeria\/shampoo-sedal-crema-sachet\/\",\"name\":\"SHAMPOO SEDAL CREMA BALANCE SACHET X 24U -\",\"isPartOf\":{\"@id\":\"https:\/\/www.golosinaspormayor.com\/ventaonline\/#website\"},\"primaryImageOfPage\":{\"@id\":\"https:\/\/www.golosinaspormayor.com\/ventaonline\/tienda\/perfumeria\/shampoo-sedal-crema-sachet\/#primaryimage\"},\"image\":{\"@id\":\"https:\/\/www.golosinaspormayor.com\/ventaonline\/tienda\/perfumeria\/shampoo-sedal-crema-sachet\/#primaryimage\"},\"thumbnailUrl\":\"https:\/\/www.golosinaspormayor.com\/ventaonline\/wp-content\/uploads\/sedal-shampoo-crema-sachet-venta.jpg\",\"datePublished\":\"2013-09-26T06:19:22+00:00\",\"dateModified\":\"2019-08-14T00:27:15+00:00\",\"description\":\"El shampoo Sedal en crema en sachet es un art\u00edculo esencial para cualquier maxikiosco. Nosotros te lo env\u00edamos dentro de las 48 horas realizado el pedido.\",\"breadcrumb\":{\"@id\":\"https:\/\/www.golosinaspormayor.com\/ventaonline\/tienda\/perfumeria\/shampoo-sedal-crema-sachet\/#breadcrumb\"},\"inLanguage\":\"es\",\"potentialAction\":[{\"@type\":\"ReadAction\",\"target\":[\"https:\/\/www.golosinaspormayor.com\/ventaonline\/tienda\/perfumeria\/shampoo-sedal-crema-sachet\/\"]}]},{\"@type\":\"ImageObject\",\"inLanguage\":\"es\",\"@id\":\"https:\/\/www.golosinaspormayor.com\/ventaonline\/tienda\/perfumeria\/shampoo-sedal-crema-sachet\/#primaryimage\",\"url\":\"https:\/\/www.golosinaspormayor.com\/ventaonline\/wp-content\/uploads\/sedal-shampoo-crema-sachet-venta.jpg\",\"contentUrl\":\"https:\/\/www.golosinaspormayor.com\/ventaonline\/wp-content\/uploads\/sedal-shampoo-crema-sachet-venta.jpg\",\"width\":500,\"height\":500,\"caption\":\"sedal-shampoo-crema-sachet-precios\"},{\"@type\":\"BreadcrumbList\",\"@id\":\"https:\/\/www.golosinaspormayor.com\/ventaonline\/tienda\/perfumeria\/shampoo-sedal-crema-sachet\/#breadcrumb\",\"itemListElement\":[{\"@type\":\"ListItem\",\"position\":1,\"name\":\"Tienda\",\"item\":\"https:\/\/www.golosinaspormayor.com\/ventaonline\/tienda\/\"},{\"@type\":\"ListItem\",\"position\":2,\"name\":\"SHAMPOO SEDAL CREMA BALANCE SACHET X 24U\"}]},{\"@type\":\"WebSite\",\"@id\":\"https:\/\/www.golosinaspormayor.com\/ventaonline\/#website\",\"url\":\"https:\/\/www.golosinaspormayor.com\/ventaonline\/\",\"name\":\"Golosinas por Mayor\",\"description\":\"Venta online de golosinas por mayor\",\"publisher\":{\"@id\":\"https:\/\/www.golosinaspormayor.com\/ventaonline\/#organization\"},\"potentialAction\":[{\"@type\":\"SearchAction\",\"target\":{\"@type\":\"EntryPoint\",\"urlTemplate\":\"https:\/\/www.golosinaspormayor.com\/ventaonline\/?s={search_term_string}\"},\"query-input\":{\"@type\":\"PropertyValueSpecification\",\"valueRequired\":true,\"valueName\":\"search_term_string\"}}],\"inLanguage\":\"es\"},{\"@type\":\"Organization\",\"@id\":\"https:\/\/www.golosinaspormayor.com\/ventaonline\/#organization\",\"name\":\"Golosinas por Mayor\",\"url\":\"https:\/\/www.golosinaspormayor.com\/ventaonline\/\",\"logo\":{\"@type\":\"ImageObject\",\"inLanguage\":\"es\",\"@id\":\"https:\/\/www.golosinaspormayor.com\/ventaonline\/#\/schema\/logo\/image\/\",\"url\":\"https:\/\/www.golosinaspormayor.com\/ventaonline\/wp-content\/uploads\/Copia-de-pop-logo-png.png\",\"contentUrl\":\"https:\/\/www.golosinaspormayor.com\/ventaonline\/wp-content\/uploads\/Copia-de-pop-logo-png.png\",\"width\":150,\"height\":46,\"caption\":\"Golosinas por Mayor\"},\"image\":{\"@id\":\"https:\/\/www.golosinaspormayor.com\/ventaonline\/#\/schema\/logo\/image\/\"}}]}<\/script>\n<!-- \/ Yoast SEO plugin. -->","yoast_head_json":{"title":"SHAMPOO SEDAL CREMA BALANCE SACHET X 24U -","description":"El shampoo Sedal en crema en sachet es un art\u00edculo esencial para cualquier maxikiosco. Nosotros te lo env\u00edamos dentro de las 48 horas realizado el pedido.","robots":{"index":"index","follow":"follow","max-snippet":"max-snippet:-1","max-image-preview":"max-image-preview:large","max-video-preview":"max-video-preview:-1"},"canonical":"https:\/\/www.golosinaspormayor.com\/ventaonline\/tienda\/perfumeria\/shampoo-sedal-crema-sachet\/","og_locale":"es_ES","og_type":"article","og_title":"SHAMPOO SEDAL CREMA BALANCE SACHET X 24U -","og_description":"El shampoo Sedal en crema en sachet es un art\u00edculo esencial para cualquier maxikiosco. Nosotros te lo env\u00edamos dentro de las 48 horas realizado el pedido.","og_url":"https:\/\/www.golosinaspormayor.com\/ventaonline\/tienda\/perfumeria\/shampoo-sedal-crema-sachet\/","og_site_name":"Golosinas por Mayor","article_modified_time":"2019-08-14T00:27:15+00:00","og_image":[{"width":500,"height":500,"url":"https:\/\/www.golosinaspormayor.com\/ventaonline\/wp-content\/uploads\/sedal-shampoo-crema-sachet-venta.jpg","type":"image\/jpeg"}],"twitter_misc":{"Tiempo de lectura":"1 minuto"},"schema":{"@context":"https:\/\/schema.org","@graph":[{"@type":"WebPage","@id":"https:\/\/www.golosinaspormayor.com\/ventaonline\/tienda\/perfumeria\/shampoo-sedal-crema-sachet\/","url":"https:\/\/www.golosinaspormayor.com\/ventaonline\/tienda\/perfumeria\/shampoo-sedal-crema-sachet\/","name":"SHAMPOO SEDAL CREMA BALANCE SACHET X 24U -","isPartOf":{"@id":"https:\/\/www.golosinaspormayor.com\/ventaonline\/#website"},"primaryImageOfPage":{"@id":"https:\/\/www.golosinaspormayor.com\/ventaonline\/tienda\/perfumeria\/shampoo-sedal-crema-sachet\/#primaryimage"},"image":{"@id":"https:\/\/www.golosinaspormayor.com\/ventaonline\/tienda\/perfumeria\/shampoo-sedal-crema-sachet\/#primaryimage"},"thumbnailUrl":"https:\/\/www.golosinaspormayor.com\/ventaonline\/wp-content\/uploads\/sedal-shampoo-crema-sachet-venta.jpg","datePublished":"2013-09-26T06:19:22+00:00","dateModified":"2019-08-14T00:27:15+00:00","description":"El shampoo Sedal en crema en sachet es un art\u00edculo esencial para cualquier maxikiosco. Nosotros te lo env\u00edamos dentro de las 48 horas realizado el pedido.","breadcrumb":{"@id":"https:\/\/www.golosinaspormayor.com\/ventaonline\/tienda\/perfumeria\/shampoo-sedal-crema-sachet\/#breadcrumb"},"inLanguage":"es","potentialAction":[{"@type":"ReadAction","target":["https:\/\/www.golosinaspormayor.com\/ventaonline\/tienda\/perfumeria\/shampoo-sedal-crema-sachet\/"]}]},{"@type":"ImageObject","inLanguage":"es","@id":"https:\/\/www.golosinaspormayor.com\/ventaonline\/tienda\/perfumeria\/shampoo-sedal-crema-sachet\/#primaryimage","url":"https:\/\/www.golosinaspormayor.com\/ventaonline\/wp-content\/uploads\/sedal-shampoo-crema-sachet-venta.jpg","contentUrl":"https:\/\/www.golosinaspormayor.com\/ventaonline\/wp-content\/uploads\/sedal-shampoo-crema-sachet-venta.jpg","width":500,"height":500,"caption":"sedal-shampoo-crema-sachet-precios"},{"@type":"BreadcrumbList","@id":"https:\/\/www.golosinaspormayor.com\/ventaonline\/tienda\/perfumeria\/shampoo-sedal-crema-sachet\/#breadcrumb","itemListElement":[{"@type":"ListItem","position":1,"name":"Tienda","item":"https:\/\/www.golosinaspormayor.com\/ventaonline\/tienda\/"},{"@type":"ListItem","position":2,"name":"SHAMPOO SEDAL CREMA BALANCE SACHET X 24U"}]},{"@type":"WebSite","@id":"https:\/\/www.golosinaspormayor.com\/ventaonline\/#website","url":"https:\/\/www.golosinaspormayor.com\/ventaonline\/","name":"Golosinas por Mayor","description":"Venta online de golosinas por mayor","publisher":{"@id":"https:\/\/www.golosinaspormayor.com\/ventaonline\/#organization"},"potentialAction":[{"@type":"SearchAction","target":{"@type":"EntryPoint","urlTemplate":"https:\/\/www.golosinaspormayor.com\/ventaonline\/?s={search_term_string}"},"query-input":{"@type":"PropertyValueSpecification","valueRequired":true,"valueName":"search_term_string"}}],"inLanguage":"es"},{"@type":"Organization","@id":"https:\/\/www.golosinaspormayor.com\/ventaonline\/#organization","name":"Golosinas por Mayor","url":"https:\/\/www.golosinaspormayor.com\/ventaonline\/","logo":{"@type":"ImageObject","inLanguage":"es","@id":"https:\/\/www.golosinaspormayor.com\/ventaonline\/#\/schema\/logo\/image\/","url":"https:\/\/www.golosinaspormayor.com\/ventaonline\/wp-content\/uploads\/Copia-de-pop-logo-png.png","contentUrl":"https:\/\/www.golosinaspormayor.com\/ventaonline\/wp-content\/uploads\/Copia-de-pop-logo-png.png","width":150,"height":46,"caption":"Golosinas por Mayor"},"image":{"@id":"https:\/\/www.golosinaspormayor.com\/ventaonline\/#\/schema\/logo\/image\/"}}]}},"_links":{"self":[{"href":"https:\/\/www.golosinaspormayor.com\/ventaonline\/wp-json\/wp\/v2\/product\/962","targetHints":{"allow":["GET"]}}],"collection":[{"href":"https:\/\/www.golosinaspormayor.com\/ventaonline\/wp-json\/wp\/v2\/product"}],"about":[{"href":"https:\/\/www.golosinaspormayor.com\/ventaonline\/wp-json\/wp\/v2\/types\/product"}],"replies":[{"embeddable":true,"href":"https:\/\/www.golosinaspormayor.com\/ventaonline\/wp-json\/wp\/v2\/comments?post=962"}],"wp:featuredmedia":[{"embeddable":true,"href":"https:\/\/www.golosinaspormayor.com\/ventaonline\/wp-json\/wp\/v2\/media\/2294"}],"wp:attachment":[{"href":"https:\/\/www.golosinaspormayor.com\/ventaonline\/wp-json\/wp\/v2\/media?parent=962"}],"wp:term":[{"taxonomy":"product_brand","embeddable":true,"href":"https:\/\/www.golosinaspormayor.com\/ventaonline\/wp-json\/wp\/v2\/product_brand?post=962"},{"taxonomy":"product_cat","embeddable":true,"href":"https:\/\/www.golosinaspormayor.com\/ventaonline\/wp-json\/wp\/v2\/product_cat?post=962"},{"taxonomy":"product_tag","embeddable":true,"href":"https:\/\/www.golosinaspormayor.com\/ventaonline\/wp-json\/wp\/v2\/product_tag?post=962"}],"curies":[{"name":"wp","href":"https:\/\/api.w.org\/{rel}","templated":true}]}}