{"id":915,"date":"2013-09-25T01:23:31","date_gmt":"2013-09-25T04:23:31","guid":{"rendered":"http:\/\/www.golosinaspormayor.com\/ventaonline\/?post_type=product&#038;p=915"},"modified":"2018-08-03T11:18:08","modified_gmt":"2018-08-03T14:18:08","slug":"preservativo-prime-retardante","status":"publish","type":"product","link":"https:\/\/www.golosinaspormayor.com\/ventaonline\/tienda\/preservativos\/preservativo-prime-retardante\/","title":{"rendered":"PRESERVATIVO PRIME RETARDANTE x 24u"},"content":{"rendered":"<p>Ya desde hace bastante tiempo la marca Prime, l\u00edder en ventas, lanza al mercado los preservativos Prime retardantes, que son preservativos que contienen siliconas que retardan el momento de la eyaculaci\u00f3n, para un placer inusitado. No dejes de tenerlos ya que son muchos los que los adquieren.<br \/>\nTenemos estas presentaciones y otras de la marca PRIME, que como dijimos m\u00e1s arriba es l\u00edder en las ventas de este tipo de productos.<br \/>\nEn esta tienda Online mayorista para kioscos poseemos los mejores precios del mercado, y en este sentido, tambi\u00e9n poseemos las mejores ofertas de productos especiales, de los que no todos cuentan. Ases\u00f3rate y haznos las preguntas que te hagan falta para que en t\u00fa comercio no falte nada.<br \/>\nLos preservativos Prime retardantes son muchas veces adquiridos por las mujeres que desean tener m\u00e1s placer en mucho m\u00e1s tiempo, as\u00ed que puedes ofrecerlos a todos.<br \/>\nEstos preservativos de marca Prime, que tienen la particularidad de retardar el momento del orgasmo, realmente logran su cometido, y eso lo saben qui\u00e9nes alguna vez los han probado, por eso no te quedes afuera de la venta y adqui\u00e9relos a un precio sin precedentes, en esta tienda online, \u00bfD\u00f3nde sino?.<\/p>\n","protected":false},"excerpt":{"rendered":"<p><strong>PRIME RETARDANTE X 24U B\/20<\/strong><\/p>\n","protected":false},"featured_media":3193,"comment_status":"closed","ping_status":"closed","template":"","meta":{"site-sidebar-layout":"default","site-content-layout":"","ast-site-content-layout":"default","site-content-style":"default","site-sidebar-style":"default","ast-global-header-display":"","ast-banner-title-visibility":"","ast-main-header-display":"","ast-hfb-above-header-display":"","ast-hfb-below-header-display":"","ast-hfb-mobile-header-display":"","site-post-title":"","ast-breadcrumbs-content":"","ast-featured-img":"","footer-sml-layout":"","ast-disable-related-posts":"","theme-transparent-header-meta":"","adv-header-id-meta":"","stick-header-meta":"","header-above-stick-meta":"","header-main-stick-meta":"","header-below-stick-meta":"","astra-migrate-meta-layouts":"default","ast-page-background-enabled":"default","ast-page-background-meta":{"desktop":{"background-color":"","background-image":"","background-repeat":"repeat","background-position":"center center","background-size":"auto","background-attachment":"scroll","background-type":"","background-media":"","overlay-type":"","overlay-color":"","overlay-opacity":"","overlay-gradient":""},"tablet":{"background-color":"","background-image":"","background-repeat":"repeat","background-position":"center center","background-size":"auto","background-attachment":"scroll","background-type":"","background-media":"","overlay-type":"","overlay-color":"","overlay-opacity":"","overlay-gradient":""},"mobile":{"background-color":"","background-image":"","background-repeat":"repeat","background-position":"center center","background-size":"auto","background-attachment":"scroll","background-type":"","background-media":"","overlay-type":"","overlay-color":"","overlay-opacity":"","overlay-gradient":""}},"ast-content-background-meta":{"desktop":{"background-color":"var(--ast-global-color-5)","background-image":"","background-repeat":"repeat","background-position":"center center","background-size":"auto","background-attachment":"scroll","background-type":"","background-media":"","overlay-type":"","overlay-color":"","overlay-opacity":"","overlay-gradient":""},"tablet":{"background-color":"var(--ast-global-color-5)","background-image":"","background-repeat":"repeat","background-position":"center center","background-size":"auto","background-attachment":"scroll","background-type":"","background-media":"","overlay-type":"","overlay-color":"","overlay-opacity":"","overlay-gradient":""},"mobile":{"background-color":"var(--ast-global-color-5)","background-image":"","background-repeat":"repeat","background-position":"center center","background-size":"auto","background-attachment":"scroll","background-type":"","background-media":"","overlay-type":"","overlay-color":"","overlay-opacity":"","overlay-gradient":""}},"_joinchat":[]},"product_brand":[],"product_cat":[32],"product_tag":[615,75,617,616],"class_list":{"0":"post-915","1":"product","2":"type-product","3":"status-publish","4":"has-post-thumbnail","6":"product_cat-preservativos","7":"product_tag-condon","8":"product_tag-prime","9":"product_tag-profilactico","10":"product_tag-retardante","11":"desktop-align-left","12":"tablet-align-left","13":"mobile-align-left","14":"ast-product-gallery-layout-vertical","15":"ast-product-gallery-with-no-image","16":"ast-product-tabs-layout-vertical","18":"first","19":"outofstock","20":"shipping-taxable","21":"purchasable","22":"product-type-simple"},"yoast_head":"<!-- This site is optimized with the Yoast SEO plugin v27.2 - https:\/\/yoast.com\/product\/yoast-seo-wordpress\/ -->\n<title>PRESERVATIVO PRIME RETARDANTE x 24u -<\/title>\n<meta name=\"description\" content=\"Adquiere los preservativos Prime Retardantes en nuestra tienda online a un precio inmejorable. Env\u00edo en Capital Federal y Gran Buenos Aires,\" \/>\n<meta name=\"robots\" content=\"index, follow, max-snippet:-1, max-image-preview:large, max-video-preview:-1\" \/>\n<link rel=\"canonical\" href=\"https:\/\/www.golosinaspormayor.com\/ventaonline\/tienda\/preservativos\/preservativo-prime-retardante\/\" \/>\n<meta property=\"og:locale\" content=\"es_ES\" \/>\n<meta property=\"og:type\" content=\"article\" \/>\n<meta property=\"og:title\" content=\"PRESERVATIVO PRIME RETARDANTE x 24u -\" \/>\n<meta property=\"og:description\" content=\"Adquiere los preservativos Prime Retardantes en nuestra tienda online a un precio inmejorable. Env\u00edo en Capital Federal y Gran Buenos Aires,\" \/>\n<meta property=\"og:url\" content=\"https:\/\/www.golosinaspormayor.com\/ventaonline\/tienda\/preservativos\/preservativo-prime-retardante\/\" \/>\n<meta property=\"og:site_name\" content=\"Golosinas por Mayor\" \/>\n<meta property=\"article:modified_time\" content=\"2018-08-03T14:18:08+00:00\" \/>\n<meta property=\"og:image\" content=\"https:\/\/www.golosinaspormayor.com\/ventaonline\/wp-content\/uploads\/preservativo-prime-retardante.jpg\" \/>\n\t<meta property=\"og:image:width\" content=\"500\" \/>\n\t<meta property=\"og:image:height\" content=\"500\" \/>\n\t<meta property=\"og:image:type\" content=\"image\/jpeg\" \/>\n<meta name=\"twitter:label1\" content=\"Tiempo de lectura\" \/>\n\t<meta name=\"twitter:data1\" content=\"1 minuto\" \/>\n<script type=\"application\/ld+json\" class=\"yoast-schema-graph\">{\"@context\":\"https:\/\/schema.org\",\"@graph\":[{\"@type\":\"WebPage\",\"@id\":\"https:\/\/www.golosinaspormayor.com\/ventaonline\/tienda\/preservativos\/preservativo-prime-retardante\/\",\"url\":\"https:\/\/www.golosinaspormayor.com\/ventaonline\/tienda\/preservativos\/preservativo-prime-retardante\/\",\"name\":\"PRESERVATIVO PRIME RETARDANTE x 24u -\",\"isPartOf\":{\"@id\":\"https:\/\/www.golosinaspormayor.com\/ventaonline\/#website\"},\"primaryImageOfPage\":{\"@id\":\"https:\/\/www.golosinaspormayor.com\/ventaonline\/tienda\/preservativos\/preservativo-prime-retardante\/#primaryimage\"},\"image\":{\"@id\":\"https:\/\/www.golosinaspormayor.com\/ventaonline\/tienda\/preservativos\/preservativo-prime-retardante\/#primaryimage\"},\"thumbnailUrl\":\"https:\/\/www.golosinaspormayor.com\/ventaonline\/wp-content\/uploads\/preservativo-prime-retardante.jpg\",\"datePublished\":\"2013-09-25T04:23:31+00:00\",\"dateModified\":\"2018-08-03T14:18:08+00:00\",\"description\":\"Adquiere los preservativos Prime Retardantes en nuestra tienda online a un precio inmejorable. Env\u00edo en Capital Federal y Gran Buenos Aires,\",\"breadcrumb\":{\"@id\":\"https:\/\/www.golosinaspormayor.com\/ventaonline\/tienda\/preservativos\/preservativo-prime-retardante\/#breadcrumb\"},\"inLanguage\":\"es\",\"potentialAction\":[{\"@type\":\"ReadAction\",\"target\":[\"https:\/\/www.golosinaspormayor.com\/ventaonline\/tienda\/preservativos\/preservativo-prime-retardante\/\"]}]},{\"@type\":\"ImageObject\",\"inLanguage\":\"es\",\"@id\":\"https:\/\/www.golosinaspormayor.com\/ventaonline\/tienda\/preservativos\/preservativo-prime-retardante\/#primaryimage\",\"url\":\"https:\/\/www.golosinaspormayor.com\/ventaonline\/wp-content\/uploads\/preservativo-prime-retardante.jpg\",\"contentUrl\":\"https:\/\/www.golosinaspormayor.com\/ventaonline\/wp-content\/uploads\/preservativo-prime-retardante.jpg\",\"width\":500,\"height\":500},{\"@type\":\"BreadcrumbList\",\"@id\":\"https:\/\/www.golosinaspormayor.com\/ventaonline\/tienda\/preservativos\/preservativo-prime-retardante\/#breadcrumb\",\"itemListElement\":[{\"@type\":\"ListItem\",\"position\":1,\"name\":\"Tienda\",\"item\":\"https:\/\/www.golosinaspormayor.com\/ventaonline\/tienda\/\"},{\"@type\":\"ListItem\",\"position\":2,\"name\":\"PRESERVATIVO PRIME RETARDANTE x 24u\"}]},{\"@type\":\"WebSite\",\"@id\":\"https:\/\/www.golosinaspormayor.com\/ventaonline\/#website\",\"url\":\"https:\/\/www.golosinaspormayor.com\/ventaonline\/\",\"name\":\"Golosinas por Mayor\",\"description\":\"Venta online de golosinas por mayor\",\"publisher\":{\"@id\":\"https:\/\/www.golosinaspormayor.com\/ventaonline\/#organization\"},\"potentialAction\":[{\"@type\":\"SearchAction\",\"target\":{\"@type\":\"EntryPoint\",\"urlTemplate\":\"https:\/\/www.golosinaspormayor.com\/ventaonline\/?s={search_term_string}\"},\"query-input\":{\"@type\":\"PropertyValueSpecification\",\"valueRequired\":true,\"valueName\":\"search_term_string\"}}],\"inLanguage\":\"es\"},{\"@type\":\"Organization\",\"@id\":\"https:\/\/www.golosinaspormayor.com\/ventaonline\/#organization\",\"name\":\"Golosinas por Mayor\",\"url\":\"https:\/\/www.golosinaspormayor.com\/ventaonline\/\",\"logo\":{\"@type\":\"ImageObject\",\"inLanguage\":\"es\",\"@id\":\"https:\/\/www.golosinaspormayor.com\/ventaonline\/#\/schema\/logo\/image\/\",\"url\":\"https:\/\/www.golosinaspormayor.com\/ventaonline\/wp-content\/uploads\/Copia-de-pop-logo-png.png\",\"contentUrl\":\"https:\/\/www.golosinaspormayor.com\/ventaonline\/wp-content\/uploads\/Copia-de-pop-logo-png.png\",\"width\":150,\"height\":46,\"caption\":\"Golosinas por Mayor\"},\"image\":{\"@id\":\"https:\/\/www.golosinaspormayor.com\/ventaonline\/#\/schema\/logo\/image\/\"}}]}<\/script>\n<!-- \/ Yoast SEO plugin. -->","yoast_head_json":{"title":"PRESERVATIVO PRIME RETARDANTE x 24u -","description":"Adquiere los preservativos Prime Retardantes en nuestra tienda online a un precio inmejorable. Env\u00edo en Capital Federal y Gran Buenos Aires,","robots":{"index":"index","follow":"follow","max-snippet":"max-snippet:-1","max-image-preview":"max-image-preview:large","max-video-preview":"max-video-preview:-1"},"canonical":"https:\/\/www.golosinaspormayor.com\/ventaonline\/tienda\/preservativos\/preservativo-prime-retardante\/","og_locale":"es_ES","og_type":"article","og_title":"PRESERVATIVO PRIME RETARDANTE x 24u -","og_description":"Adquiere los preservativos Prime Retardantes en nuestra tienda online a un precio inmejorable. Env\u00edo en Capital Federal y Gran Buenos Aires,","og_url":"https:\/\/www.golosinaspormayor.com\/ventaonline\/tienda\/preservativos\/preservativo-prime-retardante\/","og_site_name":"Golosinas por Mayor","article_modified_time":"2018-08-03T14:18:08+00:00","og_image":[{"width":500,"height":500,"url":"https:\/\/www.golosinaspormayor.com\/ventaonline\/wp-content\/uploads\/preservativo-prime-retardante.jpg","type":"image\/jpeg"}],"twitter_misc":{"Tiempo de lectura":"1 minuto"},"schema":{"@context":"https:\/\/schema.org","@graph":[{"@type":"WebPage","@id":"https:\/\/www.golosinaspormayor.com\/ventaonline\/tienda\/preservativos\/preservativo-prime-retardante\/","url":"https:\/\/www.golosinaspormayor.com\/ventaonline\/tienda\/preservativos\/preservativo-prime-retardante\/","name":"PRESERVATIVO PRIME RETARDANTE x 24u -","isPartOf":{"@id":"https:\/\/www.golosinaspormayor.com\/ventaonline\/#website"},"primaryImageOfPage":{"@id":"https:\/\/www.golosinaspormayor.com\/ventaonline\/tienda\/preservativos\/preservativo-prime-retardante\/#primaryimage"},"image":{"@id":"https:\/\/www.golosinaspormayor.com\/ventaonline\/tienda\/preservativos\/preservativo-prime-retardante\/#primaryimage"},"thumbnailUrl":"https:\/\/www.golosinaspormayor.com\/ventaonline\/wp-content\/uploads\/preservativo-prime-retardante.jpg","datePublished":"2013-09-25T04:23:31+00:00","dateModified":"2018-08-03T14:18:08+00:00","description":"Adquiere los preservativos Prime Retardantes en nuestra tienda online a un precio inmejorable. Env\u00edo en Capital Federal y Gran Buenos Aires,","breadcrumb":{"@id":"https:\/\/www.golosinaspormayor.com\/ventaonline\/tienda\/preservativos\/preservativo-prime-retardante\/#breadcrumb"},"inLanguage":"es","potentialAction":[{"@type":"ReadAction","target":["https:\/\/www.golosinaspormayor.com\/ventaonline\/tienda\/preservativos\/preservativo-prime-retardante\/"]}]},{"@type":"ImageObject","inLanguage":"es","@id":"https:\/\/www.golosinaspormayor.com\/ventaonline\/tienda\/preservativos\/preservativo-prime-retardante\/#primaryimage","url":"https:\/\/www.golosinaspormayor.com\/ventaonline\/wp-content\/uploads\/preservativo-prime-retardante.jpg","contentUrl":"https:\/\/www.golosinaspormayor.com\/ventaonline\/wp-content\/uploads\/preservativo-prime-retardante.jpg","width":500,"height":500},{"@type":"BreadcrumbList","@id":"https:\/\/www.golosinaspormayor.com\/ventaonline\/tienda\/preservativos\/preservativo-prime-retardante\/#breadcrumb","itemListElement":[{"@type":"ListItem","position":1,"name":"Tienda","item":"https:\/\/www.golosinaspormayor.com\/ventaonline\/tienda\/"},{"@type":"ListItem","position":2,"name":"PRESERVATIVO PRIME RETARDANTE x 24u"}]},{"@type":"WebSite","@id":"https:\/\/www.golosinaspormayor.com\/ventaonline\/#website","url":"https:\/\/www.golosinaspormayor.com\/ventaonline\/","name":"Golosinas por Mayor","description":"Venta online de golosinas por mayor","publisher":{"@id":"https:\/\/www.golosinaspormayor.com\/ventaonline\/#organization"},"potentialAction":[{"@type":"SearchAction","target":{"@type":"EntryPoint","urlTemplate":"https:\/\/www.golosinaspormayor.com\/ventaonline\/?s={search_term_string}"},"query-input":{"@type":"PropertyValueSpecification","valueRequired":true,"valueName":"search_term_string"}}],"inLanguage":"es"},{"@type":"Organization","@id":"https:\/\/www.golosinaspormayor.com\/ventaonline\/#organization","name":"Golosinas por Mayor","url":"https:\/\/www.golosinaspormayor.com\/ventaonline\/","logo":{"@type":"ImageObject","inLanguage":"es","@id":"https:\/\/www.golosinaspormayor.com\/ventaonline\/#\/schema\/logo\/image\/","url":"https:\/\/www.golosinaspormayor.com\/ventaonline\/wp-content\/uploads\/Copia-de-pop-logo-png.png","contentUrl":"https:\/\/www.golosinaspormayor.com\/ventaonline\/wp-content\/uploads\/Copia-de-pop-logo-png.png","width":150,"height":46,"caption":"Golosinas por Mayor"},"image":{"@id":"https:\/\/www.golosinaspormayor.com\/ventaonline\/#\/schema\/logo\/image\/"}}]}},"_links":{"self":[{"href":"https:\/\/www.golosinaspormayor.com\/ventaonline\/wp-json\/wp\/v2\/product\/915","targetHints":{"allow":["GET"]}}],"collection":[{"href":"https:\/\/www.golosinaspormayor.com\/ventaonline\/wp-json\/wp\/v2\/product"}],"about":[{"href":"https:\/\/www.golosinaspormayor.com\/ventaonline\/wp-json\/wp\/v2\/types\/product"}],"replies":[{"embeddable":true,"href":"https:\/\/www.golosinaspormayor.com\/ventaonline\/wp-json\/wp\/v2\/comments?post=915"}],"wp:featuredmedia":[{"embeddable":true,"href":"https:\/\/www.golosinaspormayor.com\/ventaonline\/wp-json\/wp\/v2\/media\/3193"}],"wp:attachment":[{"href":"https:\/\/www.golosinaspormayor.com\/ventaonline\/wp-json\/wp\/v2\/media?parent=915"}],"wp:term":[{"taxonomy":"product_brand","embeddable":true,"href":"https:\/\/www.golosinaspormayor.com\/ventaonline\/wp-json\/wp\/v2\/product_brand?post=915"},{"taxonomy":"product_cat","embeddable":true,"href":"https:\/\/www.golosinaspormayor.com\/ventaonline\/wp-json\/wp\/v2\/product_cat?post=915"},{"taxonomy":"product_tag","embeddable":true,"href":"https:\/\/www.golosinaspormayor.com\/ventaonline\/wp-json\/wp\/v2\/product_tag?post=915"}],"curies":[{"name":"wp","href":"https:\/\/api.w.org\/{rel}","templated":true}]}}