{"id":852,"date":"2013-09-20T01:44:16","date_gmt":"2013-09-20T04:44:16","guid":{"rendered":"http:\/\/www.golosinaspormayor.com\/ventaonline\/?post_type=product&#038;p=852"},"modified":"2020-09-21T23:55:52","modified_gmt":"2020-09-22T02:55:52","slug":"pegamento-la-gotita-gel","status":"publish","type":"product","link":"https:\/\/www.golosinaspormayor.com\/ventaonline\/tienda\/pegamentos\/pegamento-la-gotita-gel\/","title":{"rendered":"PEGAMENTO LA GOTITA GEL X 6U"},"content":{"rendered":"<p>Te encuentras en el cat\u00e1logo de los pegamentos que puedes vender en el kiosco, y este es el pegamento m\u00e1s utilizado, ya que sabemos lo que significa el pegamento La Gotita Gel, que adhiere much\u00edsimas superficies. Una de sus particularidades es precisamente que adhiere diferentes tipos de materiales en segundos, y eso es lo que se busca al comprarlo. Los materiales que se pueden adherir con el pegamento La Gotita Gel, son metal, goma, vidrios, porcelana, entre otros. Si bien se trata de un pegamento que lo encontramos en todas las ferreter\u00edas, es un producto que no te debe faltar en el stock, ya que siempre te lo pedir\u00e1n tus clientes.<\/p>\n<p>La diferencia que tiene el pegamento La Gotita Gel, con el pegamento La Gotita tradicional, es que este no se chorrea, y que puede ser usado para ciertas superficies de dif\u00edcil acceso. Su peque\u00f1o tama\u00f1o es muy poderoso, y nos permite adherir todo lo que nos imaginemos en la casa, y se lo puede guardar tapado mucho tiempo, sin que el producto se altere en lo m\u00e1s m\u00ednimo. Desde luego que lo tenemos a muy bajo precio, y lo podr\u00e1s pedir en nuestra tienda para que te hagamos el env\u00edo enseguida. Tenemos este producto, en la presentaci\u00f3n de 6 unidades en bl\u00edster de 3 gramos cada una.<\/p>\n","protected":false},"excerpt":{"rendered":"<p><strong>GOTITA GEL x 3gr x 6u B\/40<\/strong><\/p>\n","protected":false},"featured_media":853,"comment_status":"closed","ping_status":"closed","template":"","meta":{"site-sidebar-layout":"default","site-content-layout":"","ast-site-content-layout":"default","site-content-style":"default","site-sidebar-style":"default","ast-global-header-display":"","ast-banner-title-visibility":"","ast-main-header-display":"","ast-hfb-above-header-display":"","ast-hfb-below-header-display":"","ast-hfb-mobile-header-display":"","site-post-title":"","ast-breadcrumbs-content":"","ast-featured-img":"","footer-sml-layout":"","ast-disable-related-posts":"","theme-transparent-header-meta":"","adv-header-id-meta":"","stick-header-meta":"","header-above-stick-meta":"","header-main-stick-meta":"","header-below-stick-meta":"","astra-migrate-meta-layouts":"default","ast-page-background-enabled":"default","ast-page-background-meta":{"desktop":{"background-color":"","background-image":"","background-repeat":"repeat","background-position":"center center","background-size":"auto","background-attachment":"scroll","background-type":"","background-media":"","overlay-type":"","overlay-color":"","overlay-opacity":"","overlay-gradient":""},"tablet":{"background-color":"","background-image":"","background-repeat":"repeat","background-position":"center center","background-size":"auto","background-attachment":"scroll","background-type":"","background-media":"","overlay-type":"","overlay-color":"","overlay-opacity":"","overlay-gradient":""},"mobile":{"background-color":"","background-image":"","background-repeat":"repeat","background-position":"center center","background-size":"auto","background-attachment":"scroll","background-type":"","background-media":"","overlay-type":"","overlay-color":"","overlay-opacity":"","overlay-gradient":""}},"ast-content-background-meta":{"desktop":{"background-color":"var(--ast-global-color-5)","background-image":"","background-repeat":"repeat","background-position":"center center","background-size":"auto","background-attachment":"scroll","background-type":"","background-media":"","overlay-type":"","overlay-color":"","overlay-opacity":"","overlay-gradient":""},"tablet":{"background-color":"var(--ast-global-color-5)","background-image":"","background-repeat":"repeat","background-position":"center center","background-size":"auto","background-attachment":"scroll","background-type":"","background-media":"","overlay-type":"","overlay-color":"","overlay-opacity":"","overlay-gradient":""},"mobile":{"background-color":"var(--ast-global-color-5)","background-image":"","background-repeat":"repeat","background-position":"center center","background-size":"auto","background-attachment":"scroll","background-type":"","background-media":"","overlay-type":"","overlay-color":"","overlay-opacity":"","overlay-gradient":""}},"_joinchat":[]},"product_brand":[],"product_cat":[219],"product_tag":[147,573,112,576,20],"class_list":{"0":"post-852","1":"product","2":"type-product","3":"status-publish","4":"has-post-thumbnail","6":"product_cat-pegamentos","7":"product_tag-drugstore","8":"product_tag-ferreteria","9":"product_tag-kiosco","10":"product_tag-la-gotita-gel","11":"product_tag-mayorista","12":"desktop-align-left","13":"tablet-align-left","14":"mobile-align-left","15":"ast-product-gallery-layout-vertical","16":"ast-product-gallery-with-no-image","17":"ast-product-tabs-layout-vertical","19":"first","20":"outofstock","21":"shipping-taxable","22":"purchasable","23":"product-type-simple"},"yoast_head":"<!-- This site is optimized with the Yoast SEO plugin v27.2 - https:\/\/yoast.com\/product\/yoast-seo-wordpress\/ -->\n<title>PEGAMENTO LA GOTITA GEL X 6U -<\/title>\n<meta name=\"description\" content=\"Tienda mayorista online. Tenemos el pegamento La gotita Gel en stock, al mejor precio del mercado y con un env\u00edo dentro de las pr\u00f3ximas 48 horas para Capital y Gran Buenos Aires.\" \/>\n<meta name=\"robots\" content=\"index, follow, max-snippet:-1, max-image-preview:large, max-video-preview:-1\" \/>\n<link rel=\"canonical\" href=\"https:\/\/www.golosinaspormayor.com\/ventaonline\/tienda\/pegamentos\/pegamento-la-gotita-gel\/\" \/>\n<meta property=\"og:locale\" content=\"es_ES\" \/>\n<meta property=\"og:type\" content=\"article\" \/>\n<meta property=\"og:title\" content=\"PEGAMENTO LA GOTITA GEL X 6U -\" \/>\n<meta property=\"og:description\" content=\"Tienda mayorista online. Tenemos el pegamento La gotita Gel en stock, al mejor precio del mercado y con un env\u00edo dentro de las pr\u00f3ximas 48 horas para Capital y Gran Buenos Aires.\" \/>\n<meta property=\"og:url\" content=\"https:\/\/www.golosinaspormayor.com\/ventaonline\/tienda\/pegamentos\/pegamento-la-gotita-gel\/\" \/>\n<meta property=\"og:site_name\" content=\"Golosinas por Mayor\" \/>\n<meta property=\"article:modified_time\" content=\"2020-09-22T02:55:52+00:00\" \/>\n<meta property=\"og:image\" content=\"https:\/\/www.golosinaspormayor.com\/ventaonline\/wp-content\/uploads\/pegamento-la-gotita-gel-oferta.jpg\" \/>\n\t<meta property=\"og:image:width\" content=\"300\" \/>\n\t<meta property=\"og:image:height\" content=\"300\" \/>\n\t<meta property=\"og:image:type\" content=\"image\/jpeg\" \/>\n<meta name=\"twitter:label1\" content=\"Tiempo de lectura\" \/>\n\t<meta name=\"twitter:data1\" content=\"1 minuto\" \/>\n<script type=\"application\/ld+json\" class=\"yoast-schema-graph\">{\"@context\":\"https:\/\/schema.org\",\"@graph\":[{\"@type\":\"WebPage\",\"@id\":\"https:\/\/www.golosinaspormayor.com\/ventaonline\/tienda\/pegamentos\/pegamento-la-gotita-gel\/\",\"url\":\"https:\/\/www.golosinaspormayor.com\/ventaonline\/tienda\/pegamentos\/pegamento-la-gotita-gel\/\",\"name\":\"PEGAMENTO LA GOTITA GEL X 6U -\",\"isPartOf\":{\"@id\":\"https:\/\/www.golosinaspormayor.com\/ventaonline\/#website\"},\"primaryImageOfPage\":{\"@id\":\"https:\/\/www.golosinaspormayor.com\/ventaonline\/tienda\/pegamentos\/pegamento-la-gotita-gel\/#primaryimage\"},\"image\":{\"@id\":\"https:\/\/www.golosinaspormayor.com\/ventaonline\/tienda\/pegamentos\/pegamento-la-gotita-gel\/#primaryimage\"},\"thumbnailUrl\":\"https:\/\/www.golosinaspormayor.com\/ventaonline\/wp-content\/uploads\/pegamento-la-gotita-gel-oferta.jpg\",\"datePublished\":\"2013-09-20T04:44:16+00:00\",\"dateModified\":\"2020-09-22T02:55:52+00:00\",\"description\":\"Tienda mayorista online. Tenemos el pegamento La gotita Gel en stock, al mejor precio del mercado y con un env\u00edo dentro de las pr\u00f3ximas 48 horas para Capital y Gran Buenos Aires.\",\"breadcrumb\":{\"@id\":\"https:\/\/www.golosinaspormayor.com\/ventaonline\/tienda\/pegamentos\/pegamento-la-gotita-gel\/#breadcrumb\"},\"inLanguage\":\"es\",\"potentialAction\":[{\"@type\":\"ReadAction\",\"target\":[\"https:\/\/www.golosinaspormayor.com\/ventaonline\/tienda\/pegamentos\/pegamento-la-gotita-gel\/\"]}]},{\"@type\":\"ImageObject\",\"inLanguage\":\"es\",\"@id\":\"https:\/\/www.golosinaspormayor.com\/ventaonline\/tienda\/pegamentos\/pegamento-la-gotita-gel\/#primaryimage\",\"url\":\"https:\/\/www.golosinaspormayor.com\/ventaonline\/wp-content\/uploads\/pegamento-la-gotita-gel-oferta.jpg\",\"contentUrl\":\"https:\/\/www.golosinaspormayor.com\/ventaonline\/wp-content\/uploads\/pegamento-la-gotita-gel-oferta.jpg\",\"width\":300,\"height\":300,\"caption\":\"pegamento-la-gotita-gel-mayorista\"},{\"@type\":\"BreadcrumbList\",\"@id\":\"https:\/\/www.golosinaspormayor.com\/ventaonline\/tienda\/pegamentos\/pegamento-la-gotita-gel\/#breadcrumb\",\"itemListElement\":[{\"@type\":\"ListItem\",\"position\":1,\"name\":\"Tienda\",\"item\":\"https:\/\/www.golosinaspormayor.com\/ventaonline\/tienda\/\"},{\"@type\":\"ListItem\",\"position\":2,\"name\":\"PEGAMENTO LA GOTITA GEL X 6U\"}]},{\"@type\":\"WebSite\",\"@id\":\"https:\/\/www.golosinaspormayor.com\/ventaonline\/#website\",\"url\":\"https:\/\/www.golosinaspormayor.com\/ventaonline\/\",\"name\":\"Golosinas por Mayor\",\"description\":\"Venta online de golosinas por mayor\",\"publisher\":{\"@id\":\"https:\/\/www.golosinaspormayor.com\/ventaonline\/#organization\"},\"potentialAction\":[{\"@type\":\"SearchAction\",\"target\":{\"@type\":\"EntryPoint\",\"urlTemplate\":\"https:\/\/www.golosinaspormayor.com\/ventaonline\/?s={search_term_string}\"},\"query-input\":{\"@type\":\"PropertyValueSpecification\",\"valueRequired\":true,\"valueName\":\"search_term_string\"}}],\"inLanguage\":\"es\"},{\"@type\":\"Organization\",\"@id\":\"https:\/\/www.golosinaspormayor.com\/ventaonline\/#organization\",\"name\":\"Golosinas por Mayor\",\"url\":\"https:\/\/www.golosinaspormayor.com\/ventaonline\/\",\"logo\":{\"@type\":\"ImageObject\",\"inLanguage\":\"es\",\"@id\":\"https:\/\/www.golosinaspormayor.com\/ventaonline\/#\/schema\/logo\/image\/\",\"url\":\"https:\/\/www.golosinaspormayor.com\/ventaonline\/wp-content\/uploads\/Copia-de-pop-logo-png.png\",\"contentUrl\":\"https:\/\/www.golosinaspormayor.com\/ventaonline\/wp-content\/uploads\/Copia-de-pop-logo-png.png\",\"width\":150,\"height\":46,\"caption\":\"Golosinas por Mayor\"},\"image\":{\"@id\":\"https:\/\/www.golosinaspormayor.com\/ventaonline\/#\/schema\/logo\/image\/\"}}]}<\/script>\n<!-- \/ Yoast SEO plugin. -->","yoast_head_json":{"title":"PEGAMENTO LA GOTITA GEL X 6U -","description":"Tienda mayorista online. Tenemos el pegamento La gotita Gel en stock, al mejor precio del mercado y con un env\u00edo dentro de las pr\u00f3ximas 48 horas para Capital y Gran Buenos Aires.","robots":{"index":"index","follow":"follow","max-snippet":"max-snippet:-1","max-image-preview":"max-image-preview:large","max-video-preview":"max-video-preview:-1"},"canonical":"https:\/\/www.golosinaspormayor.com\/ventaonline\/tienda\/pegamentos\/pegamento-la-gotita-gel\/","og_locale":"es_ES","og_type":"article","og_title":"PEGAMENTO LA GOTITA GEL X 6U -","og_description":"Tienda mayorista online. Tenemos el pegamento La gotita Gel en stock, al mejor precio del mercado y con un env\u00edo dentro de las pr\u00f3ximas 48 horas para Capital y Gran Buenos Aires.","og_url":"https:\/\/www.golosinaspormayor.com\/ventaonline\/tienda\/pegamentos\/pegamento-la-gotita-gel\/","og_site_name":"Golosinas por Mayor","article_modified_time":"2020-09-22T02:55:52+00:00","og_image":[{"width":300,"height":300,"url":"https:\/\/www.golosinaspormayor.com\/ventaonline\/wp-content\/uploads\/pegamento-la-gotita-gel-oferta.jpg","type":"image\/jpeg"}],"twitter_misc":{"Tiempo de lectura":"1 minuto"},"schema":{"@context":"https:\/\/schema.org","@graph":[{"@type":"WebPage","@id":"https:\/\/www.golosinaspormayor.com\/ventaonline\/tienda\/pegamentos\/pegamento-la-gotita-gel\/","url":"https:\/\/www.golosinaspormayor.com\/ventaonline\/tienda\/pegamentos\/pegamento-la-gotita-gel\/","name":"PEGAMENTO LA GOTITA GEL X 6U -","isPartOf":{"@id":"https:\/\/www.golosinaspormayor.com\/ventaonline\/#website"},"primaryImageOfPage":{"@id":"https:\/\/www.golosinaspormayor.com\/ventaonline\/tienda\/pegamentos\/pegamento-la-gotita-gel\/#primaryimage"},"image":{"@id":"https:\/\/www.golosinaspormayor.com\/ventaonline\/tienda\/pegamentos\/pegamento-la-gotita-gel\/#primaryimage"},"thumbnailUrl":"https:\/\/www.golosinaspormayor.com\/ventaonline\/wp-content\/uploads\/pegamento-la-gotita-gel-oferta.jpg","datePublished":"2013-09-20T04:44:16+00:00","dateModified":"2020-09-22T02:55:52+00:00","description":"Tienda mayorista online. Tenemos el pegamento La gotita Gel en stock, al mejor precio del mercado y con un env\u00edo dentro de las pr\u00f3ximas 48 horas para Capital y Gran Buenos Aires.","breadcrumb":{"@id":"https:\/\/www.golosinaspormayor.com\/ventaonline\/tienda\/pegamentos\/pegamento-la-gotita-gel\/#breadcrumb"},"inLanguage":"es","potentialAction":[{"@type":"ReadAction","target":["https:\/\/www.golosinaspormayor.com\/ventaonline\/tienda\/pegamentos\/pegamento-la-gotita-gel\/"]}]},{"@type":"ImageObject","inLanguage":"es","@id":"https:\/\/www.golosinaspormayor.com\/ventaonline\/tienda\/pegamentos\/pegamento-la-gotita-gel\/#primaryimage","url":"https:\/\/www.golosinaspormayor.com\/ventaonline\/wp-content\/uploads\/pegamento-la-gotita-gel-oferta.jpg","contentUrl":"https:\/\/www.golosinaspormayor.com\/ventaonline\/wp-content\/uploads\/pegamento-la-gotita-gel-oferta.jpg","width":300,"height":300,"caption":"pegamento-la-gotita-gel-mayorista"},{"@type":"BreadcrumbList","@id":"https:\/\/www.golosinaspormayor.com\/ventaonline\/tienda\/pegamentos\/pegamento-la-gotita-gel\/#breadcrumb","itemListElement":[{"@type":"ListItem","position":1,"name":"Tienda","item":"https:\/\/www.golosinaspormayor.com\/ventaonline\/tienda\/"},{"@type":"ListItem","position":2,"name":"PEGAMENTO LA GOTITA GEL X 6U"}]},{"@type":"WebSite","@id":"https:\/\/www.golosinaspormayor.com\/ventaonline\/#website","url":"https:\/\/www.golosinaspormayor.com\/ventaonline\/","name":"Golosinas por Mayor","description":"Venta online de golosinas por mayor","publisher":{"@id":"https:\/\/www.golosinaspormayor.com\/ventaonline\/#organization"},"potentialAction":[{"@type":"SearchAction","target":{"@type":"EntryPoint","urlTemplate":"https:\/\/www.golosinaspormayor.com\/ventaonline\/?s={search_term_string}"},"query-input":{"@type":"PropertyValueSpecification","valueRequired":true,"valueName":"search_term_string"}}],"inLanguage":"es"},{"@type":"Organization","@id":"https:\/\/www.golosinaspormayor.com\/ventaonline\/#organization","name":"Golosinas por Mayor","url":"https:\/\/www.golosinaspormayor.com\/ventaonline\/","logo":{"@type":"ImageObject","inLanguage":"es","@id":"https:\/\/www.golosinaspormayor.com\/ventaonline\/#\/schema\/logo\/image\/","url":"https:\/\/www.golosinaspormayor.com\/ventaonline\/wp-content\/uploads\/Copia-de-pop-logo-png.png","contentUrl":"https:\/\/www.golosinaspormayor.com\/ventaonline\/wp-content\/uploads\/Copia-de-pop-logo-png.png","width":150,"height":46,"caption":"Golosinas por Mayor"},"image":{"@id":"https:\/\/www.golosinaspormayor.com\/ventaonline\/#\/schema\/logo\/image\/"}}]}},"_links":{"self":[{"href":"https:\/\/www.golosinaspormayor.com\/ventaonline\/wp-json\/wp\/v2\/product\/852","targetHints":{"allow":["GET"]}}],"collection":[{"href":"https:\/\/www.golosinaspormayor.com\/ventaonline\/wp-json\/wp\/v2\/product"}],"about":[{"href":"https:\/\/www.golosinaspormayor.com\/ventaonline\/wp-json\/wp\/v2\/types\/product"}],"replies":[{"embeddable":true,"href":"https:\/\/www.golosinaspormayor.com\/ventaonline\/wp-json\/wp\/v2\/comments?post=852"}],"wp:featuredmedia":[{"embeddable":true,"href":"https:\/\/www.golosinaspormayor.com\/ventaonline\/wp-json\/wp\/v2\/media\/853"}],"wp:attachment":[{"href":"https:\/\/www.golosinaspormayor.com\/ventaonline\/wp-json\/wp\/v2\/media?parent=852"}],"wp:term":[{"taxonomy":"product_brand","embeddable":true,"href":"https:\/\/www.golosinaspormayor.com\/ventaonline\/wp-json\/wp\/v2\/product_brand?post=852"},{"taxonomy":"product_cat","embeddable":true,"href":"https:\/\/www.golosinaspormayor.com\/ventaonline\/wp-json\/wp\/v2\/product_cat?post=852"},{"taxonomy":"product_tag","embeddable":true,"href":"https:\/\/www.golosinaspormayor.com\/ventaonline\/wp-json\/wp\/v2\/product_tag?post=852"}],"curies":[{"name":"wp","href":"https:\/\/api.w.org\/{rel}","templated":true}]}}