{"id":848,"date":"2013-09-20T01:46:29","date_gmt":"2013-09-20T04:46:29","guid":{"rendered":"http:\/\/www.golosinaspormayor.com\/ventaonline\/?post_type=product&#038;p=848"},"modified":"2020-09-21T23:59:04","modified_gmt":"2020-09-22T02:59:04","slug":"pegamento-fastix","status":"publish","type":"product","link":"https:\/\/www.golosinaspormayor.com\/ventaonline\/tienda\/pegamentos\/pegamento-fastix\/","title":{"rendered":"PEGAMENTO FASTIX x 6U"},"content":{"rendered":"<p>Si tienes un drugstore o mini mercado, que tiene de todo no te pueden faltar productos como \u00e9ste porque son muchos los que piden el pegamento Fastix, para adherir superficies. Se trata de un pegamento que al colocarlo en juntas, las deja adheridas para siempre, por ello su slogan o por lo menos como todos los conocemos es: FASTIX, asunto sellado. El c\u00f3modo pico que tiene para ser colocado en las juntas o diversas superficies permite que este producto sea el mejor para ello, adem\u00e1s claro, de la calidad de pagamento.<\/p>\n<p>El pegamento Fastix, se lo usa en diversas zonas de la casa, por ejemplo para las juntas de la bacha de la cocina y el ba\u00f1o, en mesadas, azulejos, hinodoros, videt, mamparas, cabinas, etc. Es decir que son much\u00edsimas las aplicaciones que permite este producto. Y el pegamento Fastix, se lo usa para pegar superficies de vidrio, soporta temperaturas tanto elevadas como muy bajas, y es muy sencillo de colocar. Estas son las razones por las cuales no te deben de faltar, porque si bien el pegamento Fastix, es un pegamento que se vende en las ferreter\u00edas, nunca se sabe cu\u00e1ndo el cliente se olvid\u00f3 de comprarlo, y acude a tu comercio.<\/p>\n","protected":false},"excerpt":{"rendered":"<p><strong>FASTIX x 25ml x 6u B\/20<\/strong><\/p>\n","protected":false},"featured_media":2701,"comment_status":"closed","ping_status":"closed","template":"","meta":{"site-sidebar-layout":"default","site-content-layout":"","ast-site-content-layout":"default","site-content-style":"default","site-sidebar-style":"default","ast-global-header-display":"","ast-banner-title-visibility":"","ast-main-header-display":"","ast-hfb-above-header-display":"","ast-hfb-below-header-display":"","ast-hfb-mobile-header-display":"","site-post-title":"","ast-breadcrumbs-content":"","ast-featured-img":"","footer-sml-layout":"","ast-disable-related-posts":"","theme-transparent-header-meta":"","adv-header-id-meta":"","stick-header-meta":"","header-above-stick-meta":"","header-main-stick-meta":"","header-below-stick-meta":"","astra-migrate-meta-layouts":"default","ast-page-background-enabled":"default","ast-page-background-meta":{"desktop":{"background-color":"","background-image":"","background-repeat":"repeat","background-position":"center center","background-size":"auto","background-attachment":"scroll","background-type":"","background-media":"","overlay-type":"","overlay-color":"","overlay-opacity":"","overlay-gradient":""},"tablet":{"background-color":"","background-image":"","background-repeat":"repeat","background-position":"center center","background-size":"auto","background-attachment":"scroll","background-type":"","background-media":"","overlay-type":"","overlay-color":"","overlay-opacity":"","overlay-gradient":""},"mobile":{"background-color":"","background-image":"","background-repeat":"repeat","background-position":"center center","background-size":"auto","background-attachment":"scroll","background-type":"","background-media":"","overlay-type":"","overlay-color":"","overlay-opacity":"","overlay-gradient":""}},"ast-content-background-meta":{"desktop":{"background-color":"var(--ast-global-color-5)","background-image":"","background-repeat":"repeat","background-position":"center center","background-size":"auto","background-attachment":"scroll","background-type":"","background-media":"","overlay-type":"","overlay-color":"","overlay-opacity":"","overlay-gradient":""},"tablet":{"background-color":"var(--ast-global-color-5)","background-image":"","background-repeat":"repeat","background-position":"center center","background-size":"auto","background-attachment":"scroll","background-type":"","background-media":"","overlay-type":"","overlay-color":"","overlay-opacity":"","overlay-gradient":""},"mobile":{"background-color":"var(--ast-global-color-5)","background-image":"","background-repeat":"repeat","background-position":"center center","background-size":"auto","background-attachment":"scroll","background-type":"","background-media":"","overlay-type":"","overlay-color":"","overlay-opacity":"","overlay-gradient":""}},"_joinchat":[]},"product_brand":[],"product_cat":[219],"product_tag":[572,573,112,114],"class_list":{"0":"post-848","1":"product","2":"type-product","3":"status-publish","4":"has-post-thumbnail","6":"product_cat-pegamentos","7":"product_tag-fastix","8":"product_tag-ferreteria","9":"product_tag-kiosco","10":"product_tag-precios","11":"desktop-align-left","12":"tablet-align-left","13":"mobile-align-left","14":"ast-product-gallery-layout-vertical","15":"ast-product-gallery-with-no-image","16":"ast-product-tabs-layout-vertical","18":"first","19":"outofstock","20":"shipping-taxable","21":"purchasable","22":"product-type-simple"},"yoast_head":"<!-- This site is optimized with the Yoast SEO plugin v27.2 - https:\/\/yoast.com\/product\/yoast-seo-wordpress\/ -->\n<title>PEGAMENTO FASTIX x 6U -<\/title>\n<meta name=\"description\" content=\"Venta mayorista de pegamento fastix. Haznos tu pedido en nuestra tienda online, tenemos el mejor precio del mercado y un env\u00edo dentro de las proximas 48 horas.\" \/>\n<meta name=\"robots\" content=\"index, follow, max-snippet:-1, max-image-preview:large, max-video-preview:-1\" \/>\n<link rel=\"canonical\" href=\"https:\/\/www.golosinaspormayor.com\/ventaonline\/tienda\/pegamentos\/pegamento-fastix\/\" \/>\n<meta property=\"og:locale\" content=\"es_ES\" \/>\n<meta property=\"og:type\" content=\"article\" \/>\n<meta property=\"og:title\" content=\"PEGAMENTO FASTIX x 6U -\" \/>\n<meta property=\"og:description\" content=\"Venta mayorista de pegamento fastix. Haznos tu pedido en nuestra tienda online, tenemos el mejor precio del mercado y un env\u00edo dentro de las proximas 48 horas.\" \/>\n<meta property=\"og:url\" content=\"https:\/\/www.golosinaspormayor.com\/ventaonline\/tienda\/pegamentos\/pegamento-fastix\/\" \/>\n<meta property=\"og:site_name\" content=\"Golosinas por Mayor\" \/>\n<meta property=\"article:modified_time\" content=\"2020-09-22T02:59:04+00:00\" \/>\n<meta property=\"og:image\" content=\"https:\/\/www.golosinaspormayor.com\/ventaonline\/wp-content\/uploads\/fastix-x-6u.jpg\" \/>\n\t<meta property=\"og:image:width\" content=\"500\" \/>\n\t<meta property=\"og:image:height\" content=\"500\" \/>\n\t<meta property=\"og:image:type\" content=\"image\/jpeg\" \/>\n<meta name=\"twitter:label1\" content=\"Tiempo de lectura\" \/>\n\t<meta name=\"twitter:data1\" content=\"1 minuto\" \/>\n<script type=\"application\/ld+json\" class=\"yoast-schema-graph\">{\"@context\":\"https:\/\/schema.org\",\"@graph\":[{\"@type\":\"WebPage\",\"@id\":\"https:\/\/www.golosinaspormayor.com\/ventaonline\/tienda\/pegamentos\/pegamento-fastix\/\",\"url\":\"https:\/\/www.golosinaspormayor.com\/ventaonline\/tienda\/pegamentos\/pegamento-fastix\/\",\"name\":\"PEGAMENTO FASTIX x 6U -\",\"isPartOf\":{\"@id\":\"https:\/\/www.golosinaspormayor.com\/ventaonline\/#website\"},\"primaryImageOfPage\":{\"@id\":\"https:\/\/www.golosinaspormayor.com\/ventaonline\/tienda\/pegamentos\/pegamento-fastix\/#primaryimage\"},\"image\":{\"@id\":\"https:\/\/www.golosinaspormayor.com\/ventaonline\/tienda\/pegamentos\/pegamento-fastix\/#primaryimage\"},\"thumbnailUrl\":\"https:\/\/www.golosinaspormayor.com\/ventaonline\/wp-content\/uploads\/fastix-x-6u.jpg\",\"datePublished\":\"2013-09-20T04:46:29+00:00\",\"dateModified\":\"2020-09-22T02:59:04+00:00\",\"description\":\"Venta mayorista de pegamento fastix. Haznos tu pedido en nuestra tienda online, tenemos el mejor precio del mercado y un env\u00edo dentro de las proximas 48 horas.\",\"breadcrumb\":{\"@id\":\"https:\/\/www.golosinaspormayor.com\/ventaonline\/tienda\/pegamentos\/pegamento-fastix\/#breadcrumb\"},\"inLanguage\":\"es\",\"potentialAction\":[{\"@type\":\"ReadAction\",\"target\":[\"https:\/\/www.golosinaspormayor.com\/ventaonline\/tienda\/pegamentos\/pegamento-fastix\/\"]}]},{\"@type\":\"ImageObject\",\"inLanguage\":\"es\",\"@id\":\"https:\/\/www.golosinaspormayor.com\/ventaonline\/tienda\/pegamentos\/pegamento-fastix\/#primaryimage\",\"url\":\"https:\/\/www.golosinaspormayor.com\/ventaonline\/wp-content\/uploads\/fastix-x-6u.jpg\",\"contentUrl\":\"https:\/\/www.golosinaspormayor.com\/ventaonline\/wp-content\/uploads\/fastix-x-6u.jpg\",\"width\":500,\"height\":500},{\"@type\":\"BreadcrumbList\",\"@id\":\"https:\/\/www.golosinaspormayor.com\/ventaonline\/tienda\/pegamentos\/pegamento-fastix\/#breadcrumb\",\"itemListElement\":[{\"@type\":\"ListItem\",\"position\":1,\"name\":\"Tienda\",\"item\":\"https:\/\/www.golosinaspormayor.com\/ventaonline\/tienda\/\"},{\"@type\":\"ListItem\",\"position\":2,\"name\":\"PEGAMENTO FASTIX x 6U\"}]},{\"@type\":\"WebSite\",\"@id\":\"https:\/\/www.golosinaspormayor.com\/ventaonline\/#website\",\"url\":\"https:\/\/www.golosinaspormayor.com\/ventaonline\/\",\"name\":\"Golosinas por Mayor\",\"description\":\"Venta online de golosinas por mayor\",\"publisher\":{\"@id\":\"https:\/\/www.golosinaspormayor.com\/ventaonline\/#organization\"},\"potentialAction\":[{\"@type\":\"SearchAction\",\"target\":{\"@type\":\"EntryPoint\",\"urlTemplate\":\"https:\/\/www.golosinaspormayor.com\/ventaonline\/?s={search_term_string}\"},\"query-input\":{\"@type\":\"PropertyValueSpecification\",\"valueRequired\":true,\"valueName\":\"search_term_string\"}}],\"inLanguage\":\"es\"},{\"@type\":\"Organization\",\"@id\":\"https:\/\/www.golosinaspormayor.com\/ventaonline\/#organization\",\"name\":\"Golosinas por Mayor\",\"url\":\"https:\/\/www.golosinaspormayor.com\/ventaonline\/\",\"logo\":{\"@type\":\"ImageObject\",\"inLanguage\":\"es\",\"@id\":\"https:\/\/www.golosinaspormayor.com\/ventaonline\/#\/schema\/logo\/image\/\",\"url\":\"https:\/\/www.golosinaspormayor.com\/ventaonline\/wp-content\/uploads\/Copia-de-pop-logo-png.png\",\"contentUrl\":\"https:\/\/www.golosinaspormayor.com\/ventaonline\/wp-content\/uploads\/Copia-de-pop-logo-png.png\",\"width\":150,\"height\":46,\"caption\":\"Golosinas por Mayor\"},\"image\":{\"@id\":\"https:\/\/www.golosinaspormayor.com\/ventaonline\/#\/schema\/logo\/image\/\"}}]}<\/script>\n<!-- \/ Yoast SEO plugin. -->","yoast_head_json":{"title":"PEGAMENTO FASTIX x 6U -","description":"Venta mayorista de pegamento fastix. Haznos tu pedido en nuestra tienda online, tenemos el mejor precio del mercado y un env\u00edo dentro de las proximas 48 horas.","robots":{"index":"index","follow":"follow","max-snippet":"max-snippet:-1","max-image-preview":"max-image-preview:large","max-video-preview":"max-video-preview:-1"},"canonical":"https:\/\/www.golosinaspormayor.com\/ventaonline\/tienda\/pegamentos\/pegamento-fastix\/","og_locale":"es_ES","og_type":"article","og_title":"PEGAMENTO FASTIX x 6U -","og_description":"Venta mayorista de pegamento fastix. Haznos tu pedido en nuestra tienda online, tenemos el mejor precio del mercado y un env\u00edo dentro de las proximas 48 horas.","og_url":"https:\/\/www.golosinaspormayor.com\/ventaonline\/tienda\/pegamentos\/pegamento-fastix\/","og_site_name":"Golosinas por Mayor","article_modified_time":"2020-09-22T02:59:04+00:00","og_image":[{"width":500,"height":500,"url":"https:\/\/www.golosinaspormayor.com\/ventaonline\/wp-content\/uploads\/fastix-x-6u.jpg","type":"image\/jpeg"}],"twitter_misc":{"Tiempo de lectura":"1 minuto"},"schema":{"@context":"https:\/\/schema.org","@graph":[{"@type":"WebPage","@id":"https:\/\/www.golosinaspormayor.com\/ventaonline\/tienda\/pegamentos\/pegamento-fastix\/","url":"https:\/\/www.golosinaspormayor.com\/ventaonline\/tienda\/pegamentos\/pegamento-fastix\/","name":"PEGAMENTO FASTIX x 6U -","isPartOf":{"@id":"https:\/\/www.golosinaspormayor.com\/ventaonline\/#website"},"primaryImageOfPage":{"@id":"https:\/\/www.golosinaspormayor.com\/ventaonline\/tienda\/pegamentos\/pegamento-fastix\/#primaryimage"},"image":{"@id":"https:\/\/www.golosinaspormayor.com\/ventaonline\/tienda\/pegamentos\/pegamento-fastix\/#primaryimage"},"thumbnailUrl":"https:\/\/www.golosinaspormayor.com\/ventaonline\/wp-content\/uploads\/fastix-x-6u.jpg","datePublished":"2013-09-20T04:46:29+00:00","dateModified":"2020-09-22T02:59:04+00:00","description":"Venta mayorista de pegamento fastix. Haznos tu pedido en nuestra tienda online, tenemos el mejor precio del mercado y un env\u00edo dentro de las proximas 48 horas.","breadcrumb":{"@id":"https:\/\/www.golosinaspormayor.com\/ventaonline\/tienda\/pegamentos\/pegamento-fastix\/#breadcrumb"},"inLanguage":"es","potentialAction":[{"@type":"ReadAction","target":["https:\/\/www.golosinaspormayor.com\/ventaonline\/tienda\/pegamentos\/pegamento-fastix\/"]}]},{"@type":"ImageObject","inLanguage":"es","@id":"https:\/\/www.golosinaspormayor.com\/ventaonline\/tienda\/pegamentos\/pegamento-fastix\/#primaryimage","url":"https:\/\/www.golosinaspormayor.com\/ventaonline\/wp-content\/uploads\/fastix-x-6u.jpg","contentUrl":"https:\/\/www.golosinaspormayor.com\/ventaonline\/wp-content\/uploads\/fastix-x-6u.jpg","width":500,"height":500},{"@type":"BreadcrumbList","@id":"https:\/\/www.golosinaspormayor.com\/ventaonline\/tienda\/pegamentos\/pegamento-fastix\/#breadcrumb","itemListElement":[{"@type":"ListItem","position":1,"name":"Tienda","item":"https:\/\/www.golosinaspormayor.com\/ventaonline\/tienda\/"},{"@type":"ListItem","position":2,"name":"PEGAMENTO FASTIX x 6U"}]},{"@type":"WebSite","@id":"https:\/\/www.golosinaspormayor.com\/ventaonline\/#website","url":"https:\/\/www.golosinaspormayor.com\/ventaonline\/","name":"Golosinas por Mayor","description":"Venta online de golosinas por mayor","publisher":{"@id":"https:\/\/www.golosinaspormayor.com\/ventaonline\/#organization"},"potentialAction":[{"@type":"SearchAction","target":{"@type":"EntryPoint","urlTemplate":"https:\/\/www.golosinaspormayor.com\/ventaonline\/?s={search_term_string}"},"query-input":{"@type":"PropertyValueSpecification","valueRequired":true,"valueName":"search_term_string"}}],"inLanguage":"es"},{"@type":"Organization","@id":"https:\/\/www.golosinaspormayor.com\/ventaonline\/#organization","name":"Golosinas por Mayor","url":"https:\/\/www.golosinaspormayor.com\/ventaonline\/","logo":{"@type":"ImageObject","inLanguage":"es","@id":"https:\/\/www.golosinaspormayor.com\/ventaonline\/#\/schema\/logo\/image\/","url":"https:\/\/www.golosinaspormayor.com\/ventaonline\/wp-content\/uploads\/Copia-de-pop-logo-png.png","contentUrl":"https:\/\/www.golosinaspormayor.com\/ventaonline\/wp-content\/uploads\/Copia-de-pop-logo-png.png","width":150,"height":46,"caption":"Golosinas por Mayor"},"image":{"@id":"https:\/\/www.golosinaspormayor.com\/ventaonline\/#\/schema\/logo\/image\/"}}]}},"_links":{"self":[{"href":"https:\/\/www.golosinaspormayor.com\/ventaonline\/wp-json\/wp\/v2\/product\/848","targetHints":{"allow":["GET"]}}],"collection":[{"href":"https:\/\/www.golosinaspormayor.com\/ventaonline\/wp-json\/wp\/v2\/product"}],"about":[{"href":"https:\/\/www.golosinaspormayor.com\/ventaonline\/wp-json\/wp\/v2\/types\/product"}],"replies":[{"embeddable":true,"href":"https:\/\/www.golosinaspormayor.com\/ventaonline\/wp-json\/wp\/v2\/comments?post=848"}],"wp:featuredmedia":[{"embeddable":true,"href":"https:\/\/www.golosinaspormayor.com\/ventaonline\/wp-json\/wp\/v2\/media\/2701"}],"wp:attachment":[{"href":"https:\/\/www.golosinaspormayor.com\/ventaonline\/wp-json\/wp\/v2\/media?parent=848"}],"wp:term":[{"taxonomy":"product_brand","embeddable":true,"href":"https:\/\/www.golosinaspormayor.com\/ventaonline\/wp-json\/wp\/v2\/product_brand?post=848"},{"taxonomy":"product_cat","embeddable":true,"href":"https:\/\/www.golosinaspormayor.com\/ventaonline\/wp-json\/wp\/v2\/product_cat?post=848"},{"taxonomy":"product_tag","embeddable":true,"href":"https:\/\/www.golosinaspormayor.com\/ventaonline\/wp-json\/wp\/v2\/product_tag?post=848"}],"curies":[{"name":"wp","href":"https:\/\/api.w.org\/{rel}","templated":true}]}}