{"id":824,"date":"2013-09-18T13:52:43","date_gmt":"2013-09-18T16:52:43","guid":{"rendered":"http:\/\/www.golosinaspormayor.com\/ventaonline\/?post_type=product&#038;p=824"},"modified":"2018-08-03T11:18:11","modified_gmt":"2018-08-03T14:18:11","slug":"panuelos-descartables-carilina-elite-exhibidora","status":"publish","type":"product","link":"https:\/\/www.golosinaspormayor.com\/ventaonline\/tienda\/perfumeria\/panuelos-descartables-carilina-elite-exhibidora\/","title":{"rendered":"PA\u00d1UELOS DESCARTABLES CARILINA ELITE EXHIBIDORA X 27U"},"content":{"rendered":"<p>Los pa\u00f1uelos descartables de Carilina de la marca Elite, son los m\u00e1s buscados por todos, ni\u00f1os, grades, se\u00f1oras, hombres, y j\u00f3venes, sobre todo los que deben estar muchas horas fuera de la casa. Son muy pr\u00e1cticos, y suaves, para la higiene de las manos, la cara, o la nariz. Estos realmente no ocupan lugar en la cartera, o en la mochila as\u00ed que los pa\u00f1uelos tienen mucha venta. Es en esta oportunidad que estamos presentando la exhibidora de pa\u00f1uelos descartables de Carilina Elite, que es uno de los productos m\u00e1 elegidos gracias a su practicidad y su buena presentaci\u00f3n.<\/p>\n<p>La exhibidora de pa\u00f1uelos descartables de Carilina Elite, es un excelente producto fabricado con el mejor dise\u00f1o, y te la ofrecemos en esta tienda online, al mejor precio mayorista del mercado, para que las ventas sean siempre crecientes, adem\u00e1s est\u00e1s entregando calidad y un producto que a nadie le debe faltar. Toda la suavidad del algod\u00f3n, en un producto que desde que sali\u00f3 al mercado no ha cesado de venderse y cada vez son m\u00e1s los adeptos a ellos, es que se trata de pa\u00f1uelos que si bien son suaves, cumplen con su funci\u00f3n de secar, limpiar, higienizar, la piel de todos.<\/p>\n","protected":false},"excerpt":{"rendered":"<p><strong>PA\u00d1UELO DESCARTABLE CARILINA ELITE EXHIBIDORA x 27u B\/8<\/strong><\/p>\n","protected":false},"featured_media":825,"comment_status":"closed","ping_status":"closed","template":"","meta":{"site-sidebar-layout":"default","site-content-layout":"","ast-site-content-layout":"default","site-content-style":"default","site-sidebar-style":"default","ast-global-header-display":"","ast-banner-title-visibility":"","ast-main-header-display":"","ast-hfb-above-header-display":"","ast-hfb-below-header-display":"","ast-hfb-mobile-header-display":"","site-post-title":"","ast-breadcrumbs-content":"","ast-featured-img":"","footer-sml-layout":"","ast-disable-related-posts":"","theme-transparent-header-meta":"","adv-header-id-meta":"","stick-header-meta":"","header-above-stick-meta":"","header-main-stick-meta":"","header-below-stick-meta":"","astra-migrate-meta-layouts":"default","ast-page-background-enabled":"default","ast-page-background-meta":{"desktop":{"background-color":"","background-image":"","background-repeat":"repeat","background-position":"center center","background-size":"auto","background-attachment":"scroll","background-type":"","background-media":"","overlay-type":"","overlay-color":"","overlay-opacity":"","overlay-gradient":""},"tablet":{"background-color":"","background-image":"","background-repeat":"repeat","background-position":"center center","background-size":"auto","background-attachment":"scroll","background-type":"","background-media":"","overlay-type":"","overlay-color":"","overlay-opacity":"","overlay-gradient":""},"mobile":{"background-color":"","background-image":"","background-repeat":"repeat","background-position":"center center","background-size":"auto","background-attachment":"scroll","background-type":"","background-media":"","overlay-type":"","overlay-color":"","overlay-opacity":"","overlay-gradient":""}},"ast-content-background-meta":{"desktop":{"background-color":"var(--ast-global-color-5)","background-image":"","background-repeat":"repeat","background-position":"center center","background-size":"auto","background-attachment":"scroll","background-type":"","background-media":"","overlay-type":"","overlay-color":"","overlay-opacity":"","overlay-gradient":""},"tablet":{"background-color":"var(--ast-global-color-5)","background-image":"","background-repeat":"repeat","background-position":"center center","background-size":"auto","background-attachment":"scroll","background-type":"","background-media":"","overlay-type":"","overlay-color":"","overlay-opacity":"","overlay-gradient":""},"mobile":{"background-color":"var(--ast-global-color-5)","background-image":"","background-repeat":"repeat","background-position":"center center","background-size":"auto","background-attachment":"scroll","background-type":"","background-media":"","overlay-type":"","overlay-color":"","overlay-opacity":"","overlay-gradient":""}},"_joinchat":[]},"product_brand":[],"product_cat":[220],"product_tag":[562,550,551,561],"class_list":{"0":"post-824","1":"product","2":"type-product","3":"status-publish","4":"has-post-thumbnail","6":"product_cat-perfumeria","7":"product_tag-caja-exhibidora","8":"product_tag-carilinas","9":"product_tag-elite","10":"product_tag-panuelos","11":"desktop-align-left","12":"tablet-align-left","13":"mobile-align-left","14":"ast-product-gallery-layout-vertical","15":"ast-product-gallery-with-no-image","16":"ast-product-tabs-layout-vertical","18":"first","19":"outofstock","20":"shipping-taxable","21":"purchasable","22":"product-type-simple"},"yoast_head":"<!-- This site is optimized with the Yoast SEO plugin v27.2 - https:\/\/yoast.com\/product\/yoast-seo-wordpress\/ -->\n<title>PA\u00d1UELOS DESCARTABLES CARILINA ELITE EXHIBIDORA X 27U -<\/title>\n<meta name=\"description\" content=\"Venta mayorista de Pa\u00f1uelos descartables carilina elite con su caja exhibidora. \u00a1Haznos tu pedido online! tenemos el mejor precio y una entrega dentro de las pr\u00f3ximas 48 horas.\" \/>\n<meta name=\"robots\" content=\"index, follow, max-snippet:-1, max-image-preview:large, max-video-preview:-1\" \/>\n<link rel=\"canonical\" href=\"https:\/\/www.golosinaspormayor.com\/ventaonline\/tienda\/perfumeria\/panuelos-descartables-carilina-elite-exhibidora\/\" \/>\n<meta property=\"og:locale\" content=\"es_ES\" \/>\n<meta property=\"og:type\" content=\"article\" \/>\n<meta property=\"og:title\" content=\"PA\u00d1UELOS DESCARTABLES CARILINA ELITE EXHIBIDORA X 27U -\" \/>\n<meta property=\"og:description\" content=\"Venta mayorista de Pa\u00f1uelos descartables carilina elite con su caja exhibidora. \u00a1Haznos tu pedido online! tenemos el mejor precio y una entrega dentro de las pr\u00f3ximas 48 horas.\" \/>\n<meta property=\"og:url\" content=\"https:\/\/www.golosinaspormayor.com\/ventaonline\/tienda\/perfumeria\/panuelos-descartables-carilina-elite-exhibidora\/\" \/>\n<meta property=\"og:site_name\" content=\"Golosinas por Mayor\" \/>\n<meta property=\"article:modified_time\" content=\"2018-08-03T14:18:11+00:00\" \/>\n<meta property=\"og:image\" content=\"https:\/\/www.golosinaspormayor.com\/ventaonline\/wp-content\/uploads\/panuelo-descartable-carilina-elite-exhibidora-producto.jpg\" \/>\n\t<meta property=\"og:image:width\" content=\"355\" \/>\n\t<meta property=\"og:image:height\" content=\"285\" \/>\n\t<meta property=\"og:image:type\" content=\"image\/jpeg\" \/>\n<meta name=\"twitter:label1\" content=\"Tiempo de lectura\" \/>\n\t<meta name=\"twitter:data1\" content=\"1 minuto\" \/>\n<script type=\"application\/ld+json\" class=\"yoast-schema-graph\">{\"@context\":\"https:\/\/schema.org\",\"@graph\":[{\"@type\":\"WebPage\",\"@id\":\"https:\/\/www.golosinaspormayor.com\/ventaonline\/tienda\/perfumeria\/panuelos-descartables-carilina-elite-exhibidora\/\",\"url\":\"https:\/\/www.golosinaspormayor.com\/ventaonline\/tienda\/perfumeria\/panuelos-descartables-carilina-elite-exhibidora\/\",\"name\":\"PA\u00d1UELOS DESCARTABLES CARILINA ELITE EXHIBIDORA X 27U -\",\"isPartOf\":{\"@id\":\"https:\/\/www.golosinaspormayor.com\/ventaonline\/#website\"},\"primaryImageOfPage\":{\"@id\":\"https:\/\/www.golosinaspormayor.com\/ventaonline\/tienda\/perfumeria\/panuelos-descartables-carilina-elite-exhibidora\/#primaryimage\"},\"image\":{\"@id\":\"https:\/\/www.golosinaspormayor.com\/ventaonline\/tienda\/perfumeria\/panuelos-descartables-carilina-elite-exhibidora\/#primaryimage\"},\"thumbnailUrl\":\"https:\/\/www.golosinaspormayor.com\/ventaonline\/wp-content\/uploads\/panuelo-descartable-carilina-elite-exhibidora-producto.jpg\",\"datePublished\":\"2013-09-18T16:52:43+00:00\",\"dateModified\":\"2018-08-03T14:18:11+00:00\",\"description\":\"Venta mayorista de Pa\u00f1uelos descartables carilina elite con su caja exhibidora. \u00a1Haznos tu pedido online! tenemos el mejor precio y una entrega dentro de las pr\u00f3ximas 48 horas.\",\"breadcrumb\":{\"@id\":\"https:\/\/www.golosinaspormayor.com\/ventaonline\/tienda\/perfumeria\/panuelos-descartables-carilina-elite-exhibidora\/#breadcrumb\"},\"inLanguage\":\"es\",\"potentialAction\":[{\"@type\":\"ReadAction\",\"target\":[\"https:\/\/www.golosinaspormayor.com\/ventaonline\/tienda\/perfumeria\/panuelos-descartables-carilina-elite-exhibidora\/\"]}]},{\"@type\":\"ImageObject\",\"inLanguage\":\"es\",\"@id\":\"https:\/\/www.golosinaspormayor.com\/ventaonline\/tienda\/perfumeria\/panuelos-descartables-carilina-elite-exhibidora\/#primaryimage\",\"url\":\"https:\/\/www.golosinaspormayor.com\/ventaonline\/wp-content\/uploads\/panuelo-descartable-carilina-elite-exhibidora-producto.jpg\",\"contentUrl\":\"https:\/\/www.golosinaspormayor.com\/ventaonline\/wp-content\/uploads\/panuelo-descartable-carilina-elite-exhibidora-producto.jpg\",\"width\":355,\"height\":285,\"caption\":\"panuelo-descartable-carilina-elite-exhibidora-catalogo\"},{\"@type\":\"BreadcrumbList\",\"@id\":\"https:\/\/www.golosinaspormayor.com\/ventaonline\/tienda\/perfumeria\/panuelos-descartables-carilina-elite-exhibidora\/#breadcrumb\",\"itemListElement\":[{\"@type\":\"ListItem\",\"position\":1,\"name\":\"Tienda\",\"item\":\"https:\/\/www.golosinaspormayor.com\/ventaonline\/tienda\/\"},{\"@type\":\"ListItem\",\"position\":2,\"name\":\"PA\u00d1UELOS DESCARTABLES CARILINA ELITE EXHIBIDORA X 27U\"}]},{\"@type\":\"WebSite\",\"@id\":\"https:\/\/www.golosinaspormayor.com\/ventaonline\/#website\",\"url\":\"https:\/\/www.golosinaspormayor.com\/ventaonline\/\",\"name\":\"Golosinas por Mayor\",\"description\":\"Venta online de golosinas por mayor\",\"publisher\":{\"@id\":\"https:\/\/www.golosinaspormayor.com\/ventaonline\/#organization\"},\"potentialAction\":[{\"@type\":\"SearchAction\",\"target\":{\"@type\":\"EntryPoint\",\"urlTemplate\":\"https:\/\/www.golosinaspormayor.com\/ventaonline\/?s={search_term_string}\"},\"query-input\":{\"@type\":\"PropertyValueSpecification\",\"valueRequired\":true,\"valueName\":\"search_term_string\"}}],\"inLanguage\":\"es\"},{\"@type\":\"Organization\",\"@id\":\"https:\/\/www.golosinaspormayor.com\/ventaonline\/#organization\",\"name\":\"Golosinas por Mayor\",\"url\":\"https:\/\/www.golosinaspormayor.com\/ventaonline\/\",\"logo\":{\"@type\":\"ImageObject\",\"inLanguage\":\"es\",\"@id\":\"https:\/\/www.golosinaspormayor.com\/ventaonline\/#\/schema\/logo\/image\/\",\"url\":\"https:\/\/www.golosinaspormayor.com\/ventaonline\/wp-content\/uploads\/Copia-de-pop-logo-png.png\",\"contentUrl\":\"https:\/\/www.golosinaspormayor.com\/ventaonline\/wp-content\/uploads\/Copia-de-pop-logo-png.png\",\"width\":150,\"height\":46,\"caption\":\"Golosinas por Mayor\"},\"image\":{\"@id\":\"https:\/\/www.golosinaspormayor.com\/ventaonline\/#\/schema\/logo\/image\/\"}}]}<\/script>\n<!-- \/ Yoast SEO plugin. -->","yoast_head_json":{"title":"PA\u00d1UELOS DESCARTABLES CARILINA ELITE EXHIBIDORA X 27U -","description":"Venta mayorista de Pa\u00f1uelos descartables carilina elite con su caja exhibidora. \u00a1Haznos tu pedido online! tenemos el mejor precio y una entrega dentro de las pr\u00f3ximas 48 horas.","robots":{"index":"index","follow":"follow","max-snippet":"max-snippet:-1","max-image-preview":"max-image-preview:large","max-video-preview":"max-video-preview:-1"},"canonical":"https:\/\/www.golosinaspormayor.com\/ventaonline\/tienda\/perfumeria\/panuelos-descartables-carilina-elite-exhibidora\/","og_locale":"es_ES","og_type":"article","og_title":"PA\u00d1UELOS DESCARTABLES CARILINA ELITE EXHIBIDORA X 27U -","og_description":"Venta mayorista de Pa\u00f1uelos descartables carilina elite con su caja exhibidora. \u00a1Haznos tu pedido online! tenemos el mejor precio y una entrega dentro de las pr\u00f3ximas 48 horas.","og_url":"https:\/\/www.golosinaspormayor.com\/ventaonline\/tienda\/perfumeria\/panuelos-descartables-carilina-elite-exhibidora\/","og_site_name":"Golosinas por Mayor","article_modified_time":"2018-08-03T14:18:11+00:00","og_image":[{"width":355,"height":285,"url":"https:\/\/www.golosinaspormayor.com\/ventaonline\/wp-content\/uploads\/panuelo-descartable-carilina-elite-exhibidora-producto.jpg","type":"image\/jpeg"}],"twitter_misc":{"Tiempo de lectura":"1 minuto"},"schema":{"@context":"https:\/\/schema.org","@graph":[{"@type":"WebPage","@id":"https:\/\/www.golosinaspormayor.com\/ventaonline\/tienda\/perfumeria\/panuelos-descartables-carilina-elite-exhibidora\/","url":"https:\/\/www.golosinaspormayor.com\/ventaonline\/tienda\/perfumeria\/panuelos-descartables-carilina-elite-exhibidora\/","name":"PA\u00d1UELOS DESCARTABLES CARILINA ELITE EXHIBIDORA X 27U -","isPartOf":{"@id":"https:\/\/www.golosinaspormayor.com\/ventaonline\/#website"},"primaryImageOfPage":{"@id":"https:\/\/www.golosinaspormayor.com\/ventaonline\/tienda\/perfumeria\/panuelos-descartables-carilina-elite-exhibidora\/#primaryimage"},"image":{"@id":"https:\/\/www.golosinaspormayor.com\/ventaonline\/tienda\/perfumeria\/panuelos-descartables-carilina-elite-exhibidora\/#primaryimage"},"thumbnailUrl":"https:\/\/www.golosinaspormayor.com\/ventaonline\/wp-content\/uploads\/panuelo-descartable-carilina-elite-exhibidora-producto.jpg","datePublished":"2013-09-18T16:52:43+00:00","dateModified":"2018-08-03T14:18:11+00:00","description":"Venta mayorista de Pa\u00f1uelos descartables carilina elite con su caja exhibidora. \u00a1Haznos tu pedido online! tenemos el mejor precio y una entrega dentro de las pr\u00f3ximas 48 horas.","breadcrumb":{"@id":"https:\/\/www.golosinaspormayor.com\/ventaonline\/tienda\/perfumeria\/panuelos-descartables-carilina-elite-exhibidora\/#breadcrumb"},"inLanguage":"es","potentialAction":[{"@type":"ReadAction","target":["https:\/\/www.golosinaspormayor.com\/ventaonline\/tienda\/perfumeria\/panuelos-descartables-carilina-elite-exhibidora\/"]}]},{"@type":"ImageObject","inLanguage":"es","@id":"https:\/\/www.golosinaspormayor.com\/ventaonline\/tienda\/perfumeria\/panuelos-descartables-carilina-elite-exhibidora\/#primaryimage","url":"https:\/\/www.golosinaspormayor.com\/ventaonline\/wp-content\/uploads\/panuelo-descartable-carilina-elite-exhibidora-producto.jpg","contentUrl":"https:\/\/www.golosinaspormayor.com\/ventaonline\/wp-content\/uploads\/panuelo-descartable-carilina-elite-exhibidora-producto.jpg","width":355,"height":285,"caption":"panuelo-descartable-carilina-elite-exhibidora-catalogo"},{"@type":"BreadcrumbList","@id":"https:\/\/www.golosinaspormayor.com\/ventaonline\/tienda\/perfumeria\/panuelos-descartables-carilina-elite-exhibidora\/#breadcrumb","itemListElement":[{"@type":"ListItem","position":1,"name":"Tienda","item":"https:\/\/www.golosinaspormayor.com\/ventaonline\/tienda\/"},{"@type":"ListItem","position":2,"name":"PA\u00d1UELOS DESCARTABLES CARILINA ELITE EXHIBIDORA X 27U"}]},{"@type":"WebSite","@id":"https:\/\/www.golosinaspormayor.com\/ventaonline\/#website","url":"https:\/\/www.golosinaspormayor.com\/ventaonline\/","name":"Golosinas por Mayor","description":"Venta online de golosinas por mayor","publisher":{"@id":"https:\/\/www.golosinaspormayor.com\/ventaonline\/#organization"},"potentialAction":[{"@type":"SearchAction","target":{"@type":"EntryPoint","urlTemplate":"https:\/\/www.golosinaspormayor.com\/ventaonline\/?s={search_term_string}"},"query-input":{"@type":"PropertyValueSpecification","valueRequired":true,"valueName":"search_term_string"}}],"inLanguage":"es"},{"@type":"Organization","@id":"https:\/\/www.golosinaspormayor.com\/ventaonline\/#organization","name":"Golosinas por Mayor","url":"https:\/\/www.golosinaspormayor.com\/ventaonline\/","logo":{"@type":"ImageObject","inLanguage":"es","@id":"https:\/\/www.golosinaspormayor.com\/ventaonline\/#\/schema\/logo\/image\/","url":"https:\/\/www.golosinaspormayor.com\/ventaonline\/wp-content\/uploads\/Copia-de-pop-logo-png.png","contentUrl":"https:\/\/www.golosinaspormayor.com\/ventaonline\/wp-content\/uploads\/Copia-de-pop-logo-png.png","width":150,"height":46,"caption":"Golosinas por Mayor"},"image":{"@id":"https:\/\/www.golosinaspormayor.com\/ventaonline\/#\/schema\/logo\/image\/"}}]}},"_links":{"self":[{"href":"https:\/\/www.golosinaspormayor.com\/ventaonline\/wp-json\/wp\/v2\/product\/824","targetHints":{"allow":["GET"]}}],"collection":[{"href":"https:\/\/www.golosinaspormayor.com\/ventaonline\/wp-json\/wp\/v2\/product"}],"about":[{"href":"https:\/\/www.golosinaspormayor.com\/ventaonline\/wp-json\/wp\/v2\/types\/product"}],"replies":[{"embeddable":true,"href":"https:\/\/www.golosinaspormayor.com\/ventaonline\/wp-json\/wp\/v2\/comments?post=824"}],"wp:featuredmedia":[{"embeddable":true,"href":"https:\/\/www.golosinaspormayor.com\/ventaonline\/wp-json\/wp\/v2\/media\/825"}],"wp:attachment":[{"href":"https:\/\/www.golosinaspormayor.com\/ventaonline\/wp-json\/wp\/v2\/media?parent=824"}],"wp:term":[{"taxonomy":"product_brand","embeddable":true,"href":"https:\/\/www.golosinaspormayor.com\/ventaonline\/wp-json\/wp\/v2\/product_brand?post=824"},{"taxonomy":"product_cat","embeddable":true,"href":"https:\/\/www.golosinaspormayor.com\/ventaonline\/wp-json\/wp\/v2\/product_cat?post=824"},{"taxonomy":"product_tag","embeddable":true,"href":"https:\/\/www.golosinaspormayor.com\/ventaonline\/wp-json\/wp\/v2\/product_tag?post=824"}],"curies":[{"name":"wp","href":"https:\/\/api.w.org\/{rel}","templated":true}]}}