{"id":792,"date":"2013-09-17T03:04:07","date_gmt":"2013-09-17T06:04:07","guid":{"rendered":"http:\/\/www.golosinaspormayor.com\/ventaonline\/?post_type=product&#038;p=792"},"modified":"2019-08-13T21:27:07","modified_gmt":"2019-08-14T00:27:07","slug":"acondicionador-sedal-balance-sachet","status":"publish","type":"product","link":"https:\/\/www.golosinaspormayor.com\/ventaonline\/tienda\/perfumeria\/acondicionador-sedal-balance-sachet\/","title":{"rendered":"ACONDICIONADOR SEDAL BALANCE SACHET X 24U"},"content":{"rendered":"<p>El acondicionador Sedal Balance sachet, es un producto concentrado para la belleza del cabello, para dar el brillo, y el balance perfecto que se necesita en el cabello de las personas que saben y que desean cuidar m\u00e1s el pelo.<br \/>\nTodos ya a estas alturas, conocemos la marca Sedal que es una marca para el cuidado, y la higiene del cabello que ya lleva muchos a\u00f1os en el mercado. Y siempre con el mismo \u00e9xito, eso es debido a su calidad, a su perfume, y a su equilibrio en brillo, y sedosidad.<\/p>\n<p>Con el acondicionador Sedal Balance sachet, el cliente tiene la medida justa para ese momento del lavado y belleza y mantenci\u00f3n de su pelo, as\u00ed que es muy importante que lo tengan en el kiosco, ya que tiene una salida incre\u00edble en el mercado. Siempre vender calidad, es lo mejor que sucede en los comercios, sobre todo para los productos que son usados para la belleza del pelo, piel, o el rostro, as\u00ed que este es un producto de confianza, que nadie pone en discusi\u00f3n. P\u00eddelos aqu\u00ed en nuestra tienda online que tenemos el m\u00e1s amplio stock de todos estos productos, al mejor precio mayorista del mercado.<\/p>\n","protected":false},"excerpt":{"rendered":"<p><strong>SEDAL ACONDICIONADOR BALANCE SACHET x 24u B\/6<\/strong><\/p>\n","protected":false},"featured_media":2306,"comment_status":"closed","ping_status":"closed","template":"","meta":{"site-sidebar-layout":"default","site-content-layout":"","ast-site-content-layout":"default","site-content-style":"default","site-sidebar-style":"default","ast-global-header-display":"","ast-banner-title-visibility":"","ast-main-header-display":"","ast-hfb-above-header-display":"","ast-hfb-below-header-display":"","ast-hfb-mobile-header-display":"","site-post-title":"","ast-breadcrumbs-content":"","ast-featured-img":"","footer-sml-layout":"","ast-disable-related-posts":"","theme-transparent-header-meta":"","adv-header-id-meta":"","stick-header-meta":"","header-above-stick-meta":"","header-main-stick-meta":"","header-below-stick-meta":"","astra-migrate-meta-layouts":"default","ast-page-background-enabled":"default","ast-page-background-meta":{"desktop":{"background-color":"","background-image":"","background-repeat":"repeat","background-position":"center center","background-size":"auto","background-attachment":"scroll","background-type":"","background-media":"","overlay-type":"","overlay-color":"","overlay-opacity":"","overlay-gradient":""},"tablet":{"background-color":"","background-image":"","background-repeat":"repeat","background-position":"center center","background-size":"auto","background-attachment":"scroll","background-type":"","background-media":"","overlay-type":"","overlay-color":"","overlay-opacity":"","overlay-gradient":""},"mobile":{"background-color":"","background-image":"","background-repeat":"repeat","background-position":"center center","background-size":"auto","background-attachment":"scroll","background-type":"","background-media":"","overlay-type":"","overlay-color":"","overlay-opacity":"","overlay-gradient":""}},"ast-content-background-meta":{"desktop":{"background-color":"var(--ast-global-color-5)","background-image":"","background-repeat":"repeat","background-position":"center center","background-size":"auto","background-attachment":"scroll","background-type":"","background-media":"","overlay-type":"","overlay-color":"","overlay-opacity":"","overlay-gradient":""},"tablet":{"background-color":"var(--ast-global-color-5)","background-image":"","background-repeat":"repeat","background-position":"center center","background-size":"auto","background-attachment":"scroll","background-type":"","background-media":"","overlay-type":"","overlay-color":"","overlay-opacity":"","overlay-gradient":""},"mobile":{"background-color":"var(--ast-global-color-5)","background-image":"","background-repeat":"repeat","background-position":"center center","background-size":"auto","background-attachment":"scroll","background-type":"","background-media":"","overlay-type":"","overlay-color":"","overlay-opacity":"","overlay-gradient":""}},"_joinchat":[]},"product_brand":[],"product_cat":[220],"product_tag":[507,20,509,530],"class_list":{"0":"post-792","1":"product","2":"type-product","3":"status-publish","4":"has-post-thumbnail","6":"product_cat-perfumeria","7":"product_tag-acondicionador","8":"product_tag-mayorista","9":"product_tag-sachet","10":"product_tag-sedal-balance","11":"desktop-align-left","12":"tablet-align-left","13":"mobile-align-left","14":"ast-product-gallery-layout-vertical","15":"ast-product-gallery-with-no-image","16":"ast-product-tabs-layout-vertical","18":"first","19":"outofstock","20":"shipping-taxable","21":"purchasable","22":"product-type-simple"},"yoast_head":"<!-- This site is optimized with the Yoast SEO plugin v27.2 - https:\/\/yoast.com\/product\/yoast-seo-wordpress\/ -->\n<title>ACONDICIONADOR SEDAL BALANCE SACHET X 24U -<\/title>\n<meta name=\"description\" content=\"El acondicionador Sedal Balance sachet es una soluci\u00f3n r\u00e1pida cuando los clientes est\u00e1n apurados y de paso, por eso debes tenerlo en tu kiosco. Haznos tu pedido en nuestra tienda online.\" \/>\n<meta name=\"robots\" content=\"index, follow, max-snippet:-1, max-image-preview:large, max-video-preview:-1\" \/>\n<link rel=\"canonical\" href=\"https:\/\/www.golosinaspormayor.com\/ventaonline\/tienda\/perfumeria\/acondicionador-sedal-balance-sachet\/\" \/>\n<meta property=\"og:locale\" content=\"es_ES\" \/>\n<meta property=\"og:type\" content=\"article\" \/>\n<meta property=\"og:title\" content=\"ACONDICIONADOR SEDAL BALANCE SACHET X 24U -\" \/>\n<meta property=\"og:description\" content=\"El acondicionador Sedal Balance sachet es una soluci\u00f3n r\u00e1pida cuando los clientes est\u00e1n apurados y de paso, por eso debes tenerlo en tu kiosco. Haznos tu pedido en nuestra tienda online.\" \/>\n<meta property=\"og:url\" content=\"https:\/\/www.golosinaspormayor.com\/ventaonline\/tienda\/perfumeria\/acondicionador-sedal-balance-sachet\/\" \/>\n<meta property=\"og:site_name\" content=\"Golosinas por Mayor\" \/>\n<meta property=\"article:modified_time\" content=\"2019-08-14T00:27:07+00:00\" \/>\n<meta property=\"og:image\" content=\"https:\/\/www.golosinaspormayor.com\/ventaonline\/wp-content\/uploads\/shampoo-sedal-balance-sachet-mayorista.jpg\" \/>\n\t<meta property=\"og:image:width\" content=\"500\" \/>\n\t<meta property=\"og:image:height\" content=\"500\" \/>\n\t<meta property=\"og:image:type\" content=\"image\/jpeg\" \/>\n<meta name=\"twitter:label1\" content=\"Tiempo de lectura\" \/>\n\t<meta name=\"twitter:data1\" content=\"1 minuto\" \/>\n<script type=\"application\/ld+json\" class=\"yoast-schema-graph\">{\"@context\":\"https:\/\/schema.org\",\"@graph\":[{\"@type\":\"WebPage\",\"@id\":\"https:\/\/www.golosinaspormayor.com\/ventaonline\/tienda\/perfumeria\/acondicionador-sedal-balance-sachet\/\",\"url\":\"https:\/\/www.golosinaspormayor.com\/ventaonline\/tienda\/perfumeria\/acondicionador-sedal-balance-sachet\/\",\"name\":\"ACONDICIONADOR SEDAL BALANCE SACHET X 24U -\",\"isPartOf\":{\"@id\":\"https:\/\/www.golosinaspormayor.com\/ventaonline\/#website\"},\"primaryImageOfPage\":{\"@id\":\"https:\/\/www.golosinaspormayor.com\/ventaonline\/tienda\/perfumeria\/acondicionador-sedal-balance-sachet\/#primaryimage\"},\"image\":{\"@id\":\"https:\/\/www.golosinaspormayor.com\/ventaonline\/tienda\/perfumeria\/acondicionador-sedal-balance-sachet\/#primaryimage\"},\"thumbnailUrl\":\"https:\/\/www.golosinaspormayor.com\/ventaonline\/wp-content\/uploads\/shampoo-sedal-balance-sachet-mayorista.jpg\",\"datePublished\":\"2013-09-17T06:04:07+00:00\",\"dateModified\":\"2019-08-14T00:27:07+00:00\",\"description\":\"El acondicionador Sedal Balance sachet es una soluci\u00f3n r\u00e1pida cuando los clientes est\u00e1n apurados y de paso, por eso debes tenerlo en tu kiosco. Haznos tu pedido en nuestra tienda online.\",\"breadcrumb\":{\"@id\":\"https:\/\/www.golosinaspormayor.com\/ventaonline\/tienda\/perfumeria\/acondicionador-sedal-balance-sachet\/#breadcrumb\"},\"inLanguage\":\"es\",\"potentialAction\":[{\"@type\":\"ReadAction\",\"target\":[\"https:\/\/www.golosinaspormayor.com\/ventaonline\/tienda\/perfumeria\/acondicionador-sedal-balance-sachet\/\"]}]},{\"@type\":\"ImageObject\",\"inLanguage\":\"es\",\"@id\":\"https:\/\/www.golosinaspormayor.com\/ventaonline\/tienda\/perfumeria\/acondicionador-sedal-balance-sachet\/#primaryimage\",\"url\":\"https:\/\/www.golosinaspormayor.com\/ventaonline\/wp-content\/uploads\/shampoo-sedal-balance-sachet-mayorista.jpg\",\"contentUrl\":\"https:\/\/www.golosinaspormayor.com\/ventaonline\/wp-content\/uploads\/shampoo-sedal-balance-sachet-mayorista.jpg\",\"width\":500,\"height\":500,\"caption\":\"shampoo-sedal-balance-sachet-venta\"},{\"@type\":\"BreadcrumbList\",\"@id\":\"https:\/\/www.golosinaspormayor.com\/ventaonline\/tienda\/perfumeria\/acondicionador-sedal-balance-sachet\/#breadcrumb\",\"itemListElement\":[{\"@type\":\"ListItem\",\"position\":1,\"name\":\"Tienda\",\"item\":\"https:\/\/www.golosinaspormayor.com\/ventaonline\/tienda\/\"},{\"@type\":\"ListItem\",\"position\":2,\"name\":\"ACONDICIONADOR SEDAL BALANCE SACHET X 24U\"}]},{\"@type\":\"WebSite\",\"@id\":\"https:\/\/www.golosinaspormayor.com\/ventaonline\/#website\",\"url\":\"https:\/\/www.golosinaspormayor.com\/ventaonline\/\",\"name\":\"Golosinas por Mayor\",\"description\":\"Venta online de golosinas por mayor\",\"publisher\":{\"@id\":\"https:\/\/www.golosinaspormayor.com\/ventaonline\/#organization\"},\"potentialAction\":[{\"@type\":\"SearchAction\",\"target\":{\"@type\":\"EntryPoint\",\"urlTemplate\":\"https:\/\/www.golosinaspormayor.com\/ventaonline\/?s={search_term_string}\"},\"query-input\":{\"@type\":\"PropertyValueSpecification\",\"valueRequired\":true,\"valueName\":\"search_term_string\"}}],\"inLanguage\":\"es\"},{\"@type\":\"Organization\",\"@id\":\"https:\/\/www.golosinaspormayor.com\/ventaonline\/#organization\",\"name\":\"Golosinas por Mayor\",\"url\":\"https:\/\/www.golosinaspormayor.com\/ventaonline\/\",\"logo\":{\"@type\":\"ImageObject\",\"inLanguage\":\"es\",\"@id\":\"https:\/\/www.golosinaspormayor.com\/ventaonline\/#\/schema\/logo\/image\/\",\"url\":\"https:\/\/www.golosinaspormayor.com\/ventaonline\/wp-content\/uploads\/Copia-de-pop-logo-png.png\",\"contentUrl\":\"https:\/\/www.golosinaspormayor.com\/ventaonline\/wp-content\/uploads\/Copia-de-pop-logo-png.png\",\"width\":150,\"height\":46,\"caption\":\"Golosinas por Mayor\"},\"image\":{\"@id\":\"https:\/\/www.golosinaspormayor.com\/ventaonline\/#\/schema\/logo\/image\/\"}}]}<\/script>\n<!-- \/ Yoast SEO plugin. -->","yoast_head_json":{"title":"ACONDICIONADOR SEDAL BALANCE SACHET X 24U -","description":"El acondicionador Sedal Balance sachet es una soluci\u00f3n r\u00e1pida cuando los clientes est\u00e1n apurados y de paso, por eso debes tenerlo en tu kiosco. Haznos tu pedido en nuestra tienda online.","robots":{"index":"index","follow":"follow","max-snippet":"max-snippet:-1","max-image-preview":"max-image-preview:large","max-video-preview":"max-video-preview:-1"},"canonical":"https:\/\/www.golosinaspormayor.com\/ventaonline\/tienda\/perfumeria\/acondicionador-sedal-balance-sachet\/","og_locale":"es_ES","og_type":"article","og_title":"ACONDICIONADOR SEDAL BALANCE SACHET X 24U -","og_description":"El acondicionador Sedal Balance sachet es una soluci\u00f3n r\u00e1pida cuando los clientes est\u00e1n apurados y de paso, por eso debes tenerlo en tu kiosco. Haznos tu pedido en nuestra tienda online.","og_url":"https:\/\/www.golosinaspormayor.com\/ventaonline\/tienda\/perfumeria\/acondicionador-sedal-balance-sachet\/","og_site_name":"Golosinas por Mayor","article_modified_time":"2019-08-14T00:27:07+00:00","og_image":[{"width":500,"height":500,"url":"https:\/\/www.golosinaspormayor.com\/ventaonline\/wp-content\/uploads\/shampoo-sedal-balance-sachet-mayorista.jpg","type":"image\/jpeg"}],"twitter_misc":{"Tiempo de lectura":"1 minuto"},"schema":{"@context":"https:\/\/schema.org","@graph":[{"@type":"WebPage","@id":"https:\/\/www.golosinaspormayor.com\/ventaonline\/tienda\/perfumeria\/acondicionador-sedal-balance-sachet\/","url":"https:\/\/www.golosinaspormayor.com\/ventaonline\/tienda\/perfumeria\/acondicionador-sedal-balance-sachet\/","name":"ACONDICIONADOR SEDAL BALANCE SACHET X 24U -","isPartOf":{"@id":"https:\/\/www.golosinaspormayor.com\/ventaonline\/#website"},"primaryImageOfPage":{"@id":"https:\/\/www.golosinaspormayor.com\/ventaonline\/tienda\/perfumeria\/acondicionador-sedal-balance-sachet\/#primaryimage"},"image":{"@id":"https:\/\/www.golosinaspormayor.com\/ventaonline\/tienda\/perfumeria\/acondicionador-sedal-balance-sachet\/#primaryimage"},"thumbnailUrl":"https:\/\/www.golosinaspormayor.com\/ventaonline\/wp-content\/uploads\/shampoo-sedal-balance-sachet-mayorista.jpg","datePublished":"2013-09-17T06:04:07+00:00","dateModified":"2019-08-14T00:27:07+00:00","description":"El acondicionador Sedal Balance sachet es una soluci\u00f3n r\u00e1pida cuando los clientes est\u00e1n apurados y de paso, por eso debes tenerlo en tu kiosco. Haznos tu pedido en nuestra tienda online.","breadcrumb":{"@id":"https:\/\/www.golosinaspormayor.com\/ventaonline\/tienda\/perfumeria\/acondicionador-sedal-balance-sachet\/#breadcrumb"},"inLanguage":"es","potentialAction":[{"@type":"ReadAction","target":["https:\/\/www.golosinaspormayor.com\/ventaonline\/tienda\/perfumeria\/acondicionador-sedal-balance-sachet\/"]}]},{"@type":"ImageObject","inLanguage":"es","@id":"https:\/\/www.golosinaspormayor.com\/ventaonline\/tienda\/perfumeria\/acondicionador-sedal-balance-sachet\/#primaryimage","url":"https:\/\/www.golosinaspormayor.com\/ventaonline\/wp-content\/uploads\/shampoo-sedal-balance-sachet-mayorista.jpg","contentUrl":"https:\/\/www.golosinaspormayor.com\/ventaonline\/wp-content\/uploads\/shampoo-sedal-balance-sachet-mayorista.jpg","width":500,"height":500,"caption":"shampoo-sedal-balance-sachet-venta"},{"@type":"BreadcrumbList","@id":"https:\/\/www.golosinaspormayor.com\/ventaonline\/tienda\/perfumeria\/acondicionador-sedal-balance-sachet\/#breadcrumb","itemListElement":[{"@type":"ListItem","position":1,"name":"Tienda","item":"https:\/\/www.golosinaspormayor.com\/ventaonline\/tienda\/"},{"@type":"ListItem","position":2,"name":"ACONDICIONADOR SEDAL BALANCE SACHET X 24U"}]},{"@type":"WebSite","@id":"https:\/\/www.golosinaspormayor.com\/ventaonline\/#website","url":"https:\/\/www.golosinaspormayor.com\/ventaonline\/","name":"Golosinas por Mayor","description":"Venta online de golosinas por mayor","publisher":{"@id":"https:\/\/www.golosinaspormayor.com\/ventaonline\/#organization"},"potentialAction":[{"@type":"SearchAction","target":{"@type":"EntryPoint","urlTemplate":"https:\/\/www.golosinaspormayor.com\/ventaonline\/?s={search_term_string}"},"query-input":{"@type":"PropertyValueSpecification","valueRequired":true,"valueName":"search_term_string"}}],"inLanguage":"es"},{"@type":"Organization","@id":"https:\/\/www.golosinaspormayor.com\/ventaonline\/#organization","name":"Golosinas por Mayor","url":"https:\/\/www.golosinaspormayor.com\/ventaonline\/","logo":{"@type":"ImageObject","inLanguage":"es","@id":"https:\/\/www.golosinaspormayor.com\/ventaonline\/#\/schema\/logo\/image\/","url":"https:\/\/www.golosinaspormayor.com\/ventaonline\/wp-content\/uploads\/Copia-de-pop-logo-png.png","contentUrl":"https:\/\/www.golosinaspormayor.com\/ventaonline\/wp-content\/uploads\/Copia-de-pop-logo-png.png","width":150,"height":46,"caption":"Golosinas por Mayor"},"image":{"@id":"https:\/\/www.golosinaspormayor.com\/ventaonline\/#\/schema\/logo\/image\/"}}]}},"_links":{"self":[{"href":"https:\/\/www.golosinaspormayor.com\/ventaonline\/wp-json\/wp\/v2\/product\/792","targetHints":{"allow":["GET"]}}],"collection":[{"href":"https:\/\/www.golosinaspormayor.com\/ventaonline\/wp-json\/wp\/v2\/product"}],"about":[{"href":"https:\/\/www.golosinaspormayor.com\/ventaonline\/wp-json\/wp\/v2\/types\/product"}],"replies":[{"embeddable":true,"href":"https:\/\/www.golosinaspormayor.com\/ventaonline\/wp-json\/wp\/v2\/comments?post=792"}],"wp:featuredmedia":[{"embeddable":true,"href":"https:\/\/www.golosinaspormayor.com\/ventaonline\/wp-json\/wp\/v2\/media\/2306"}],"wp:attachment":[{"href":"https:\/\/www.golosinaspormayor.com\/ventaonline\/wp-json\/wp\/v2\/media?parent=792"}],"wp:term":[{"taxonomy":"product_brand","embeddable":true,"href":"https:\/\/www.golosinaspormayor.com\/ventaonline\/wp-json\/wp\/v2\/product_brand?post=792"},{"taxonomy":"product_cat","embeddable":true,"href":"https:\/\/www.golosinaspormayor.com\/ventaonline\/wp-json\/wp\/v2\/product_cat?post=792"},{"taxonomy":"product_tag","embeddable":true,"href":"https:\/\/www.golosinaspormayor.com\/ventaonline\/wp-json\/wp\/v2\/product_tag?post=792"}],"curies":[{"name":"wp","href":"https:\/\/api.w.org\/{rel}","templated":true}]}}