{"id":783,"date":"2013-09-16T23:54:43","date_gmt":"2013-09-17T02:54:43","guid":{"rendered":"http:\/\/www.golosinaspormayor.com\/ventaonline\/?post_type=product&#038;p=783"},"modified":"2018-08-03T11:19:04","modified_gmt":"2018-08-03T14:19:04","slug":"cargador-de-pilas-sc4-2-pilas-aa","status":"publish","type":"product","link":"https:\/\/www.golosinaspormayor.com\/ventaonline\/tienda\/pilas\/cargador-de-pilas-sc4-2-pilas-aa\/","title":{"rendered":"CARGADOR DE PILAS KODAK SC4 + 2 PILAS AA"},"content":{"rendered":"<p>El cargador de pilas Kodak Sc4 + 2 pilas AA, son los aparatos para recargas m\u00e1s vendidos en el presente, porque son muchos los que quieren adem\u00e1s de ahorrar unos cuantos pesos, cuidar el medio ambiente; adem\u00e1s de la comodidad de tener las pilas nuevas en el momento que sea. Contamos en nuestra tienda con elementos como \u00e9ste, el cargador de pilas Kodak Sc4 + 2 pilas AA, y lo tenemos a un precio inigualable, por ello te aconsejamos que lo adquieras aqu\u00ed y ahora, para que cuando los clientes lo pidan, no tengas que perder la venta, sino que lo entregues a buen precio y obtengas as\u00ed la ganancia.<\/p>\n<p>Existen en el mercado, varias marcas de cargadores de pilas AA, AAA, u otras presentaciones, pero la marca Kodak, que es l\u00edder en productos de tecnolog\u00eda, no hay muchos drugstores que los tienen, aqu\u00ed te damos la oportunidad que lo puedas tener entre tu stock al mejor precio del mercado mayorista. Este producto, (el cargador de pilas Kodak + 2 pilas AA), es m\u00e1s sencillo encontrarlo en casas de fotograf\u00edas, en casas de elementos de computaci\u00f3n y tecnol\u00f3gicos, o en grandes mercados, pero es el momento de pasar al frente en las ventas, y tenerlos en tu comercio.<\/p>\n","protected":false},"excerpt":{"rendered":"<p><strong>KODAK CARGADOR SC4 + 2 PILAS AA<\/strong><\/p>\n","protected":false},"featured_media":784,"comment_status":"closed","ping_status":"closed","template":"","meta":{"site-sidebar-layout":"default","site-content-layout":"","ast-site-content-layout":"default","site-content-style":"default","site-sidebar-style":"default","ast-global-header-display":"","ast-banner-title-visibility":"","ast-main-header-display":"","ast-hfb-above-header-display":"","ast-hfb-below-header-display":"","ast-hfb-mobile-header-display":"","site-post-title":"","ast-breadcrumbs-content":"","ast-featured-img":"","footer-sml-layout":"","ast-disable-related-posts":"","theme-transparent-header-meta":"","adv-header-id-meta":"","stick-header-meta":"","header-above-stick-meta":"","header-main-stick-meta":"","header-below-stick-meta":"","astra-migrate-meta-layouts":"default","ast-page-background-enabled":"default","ast-page-background-meta":{"desktop":{"background-color":"","background-image":"","background-repeat":"repeat","background-position":"center center","background-size":"auto","background-attachment":"scroll","background-type":"","background-media":"","overlay-type":"","overlay-color":"","overlay-opacity":"","overlay-gradient":""},"tablet":{"background-color":"","background-image":"","background-repeat":"repeat","background-position":"center center","background-size":"auto","background-attachment":"scroll","background-type":"","background-media":"","overlay-type":"","overlay-color":"","overlay-opacity":"","overlay-gradient":""},"mobile":{"background-color":"","background-image":"","background-repeat":"repeat","background-position":"center center","background-size":"auto","background-attachment":"scroll","background-type":"","background-media":"","overlay-type":"","overlay-color":"","overlay-opacity":"","overlay-gradient":""}},"ast-content-background-meta":{"desktop":{"background-color":"var(--ast-global-color-5)","background-image":"","background-repeat":"repeat","background-position":"center center","background-size":"auto","background-attachment":"scroll","background-type":"","background-media":"","overlay-type":"","overlay-color":"","overlay-opacity":"","overlay-gradient":""},"tablet":{"background-color":"var(--ast-global-color-5)","background-image":"","background-repeat":"repeat","background-position":"center center","background-size":"auto","background-attachment":"scroll","background-type":"","background-media":"","overlay-type":"","overlay-color":"","overlay-opacity":"","overlay-gradient":""},"mobile":{"background-color":"var(--ast-global-color-5)","background-image":"","background-repeat":"repeat","background-position":"center center","background-size":"auto","background-attachment":"scroll","background-type":"","background-media":"","overlay-type":"","overlay-color":"","overlay-opacity":"","overlay-gradient":""}},"_joinchat":[]},"product_brand":[],"product_cat":[23],"product_tag":[515,69,524,20],"class_list":{"0":"post-783","1":"product","2":"type-product","3":"status-publish","4":"has-post-thumbnail","6":"product_cat-pilas","7":"product_tag-baterias","8":"product_tag-cargador","9":"product_tag-kodak-sc4","10":"product_tag-mayorista","11":"desktop-align-left","12":"tablet-align-left","13":"mobile-align-left","14":"ast-product-gallery-layout-vertical","15":"ast-product-gallery-with-no-image","16":"ast-product-tabs-layout-vertical","18":"first","19":"outofstock","20":"shipping-taxable","21":"purchasable","22":"product-type-simple"},"yoast_head":"<!-- This site is optimized with the Yoast SEO plugin v27.2 - https:\/\/yoast.com\/product\/yoast-seo-wordpress\/ -->\n<title>CARGADOR DE PILAS SC4 + 2 PILAS AA<\/title>\n<meta name=\"description\" content=\"El cargador de pilas Sc4 + 2 pilas AA es una opci\u00f3n conveniente para economizar en pilas para c\u00e1maras fotogr\u00e1ficas. No dudes en incluirlo a tu stock. Haznos tu pedido en nuestra tienda online.\" \/>\n<meta name=\"robots\" content=\"index, follow, max-snippet:-1, max-image-preview:large, max-video-preview:-1\" \/>\n<link rel=\"canonical\" href=\"https:\/\/www.golosinaspormayor.com\/ventaonline\/tienda\/pilas\/cargador-de-pilas-sc4-2-pilas-aa\/\" \/>\n<meta property=\"og:locale\" content=\"es_ES\" \/>\n<meta property=\"og:type\" content=\"article\" \/>\n<meta property=\"og:title\" content=\"CARGADOR DE PILAS SC4 + 2 PILAS AA\" \/>\n<meta property=\"og:description\" content=\"El cargador de pilas Sc4 + 2 pilas AA es una opci\u00f3n conveniente para economizar en pilas para c\u00e1maras fotogr\u00e1ficas. No dudes en incluirlo a tu stock. Haznos tu pedido en nuestra tienda online.\" \/>\n<meta property=\"og:url\" content=\"https:\/\/www.golosinaspormayor.com\/ventaonline\/tienda\/pilas\/cargador-de-pilas-sc4-2-pilas-aa\/\" \/>\n<meta property=\"og:site_name\" content=\"Golosinas por Mayor\" \/>\n<meta property=\"article:modified_time\" content=\"2018-08-03T14:19:04+00:00\" \/>\n<meta property=\"og:image\" content=\"https:\/\/www.golosinaspormayor.com\/ventaonline\/wp-content\/uploads\/cargador-de-pilas-kodak-sc4-2-pilas-aa-venta.jpg\" \/>\n\t<meta property=\"og:image:width\" content=\"300\" \/>\n\t<meta property=\"og:image:height\" content=\"300\" \/>\n\t<meta property=\"og:image:type\" content=\"image\/jpeg\" \/>\n<meta name=\"twitter:label1\" content=\"Tiempo de lectura\" \/>\n\t<meta name=\"twitter:data1\" content=\"1 minuto\" \/>\n<script type=\"application\/ld+json\" class=\"yoast-schema-graph\">{\"@context\":\"https:\/\/schema.org\",\"@graph\":[{\"@type\":\"WebPage\",\"@id\":\"https:\/\/www.golosinaspormayor.com\/ventaonline\/tienda\/pilas\/cargador-de-pilas-sc4-2-pilas-aa\/\",\"url\":\"https:\/\/www.golosinaspormayor.com\/ventaonline\/tienda\/pilas\/cargador-de-pilas-sc4-2-pilas-aa\/\",\"name\":\"CARGADOR DE PILAS SC4 + 2 PILAS AA\",\"isPartOf\":{\"@id\":\"https:\/\/www.golosinaspormayor.com\/ventaonline\/#website\"},\"primaryImageOfPage\":{\"@id\":\"https:\/\/www.golosinaspormayor.com\/ventaonline\/tienda\/pilas\/cargador-de-pilas-sc4-2-pilas-aa\/#primaryimage\"},\"image\":{\"@id\":\"https:\/\/www.golosinaspormayor.com\/ventaonline\/tienda\/pilas\/cargador-de-pilas-sc4-2-pilas-aa\/#primaryimage\"},\"thumbnailUrl\":\"https:\/\/www.golosinaspormayor.com\/ventaonline\/wp-content\/uploads\/cargador-de-pilas-kodak-sc4-2-pilas-aa-venta.jpg\",\"datePublished\":\"2013-09-17T02:54:43+00:00\",\"dateModified\":\"2018-08-03T14:19:04+00:00\",\"description\":\"El cargador de pilas Sc4 + 2 pilas AA es una opci\u00f3n conveniente para economizar en pilas para c\u00e1maras fotogr\u00e1ficas. No dudes en incluirlo a tu stock. Haznos tu pedido en nuestra tienda online.\",\"breadcrumb\":{\"@id\":\"https:\/\/www.golosinaspormayor.com\/ventaonline\/tienda\/pilas\/cargador-de-pilas-sc4-2-pilas-aa\/#breadcrumb\"},\"inLanguage\":\"es\",\"potentialAction\":[{\"@type\":\"ReadAction\",\"target\":[\"https:\/\/www.golosinaspormayor.com\/ventaonline\/tienda\/pilas\/cargador-de-pilas-sc4-2-pilas-aa\/\"]}]},{\"@type\":\"ImageObject\",\"inLanguage\":\"es\",\"@id\":\"https:\/\/www.golosinaspormayor.com\/ventaonline\/tienda\/pilas\/cargador-de-pilas-sc4-2-pilas-aa\/#primaryimage\",\"url\":\"https:\/\/www.golosinaspormayor.com\/ventaonline\/wp-content\/uploads\/cargador-de-pilas-kodak-sc4-2-pilas-aa-venta.jpg\",\"contentUrl\":\"https:\/\/www.golosinaspormayor.com\/ventaonline\/wp-content\/uploads\/cargador-de-pilas-kodak-sc4-2-pilas-aa-venta.jpg\",\"width\":300,\"height\":300,\"caption\":\"cargador-de-pilas-kodak-sc4-2-pilas-aa-mayorista\"},{\"@type\":\"BreadcrumbList\",\"@id\":\"https:\/\/www.golosinaspormayor.com\/ventaonline\/tienda\/pilas\/cargador-de-pilas-sc4-2-pilas-aa\/#breadcrumb\",\"itemListElement\":[{\"@type\":\"ListItem\",\"position\":1,\"name\":\"Tienda\",\"item\":\"https:\/\/www.golosinaspormayor.com\/ventaonline\/tienda\/\"},{\"@type\":\"ListItem\",\"position\":2,\"name\":\"CARGADOR DE PILAS KODAK SC4 + 2 PILAS AA\"}]},{\"@type\":\"WebSite\",\"@id\":\"https:\/\/www.golosinaspormayor.com\/ventaonline\/#website\",\"url\":\"https:\/\/www.golosinaspormayor.com\/ventaonline\/\",\"name\":\"Golosinas por Mayor\",\"description\":\"Venta online de golosinas por mayor\",\"publisher\":{\"@id\":\"https:\/\/www.golosinaspormayor.com\/ventaonline\/#organization\"},\"potentialAction\":[{\"@type\":\"SearchAction\",\"target\":{\"@type\":\"EntryPoint\",\"urlTemplate\":\"https:\/\/www.golosinaspormayor.com\/ventaonline\/?s={search_term_string}\"},\"query-input\":{\"@type\":\"PropertyValueSpecification\",\"valueRequired\":true,\"valueName\":\"search_term_string\"}}],\"inLanguage\":\"es\"},{\"@type\":\"Organization\",\"@id\":\"https:\/\/www.golosinaspormayor.com\/ventaonline\/#organization\",\"name\":\"Golosinas por Mayor\",\"url\":\"https:\/\/www.golosinaspormayor.com\/ventaonline\/\",\"logo\":{\"@type\":\"ImageObject\",\"inLanguage\":\"es\",\"@id\":\"https:\/\/www.golosinaspormayor.com\/ventaonline\/#\/schema\/logo\/image\/\",\"url\":\"https:\/\/www.golosinaspormayor.com\/ventaonline\/wp-content\/uploads\/Copia-de-pop-logo-png.png\",\"contentUrl\":\"https:\/\/www.golosinaspormayor.com\/ventaonline\/wp-content\/uploads\/Copia-de-pop-logo-png.png\",\"width\":150,\"height\":46,\"caption\":\"Golosinas por Mayor\"},\"image\":{\"@id\":\"https:\/\/www.golosinaspormayor.com\/ventaonline\/#\/schema\/logo\/image\/\"}}]}<\/script>\n<!-- \/ Yoast SEO plugin. -->","yoast_head_json":{"title":"CARGADOR DE PILAS SC4 + 2 PILAS AA","description":"El cargador de pilas Sc4 + 2 pilas AA es una opci\u00f3n conveniente para economizar en pilas para c\u00e1maras fotogr\u00e1ficas. No dudes en incluirlo a tu stock. Haznos tu pedido en nuestra tienda online.","robots":{"index":"index","follow":"follow","max-snippet":"max-snippet:-1","max-image-preview":"max-image-preview:large","max-video-preview":"max-video-preview:-1"},"canonical":"https:\/\/www.golosinaspormayor.com\/ventaonline\/tienda\/pilas\/cargador-de-pilas-sc4-2-pilas-aa\/","og_locale":"es_ES","og_type":"article","og_title":"CARGADOR DE PILAS SC4 + 2 PILAS AA","og_description":"El cargador de pilas Sc4 + 2 pilas AA es una opci\u00f3n conveniente para economizar en pilas para c\u00e1maras fotogr\u00e1ficas. No dudes en incluirlo a tu stock. Haznos tu pedido en nuestra tienda online.","og_url":"https:\/\/www.golosinaspormayor.com\/ventaonline\/tienda\/pilas\/cargador-de-pilas-sc4-2-pilas-aa\/","og_site_name":"Golosinas por Mayor","article_modified_time":"2018-08-03T14:19:04+00:00","og_image":[{"width":300,"height":300,"url":"https:\/\/www.golosinaspormayor.com\/ventaonline\/wp-content\/uploads\/cargador-de-pilas-kodak-sc4-2-pilas-aa-venta.jpg","type":"image\/jpeg"}],"twitter_misc":{"Tiempo de lectura":"1 minuto"},"schema":{"@context":"https:\/\/schema.org","@graph":[{"@type":"WebPage","@id":"https:\/\/www.golosinaspormayor.com\/ventaonline\/tienda\/pilas\/cargador-de-pilas-sc4-2-pilas-aa\/","url":"https:\/\/www.golosinaspormayor.com\/ventaonline\/tienda\/pilas\/cargador-de-pilas-sc4-2-pilas-aa\/","name":"CARGADOR DE PILAS SC4 + 2 PILAS AA","isPartOf":{"@id":"https:\/\/www.golosinaspormayor.com\/ventaonline\/#website"},"primaryImageOfPage":{"@id":"https:\/\/www.golosinaspormayor.com\/ventaonline\/tienda\/pilas\/cargador-de-pilas-sc4-2-pilas-aa\/#primaryimage"},"image":{"@id":"https:\/\/www.golosinaspormayor.com\/ventaonline\/tienda\/pilas\/cargador-de-pilas-sc4-2-pilas-aa\/#primaryimage"},"thumbnailUrl":"https:\/\/www.golosinaspormayor.com\/ventaonline\/wp-content\/uploads\/cargador-de-pilas-kodak-sc4-2-pilas-aa-venta.jpg","datePublished":"2013-09-17T02:54:43+00:00","dateModified":"2018-08-03T14:19:04+00:00","description":"El cargador de pilas Sc4 + 2 pilas AA es una opci\u00f3n conveniente para economizar en pilas para c\u00e1maras fotogr\u00e1ficas. No dudes en incluirlo a tu stock. Haznos tu pedido en nuestra tienda online.","breadcrumb":{"@id":"https:\/\/www.golosinaspormayor.com\/ventaonline\/tienda\/pilas\/cargador-de-pilas-sc4-2-pilas-aa\/#breadcrumb"},"inLanguage":"es","potentialAction":[{"@type":"ReadAction","target":["https:\/\/www.golosinaspormayor.com\/ventaonline\/tienda\/pilas\/cargador-de-pilas-sc4-2-pilas-aa\/"]}]},{"@type":"ImageObject","inLanguage":"es","@id":"https:\/\/www.golosinaspormayor.com\/ventaonline\/tienda\/pilas\/cargador-de-pilas-sc4-2-pilas-aa\/#primaryimage","url":"https:\/\/www.golosinaspormayor.com\/ventaonline\/wp-content\/uploads\/cargador-de-pilas-kodak-sc4-2-pilas-aa-venta.jpg","contentUrl":"https:\/\/www.golosinaspormayor.com\/ventaonline\/wp-content\/uploads\/cargador-de-pilas-kodak-sc4-2-pilas-aa-venta.jpg","width":300,"height":300,"caption":"cargador-de-pilas-kodak-sc4-2-pilas-aa-mayorista"},{"@type":"BreadcrumbList","@id":"https:\/\/www.golosinaspormayor.com\/ventaonline\/tienda\/pilas\/cargador-de-pilas-sc4-2-pilas-aa\/#breadcrumb","itemListElement":[{"@type":"ListItem","position":1,"name":"Tienda","item":"https:\/\/www.golosinaspormayor.com\/ventaonline\/tienda\/"},{"@type":"ListItem","position":2,"name":"CARGADOR DE PILAS KODAK SC4 + 2 PILAS AA"}]},{"@type":"WebSite","@id":"https:\/\/www.golosinaspormayor.com\/ventaonline\/#website","url":"https:\/\/www.golosinaspormayor.com\/ventaonline\/","name":"Golosinas por Mayor","description":"Venta online de golosinas por mayor","publisher":{"@id":"https:\/\/www.golosinaspormayor.com\/ventaonline\/#organization"},"potentialAction":[{"@type":"SearchAction","target":{"@type":"EntryPoint","urlTemplate":"https:\/\/www.golosinaspormayor.com\/ventaonline\/?s={search_term_string}"},"query-input":{"@type":"PropertyValueSpecification","valueRequired":true,"valueName":"search_term_string"}}],"inLanguage":"es"},{"@type":"Organization","@id":"https:\/\/www.golosinaspormayor.com\/ventaonline\/#organization","name":"Golosinas por Mayor","url":"https:\/\/www.golosinaspormayor.com\/ventaonline\/","logo":{"@type":"ImageObject","inLanguage":"es","@id":"https:\/\/www.golosinaspormayor.com\/ventaonline\/#\/schema\/logo\/image\/","url":"https:\/\/www.golosinaspormayor.com\/ventaonline\/wp-content\/uploads\/Copia-de-pop-logo-png.png","contentUrl":"https:\/\/www.golosinaspormayor.com\/ventaonline\/wp-content\/uploads\/Copia-de-pop-logo-png.png","width":150,"height":46,"caption":"Golosinas por Mayor"},"image":{"@id":"https:\/\/www.golosinaspormayor.com\/ventaonline\/#\/schema\/logo\/image\/"}}]}},"_links":{"self":[{"href":"https:\/\/www.golosinaspormayor.com\/ventaonline\/wp-json\/wp\/v2\/product\/783","targetHints":{"allow":["GET"]}}],"collection":[{"href":"https:\/\/www.golosinaspormayor.com\/ventaonline\/wp-json\/wp\/v2\/product"}],"about":[{"href":"https:\/\/www.golosinaspormayor.com\/ventaonline\/wp-json\/wp\/v2\/types\/product"}],"replies":[{"embeddable":true,"href":"https:\/\/www.golosinaspormayor.com\/ventaonline\/wp-json\/wp\/v2\/comments?post=783"}],"wp:featuredmedia":[{"embeddable":true,"href":"https:\/\/www.golosinaspormayor.com\/ventaonline\/wp-json\/wp\/v2\/media\/784"}],"wp:attachment":[{"href":"https:\/\/www.golosinaspormayor.com\/ventaonline\/wp-json\/wp\/v2\/media?parent=783"}],"wp:term":[{"taxonomy":"product_brand","embeddable":true,"href":"https:\/\/www.golosinaspormayor.com\/ventaonline\/wp-json\/wp\/v2\/product_brand?post=783"},{"taxonomy":"product_cat","embeddable":true,"href":"https:\/\/www.golosinaspormayor.com\/ventaonline\/wp-json\/wp\/v2\/product_cat?post=783"},{"taxonomy":"product_tag","embeddable":true,"href":"https:\/\/www.golosinaspormayor.com\/ventaonline\/wp-json\/wp\/v2\/product_tag?post=783"}],"curies":[{"name":"wp","href":"https:\/\/api.w.org\/{rel}","templated":true}]}}