{"id":656,"date":"2013-09-10T20:59:38","date_gmt":"2013-09-10T23:59:38","guid":{"rendered":"http:\/\/www.golosinaspormayor.com\/ventaonline\/?post_type=product&#038;p=656"},"modified":"2018-08-03T11:19:10","modified_gmt":"2018-08-03T14:19:10","slug":"barrita-felfort-cerealfort-frutilla","status":"publish","type":"product","link":"https:\/\/www.golosinaspormayor.com\/ventaonline\/tienda\/galletitas\/barrita-felfort-cerealfort-frutilla\/","title":{"rendered":"BARRITA FELFORT CEREALFORT FRUTILLA x 24u"},"content":{"rendered":"<p>\u00bfQu\u00e9 decir de la barrita Felfort Cerealfort de frutilla que no se haya dicho hasta ahora?, simplemente todos las conocen y as\u00ed las ventas lo reflejan, porque est\u00e1n elaboradas con productos de primera calidad, como todos los productos de Felfort.<br \/>\nLos precios incre\u00edbles de nuestras ofertas permitir\u00e1n que el abastecimiento sea completo, y como si fuera poco los recibes en el local, todo incluido de manera r\u00e1pida y sencilla.<br \/>\nLa barrita Felfort Celeralfort de frutilla, permite que te alimentes sin agregar grasas a tu organismo, porque est\u00e1n elaboradas con el m\u00e1s puro cereal de la naturaleza, y con el sabor inigualable de las frutillas seleccionadas espec\u00edficamente para este producto.<br \/>\nPuedes pedir varios gustos de barritas de cereal de la marca Felfort porque los tenemos a todos, y con las mejores presentaciones para que adem\u00e1s, el kiosco se encuentre bien equipado, para tener obviamente m\u00e1s ventas.<br \/>\nPodr\u00e1s tener otras marcas de cereales pero la barrita Felfort Cerealfort de frutilla, no te ha de faltar, si lo que deseas es tener m\u00e1s y mejores ventas, ya que se trata de un producto muy bien posicionado en el mercado, que crece d\u00eda a d\u00eda, esto es lo que dicen las encuestas.<\/p>\n","protected":false},"excerpt":{"rendered":"<p><strong>FELFORT CEREALFORT FRUTILLA 21GR X 24U B\/8<\/strong><\/p>\n","protected":false},"featured_media":659,"comment_status":"closed","ping_status":"closed","template":"","meta":{"site-sidebar-layout":"default","site-content-layout":"","ast-site-content-layout":"default","site-content-style":"default","site-sidebar-style":"default","ast-global-header-display":"","ast-banner-title-visibility":"","ast-main-header-display":"","ast-hfb-above-header-display":"","ast-hfb-below-header-display":"","ast-hfb-mobile-header-display":"","site-post-title":"","ast-breadcrumbs-content":"","ast-featured-img":"","footer-sml-layout":"","ast-disable-related-posts":"","theme-transparent-header-meta":"","adv-header-id-meta":"","stick-header-meta":"","header-above-stick-meta":"","header-main-stick-meta":"","header-below-stick-meta":"","astra-migrate-meta-layouts":"default","ast-page-background-enabled":"default","ast-page-background-meta":{"desktop":{"background-color":"","background-image":"","background-repeat":"repeat","background-position":"center center","background-size":"auto","background-attachment":"scroll","background-type":"","background-media":"","overlay-type":"","overlay-color":"","overlay-opacity":"","overlay-gradient":""},"tablet":{"background-color":"","background-image":"","background-repeat":"repeat","background-position":"center center","background-size":"auto","background-attachment":"scroll","background-type":"","background-media":"","overlay-type":"","overlay-color":"","overlay-opacity":"","overlay-gradient":""},"mobile":{"background-color":"","background-image":"","background-repeat":"repeat","background-position":"center center","background-size":"auto","background-attachment":"scroll","background-type":"","background-media":"","overlay-type":"","overlay-color":"","overlay-opacity":"","overlay-gradient":""}},"ast-content-background-meta":{"desktop":{"background-color":"var(--ast-global-color-5)","background-image":"","background-repeat":"repeat","background-position":"center center","background-size":"auto","background-attachment":"scroll","background-type":"","background-media":"","overlay-type":"","overlay-color":"","overlay-opacity":"","overlay-gradient":""},"tablet":{"background-color":"var(--ast-global-color-5)","background-image":"","background-repeat":"repeat","background-position":"center center","background-size":"auto","background-attachment":"scroll","background-type":"","background-media":"","overlay-type":"","overlay-color":"","overlay-opacity":"","overlay-gradient":""},"mobile":{"background-color":"var(--ast-global-color-5)","background-image":"","background-repeat":"repeat","background-position":"center center","background-size":"auto","background-attachment":"scroll","background-type":"","background-media":"","overlay-type":"","overlay-color":"","overlay-opacity":"","overlay-gradient":""}},"_joinchat":[]},"product_brand":[],"product_cat":[211],"product_tag":[414,409,159,179,112],"class_list":{"0":"post-656","1":"product","2":"type-product","3":"status-publish","4":"has-post-thumbnail","6":"product_cat-galletitas","7":"product_tag-barrita-de-cereal","8":"product_tag-cerealfort","9":"product_tag-felfort","10":"product_tag-frutilla","11":"product_tag-kiosco","12":"desktop-align-left","13":"tablet-align-left","14":"mobile-align-left","15":"ast-product-gallery-layout-vertical","16":"ast-product-gallery-with-no-image","17":"ast-product-tabs-layout-vertical","19":"first","20":"outofstock","21":"shipping-taxable","22":"purchasable","23":"product-type-simple"},"yoast_head":"<!-- This site is optimized with the Yoast SEO plugin v27.2 - https:\/\/yoast.com\/product\/yoast-seo-wordpress\/ -->\n<title>BARRITA FELFORT CEREALFORT FRUTILLA x 24u -<\/title>\n<meta name=\"description\" content=\"La barrita Felfort Cerealfort de frutilla es considerada una de las m\u00e1s ricas del rubro, por ello lidera ventas en casi todos los kioscos del pa\u00eds. No te quedes sin este producto, nosotros te lo llevamos a tu local de inmediato.\" \/>\n<meta name=\"robots\" content=\"index, follow, max-snippet:-1, max-image-preview:large, max-video-preview:-1\" \/>\n<link rel=\"canonical\" href=\"https:\/\/www.golosinaspormayor.com\/ventaonline\/tienda\/galletitas\/barrita-felfort-cerealfort-frutilla\/\" \/>\n<meta property=\"og:locale\" content=\"es_ES\" \/>\n<meta property=\"og:type\" content=\"article\" \/>\n<meta property=\"og:title\" content=\"BARRITA FELFORT CEREALFORT FRUTILLA x 24u -\" \/>\n<meta property=\"og:description\" content=\"La barrita Felfort Cerealfort de frutilla es considerada una de las m\u00e1s ricas del rubro, por ello lidera ventas en casi todos los kioscos del pa\u00eds. No te quedes sin este producto, nosotros te lo llevamos a tu local de inmediato.\" \/>\n<meta property=\"og:url\" content=\"https:\/\/www.golosinaspormayor.com\/ventaonline\/tienda\/galletitas\/barrita-felfort-cerealfort-frutilla\/\" \/>\n<meta property=\"og:site_name\" content=\"Golosinas por Mayor\" \/>\n<meta property=\"article:modified_time\" content=\"2018-08-03T14:19:10+00:00\" \/>\n<meta property=\"og:image\" content=\"https:\/\/www.golosinaspormayor.com\/ventaonline\/wp-content\/uploads\/barrita-felfort-cerealfort-frutilla-kiosco.jpg\" \/>\n\t<meta property=\"og:image:width\" content=\"588\" \/>\n\t<meta property=\"og:image:height\" content=\"600\" \/>\n\t<meta property=\"og:image:type\" content=\"image\/jpeg\" \/>\n<meta name=\"twitter:label1\" content=\"Tiempo de lectura\" \/>\n\t<meta name=\"twitter:data1\" content=\"1 minuto\" \/>\n<script type=\"application\/ld+json\" class=\"yoast-schema-graph\">{\"@context\":\"https:\/\/schema.org\",\"@graph\":[{\"@type\":\"WebPage\",\"@id\":\"https:\/\/www.golosinaspormayor.com\/ventaonline\/tienda\/galletitas\/barrita-felfort-cerealfort-frutilla\/\",\"url\":\"https:\/\/www.golosinaspormayor.com\/ventaonline\/tienda\/galletitas\/barrita-felfort-cerealfort-frutilla\/\",\"name\":\"BARRITA FELFORT CEREALFORT FRUTILLA x 24u -\",\"isPartOf\":{\"@id\":\"https:\/\/www.golosinaspormayor.com\/ventaonline\/#website\"},\"primaryImageOfPage\":{\"@id\":\"https:\/\/www.golosinaspormayor.com\/ventaonline\/tienda\/galletitas\/barrita-felfort-cerealfort-frutilla\/#primaryimage\"},\"image\":{\"@id\":\"https:\/\/www.golosinaspormayor.com\/ventaonline\/tienda\/galletitas\/barrita-felfort-cerealfort-frutilla\/#primaryimage\"},\"thumbnailUrl\":\"https:\/\/www.golosinaspormayor.com\/ventaonline\/wp-content\/uploads\/barrita-felfort-cerealfort-frutilla-kiosco.jpg\",\"datePublished\":\"2013-09-10T23:59:38+00:00\",\"dateModified\":\"2018-08-03T14:19:10+00:00\",\"description\":\"La barrita Felfort Cerealfort de frutilla es considerada una de las m\u00e1s ricas del rubro, por ello lidera ventas en casi todos los kioscos del pa\u00eds. No te quedes sin este producto, nosotros te lo llevamos a tu local de inmediato.\",\"breadcrumb\":{\"@id\":\"https:\/\/www.golosinaspormayor.com\/ventaonline\/tienda\/galletitas\/barrita-felfort-cerealfort-frutilla\/#breadcrumb\"},\"inLanguage\":\"es\",\"potentialAction\":[{\"@type\":\"ReadAction\",\"target\":[\"https:\/\/www.golosinaspormayor.com\/ventaonline\/tienda\/galletitas\/barrita-felfort-cerealfort-frutilla\/\"]}]},{\"@type\":\"ImageObject\",\"inLanguage\":\"es\",\"@id\":\"https:\/\/www.golosinaspormayor.com\/ventaonline\/tienda\/galletitas\/barrita-felfort-cerealfort-frutilla\/#primaryimage\",\"url\":\"https:\/\/www.golosinaspormayor.com\/ventaonline\/wp-content\/uploads\/barrita-felfort-cerealfort-frutilla-kiosco.jpg\",\"contentUrl\":\"https:\/\/www.golosinaspormayor.com\/ventaonline\/wp-content\/uploads\/barrita-felfort-cerealfort-frutilla-kiosco.jpg\",\"width\":588,\"height\":600,\"caption\":\"barrita-felfort-cerealfort-frutilla-golosina\"},{\"@type\":\"BreadcrumbList\",\"@id\":\"https:\/\/www.golosinaspormayor.com\/ventaonline\/tienda\/galletitas\/barrita-felfort-cerealfort-frutilla\/#breadcrumb\",\"itemListElement\":[{\"@type\":\"ListItem\",\"position\":1,\"name\":\"Tienda\",\"item\":\"https:\/\/www.golosinaspormayor.com\/ventaonline\/tienda\/\"},{\"@type\":\"ListItem\",\"position\":2,\"name\":\"BARRITA FELFORT CEREALFORT FRUTILLA x 24u\"}]},{\"@type\":\"WebSite\",\"@id\":\"https:\/\/www.golosinaspormayor.com\/ventaonline\/#website\",\"url\":\"https:\/\/www.golosinaspormayor.com\/ventaonline\/\",\"name\":\"Golosinas por Mayor\",\"description\":\"Venta online de golosinas por mayor\",\"publisher\":{\"@id\":\"https:\/\/www.golosinaspormayor.com\/ventaonline\/#organization\"},\"potentialAction\":[{\"@type\":\"SearchAction\",\"target\":{\"@type\":\"EntryPoint\",\"urlTemplate\":\"https:\/\/www.golosinaspormayor.com\/ventaonline\/?s={search_term_string}\"},\"query-input\":{\"@type\":\"PropertyValueSpecification\",\"valueRequired\":true,\"valueName\":\"search_term_string\"}}],\"inLanguage\":\"es\"},{\"@type\":\"Organization\",\"@id\":\"https:\/\/www.golosinaspormayor.com\/ventaonline\/#organization\",\"name\":\"Golosinas por Mayor\",\"url\":\"https:\/\/www.golosinaspormayor.com\/ventaonline\/\",\"logo\":{\"@type\":\"ImageObject\",\"inLanguage\":\"es\",\"@id\":\"https:\/\/www.golosinaspormayor.com\/ventaonline\/#\/schema\/logo\/image\/\",\"url\":\"https:\/\/www.golosinaspormayor.com\/ventaonline\/wp-content\/uploads\/Copia-de-pop-logo-png.png\",\"contentUrl\":\"https:\/\/www.golosinaspormayor.com\/ventaonline\/wp-content\/uploads\/Copia-de-pop-logo-png.png\",\"width\":150,\"height\":46,\"caption\":\"Golosinas por Mayor\"},\"image\":{\"@id\":\"https:\/\/www.golosinaspormayor.com\/ventaonline\/#\/schema\/logo\/image\/\"}}]}<\/script>\n<!-- \/ Yoast SEO plugin. -->","yoast_head_json":{"title":"BARRITA FELFORT CEREALFORT FRUTILLA x 24u -","description":"La barrita Felfort Cerealfort de frutilla es considerada una de las m\u00e1s ricas del rubro, por ello lidera ventas en casi todos los kioscos del pa\u00eds. No te quedes sin este producto, nosotros te lo llevamos a tu local de inmediato.","robots":{"index":"index","follow":"follow","max-snippet":"max-snippet:-1","max-image-preview":"max-image-preview:large","max-video-preview":"max-video-preview:-1"},"canonical":"https:\/\/www.golosinaspormayor.com\/ventaonline\/tienda\/galletitas\/barrita-felfort-cerealfort-frutilla\/","og_locale":"es_ES","og_type":"article","og_title":"BARRITA FELFORT CEREALFORT FRUTILLA x 24u -","og_description":"La barrita Felfort Cerealfort de frutilla es considerada una de las m\u00e1s ricas del rubro, por ello lidera ventas en casi todos los kioscos del pa\u00eds. No te quedes sin este producto, nosotros te lo llevamos a tu local de inmediato.","og_url":"https:\/\/www.golosinaspormayor.com\/ventaonline\/tienda\/galletitas\/barrita-felfort-cerealfort-frutilla\/","og_site_name":"Golosinas por Mayor","article_modified_time":"2018-08-03T14:19:10+00:00","og_image":[{"width":588,"height":600,"url":"https:\/\/www.golosinaspormayor.com\/ventaonline\/wp-content\/uploads\/barrita-felfort-cerealfort-frutilla-kiosco.jpg","type":"image\/jpeg"}],"twitter_misc":{"Tiempo de lectura":"1 minuto"},"schema":{"@context":"https:\/\/schema.org","@graph":[{"@type":"WebPage","@id":"https:\/\/www.golosinaspormayor.com\/ventaonline\/tienda\/galletitas\/barrita-felfort-cerealfort-frutilla\/","url":"https:\/\/www.golosinaspormayor.com\/ventaonline\/tienda\/galletitas\/barrita-felfort-cerealfort-frutilla\/","name":"BARRITA FELFORT CEREALFORT FRUTILLA x 24u -","isPartOf":{"@id":"https:\/\/www.golosinaspormayor.com\/ventaonline\/#website"},"primaryImageOfPage":{"@id":"https:\/\/www.golosinaspormayor.com\/ventaonline\/tienda\/galletitas\/barrita-felfort-cerealfort-frutilla\/#primaryimage"},"image":{"@id":"https:\/\/www.golosinaspormayor.com\/ventaonline\/tienda\/galletitas\/barrita-felfort-cerealfort-frutilla\/#primaryimage"},"thumbnailUrl":"https:\/\/www.golosinaspormayor.com\/ventaonline\/wp-content\/uploads\/barrita-felfort-cerealfort-frutilla-kiosco.jpg","datePublished":"2013-09-10T23:59:38+00:00","dateModified":"2018-08-03T14:19:10+00:00","description":"La barrita Felfort Cerealfort de frutilla es considerada una de las m\u00e1s ricas del rubro, por ello lidera ventas en casi todos los kioscos del pa\u00eds. No te quedes sin este producto, nosotros te lo llevamos a tu local de inmediato.","breadcrumb":{"@id":"https:\/\/www.golosinaspormayor.com\/ventaonline\/tienda\/galletitas\/barrita-felfort-cerealfort-frutilla\/#breadcrumb"},"inLanguage":"es","potentialAction":[{"@type":"ReadAction","target":["https:\/\/www.golosinaspormayor.com\/ventaonline\/tienda\/galletitas\/barrita-felfort-cerealfort-frutilla\/"]}]},{"@type":"ImageObject","inLanguage":"es","@id":"https:\/\/www.golosinaspormayor.com\/ventaonline\/tienda\/galletitas\/barrita-felfort-cerealfort-frutilla\/#primaryimage","url":"https:\/\/www.golosinaspormayor.com\/ventaonline\/wp-content\/uploads\/barrita-felfort-cerealfort-frutilla-kiosco.jpg","contentUrl":"https:\/\/www.golosinaspormayor.com\/ventaonline\/wp-content\/uploads\/barrita-felfort-cerealfort-frutilla-kiosco.jpg","width":588,"height":600,"caption":"barrita-felfort-cerealfort-frutilla-golosina"},{"@type":"BreadcrumbList","@id":"https:\/\/www.golosinaspormayor.com\/ventaonline\/tienda\/galletitas\/barrita-felfort-cerealfort-frutilla\/#breadcrumb","itemListElement":[{"@type":"ListItem","position":1,"name":"Tienda","item":"https:\/\/www.golosinaspormayor.com\/ventaonline\/tienda\/"},{"@type":"ListItem","position":2,"name":"BARRITA FELFORT CEREALFORT FRUTILLA x 24u"}]},{"@type":"WebSite","@id":"https:\/\/www.golosinaspormayor.com\/ventaonline\/#website","url":"https:\/\/www.golosinaspormayor.com\/ventaonline\/","name":"Golosinas por Mayor","description":"Venta online de golosinas por mayor","publisher":{"@id":"https:\/\/www.golosinaspormayor.com\/ventaonline\/#organization"},"potentialAction":[{"@type":"SearchAction","target":{"@type":"EntryPoint","urlTemplate":"https:\/\/www.golosinaspormayor.com\/ventaonline\/?s={search_term_string}"},"query-input":{"@type":"PropertyValueSpecification","valueRequired":true,"valueName":"search_term_string"}}],"inLanguage":"es"},{"@type":"Organization","@id":"https:\/\/www.golosinaspormayor.com\/ventaonline\/#organization","name":"Golosinas por Mayor","url":"https:\/\/www.golosinaspormayor.com\/ventaonline\/","logo":{"@type":"ImageObject","inLanguage":"es","@id":"https:\/\/www.golosinaspormayor.com\/ventaonline\/#\/schema\/logo\/image\/","url":"https:\/\/www.golosinaspormayor.com\/ventaonline\/wp-content\/uploads\/Copia-de-pop-logo-png.png","contentUrl":"https:\/\/www.golosinaspormayor.com\/ventaonline\/wp-content\/uploads\/Copia-de-pop-logo-png.png","width":150,"height":46,"caption":"Golosinas por Mayor"},"image":{"@id":"https:\/\/www.golosinaspormayor.com\/ventaonline\/#\/schema\/logo\/image\/"}}]}},"_links":{"self":[{"href":"https:\/\/www.golosinaspormayor.com\/ventaonline\/wp-json\/wp\/v2\/product\/656","targetHints":{"allow":["GET"]}}],"collection":[{"href":"https:\/\/www.golosinaspormayor.com\/ventaonline\/wp-json\/wp\/v2\/product"}],"about":[{"href":"https:\/\/www.golosinaspormayor.com\/ventaonline\/wp-json\/wp\/v2\/types\/product"}],"replies":[{"embeddable":true,"href":"https:\/\/www.golosinaspormayor.com\/ventaonline\/wp-json\/wp\/v2\/comments?post=656"}],"wp:featuredmedia":[{"embeddable":true,"href":"https:\/\/www.golosinaspormayor.com\/ventaonline\/wp-json\/wp\/v2\/media\/659"}],"wp:attachment":[{"href":"https:\/\/www.golosinaspormayor.com\/ventaonline\/wp-json\/wp\/v2\/media?parent=656"}],"wp:term":[{"taxonomy":"product_brand","embeddable":true,"href":"https:\/\/www.golosinaspormayor.com\/ventaonline\/wp-json\/wp\/v2\/product_brand?post=656"},{"taxonomy":"product_cat","embeddable":true,"href":"https:\/\/www.golosinaspormayor.com\/ventaonline\/wp-json\/wp\/v2\/product_cat?post=656"},{"taxonomy":"product_tag","embeddable":true,"href":"https:\/\/www.golosinaspormayor.com\/ventaonline\/wp-json\/wp\/v2\/product_tag?post=656"}],"curies":[{"name":"wp","href":"https:\/\/api.w.org\/{rel}","templated":true}]}}