{"id":584,"date":"2013-09-08T12:13:57","date_gmt":"2013-09-08T15:13:57","guid":{"rendered":"http:\/\/www.golosinaspormayor.com\/ventaonline\/?post_type=product&#038;p=584"},"modified":"2021-09-21T12:09:11","modified_gmt":"2021-09-21T15:09:11","slug":"papel-ocb-premium-negro","status":"publish","type":"product","link":"https:\/\/www.golosinaspormayor.com\/ventaonline\/tienda\/articulos-para-fumador\/papel-ocb-premium-negro\/","title":{"rendered":"PAPEL OCB PREMIUM NEGRO X 25U"},"content":{"rendered":"<p>El papel OCB premium negro es uno de los m\u00e1s elegidos por los fumadores que gustan de armar sus propios cigarrillos con tabaco natural. Esta marca en papeles o ceditas presentan una amplio abanico con diferentes tipos y variedades de papeles, algunos m\u00e1s fino que otros, pero sin lugar a dudas de la mejor calidad del mercado.<\/p>\n<p>Nuestra empresa cuenta con todo los productos de la marca OCB en stock, adem\u00e1s tenemos las marcas m\u00e1s importantes del mercado nacional ylas marcas m\u00e1s importantes del mundo, como ocurre con el papel OCB Premium Negro, que es bastante dif\u00edcil de conseguir ya que no la tienen muchas tiendas online. Es importante que cuentes con el papel OCB negro premium entre el stock de tus productos, porque es uno de los m\u00e1s comercializados del mercado especialmente en los locales comerciales, de la Capital Federal. Su presentaci\u00f3n mayorista consta de un pack con 25 unidades de papel OCB Premium Negro, y te la ofrecemos al mejor precio mayorista del mercado.<\/p>\n<p>Te invitamos a que revises nuestros cat\u00e1logos que est\u00e1n armados para que veas todo lo que te interesa con los detalles de precios, y caracter\u00edsticas de los productos como este. OCB, es la marca del papel que no te debe faltar en tu stock.<\/p>\n","protected":false},"excerpt":{"rendered":"<p><strong>PAPEL OCB PREMIUM NEGRO x 25u B\/40<\/strong><\/p>\n","protected":false},"featured_media":585,"comment_status":"closed","ping_status":"closed","template":"","meta":{"site-sidebar-layout":"default","site-content-layout":"","ast-site-content-layout":"default","site-content-style":"default","site-sidebar-style":"default","ast-global-header-display":"","ast-banner-title-visibility":"","ast-main-header-display":"","ast-hfb-above-header-display":"","ast-hfb-below-header-display":"","ast-hfb-mobile-header-display":"","site-post-title":"","ast-breadcrumbs-content":"","ast-featured-img":"","footer-sml-layout":"","ast-disable-related-posts":"","theme-transparent-header-meta":"","adv-header-id-meta":"","stick-header-meta":"","header-above-stick-meta":"","header-main-stick-meta":"","header-below-stick-meta":"","astra-migrate-meta-layouts":"default","ast-page-background-enabled":"default","ast-page-background-meta":{"desktop":{"background-color":"","background-image":"","background-repeat":"repeat","background-position":"center center","background-size":"auto","background-attachment":"scroll","background-type":"","background-media":"","overlay-type":"","overlay-color":"","overlay-opacity":"","overlay-gradient":""},"tablet":{"background-color":"","background-image":"","background-repeat":"repeat","background-position":"center center","background-size":"auto","background-attachment":"scroll","background-type":"","background-media":"","overlay-type":"","overlay-color":"","overlay-opacity":"","overlay-gradient":""},"mobile":{"background-color":"","background-image":"","background-repeat":"repeat","background-position":"center center","background-size":"auto","background-attachment":"scroll","background-type":"","background-media":"","overlay-type":"","overlay-color":"","overlay-opacity":"","overlay-gradient":""}},"ast-content-background-meta":{"desktop":{"background-color":"var(--ast-global-color-5)","background-image":"","background-repeat":"repeat","background-position":"center center","background-size":"auto","background-attachment":"scroll","background-type":"","background-media":"","overlay-type":"","overlay-color":"","overlay-opacity":"","overlay-gradient":""},"tablet":{"background-color":"var(--ast-global-color-5)","background-image":"","background-repeat":"repeat","background-position":"center center","background-size":"auto","background-attachment":"scroll","background-type":"","background-media":"","overlay-type":"","overlay-color":"","overlay-opacity":"","overlay-gradient":""},"mobile":{"background-color":"var(--ast-global-color-5)","background-image":"","background-repeat":"repeat","background-position":"center center","background-size":"auto","background-attachment":"scroll","background-type":"","background-media":"","overlay-type":"","overlay-color":"","overlay-opacity":"","overlay-gradient":""}},"_joinchat":[]},"product_brand":[],"product_cat":[916],"product_tag":[369,20,368,367,293],"class_list":{"0":"post-584","1":"product","2":"type-product","3":"status-publish","4":"has-post-thumbnail","6":"product_cat-articulos-para-fumador","7":"product_tag-comercio","8":"product_tag-mayorista","9":"product_tag-negro","10":"product_tag-papel-ocb","11":"product_tag-premium","12":"desktop-align-left","13":"tablet-align-left","14":"mobile-align-left","15":"ast-product-gallery-layout-vertical","16":"ast-product-gallery-with-no-image","17":"ast-product-tabs-layout-vertical","19":"first","20":"instock","21":"featured","22":"shipping-taxable","23":"purchasable","24":"product-type-simple"},"yoast_head":"<!-- This site is optimized with the Yoast SEO plugin v27.2 - https:\/\/yoast.com\/product\/yoast-seo-wordpress\/ -->\n<title>PAPEL OCB PREMIUM NEGRO X 25U -<\/title>\n<meta name=\"description\" content=\"El papel OCB premium negro es uno de los m\u00e1s elegidos por su calidad para armar cigarrillos, por eso debes contar con este producto en tu kiosco. Haznos tu pedido en nuestro E-commerce al mejor precio mayorista.\" \/>\n<meta name=\"robots\" content=\"index, follow, max-snippet:-1, max-image-preview:large, max-video-preview:-1\" \/>\n<link rel=\"canonical\" href=\"https:\/\/www.golosinaspormayor.com\/ventaonline\/tienda\/articulos-para-fumador\/papel-ocb-premium-negro\/\" \/>\n<meta property=\"og:locale\" content=\"es_ES\" \/>\n<meta property=\"og:type\" content=\"article\" \/>\n<meta property=\"og:title\" content=\"PAPEL OCB PREMIUM NEGRO X 25U -\" \/>\n<meta property=\"og:description\" content=\"El papel OCB premium negro es uno de los m\u00e1s elegidos por su calidad para armar cigarrillos, por eso debes contar con este producto en tu kiosco. Haznos tu pedido en nuestro E-commerce al mejor precio mayorista.\" \/>\n<meta property=\"og:url\" content=\"https:\/\/www.golosinaspormayor.com\/ventaonline\/tienda\/articulos-para-fumador\/papel-ocb-premium-negro\/\" \/>\n<meta property=\"og:site_name\" content=\"Golosinas por Mayor\" \/>\n<meta property=\"article:modified_time\" content=\"2021-09-21T15:09:11+00:00\" \/>\n<meta property=\"og:image\" content=\"https:\/\/www.golosinaspormayor.com\/ventaonline\/wp-content\/uploads\/papel-ocb-premium-negro-listado.jpg\" \/>\n\t<meta property=\"og:image:width\" content=\"300\" \/>\n\t<meta property=\"og:image:height\" content=\"300\" \/>\n\t<meta property=\"og:image:type\" content=\"image\/jpeg\" \/>\n<meta name=\"twitter:label1\" content=\"Tiempo de lectura\" \/>\n\t<meta name=\"twitter:data1\" content=\"1 minuto\" \/>\n<script type=\"application\/ld+json\" class=\"yoast-schema-graph\">{\"@context\":\"https:\/\/schema.org\",\"@graph\":[{\"@type\":\"WebPage\",\"@id\":\"https:\/\/www.golosinaspormayor.com\/ventaonline\/tienda\/articulos-para-fumador\/papel-ocb-premium-negro\/\",\"url\":\"https:\/\/www.golosinaspormayor.com\/ventaonline\/tienda\/articulos-para-fumador\/papel-ocb-premium-negro\/\",\"name\":\"PAPEL OCB PREMIUM NEGRO X 25U -\",\"isPartOf\":{\"@id\":\"https:\/\/www.golosinaspormayor.com\/ventaonline\/#website\"},\"primaryImageOfPage\":{\"@id\":\"https:\/\/www.golosinaspormayor.com\/ventaonline\/tienda\/articulos-para-fumador\/papel-ocb-premium-negro\/#primaryimage\"},\"image\":{\"@id\":\"https:\/\/www.golosinaspormayor.com\/ventaonline\/tienda\/articulos-para-fumador\/papel-ocb-premium-negro\/#primaryimage\"},\"thumbnailUrl\":\"https:\/\/www.golosinaspormayor.com\/ventaonline\/wp-content\/uploads\/papel-ocb-premium-negro-listado.jpg\",\"datePublished\":\"2013-09-08T15:13:57+00:00\",\"dateModified\":\"2021-09-21T15:09:11+00:00\",\"description\":\"El papel OCB premium negro es uno de los m\u00e1s elegidos por su calidad para armar cigarrillos, por eso debes contar con este producto en tu kiosco. Haznos tu pedido en nuestro E-commerce al mejor precio mayorista.\",\"breadcrumb\":{\"@id\":\"https:\/\/www.golosinaspormayor.com\/ventaonline\/tienda\/articulos-para-fumador\/papel-ocb-premium-negro\/#breadcrumb\"},\"inLanguage\":\"es\",\"potentialAction\":[{\"@type\":\"ReadAction\",\"target\":[\"https:\/\/www.golosinaspormayor.com\/ventaonline\/tienda\/articulos-para-fumador\/papel-ocb-premium-negro\/\"]}]},{\"@type\":\"ImageObject\",\"inLanguage\":\"es\",\"@id\":\"https:\/\/www.golosinaspormayor.com\/ventaonline\/tienda\/articulos-para-fumador\/papel-ocb-premium-negro\/#primaryimage\",\"url\":\"https:\/\/www.golosinaspormayor.com\/ventaonline\/wp-content\/uploads\/papel-ocb-premium-negro-listado.jpg\",\"contentUrl\":\"https:\/\/www.golosinaspormayor.com\/ventaonline\/wp-content\/uploads\/papel-ocb-premium-negro-listado.jpg\",\"width\":300,\"height\":300,\"caption\":\"papel-ocb-premium-negro-catalogo\"},{\"@type\":\"BreadcrumbList\",\"@id\":\"https:\/\/www.golosinaspormayor.com\/ventaonline\/tienda\/articulos-para-fumador\/papel-ocb-premium-negro\/#breadcrumb\",\"itemListElement\":[{\"@type\":\"ListItem\",\"position\":1,\"name\":\"Tienda\",\"item\":\"https:\/\/www.golosinaspormayor.com\/ventaonline\/tienda\/\"},{\"@type\":\"ListItem\",\"position\":2,\"name\":\"PAPEL OCB PREMIUM NEGRO X 25U\"}]},{\"@type\":\"WebSite\",\"@id\":\"https:\/\/www.golosinaspormayor.com\/ventaonline\/#website\",\"url\":\"https:\/\/www.golosinaspormayor.com\/ventaonline\/\",\"name\":\"Golosinas por Mayor\",\"description\":\"Venta online de golosinas por mayor\",\"publisher\":{\"@id\":\"https:\/\/www.golosinaspormayor.com\/ventaonline\/#organization\"},\"potentialAction\":[{\"@type\":\"SearchAction\",\"target\":{\"@type\":\"EntryPoint\",\"urlTemplate\":\"https:\/\/www.golosinaspormayor.com\/ventaonline\/?s={search_term_string}\"},\"query-input\":{\"@type\":\"PropertyValueSpecification\",\"valueRequired\":true,\"valueName\":\"search_term_string\"}}],\"inLanguage\":\"es\"},{\"@type\":\"Organization\",\"@id\":\"https:\/\/www.golosinaspormayor.com\/ventaonline\/#organization\",\"name\":\"Golosinas por Mayor\",\"url\":\"https:\/\/www.golosinaspormayor.com\/ventaonline\/\",\"logo\":{\"@type\":\"ImageObject\",\"inLanguage\":\"es\",\"@id\":\"https:\/\/www.golosinaspormayor.com\/ventaonline\/#\/schema\/logo\/image\/\",\"url\":\"https:\/\/www.golosinaspormayor.com\/ventaonline\/wp-content\/uploads\/Copia-de-pop-logo-png.png\",\"contentUrl\":\"https:\/\/www.golosinaspormayor.com\/ventaonline\/wp-content\/uploads\/Copia-de-pop-logo-png.png\",\"width\":150,\"height\":46,\"caption\":\"Golosinas por Mayor\"},\"image\":{\"@id\":\"https:\/\/www.golosinaspormayor.com\/ventaonline\/#\/schema\/logo\/image\/\"}}]}<\/script>\n<!-- \/ Yoast SEO plugin. -->","yoast_head_json":{"title":"PAPEL OCB PREMIUM NEGRO X 25U -","description":"El papel OCB premium negro es uno de los m\u00e1s elegidos por su calidad para armar cigarrillos, por eso debes contar con este producto en tu kiosco. Haznos tu pedido en nuestro E-commerce al mejor precio mayorista.","robots":{"index":"index","follow":"follow","max-snippet":"max-snippet:-1","max-image-preview":"max-image-preview:large","max-video-preview":"max-video-preview:-1"},"canonical":"https:\/\/www.golosinaspormayor.com\/ventaonline\/tienda\/articulos-para-fumador\/papel-ocb-premium-negro\/","og_locale":"es_ES","og_type":"article","og_title":"PAPEL OCB PREMIUM NEGRO X 25U -","og_description":"El papel OCB premium negro es uno de los m\u00e1s elegidos por su calidad para armar cigarrillos, por eso debes contar con este producto en tu kiosco. Haznos tu pedido en nuestro E-commerce al mejor precio mayorista.","og_url":"https:\/\/www.golosinaspormayor.com\/ventaonline\/tienda\/articulos-para-fumador\/papel-ocb-premium-negro\/","og_site_name":"Golosinas por Mayor","article_modified_time":"2021-09-21T15:09:11+00:00","og_image":[{"width":300,"height":300,"url":"https:\/\/www.golosinaspormayor.com\/ventaonline\/wp-content\/uploads\/papel-ocb-premium-negro-listado.jpg","type":"image\/jpeg"}],"twitter_misc":{"Tiempo de lectura":"1 minuto"},"schema":{"@context":"https:\/\/schema.org","@graph":[{"@type":"WebPage","@id":"https:\/\/www.golosinaspormayor.com\/ventaonline\/tienda\/articulos-para-fumador\/papel-ocb-premium-negro\/","url":"https:\/\/www.golosinaspormayor.com\/ventaonline\/tienda\/articulos-para-fumador\/papel-ocb-premium-negro\/","name":"PAPEL OCB PREMIUM NEGRO X 25U -","isPartOf":{"@id":"https:\/\/www.golosinaspormayor.com\/ventaonline\/#website"},"primaryImageOfPage":{"@id":"https:\/\/www.golosinaspormayor.com\/ventaonline\/tienda\/articulos-para-fumador\/papel-ocb-premium-negro\/#primaryimage"},"image":{"@id":"https:\/\/www.golosinaspormayor.com\/ventaonline\/tienda\/articulos-para-fumador\/papel-ocb-premium-negro\/#primaryimage"},"thumbnailUrl":"https:\/\/www.golosinaspormayor.com\/ventaonline\/wp-content\/uploads\/papel-ocb-premium-negro-listado.jpg","datePublished":"2013-09-08T15:13:57+00:00","dateModified":"2021-09-21T15:09:11+00:00","description":"El papel OCB premium negro es uno de los m\u00e1s elegidos por su calidad para armar cigarrillos, por eso debes contar con este producto en tu kiosco. Haznos tu pedido en nuestro E-commerce al mejor precio mayorista.","breadcrumb":{"@id":"https:\/\/www.golosinaspormayor.com\/ventaonline\/tienda\/articulos-para-fumador\/papel-ocb-premium-negro\/#breadcrumb"},"inLanguage":"es","potentialAction":[{"@type":"ReadAction","target":["https:\/\/www.golosinaspormayor.com\/ventaonline\/tienda\/articulos-para-fumador\/papel-ocb-premium-negro\/"]}]},{"@type":"ImageObject","inLanguage":"es","@id":"https:\/\/www.golosinaspormayor.com\/ventaonline\/tienda\/articulos-para-fumador\/papel-ocb-premium-negro\/#primaryimage","url":"https:\/\/www.golosinaspormayor.com\/ventaonline\/wp-content\/uploads\/papel-ocb-premium-negro-listado.jpg","contentUrl":"https:\/\/www.golosinaspormayor.com\/ventaonline\/wp-content\/uploads\/papel-ocb-premium-negro-listado.jpg","width":300,"height":300,"caption":"papel-ocb-premium-negro-catalogo"},{"@type":"BreadcrumbList","@id":"https:\/\/www.golosinaspormayor.com\/ventaonline\/tienda\/articulos-para-fumador\/papel-ocb-premium-negro\/#breadcrumb","itemListElement":[{"@type":"ListItem","position":1,"name":"Tienda","item":"https:\/\/www.golosinaspormayor.com\/ventaonline\/tienda\/"},{"@type":"ListItem","position":2,"name":"PAPEL OCB PREMIUM NEGRO X 25U"}]},{"@type":"WebSite","@id":"https:\/\/www.golosinaspormayor.com\/ventaonline\/#website","url":"https:\/\/www.golosinaspormayor.com\/ventaonline\/","name":"Golosinas por Mayor","description":"Venta online de golosinas por mayor","publisher":{"@id":"https:\/\/www.golosinaspormayor.com\/ventaonline\/#organization"},"potentialAction":[{"@type":"SearchAction","target":{"@type":"EntryPoint","urlTemplate":"https:\/\/www.golosinaspormayor.com\/ventaonline\/?s={search_term_string}"},"query-input":{"@type":"PropertyValueSpecification","valueRequired":true,"valueName":"search_term_string"}}],"inLanguage":"es"},{"@type":"Organization","@id":"https:\/\/www.golosinaspormayor.com\/ventaonline\/#organization","name":"Golosinas por Mayor","url":"https:\/\/www.golosinaspormayor.com\/ventaonline\/","logo":{"@type":"ImageObject","inLanguage":"es","@id":"https:\/\/www.golosinaspormayor.com\/ventaonline\/#\/schema\/logo\/image\/","url":"https:\/\/www.golosinaspormayor.com\/ventaonline\/wp-content\/uploads\/Copia-de-pop-logo-png.png","contentUrl":"https:\/\/www.golosinaspormayor.com\/ventaonline\/wp-content\/uploads\/Copia-de-pop-logo-png.png","width":150,"height":46,"caption":"Golosinas por Mayor"},"image":{"@id":"https:\/\/www.golosinaspormayor.com\/ventaonline\/#\/schema\/logo\/image\/"}}]}},"_links":{"self":[{"href":"https:\/\/www.golosinaspormayor.com\/ventaonline\/wp-json\/wp\/v2\/product\/584","targetHints":{"allow":["GET"]}}],"collection":[{"href":"https:\/\/www.golosinaspormayor.com\/ventaonline\/wp-json\/wp\/v2\/product"}],"about":[{"href":"https:\/\/www.golosinaspormayor.com\/ventaonline\/wp-json\/wp\/v2\/types\/product"}],"replies":[{"embeddable":true,"href":"https:\/\/www.golosinaspormayor.com\/ventaonline\/wp-json\/wp\/v2\/comments?post=584"}],"wp:featuredmedia":[{"embeddable":true,"href":"https:\/\/www.golosinaspormayor.com\/ventaonline\/wp-json\/wp\/v2\/media\/585"}],"wp:attachment":[{"href":"https:\/\/www.golosinaspormayor.com\/ventaonline\/wp-json\/wp\/v2\/media?parent=584"}],"wp:term":[{"taxonomy":"product_brand","embeddable":true,"href":"https:\/\/www.golosinaspormayor.com\/ventaonline\/wp-json\/wp\/v2\/product_brand?post=584"},{"taxonomy":"product_cat","embeddable":true,"href":"https:\/\/www.golosinaspormayor.com\/ventaonline\/wp-json\/wp\/v2\/product_cat?post=584"},{"taxonomy":"product_tag","embeddable":true,"href":"https:\/\/www.golosinaspormayor.com\/ventaonline\/wp-json\/wp\/v2\/product_tag?post=584"}],"curies":[{"name":"wp","href":"https:\/\/api.w.org\/{rel}","templated":true}]}}