{"id":548,"date":"2013-09-06T13:42:09","date_gmt":"2013-09-06T16:42:09","guid":{"rendered":"http:\/\/www.golosinaspormayor.com\/ventaonline\/?post_type=product&#038;p=548"},"modified":"2021-09-21T12:06:13","modified_gmt":"2021-09-21T15:06:13","slug":"caramelo-halls-miel-con-menta","status":"publish","type":"product","link":"https:\/\/www.golosinaspormayor.com\/ventaonline\/tienda\/caramelos\/caramelo-halls-miel-con-menta\/","title":{"rendered":"CARAMELO HALLS MIEL CON MENTA X 12U"},"content":{"rendered":"<p>Un kiosco sin los caramelos Halls de miel con menta no es un kiosco, as\u00ed que si no los tienes debes de manera inmediata pedirlos, porque estos caramelos son especiales para los fumadores, o cuando tenemos dolores de garganta, suavizan la voz, y son muy ricos por cierto.<br \/>\nSon los caramelos Halls de miel con menta los mejores en su segmento, y en las variedades de sabores uno de los m\u00e1s adquiridos, es por ello que nunca debes quedarte sin ellos.<br \/>\nEn verdad nada mejor que aclarar la garganta con unos caramelos de miel con la suavidad de la menta, y estemos en donde estemos estos caramelos se venden en toda la Argentina.<br \/>\nTambi\u00e9n al igual que otras golosinas estos caramelos Halls de miel con menta, son tradicionales, ya que llevan m\u00e1s de cuarenta a\u00f1os en el mercado, y siempre se presentaron de manera igual, un papel floreado, envolviendo todos los caramelos que est\u00e1n cerrados en un papelito individual para que no se toquen el uno con el otro.<br \/>\nEs importante que compremos estos productos en tiendas como la nuestra que tienen la conservaci\u00f3n de cada una de las golosinas de manera perfecta para que no pierdan sus sabores originales. Haz tu pedido ya!<\/p>\n","protected":false},"excerpt":{"rendered":"<p><strong>HALLS MIEL CON MENTA X 12U B\/24<\/strong><\/p>\n","protected":false},"featured_media":549,"comment_status":"closed","ping_status":"closed","template":"","meta":{"site-sidebar-layout":"default","site-content-layout":"","ast-site-content-layout":"default","site-content-style":"default","site-sidebar-style":"default","ast-global-header-display":"","ast-banner-title-visibility":"","ast-main-header-display":"","ast-hfb-above-header-display":"","ast-hfb-below-header-display":"","ast-hfb-mobile-header-display":"","site-post-title":"","ast-breadcrumbs-content":"","ast-featured-img":"","footer-sml-layout":"","ast-disable-related-posts":"","theme-transparent-header-meta":"","adv-header-id-meta":"","stick-header-meta":"","header-above-stick-meta":"","header-main-stick-meta":"","header-below-stick-meta":"","astra-migrate-meta-layouts":"default","ast-page-background-enabled":"default","ast-page-background-meta":{"desktop":{"background-color":"","background-image":"","background-repeat":"repeat","background-position":"center center","background-size":"auto","background-attachment":"scroll","background-type":"","background-media":"","overlay-type":"","overlay-color":"","overlay-opacity":"","overlay-gradient":""},"tablet":{"background-color":"","background-image":"","background-repeat":"repeat","background-position":"center center","background-size":"auto","background-attachment":"scroll","background-type":"","background-media":"","overlay-type":"","overlay-color":"","overlay-opacity":"","overlay-gradient":""},"mobile":{"background-color":"","background-image":"","background-repeat":"repeat","background-position":"center center","background-size":"auto","background-attachment":"scroll","background-type":"","background-media":"","overlay-type":"","overlay-color":"","overlay-opacity":"","overlay-gradient":""}},"ast-content-background-meta":{"desktop":{"background-color":"var(--ast-global-color-5)","background-image":"","background-repeat":"repeat","background-position":"center center","background-size":"auto","background-attachment":"scroll","background-type":"","background-media":"","overlay-type":"","overlay-color":"","overlay-opacity":"","overlay-gradient":""},"tablet":{"background-color":"var(--ast-global-color-5)","background-image":"","background-repeat":"repeat","background-position":"center center","background-size":"auto","background-attachment":"scroll","background-type":"","background-media":"","overlay-type":"","overlay-color":"","overlay-opacity":"","overlay-gradient":""},"mobile":{"background-color":"var(--ast-global-color-5)","background-image":"","background-repeat":"repeat","background-position":"center center","background-size":"auto","background-attachment":"scroll","background-type":"","background-media":"","overlay-type":"","overlay-color":"","overlay-opacity":"","overlay-gradient":""}},"_joinchat":[]},"product_brand":[],"product_cat":[218],"product_tag":[129,339,344,324],"class_list":{"0":"post-548","1":"product","2":"type-product","3":"status-publish","4":"has-post-thumbnail","6":"product_cat-caramelos","7":"product_tag-catalogo","8":"product_tag-halls","9":"product_tag-miel-con-menta","10":"product_tag-pastillas","11":"desktop-align-left","12":"tablet-align-left","13":"mobile-align-left","14":"ast-product-gallery-layout-vertical","15":"ast-product-gallery-with-no-image","16":"ast-product-tabs-layout-vertical","18":"first","19":"instock","20":"shipping-taxable","21":"purchasable","22":"product-type-simple"},"yoast_head":"<!-- This site is optimized with the Yoast SEO plugin v27.2 - https:\/\/yoast.com\/product\/yoast-seo-wordpress\/ -->\n<title>CARAMELO HALLS MIEL CON MENTA X 12U -<\/title>\n<meta name=\"description\" content=\"Haz tu pedido en nuestra tienda online de los caramelos Halls de miel con menta para que no falten en tu drugstore. Adem\u00e1s de este producto a un precio inmejorable, encuentra mucho otros.\" \/>\n<meta name=\"robots\" content=\"index, follow, max-snippet:-1, max-image-preview:large, max-video-preview:-1\" \/>\n<link rel=\"canonical\" href=\"https:\/\/www.golosinaspormayor.com\/ventaonline\/tienda\/caramelos\/caramelo-halls-miel-con-menta\/\" \/>\n<meta property=\"og:locale\" content=\"es_ES\" \/>\n<meta property=\"og:type\" content=\"article\" \/>\n<meta property=\"og:title\" content=\"CARAMELO HALLS MIEL CON MENTA X 12U -\" \/>\n<meta property=\"og:description\" content=\"Haz tu pedido en nuestra tienda online de los caramelos Halls de miel con menta para que no falten en tu drugstore. Adem\u00e1s de este producto a un precio inmejorable, encuentra mucho otros.\" \/>\n<meta property=\"og:url\" content=\"https:\/\/www.golosinaspormayor.com\/ventaonline\/tienda\/caramelos\/caramelo-halls-miel-con-menta\/\" \/>\n<meta property=\"og:site_name\" content=\"Golosinas por Mayor\" \/>\n<meta property=\"article:modified_time\" content=\"2021-09-21T15:06:13+00:00\" \/>\n<meta property=\"og:image\" content=\"https:\/\/www.golosinaspormayor.com\/ventaonline\/wp-content\/uploads\/caramelo-halls-miel-con-menta-minorista.jpg\" \/>\n\t<meta property=\"og:image:width\" content=\"400\" \/>\n\t<meta property=\"og:image:height\" content=\"300\" \/>\n\t<meta property=\"og:image:type\" content=\"image\/jpeg\" \/>\n<meta name=\"twitter:label1\" content=\"Tiempo de lectura\" \/>\n\t<meta name=\"twitter:data1\" content=\"1 minuto\" \/>\n<script type=\"application\/ld+json\" class=\"yoast-schema-graph\">{\"@context\":\"https:\/\/schema.org\",\"@graph\":[{\"@type\":\"WebPage\",\"@id\":\"https:\/\/www.golosinaspormayor.com\/ventaonline\/tienda\/caramelos\/caramelo-halls-miel-con-menta\/\",\"url\":\"https:\/\/www.golosinaspormayor.com\/ventaonline\/tienda\/caramelos\/caramelo-halls-miel-con-menta\/\",\"name\":\"CARAMELO HALLS MIEL CON MENTA X 12U -\",\"isPartOf\":{\"@id\":\"https:\/\/www.golosinaspormayor.com\/ventaonline\/#website\"},\"primaryImageOfPage\":{\"@id\":\"https:\/\/www.golosinaspormayor.com\/ventaonline\/tienda\/caramelos\/caramelo-halls-miel-con-menta\/#primaryimage\"},\"image\":{\"@id\":\"https:\/\/www.golosinaspormayor.com\/ventaonline\/tienda\/caramelos\/caramelo-halls-miel-con-menta\/#primaryimage\"},\"thumbnailUrl\":\"https:\/\/www.golosinaspormayor.com\/ventaonline\/wp-content\/uploads\/caramelo-halls-miel-con-menta-minorista.jpg\",\"datePublished\":\"2013-09-06T16:42:09+00:00\",\"dateModified\":\"2021-09-21T15:06:13+00:00\",\"description\":\"Haz tu pedido en nuestra tienda online de los caramelos Halls de miel con menta para que no falten en tu drugstore. Adem\u00e1s de este producto a un precio inmejorable, encuentra mucho otros.\",\"breadcrumb\":{\"@id\":\"https:\/\/www.golosinaspormayor.com\/ventaonline\/tienda\/caramelos\/caramelo-halls-miel-con-menta\/#breadcrumb\"},\"inLanguage\":\"es\",\"potentialAction\":[{\"@type\":\"ReadAction\",\"target\":[\"https:\/\/www.golosinaspormayor.com\/ventaonline\/tienda\/caramelos\/caramelo-halls-miel-con-menta\/\"]}]},{\"@type\":\"ImageObject\",\"inLanguage\":\"es\",\"@id\":\"https:\/\/www.golosinaspormayor.com\/ventaonline\/tienda\/caramelos\/caramelo-halls-miel-con-menta\/#primaryimage\",\"url\":\"https:\/\/www.golosinaspormayor.com\/ventaonline\/wp-content\/uploads\/caramelo-halls-miel-con-menta-minorista.jpg\",\"contentUrl\":\"https:\/\/www.golosinaspormayor.com\/ventaonline\/wp-content\/uploads\/caramelo-halls-miel-con-menta-minorista.jpg\",\"width\":400,\"height\":300,\"caption\":\"caramelo-halls-miel-con-menta-mayorista\"},{\"@type\":\"BreadcrumbList\",\"@id\":\"https:\/\/www.golosinaspormayor.com\/ventaonline\/tienda\/caramelos\/caramelo-halls-miel-con-menta\/#breadcrumb\",\"itemListElement\":[{\"@type\":\"ListItem\",\"position\":1,\"name\":\"Tienda\",\"item\":\"https:\/\/www.golosinaspormayor.com\/ventaonline\/tienda\/\"},{\"@type\":\"ListItem\",\"position\":2,\"name\":\"CARAMELO HALLS MIEL CON MENTA X 12U\"}]},{\"@type\":\"WebSite\",\"@id\":\"https:\/\/www.golosinaspormayor.com\/ventaonline\/#website\",\"url\":\"https:\/\/www.golosinaspormayor.com\/ventaonline\/\",\"name\":\"Golosinas por Mayor\",\"description\":\"Venta online de golosinas por mayor\",\"publisher\":{\"@id\":\"https:\/\/www.golosinaspormayor.com\/ventaonline\/#organization\"},\"potentialAction\":[{\"@type\":\"SearchAction\",\"target\":{\"@type\":\"EntryPoint\",\"urlTemplate\":\"https:\/\/www.golosinaspormayor.com\/ventaonline\/?s={search_term_string}\"},\"query-input\":{\"@type\":\"PropertyValueSpecification\",\"valueRequired\":true,\"valueName\":\"search_term_string\"}}],\"inLanguage\":\"es\"},{\"@type\":\"Organization\",\"@id\":\"https:\/\/www.golosinaspormayor.com\/ventaonline\/#organization\",\"name\":\"Golosinas por Mayor\",\"url\":\"https:\/\/www.golosinaspormayor.com\/ventaonline\/\",\"logo\":{\"@type\":\"ImageObject\",\"inLanguage\":\"es\",\"@id\":\"https:\/\/www.golosinaspormayor.com\/ventaonline\/#\/schema\/logo\/image\/\",\"url\":\"https:\/\/www.golosinaspormayor.com\/ventaonline\/wp-content\/uploads\/Copia-de-pop-logo-png.png\",\"contentUrl\":\"https:\/\/www.golosinaspormayor.com\/ventaonline\/wp-content\/uploads\/Copia-de-pop-logo-png.png\",\"width\":150,\"height\":46,\"caption\":\"Golosinas por Mayor\"},\"image\":{\"@id\":\"https:\/\/www.golosinaspormayor.com\/ventaonline\/#\/schema\/logo\/image\/\"}}]}<\/script>\n<!-- \/ Yoast SEO plugin. -->","yoast_head_json":{"title":"CARAMELO HALLS MIEL CON MENTA X 12U -","description":"Haz tu pedido en nuestra tienda online de los caramelos Halls de miel con menta para que no falten en tu drugstore. Adem\u00e1s de este producto a un precio inmejorable, encuentra mucho otros.","robots":{"index":"index","follow":"follow","max-snippet":"max-snippet:-1","max-image-preview":"max-image-preview:large","max-video-preview":"max-video-preview:-1"},"canonical":"https:\/\/www.golosinaspormayor.com\/ventaonline\/tienda\/caramelos\/caramelo-halls-miel-con-menta\/","og_locale":"es_ES","og_type":"article","og_title":"CARAMELO HALLS MIEL CON MENTA X 12U -","og_description":"Haz tu pedido en nuestra tienda online de los caramelos Halls de miel con menta para que no falten en tu drugstore. Adem\u00e1s de este producto a un precio inmejorable, encuentra mucho otros.","og_url":"https:\/\/www.golosinaspormayor.com\/ventaonline\/tienda\/caramelos\/caramelo-halls-miel-con-menta\/","og_site_name":"Golosinas por Mayor","article_modified_time":"2021-09-21T15:06:13+00:00","og_image":[{"width":400,"height":300,"url":"https:\/\/www.golosinaspormayor.com\/ventaonline\/wp-content\/uploads\/caramelo-halls-miel-con-menta-minorista.jpg","type":"image\/jpeg"}],"twitter_misc":{"Tiempo de lectura":"1 minuto"},"schema":{"@context":"https:\/\/schema.org","@graph":[{"@type":"WebPage","@id":"https:\/\/www.golosinaspormayor.com\/ventaonline\/tienda\/caramelos\/caramelo-halls-miel-con-menta\/","url":"https:\/\/www.golosinaspormayor.com\/ventaonline\/tienda\/caramelos\/caramelo-halls-miel-con-menta\/","name":"CARAMELO HALLS MIEL CON MENTA X 12U -","isPartOf":{"@id":"https:\/\/www.golosinaspormayor.com\/ventaonline\/#website"},"primaryImageOfPage":{"@id":"https:\/\/www.golosinaspormayor.com\/ventaonline\/tienda\/caramelos\/caramelo-halls-miel-con-menta\/#primaryimage"},"image":{"@id":"https:\/\/www.golosinaspormayor.com\/ventaonline\/tienda\/caramelos\/caramelo-halls-miel-con-menta\/#primaryimage"},"thumbnailUrl":"https:\/\/www.golosinaspormayor.com\/ventaonline\/wp-content\/uploads\/caramelo-halls-miel-con-menta-minorista.jpg","datePublished":"2013-09-06T16:42:09+00:00","dateModified":"2021-09-21T15:06:13+00:00","description":"Haz tu pedido en nuestra tienda online de los caramelos Halls de miel con menta para que no falten en tu drugstore. Adem\u00e1s de este producto a un precio inmejorable, encuentra mucho otros.","breadcrumb":{"@id":"https:\/\/www.golosinaspormayor.com\/ventaonline\/tienda\/caramelos\/caramelo-halls-miel-con-menta\/#breadcrumb"},"inLanguage":"es","potentialAction":[{"@type":"ReadAction","target":["https:\/\/www.golosinaspormayor.com\/ventaonline\/tienda\/caramelos\/caramelo-halls-miel-con-menta\/"]}]},{"@type":"ImageObject","inLanguage":"es","@id":"https:\/\/www.golosinaspormayor.com\/ventaonline\/tienda\/caramelos\/caramelo-halls-miel-con-menta\/#primaryimage","url":"https:\/\/www.golosinaspormayor.com\/ventaonline\/wp-content\/uploads\/caramelo-halls-miel-con-menta-minorista.jpg","contentUrl":"https:\/\/www.golosinaspormayor.com\/ventaonline\/wp-content\/uploads\/caramelo-halls-miel-con-menta-minorista.jpg","width":400,"height":300,"caption":"caramelo-halls-miel-con-menta-mayorista"},{"@type":"BreadcrumbList","@id":"https:\/\/www.golosinaspormayor.com\/ventaonline\/tienda\/caramelos\/caramelo-halls-miel-con-menta\/#breadcrumb","itemListElement":[{"@type":"ListItem","position":1,"name":"Tienda","item":"https:\/\/www.golosinaspormayor.com\/ventaonline\/tienda\/"},{"@type":"ListItem","position":2,"name":"CARAMELO HALLS MIEL CON MENTA X 12U"}]},{"@type":"WebSite","@id":"https:\/\/www.golosinaspormayor.com\/ventaonline\/#website","url":"https:\/\/www.golosinaspormayor.com\/ventaonline\/","name":"Golosinas por Mayor","description":"Venta online de golosinas por mayor","publisher":{"@id":"https:\/\/www.golosinaspormayor.com\/ventaonline\/#organization"},"potentialAction":[{"@type":"SearchAction","target":{"@type":"EntryPoint","urlTemplate":"https:\/\/www.golosinaspormayor.com\/ventaonline\/?s={search_term_string}"},"query-input":{"@type":"PropertyValueSpecification","valueRequired":true,"valueName":"search_term_string"}}],"inLanguage":"es"},{"@type":"Organization","@id":"https:\/\/www.golosinaspormayor.com\/ventaonline\/#organization","name":"Golosinas por Mayor","url":"https:\/\/www.golosinaspormayor.com\/ventaonline\/","logo":{"@type":"ImageObject","inLanguage":"es","@id":"https:\/\/www.golosinaspormayor.com\/ventaonline\/#\/schema\/logo\/image\/","url":"https:\/\/www.golosinaspormayor.com\/ventaonline\/wp-content\/uploads\/Copia-de-pop-logo-png.png","contentUrl":"https:\/\/www.golosinaspormayor.com\/ventaonline\/wp-content\/uploads\/Copia-de-pop-logo-png.png","width":150,"height":46,"caption":"Golosinas por Mayor"},"image":{"@id":"https:\/\/www.golosinaspormayor.com\/ventaonline\/#\/schema\/logo\/image\/"}}]}},"_links":{"self":[{"href":"https:\/\/www.golosinaspormayor.com\/ventaonline\/wp-json\/wp\/v2\/product\/548","targetHints":{"allow":["GET"]}}],"collection":[{"href":"https:\/\/www.golosinaspormayor.com\/ventaonline\/wp-json\/wp\/v2\/product"}],"about":[{"href":"https:\/\/www.golosinaspormayor.com\/ventaonline\/wp-json\/wp\/v2\/types\/product"}],"replies":[{"embeddable":true,"href":"https:\/\/www.golosinaspormayor.com\/ventaonline\/wp-json\/wp\/v2\/comments?post=548"}],"wp:featuredmedia":[{"embeddable":true,"href":"https:\/\/www.golosinaspormayor.com\/ventaonline\/wp-json\/wp\/v2\/media\/549"}],"wp:attachment":[{"href":"https:\/\/www.golosinaspormayor.com\/ventaonline\/wp-json\/wp\/v2\/media?parent=548"}],"wp:term":[{"taxonomy":"product_brand","embeddable":true,"href":"https:\/\/www.golosinaspormayor.com\/ventaonline\/wp-json\/wp\/v2\/product_brand?post=548"},{"taxonomy":"product_cat","embeddable":true,"href":"https:\/\/www.golosinaspormayor.com\/ventaonline\/wp-json\/wp\/v2\/product_cat?post=548"},{"taxonomy":"product_tag","embeddable":true,"href":"https:\/\/www.golosinaspormayor.com\/ventaonline\/wp-json\/wp\/v2\/product_tag?post=548"}],"curies":[{"name":"wp","href":"https:\/\/api.w.org\/{rel}","templated":true}]}}