{"id":527,"date":"2013-09-06T14:00:44","date_gmt":"2013-09-06T17:00:44","guid":{"rendered":"http:\/\/www.golosinaspormayor.com\/ventaonline\/?post_type=product&#038;p=527"},"modified":"2018-08-03T11:20:59","modified_gmt":"2018-08-03T14:20:59","slug":"caramelo-mentos-sandia","status":"publish","type":"product","link":"https:\/\/www.golosinaspormayor.com\/ventaonline\/tienda\/caramelos\/caramelo-mentos-sandia\/","title":{"rendered":"CARAMELO MENTOS SANDIA X 12U"},"content":{"rendered":"<p>Llegaron los caramelos mentos de sand\u00eda, y qu\u00e9 decir de ellos, siendo una de las marcas lideres en caramelos refrescantes; solo tienes que hacerles probar a tus clientes que seguro te contar\u00e1n sus experiencias, son excelentes a toda hora, porque la menta y la sand\u00eda hacen un conjunto delicioso, eso es lo que se busca hoy en d\u00eda, que los consumidores experimenten con nuevos productos, como este, y desde luego con nuevos sabores que mezclados en la boca, te llevan al para\u00edso del sabor.<\/p>\n<p>Para venderlos y pasar al frente en las ventas solo tienes que pedirlos aqu\u00ed mediante nuestra tienda online, porque estamos esperando que nos hagas el pedido para acercarte al lugar que t\u00fa digas las mercader\u00edas m\u00e1s fabulosas de los \u00faltimos tiempos en materia de golosinas. Podr\u00e1s tener en el drugstore, toda la linea de Mentos que desees, pero no te pueden faltar los caramelos Mentos de sand\u00eda, porque es un sabor que le gusta a todo el mundo, eso lo dicen las encuestas del producto, que ya se ha ganado muchos fans. La sand\u00eda, es una de las frutas que muchos aman, y pocos son los que la rechazan as\u00ed que saca tus propias conclusiones en un producto como \u00e9ste.<\/p>\n","protected":false},"excerpt":{"rendered":"<p><strong>MENTOS SANDIA x 12u B\/24<\/strong><\/p>\n","protected":false},"featured_media":528,"comment_status":"closed","ping_status":"closed","template":"","meta":{"site-sidebar-layout":"default","site-content-layout":"","ast-site-content-layout":"default","site-content-style":"default","site-sidebar-style":"default","ast-global-header-display":"","ast-banner-title-visibility":"","ast-main-header-display":"","ast-hfb-above-header-display":"","ast-hfb-below-header-display":"","ast-hfb-mobile-header-display":"","site-post-title":"","ast-breadcrumbs-content":"","ast-featured-img":"","footer-sml-layout":"","ast-disable-related-posts":"","theme-transparent-header-meta":"","adv-header-id-meta":"","stick-header-meta":"","header-above-stick-meta":"","header-main-stick-meta":"","header-below-stick-meta":"","astra-migrate-meta-layouts":"default","ast-page-background-enabled":"default","ast-page-background-meta":{"desktop":{"background-color":"","background-image":"","background-repeat":"repeat","background-position":"center center","background-size":"auto","background-attachment":"scroll","background-type":"","background-media":"","overlay-type":"","overlay-color":"","overlay-opacity":"","overlay-gradient":""},"tablet":{"background-color":"","background-image":"","background-repeat":"repeat","background-position":"center center","background-size":"auto","background-attachment":"scroll","background-type":"","background-media":"","overlay-type":"","overlay-color":"","overlay-opacity":"","overlay-gradient":""},"mobile":{"background-color":"","background-image":"","background-repeat":"repeat","background-position":"center center","background-size":"auto","background-attachment":"scroll","background-type":"","background-media":"","overlay-type":"","overlay-color":"","overlay-opacity":"","overlay-gradient":""}},"ast-content-background-meta":{"desktop":{"background-color":"var(--ast-global-color-5)","background-image":"","background-repeat":"repeat","background-position":"center center","background-size":"auto","background-attachment":"scroll","background-type":"","background-media":"","overlay-type":"","overlay-color":"","overlay-opacity":"","overlay-gradient":""},"tablet":{"background-color":"var(--ast-global-color-5)","background-image":"","background-repeat":"repeat","background-position":"center center","background-size":"auto","background-attachment":"scroll","background-type":"","background-media":"","overlay-type":"","overlay-color":"","overlay-opacity":"","overlay-gradient":""},"mobile":{"background-color":"var(--ast-global-color-5)","background-image":"","background-repeat":"repeat","background-position":"center center","background-size":"auto","background-attachment":"scroll","background-type":"","background-media":"","overlay-type":"","overlay-color":"","overlay-opacity":"","overlay-gradient":""}},"_joinchat":[]},"product_brand":[],"product_cat":[218],"product_tag":[334,50,112,328,324,333],"class_list":{"0":"post-527","1":"product","2":"type-product","3":"status-publish","4":"has-post-thumbnail","6":"product_cat-caramelos","7":"product_tag-frutales","8":"product_tag-golosinas","9":"product_tag-kiosco","10":"product_tag-mentos","11":"product_tag-pastillas","12":"product_tag-sandia","13":"desktop-align-left","14":"tablet-align-left","15":"mobile-align-left","16":"ast-product-gallery-layout-vertical","17":"ast-product-gallery-with-no-image","18":"ast-product-tabs-layout-vertical","20":"first","21":"outofstock","22":"shipping-taxable","23":"product-type-simple"},"yoast_head":"<!-- This site is optimized with the Yoast SEO plugin v27.2 - https:\/\/yoast.com\/product\/yoast-seo-wordpress\/ -->\n<title>CARAMELO MENTOS SANDIA X 12U -<\/title>\n<meta name=\"description\" content=\"Los caramelos mentos de sandia son una de las pastillas m\u00e1s elegidas por su riqu\u00edsimo sabor. No dudes en hacernos tu pedido y te lo enviaremos dentro de las pr\u00f3ximas 48 horas.\" \/>\n<meta name=\"robots\" content=\"index, follow, max-snippet:-1, max-image-preview:large, max-video-preview:-1\" \/>\n<link rel=\"canonical\" href=\"https:\/\/www.golosinaspormayor.com\/ventaonline\/tienda\/caramelos\/caramelo-mentos-sandia\/\" \/>\n<meta property=\"og:locale\" content=\"es_ES\" \/>\n<meta property=\"og:type\" content=\"article\" \/>\n<meta property=\"og:title\" content=\"CARAMELO MENTOS SANDIA X 12U -\" \/>\n<meta property=\"og:description\" content=\"Los caramelos mentos de sandia son una de las pastillas m\u00e1s elegidas por su riqu\u00edsimo sabor. No dudes en hacernos tu pedido y te lo enviaremos dentro de las pr\u00f3ximas 48 horas.\" \/>\n<meta property=\"og:url\" content=\"https:\/\/www.golosinaspormayor.com\/ventaonline\/tienda\/caramelos\/caramelo-mentos-sandia\/\" \/>\n<meta property=\"og:site_name\" content=\"Golosinas por Mayor\" \/>\n<meta property=\"article:modified_time\" content=\"2018-08-03T14:20:59+00:00\" \/>\n<meta property=\"og:image\" content=\"https:\/\/www.golosinaspormayor.com\/ventaonline\/wp-content\/uploads\/caramelos-mentos-sandia-catalogo.jpg\" \/>\n\t<meta property=\"og:image:width\" content=\"600\" \/>\n\t<meta property=\"og:image:height\" content=\"600\" \/>\n\t<meta property=\"og:image:type\" content=\"image\/jpeg\" \/>\n<meta name=\"twitter:label1\" content=\"Tiempo de lectura\" \/>\n\t<meta name=\"twitter:data1\" content=\"1 minuto\" \/>\n<script type=\"application\/ld+json\" class=\"yoast-schema-graph\">{\"@context\":\"https:\/\/schema.org\",\"@graph\":[{\"@type\":\"WebPage\",\"@id\":\"https:\/\/www.golosinaspormayor.com\/ventaonline\/tienda\/caramelos\/caramelo-mentos-sandia\/\",\"url\":\"https:\/\/www.golosinaspormayor.com\/ventaonline\/tienda\/caramelos\/caramelo-mentos-sandia\/\",\"name\":\"CARAMELO MENTOS SANDIA X 12U -\",\"isPartOf\":{\"@id\":\"https:\/\/www.golosinaspormayor.com\/ventaonline\/#website\"},\"primaryImageOfPage\":{\"@id\":\"https:\/\/www.golosinaspormayor.com\/ventaonline\/tienda\/caramelos\/caramelo-mentos-sandia\/#primaryimage\"},\"image\":{\"@id\":\"https:\/\/www.golosinaspormayor.com\/ventaonline\/tienda\/caramelos\/caramelo-mentos-sandia\/#primaryimage\"},\"thumbnailUrl\":\"https:\/\/www.golosinaspormayor.com\/ventaonline\/wp-content\/uploads\/caramelos-mentos-sandia-catalogo.jpg\",\"datePublished\":\"2013-09-06T17:00:44+00:00\",\"dateModified\":\"2018-08-03T14:20:59+00:00\",\"description\":\"Los caramelos mentos de sandia son una de las pastillas m\u00e1s elegidas por su riqu\u00edsimo sabor. No dudes en hacernos tu pedido y te lo enviaremos dentro de las pr\u00f3ximas 48 horas.\",\"breadcrumb\":{\"@id\":\"https:\/\/www.golosinaspormayor.com\/ventaonline\/tienda\/caramelos\/caramelo-mentos-sandia\/#breadcrumb\"},\"inLanguage\":\"es\",\"potentialAction\":[{\"@type\":\"ReadAction\",\"target\":[\"https:\/\/www.golosinaspormayor.com\/ventaonline\/tienda\/caramelos\/caramelo-mentos-sandia\/\"]}]},{\"@type\":\"ImageObject\",\"inLanguage\":\"es\",\"@id\":\"https:\/\/www.golosinaspormayor.com\/ventaonline\/tienda\/caramelos\/caramelo-mentos-sandia\/#primaryimage\",\"url\":\"https:\/\/www.golosinaspormayor.com\/ventaonline\/wp-content\/uploads\/caramelos-mentos-sandia-catalogo.jpg\",\"contentUrl\":\"https:\/\/www.golosinaspormayor.com\/ventaonline\/wp-content\/uploads\/caramelos-mentos-sandia-catalogo.jpg\",\"width\":600,\"height\":600,\"caption\":\"caramelos-mentos-sandia-catalogo\"},{\"@type\":\"BreadcrumbList\",\"@id\":\"https:\/\/www.golosinaspormayor.com\/ventaonline\/tienda\/caramelos\/caramelo-mentos-sandia\/#breadcrumb\",\"itemListElement\":[{\"@type\":\"ListItem\",\"position\":1,\"name\":\"Tienda\",\"item\":\"https:\/\/www.golosinaspormayor.com\/ventaonline\/tienda\/\"},{\"@type\":\"ListItem\",\"position\":2,\"name\":\"CARAMELO MENTOS SANDIA X 12U\"}]},{\"@type\":\"WebSite\",\"@id\":\"https:\/\/www.golosinaspormayor.com\/ventaonline\/#website\",\"url\":\"https:\/\/www.golosinaspormayor.com\/ventaonline\/\",\"name\":\"Golosinas por Mayor\",\"description\":\"Venta online de golosinas por mayor\",\"publisher\":{\"@id\":\"https:\/\/www.golosinaspormayor.com\/ventaonline\/#organization\"},\"potentialAction\":[{\"@type\":\"SearchAction\",\"target\":{\"@type\":\"EntryPoint\",\"urlTemplate\":\"https:\/\/www.golosinaspormayor.com\/ventaonline\/?s={search_term_string}\"},\"query-input\":{\"@type\":\"PropertyValueSpecification\",\"valueRequired\":true,\"valueName\":\"search_term_string\"}}],\"inLanguage\":\"es\"},{\"@type\":\"Organization\",\"@id\":\"https:\/\/www.golosinaspormayor.com\/ventaonline\/#organization\",\"name\":\"Golosinas por Mayor\",\"url\":\"https:\/\/www.golosinaspormayor.com\/ventaonline\/\",\"logo\":{\"@type\":\"ImageObject\",\"inLanguage\":\"es\",\"@id\":\"https:\/\/www.golosinaspormayor.com\/ventaonline\/#\/schema\/logo\/image\/\",\"url\":\"https:\/\/www.golosinaspormayor.com\/ventaonline\/wp-content\/uploads\/Copia-de-pop-logo-png.png\",\"contentUrl\":\"https:\/\/www.golosinaspormayor.com\/ventaonline\/wp-content\/uploads\/Copia-de-pop-logo-png.png\",\"width\":150,\"height\":46,\"caption\":\"Golosinas por Mayor\"},\"image\":{\"@id\":\"https:\/\/www.golosinaspormayor.com\/ventaonline\/#\/schema\/logo\/image\/\"}}]}<\/script>\n<!-- \/ Yoast SEO plugin. -->","yoast_head_json":{"title":"CARAMELO MENTOS SANDIA X 12U -","description":"Los caramelos mentos de sandia son una de las pastillas m\u00e1s elegidas por su riqu\u00edsimo sabor. No dudes en hacernos tu pedido y te lo enviaremos dentro de las pr\u00f3ximas 48 horas.","robots":{"index":"index","follow":"follow","max-snippet":"max-snippet:-1","max-image-preview":"max-image-preview:large","max-video-preview":"max-video-preview:-1"},"canonical":"https:\/\/www.golosinaspormayor.com\/ventaonline\/tienda\/caramelos\/caramelo-mentos-sandia\/","og_locale":"es_ES","og_type":"article","og_title":"CARAMELO MENTOS SANDIA X 12U -","og_description":"Los caramelos mentos de sandia son una de las pastillas m\u00e1s elegidas por su riqu\u00edsimo sabor. No dudes en hacernos tu pedido y te lo enviaremos dentro de las pr\u00f3ximas 48 horas.","og_url":"https:\/\/www.golosinaspormayor.com\/ventaonline\/tienda\/caramelos\/caramelo-mentos-sandia\/","og_site_name":"Golosinas por Mayor","article_modified_time":"2018-08-03T14:20:59+00:00","og_image":[{"width":600,"height":600,"url":"https:\/\/www.golosinaspormayor.com\/ventaonline\/wp-content\/uploads\/caramelos-mentos-sandia-catalogo.jpg","type":"image\/jpeg"}],"twitter_misc":{"Tiempo de lectura":"1 minuto"},"schema":{"@context":"https:\/\/schema.org","@graph":[{"@type":"WebPage","@id":"https:\/\/www.golosinaspormayor.com\/ventaonline\/tienda\/caramelos\/caramelo-mentos-sandia\/","url":"https:\/\/www.golosinaspormayor.com\/ventaonline\/tienda\/caramelos\/caramelo-mentos-sandia\/","name":"CARAMELO MENTOS SANDIA X 12U -","isPartOf":{"@id":"https:\/\/www.golosinaspormayor.com\/ventaonline\/#website"},"primaryImageOfPage":{"@id":"https:\/\/www.golosinaspormayor.com\/ventaonline\/tienda\/caramelos\/caramelo-mentos-sandia\/#primaryimage"},"image":{"@id":"https:\/\/www.golosinaspormayor.com\/ventaonline\/tienda\/caramelos\/caramelo-mentos-sandia\/#primaryimage"},"thumbnailUrl":"https:\/\/www.golosinaspormayor.com\/ventaonline\/wp-content\/uploads\/caramelos-mentos-sandia-catalogo.jpg","datePublished":"2013-09-06T17:00:44+00:00","dateModified":"2018-08-03T14:20:59+00:00","description":"Los caramelos mentos de sandia son una de las pastillas m\u00e1s elegidas por su riqu\u00edsimo sabor. No dudes en hacernos tu pedido y te lo enviaremos dentro de las pr\u00f3ximas 48 horas.","breadcrumb":{"@id":"https:\/\/www.golosinaspormayor.com\/ventaonline\/tienda\/caramelos\/caramelo-mentos-sandia\/#breadcrumb"},"inLanguage":"es","potentialAction":[{"@type":"ReadAction","target":["https:\/\/www.golosinaspormayor.com\/ventaonline\/tienda\/caramelos\/caramelo-mentos-sandia\/"]}]},{"@type":"ImageObject","inLanguage":"es","@id":"https:\/\/www.golosinaspormayor.com\/ventaonline\/tienda\/caramelos\/caramelo-mentos-sandia\/#primaryimage","url":"https:\/\/www.golosinaspormayor.com\/ventaonline\/wp-content\/uploads\/caramelos-mentos-sandia-catalogo.jpg","contentUrl":"https:\/\/www.golosinaspormayor.com\/ventaonline\/wp-content\/uploads\/caramelos-mentos-sandia-catalogo.jpg","width":600,"height":600,"caption":"caramelos-mentos-sandia-catalogo"},{"@type":"BreadcrumbList","@id":"https:\/\/www.golosinaspormayor.com\/ventaonline\/tienda\/caramelos\/caramelo-mentos-sandia\/#breadcrumb","itemListElement":[{"@type":"ListItem","position":1,"name":"Tienda","item":"https:\/\/www.golosinaspormayor.com\/ventaonline\/tienda\/"},{"@type":"ListItem","position":2,"name":"CARAMELO MENTOS SANDIA X 12U"}]},{"@type":"WebSite","@id":"https:\/\/www.golosinaspormayor.com\/ventaonline\/#website","url":"https:\/\/www.golosinaspormayor.com\/ventaonline\/","name":"Golosinas por Mayor","description":"Venta online de golosinas por mayor","publisher":{"@id":"https:\/\/www.golosinaspormayor.com\/ventaonline\/#organization"},"potentialAction":[{"@type":"SearchAction","target":{"@type":"EntryPoint","urlTemplate":"https:\/\/www.golosinaspormayor.com\/ventaonline\/?s={search_term_string}"},"query-input":{"@type":"PropertyValueSpecification","valueRequired":true,"valueName":"search_term_string"}}],"inLanguage":"es"},{"@type":"Organization","@id":"https:\/\/www.golosinaspormayor.com\/ventaonline\/#organization","name":"Golosinas por Mayor","url":"https:\/\/www.golosinaspormayor.com\/ventaonline\/","logo":{"@type":"ImageObject","inLanguage":"es","@id":"https:\/\/www.golosinaspormayor.com\/ventaonline\/#\/schema\/logo\/image\/","url":"https:\/\/www.golosinaspormayor.com\/ventaonline\/wp-content\/uploads\/Copia-de-pop-logo-png.png","contentUrl":"https:\/\/www.golosinaspormayor.com\/ventaonline\/wp-content\/uploads\/Copia-de-pop-logo-png.png","width":150,"height":46,"caption":"Golosinas por Mayor"},"image":{"@id":"https:\/\/www.golosinaspormayor.com\/ventaonline\/#\/schema\/logo\/image\/"}}]}},"_links":{"self":[{"href":"https:\/\/www.golosinaspormayor.com\/ventaonline\/wp-json\/wp\/v2\/product\/527","targetHints":{"allow":["GET"]}}],"collection":[{"href":"https:\/\/www.golosinaspormayor.com\/ventaonline\/wp-json\/wp\/v2\/product"}],"about":[{"href":"https:\/\/www.golosinaspormayor.com\/ventaonline\/wp-json\/wp\/v2\/types\/product"}],"replies":[{"embeddable":true,"href":"https:\/\/www.golosinaspormayor.com\/ventaonline\/wp-json\/wp\/v2\/comments?post=527"}],"wp:featuredmedia":[{"embeddable":true,"href":"https:\/\/www.golosinaspormayor.com\/ventaonline\/wp-json\/wp\/v2\/media\/528"}],"wp:attachment":[{"href":"https:\/\/www.golosinaspormayor.com\/ventaonline\/wp-json\/wp\/v2\/media?parent=527"}],"wp:term":[{"taxonomy":"product_brand","embeddable":true,"href":"https:\/\/www.golosinaspormayor.com\/ventaonline\/wp-json\/wp\/v2\/product_brand?post=527"},{"taxonomy":"product_cat","embeddable":true,"href":"https:\/\/www.golosinaspormayor.com\/ventaonline\/wp-json\/wp\/v2\/product_cat?post=527"},{"taxonomy":"product_tag","embeddable":true,"href":"https:\/\/www.golosinaspormayor.com\/ventaonline\/wp-json\/wp\/v2\/product_tag?post=527"}],"curies":[{"name":"wp","href":"https:\/\/api.w.org\/{rel}","templated":true}]}}