{"id":451,"date":"2013-09-02T20:47:41","date_gmt":"2013-09-02T23:47:41","guid":{"rendered":"http:\/\/www.golosinaspormayor.com\/ventaonline\/?post_type=product&#038;p=451"},"modified":"2018-08-03T11:21:03","modified_gmt":"2018-08-03T14:21:03","slug":"gomita-trolli-mini-burger","status":"publish","type":"product","link":"https:\/\/www.golosinaspormayor.com\/ventaonline\/tienda\/gomitas\/gomita-trolli-mini-burger\/","title":{"rendered":"GOMITA TROLLI MINI BURGER X 60U"},"content":{"rendered":"<p>\u00bfTe imaginas la g\u00f3ndola de tu kiosco, renovada al 100%, con estas golosinas modernas, y ricas, a un precio inmejorable?, eso es lo que te queremos presentar, s\u00ed, las gomitas Trolli Mini Burger, que como la palabra lo indica, son peque\u00f1as hamburguesitas para divertir a grandes y chicos, con todo el sabor de las golosinas nuevas.<br \/>\nLas gomitas Trolli Mini Burger son divertid\u00edsimas, y es por ello que las vemos en las mesas dulces de los m\u00e1s chiquitos, que se lanzan a ellas, como atra\u00eddos y encantados por su sabor, y las novedosas presentaciones.<br \/>\nPocos son los productos que hoy en d\u00eda atraen a grandes y chicos, y \u00e9stas lo logran porque adem\u00e1s son de muy buena calidad.<br \/>\nLas presentaciones atrapan la mirada de grandes y chicos, que querr\u00e1n no solo probarlas, sino llevarlas de regalo.<br \/>\nNovedosas, divertidas, coloridas y como si fuera poco sabrosas por dem\u00e1s, as\u00ed que si quieres estar a la palestra de los mejores kioscos de la actualidad, no dejes de agregarlas a tus pedidos, \u00bfD\u00f3nde?, aqu\u00ed en nuestra tienda virtual de productos para tu kiosco, en la que te asombrar\u00e1s que estos productos cuestan menos de la mitad que en el mercado tradicional, haz tus pedidos, te estamos esperando.<\/p>\n","protected":false},"excerpt":{"rendered":"<p><strong>TROLLI MINI BURGER X 60U B\/6<\/strong><\/p>\n","protected":false},"featured_media":452,"comment_status":"closed","ping_status":"closed","template":"","meta":{"site-sidebar-layout":"default","site-content-layout":"","ast-site-content-layout":"default","site-content-style":"default","site-sidebar-style":"default","ast-global-header-display":"","ast-banner-title-visibility":"","ast-main-header-display":"","ast-hfb-above-header-display":"","ast-hfb-below-header-display":"","ast-hfb-mobile-header-display":"","site-post-title":"","ast-breadcrumbs-content":"","ast-featured-img":"","footer-sml-layout":"","ast-disable-related-posts":"","theme-transparent-header-meta":"","adv-header-id-meta":"","stick-header-meta":"","header-above-stick-meta":"","header-main-stick-meta":"","header-below-stick-meta":"","astra-migrate-meta-layouts":"default","ast-page-background-enabled":"default","ast-page-background-meta":{"desktop":{"background-color":"","background-image":"","background-repeat":"repeat","background-position":"center center","background-size":"auto","background-attachment":"scroll","background-type":"","background-media":"","overlay-type":"","overlay-color":"","overlay-opacity":"","overlay-gradient":""},"tablet":{"background-color":"","background-image":"","background-repeat":"repeat","background-position":"center center","background-size":"auto","background-attachment":"scroll","background-type":"","background-media":"","overlay-type":"","overlay-color":"","overlay-opacity":"","overlay-gradient":""},"mobile":{"background-color":"","background-image":"","background-repeat":"repeat","background-position":"center center","background-size":"auto","background-attachment":"scroll","background-type":"","background-media":"","overlay-type":"","overlay-color":"","overlay-opacity":"","overlay-gradient":""}},"ast-content-background-meta":{"desktop":{"background-color":"var(--ast-global-color-5)","background-image":"","background-repeat":"repeat","background-position":"center center","background-size":"auto","background-attachment":"scroll","background-type":"","background-media":"","overlay-type":"","overlay-color":"","overlay-opacity":"","overlay-gradient":""},"tablet":{"background-color":"var(--ast-global-color-5)","background-image":"","background-repeat":"repeat","background-position":"center center","background-size":"auto","background-attachment":"scroll","background-type":"","background-media":"","overlay-type":"","overlay-color":"","overlay-opacity":"","overlay-gradient":""},"mobile":{"background-color":"var(--ast-global-color-5)","background-image":"","background-repeat":"repeat","background-position":"center center","background-size":"auto","background-attachment":"scroll","background-type":"","background-media":"","overlay-type":"","overlay-color":"","overlay-opacity":"","overlay-gradient":""}},"_joinchat":[]},"product_brand":[],"product_cat":[213],"product_tag":[104,112,278,276],"class_list":{"0":"post-451","1":"product","2":"type-product","3":"status-publish","4":"has-post-thumbnail","6":"product_cat-gomitas","7":"product_tag-golosina","8":"product_tag-kiosco","9":"product_tag-mini-burger","10":"product_tag-trolli","11":"desktop-align-left","12":"tablet-align-left","13":"mobile-align-left","14":"ast-product-gallery-layout-vertical","15":"ast-product-gallery-with-no-image","16":"ast-product-tabs-layout-vertical","18":"first","19":"outofstock","20":"shipping-taxable","21":"purchasable","22":"product-type-simple"},"yoast_head":"<!-- This site is optimized with the Yoast SEO plugin v27.2 - https:\/\/yoast.com\/product\/yoast-seo-wordpress\/ -->\n<title>GOMITA TROLLI MINI BURGER X 60U -<\/title>\n<meta name=\"description\" content=\"Las gomitas Trolli Mini Burger son quiz\u00e1s las m\u00e1s divertidas de todas, adem\u00e1s son muy ricas y coloridas, los chicos las aman. No pueden faltar en tu maxi kiosco, haz tu pedido en nuestro e-commerce.\" \/>\n<meta name=\"robots\" content=\"index, follow, max-snippet:-1, max-image-preview:large, max-video-preview:-1\" \/>\n<link rel=\"canonical\" href=\"https:\/\/www.golosinaspormayor.com\/ventaonline\/tienda\/gomitas\/gomita-trolli-mini-burger\/\" \/>\n<meta property=\"og:locale\" content=\"es_ES\" \/>\n<meta property=\"og:type\" content=\"article\" \/>\n<meta property=\"og:title\" content=\"GOMITA TROLLI MINI BURGER X 60U -\" \/>\n<meta property=\"og:description\" content=\"Las gomitas Trolli Mini Burger son quiz\u00e1s las m\u00e1s divertidas de todas, adem\u00e1s son muy ricas y coloridas, los chicos las aman. No pueden faltar en tu maxi kiosco, haz tu pedido en nuestro e-commerce.\" \/>\n<meta property=\"og:url\" content=\"https:\/\/www.golosinaspormayor.com\/ventaonline\/tienda\/gomitas\/gomita-trolli-mini-burger\/\" \/>\n<meta property=\"og:site_name\" content=\"Golosinas por Mayor\" \/>\n<meta property=\"article:modified_time\" content=\"2018-08-03T14:21:03+00:00\" \/>\n<meta property=\"og:image\" content=\"https:\/\/www.golosinaspormayor.com\/ventaonline\/wp-content\/uploads\/gomitas-trolli-mini-burger-kiosco.jpg\" \/>\n\t<meta property=\"og:image:width\" content=\"300\" \/>\n\t<meta property=\"og:image:height\" content=\"300\" \/>\n\t<meta property=\"og:image:type\" content=\"image\/jpeg\" \/>\n<meta name=\"twitter:label1\" content=\"Tiempo de lectura\" \/>\n\t<meta name=\"twitter:data1\" content=\"1 minuto\" \/>\n<script type=\"application\/ld+json\" class=\"yoast-schema-graph\">{\"@context\":\"https:\/\/schema.org\",\"@graph\":[{\"@type\":\"WebPage\",\"@id\":\"https:\/\/www.golosinaspormayor.com\/ventaonline\/tienda\/gomitas\/gomita-trolli-mini-burger\/\",\"url\":\"https:\/\/www.golosinaspormayor.com\/ventaonline\/tienda\/gomitas\/gomita-trolli-mini-burger\/\",\"name\":\"GOMITA TROLLI MINI BURGER X 60U -\",\"isPartOf\":{\"@id\":\"https:\/\/www.golosinaspormayor.com\/ventaonline\/#website\"},\"primaryImageOfPage\":{\"@id\":\"https:\/\/www.golosinaspormayor.com\/ventaonline\/tienda\/gomitas\/gomita-trolli-mini-burger\/#primaryimage\"},\"image\":{\"@id\":\"https:\/\/www.golosinaspormayor.com\/ventaonline\/tienda\/gomitas\/gomita-trolli-mini-burger\/#primaryimage\"},\"thumbnailUrl\":\"https:\/\/www.golosinaspormayor.com\/ventaonline\/wp-content\/uploads\/gomitas-trolli-mini-burger-kiosco.jpg\",\"datePublished\":\"2013-09-02T23:47:41+00:00\",\"dateModified\":\"2018-08-03T14:21:03+00:00\",\"description\":\"Las gomitas Trolli Mini Burger son quiz\u00e1s las m\u00e1s divertidas de todas, adem\u00e1s son muy ricas y coloridas, los chicos las aman. No pueden faltar en tu maxi kiosco, haz tu pedido en nuestro e-commerce.\",\"breadcrumb\":{\"@id\":\"https:\/\/www.golosinaspormayor.com\/ventaonline\/tienda\/gomitas\/gomita-trolli-mini-burger\/#breadcrumb\"},\"inLanguage\":\"es\",\"potentialAction\":[{\"@type\":\"ReadAction\",\"target\":[\"https:\/\/www.golosinaspormayor.com\/ventaonline\/tienda\/gomitas\/gomita-trolli-mini-burger\/\"]}]},{\"@type\":\"ImageObject\",\"inLanguage\":\"es\",\"@id\":\"https:\/\/www.golosinaspormayor.com\/ventaonline\/tienda\/gomitas\/gomita-trolli-mini-burger\/#primaryimage\",\"url\":\"https:\/\/www.golosinaspormayor.com\/ventaonline\/wp-content\/uploads\/gomitas-trolli-mini-burger-kiosco.jpg\",\"contentUrl\":\"https:\/\/www.golosinaspormayor.com\/ventaonline\/wp-content\/uploads\/gomitas-trolli-mini-burger-kiosco.jpg\",\"width\":300,\"height\":300,\"caption\":\"gomitas-trolli-mini-burger-venta\"},{\"@type\":\"BreadcrumbList\",\"@id\":\"https:\/\/www.golosinaspormayor.com\/ventaonline\/tienda\/gomitas\/gomita-trolli-mini-burger\/#breadcrumb\",\"itemListElement\":[{\"@type\":\"ListItem\",\"position\":1,\"name\":\"Tienda\",\"item\":\"https:\/\/www.golosinaspormayor.com\/ventaonline\/tienda\/\"},{\"@type\":\"ListItem\",\"position\":2,\"name\":\"GOMITA TROLLI MINI BURGER X 60U\"}]},{\"@type\":\"WebSite\",\"@id\":\"https:\/\/www.golosinaspormayor.com\/ventaonline\/#website\",\"url\":\"https:\/\/www.golosinaspormayor.com\/ventaonline\/\",\"name\":\"Golosinas por Mayor\",\"description\":\"Venta online de golosinas por mayor\",\"publisher\":{\"@id\":\"https:\/\/www.golosinaspormayor.com\/ventaonline\/#organization\"},\"potentialAction\":[{\"@type\":\"SearchAction\",\"target\":{\"@type\":\"EntryPoint\",\"urlTemplate\":\"https:\/\/www.golosinaspormayor.com\/ventaonline\/?s={search_term_string}\"},\"query-input\":{\"@type\":\"PropertyValueSpecification\",\"valueRequired\":true,\"valueName\":\"search_term_string\"}}],\"inLanguage\":\"es\"},{\"@type\":\"Organization\",\"@id\":\"https:\/\/www.golosinaspormayor.com\/ventaonline\/#organization\",\"name\":\"Golosinas por Mayor\",\"url\":\"https:\/\/www.golosinaspormayor.com\/ventaonline\/\",\"logo\":{\"@type\":\"ImageObject\",\"inLanguage\":\"es\",\"@id\":\"https:\/\/www.golosinaspormayor.com\/ventaonline\/#\/schema\/logo\/image\/\",\"url\":\"https:\/\/www.golosinaspormayor.com\/ventaonline\/wp-content\/uploads\/Copia-de-pop-logo-png.png\",\"contentUrl\":\"https:\/\/www.golosinaspormayor.com\/ventaonline\/wp-content\/uploads\/Copia-de-pop-logo-png.png\",\"width\":150,\"height\":46,\"caption\":\"Golosinas por Mayor\"},\"image\":{\"@id\":\"https:\/\/www.golosinaspormayor.com\/ventaonline\/#\/schema\/logo\/image\/\"}}]}<\/script>\n<!-- \/ Yoast SEO plugin. -->","yoast_head_json":{"title":"GOMITA TROLLI MINI BURGER X 60U -","description":"Las gomitas Trolli Mini Burger son quiz\u00e1s las m\u00e1s divertidas de todas, adem\u00e1s son muy ricas y coloridas, los chicos las aman. No pueden faltar en tu maxi kiosco, haz tu pedido en nuestro e-commerce.","robots":{"index":"index","follow":"follow","max-snippet":"max-snippet:-1","max-image-preview":"max-image-preview:large","max-video-preview":"max-video-preview:-1"},"canonical":"https:\/\/www.golosinaspormayor.com\/ventaonline\/tienda\/gomitas\/gomita-trolli-mini-burger\/","og_locale":"es_ES","og_type":"article","og_title":"GOMITA TROLLI MINI BURGER X 60U -","og_description":"Las gomitas Trolli Mini Burger son quiz\u00e1s las m\u00e1s divertidas de todas, adem\u00e1s son muy ricas y coloridas, los chicos las aman. No pueden faltar en tu maxi kiosco, haz tu pedido en nuestro e-commerce.","og_url":"https:\/\/www.golosinaspormayor.com\/ventaonline\/tienda\/gomitas\/gomita-trolli-mini-burger\/","og_site_name":"Golosinas por Mayor","article_modified_time":"2018-08-03T14:21:03+00:00","og_image":[{"width":300,"height":300,"url":"https:\/\/www.golosinaspormayor.com\/ventaonline\/wp-content\/uploads\/gomitas-trolli-mini-burger-kiosco.jpg","type":"image\/jpeg"}],"twitter_misc":{"Tiempo de lectura":"1 minuto"},"schema":{"@context":"https:\/\/schema.org","@graph":[{"@type":"WebPage","@id":"https:\/\/www.golosinaspormayor.com\/ventaonline\/tienda\/gomitas\/gomita-trolli-mini-burger\/","url":"https:\/\/www.golosinaspormayor.com\/ventaonline\/tienda\/gomitas\/gomita-trolli-mini-burger\/","name":"GOMITA TROLLI MINI BURGER X 60U -","isPartOf":{"@id":"https:\/\/www.golosinaspormayor.com\/ventaonline\/#website"},"primaryImageOfPage":{"@id":"https:\/\/www.golosinaspormayor.com\/ventaonline\/tienda\/gomitas\/gomita-trolli-mini-burger\/#primaryimage"},"image":{"@id":"https:\/\/www.golosinaspormayor.com\/ventaonline\/tienda\/gomitas\/gomita-trolli-mini-burger\/#primaryimage"},"thumbnailUrl":"https:\/\/www.golosinaspormayor.com\/ventaonline\/wp-content\/uploads\/gomitas-trolli-mini-burger-kiosco.jpg","datePublished":"2013-09-02T23:47:41+00:00","dateModified":"2018-08-03T14:21:03+00:00","description":"Las gomitas Trolli Mini Burger son quiz\u00e1s las m\u00e1s divertidas de todas, adem\u00e1s son muy ricas y coloridas, los chicos las aman. No pueden faltar en tu maxi kiosco, haz tu pedido en nuestro e-commerce.","breadcrumb":{"@id":"https:\/\/www.golosinaspormayor.com\/ventaonline\/tienda\/gomitas\/gomita-trolli-mini-burger\/#breadcrumb"},"inLanguage":"es","potentialAction":[{"@type":"ReadAction","target":["https:\/\/www.golosinaspormayor.com\/ventaonline\/tienda\/gomitas\/gomita-trolli-mini-burger\/"]}]},{"@type":"ImageObject","inLanguage":"es","@id":"https:\/\/www.golosinaspormayor.com\/ventaonline\/tienda\/gomitas\/gomita-trolli-mini-burger\/#primaryimage","url":"https:\/\/www.golosinaspormayor.com\/ventaonline\/wp-content\/uploads\/gomitas-trolli-mini-burger-kiosco.jpg","contentUrl":"https:\/\/www.golosinaspormayor.com\/ventaonline\/wp-content\/uploads\/gomitas-trolli-mini-burger-kiosco.jpg","width":300,"height":300,"caption":"gomitas-trolli-mini-burger-venta"},{"@type":"BreadcrumbList","@id":"https:\/\/www.golosinaspormayor.com\/ventaonline\/tienda\/gomitas\/gomita-trolli-mini-burger\/#breadcrumb","itemListElement":[{"@type":"ListItem","position":1,"name":"Tienda","item":"https:\/\/www.golosinaspormayor.com\/ventaonline\/tienda\/"},{"@type":"ListItem","position":2,"name":"GOMITA TROLLI MINI BURGER X 60U"}]},{"@type":"WebSite","@id":"https:\/\/www.golosinaspormayor.com\/ventaonline\/#website","url":"https:\/\/www.golosinaspormayor.com\/ventaonline\/","name":"Golosinas por Mayor","description":"Venta online de golosinas por mayor","publisher":{"@id":"https:\/\/www.golosinaspormayor.com\/ventaonline\/#organization"},"potentialAction":[{"@type":"SearchAction","target":{"@type":"EntryPoint","urlTemplate":"https:\/\/www.golosinaspormayor.com\/ventaonline\/?s={search_term_string}"},"query-input":{"@type":"PropertyValueSpecification","valueRequired":true,"valueName":"search_term_string"}}],"inLanguage":"es"},{"@type":"Organization","@id":"https:\/\/www.golosinaspormayor.com\/ventaonline\/#organization","name":"Golosinas por Mayor","url":"https:\/\/www.golosinaspormayor.com\/ventaonline\/","logo":{"@type":"ImageObject","inLanguage":"es","@id":"https:\/\/www.golosinaspormayor.com\/ventaonline\/#\/schema\/logo\/image\/","url":"https:\/\/www.golosinaspormayor.com\/ventaonline\/wp-content\/uploads\/Copia-de-pop-logo-png.png","contentUrl":"https:\/\/www.golosinaspormayor.com\/ventaonline\/wp-content\/uploads\/Copia-de-pop-logo-png.png","width":150,"height":46,"caption":"Golosinas por Mayor"},"image":{"@id":"https:\/\/www.golosinaspormayor.com\/ventaonline\/#\/schema\/logo\/image\/"}}]}},"_links":{"self":[{"href":"https:\/\/www.golosinaspormayor.com\/ventaonline\/wp-json\/wp\/v2\/product\/451","targetHints":{"allow":["GET"]}}],"collection":[{"href":"https:\/\/www.golosinaspormayor.com\/ventaonline\/wp-json\/wp\/v2\/product"}],"about":[{"href":"https:\/\/www.golosinaspormayor.com\/ventaonline\/wp-json\/wp\/v2\/types\/product"}],"replies":[{"embeddable":true,"href":"https:\/\/www.golosinaspormayor.com\/ventaonline\/wp-json\/wp\/v2\/comments?post=451"}],"wp:featuredmedia":[{"embeddable":true,"href":"https:\/\/www.golosinaspormayor.com\/ventaonline\/wp-json\/wp\/v2\/media\/452"}],"wp:attachment":[{"href":"https:\/\/www.golosinaspormayor.com\/ventaonline\/wp-json\/wp\/v2\/media?parent=451"}],"wp:term":[{"taxonomy":"product_brand","embeddable":true,"href":"https:\/\/www.golosinaspormayor.com\/ventaonline\/wp-json\/wp\/v2\/product_brand?post=451"},{"taxonomy":"product_cat","embeddable":true,"href":"https:\/\/www.golosinaspormayor.com\/ventaonline\/wp-json\/wp\/v2\/product_cat?post=451"},{"taxonomy":"product_tag","embeddable":true,"href":"https:\/\/www.golosinaspormayor.com\/ventaonline\/wp-json\/wp\/v2\/product_tag?post=451"}],"curies":[{"name":"wp","href":"https:\/\/api.w.org\/{rel}","templated":true}]}}