{"id":405,"date":"2013-08-30T17:12:35","date_gmt":"2013-08-30T20:12:35","guid":{"rendered":"http:\/\/www.golosinaspormayor.com\/ventaonline\/?post_type=product&#038;p=405"},"modified":"2018-08-03T11:21:04","modified_gmt":"2018-08-03T14:21:04","slug":"chupetin-topps-push-pop-triple","status":"publish","type":"product","link":"https:\/\/www.golosinaspormayor.com\/ventaonline\/tienda\/chupetines\/chupetin-topps-push-pop-triple\/","title":{"rendered":"CHUPETIN TOPPS PUSH POP TRIPLE"},"content":{"rendered":"<p>El chupet\u00edn Topps Push Pop triple, como la palabra lo indica es un chupet\u00edn que viene en tres sabores diferentes y en un dispositivo que lo hace \u00fanico en su especie, porque de manera c\u00f3moda el ni\u00f1o que lo adquiere, desliza el dedo en el color y sabor elegido y se eleva el chupet\u00edn listo para ser saboreado, as\u00ed en lugar de uno solo tiene tres caramelos a su disposici\u00f3n.<br \/>\nEsta es una de las golosinas m\u00e1s queridas por los m\u00e1s chiquitos, porque les permite tener tres caramelos del m\u00e1s rico sabor, adem\u00e1s es un juguete, que los tiene m\u00e1s que entretenidos por un rato.<br \/>\nEl tr\u00edo de sabor y color, es adem\u00e1s de los otros chupetines de la misma marca, el m\u00e1s adquirido en el \u00faltimo tiempo, puesto que corresponde a una golosina que se ha puesto de moda para chicos, y adolescentes.<br \/>\nLa presentaci\u00f3n del chupet\u00edn Topps Push Pop triple, llega a ahora en cajas de doce tr\u00edos de color a un costo m\u00e1s que accesible, listos para ser ofrecidos al mercado. No dejes de anotarlo en tus listas, o mejor dicho de pedirnos a nosotros que los tenemos en stock, para hac\u00e9rtelos llegar en vdentro de las 48 horas.<\/p>\n","protected":false},"excerpt":{"rendered":"<p><strong>TOPPS PUSH POP TRIPLE -12<\/strong><\/p>\n","protected":false},"featured_media":408,"comment_status":"closed","ping_status":"closed","template":"","meta":{"site-sidebar-layout":"default","site-content-layout":"","ast-site-content-layout":"default","site-content-style":"default","site-sidebar-style":"default","ast-global-header-display":"","ast-banner-title-visibility":"","ast-main-header-display":"","ast-hfb-above-header-display":"","ast-hfb-below-header-display":"","ast-hfb-mobile-header-display":"","site-post-title":"","ast-breadcrumbs-content":"","ast-featured-img":"","footer-sml-layout":"","ast-disable-related-posts":"","theme-transparent-header-meta":"","adv-header-id-meta":"","stick-header-meta":"","header-above-stick-meta":"","header-main-stick-meta":"","header-below-stick-meta":"","astra-migrate-meta-layouts":"default","ast-page-background-enabled":"default","ast-page-background-meta":{"desktop":{"background-color":"","background-image":"","background-repeat":"repeat","background-position":"center center","background-size":"auto","background-attachment":"scroll","background-type":"","background-media":"","overlay-type":"","overlay-color":"","overlay-opacity":"","overlay-gradient":""},"tablet":{"background-color":"","background-image":"","background-repeat":"repeat","background-position":"center center","background-size":"auto","background-attachment":"scroll","background-type":"","background-media":"","overlay-type":"","overlay-color":"","overlay-opacity":"","overlay-gradient":""},"mobile":{"background-color":"","background-image":"","background-repeat":"repeat","background-position":"center center","background-size":"auto","background-attachment":"scroll","background-type":"","background-media":"","overlay-type":"","overlay-color":"","overlay-opacity":"","overlay-gradient":""}},"ast-content-background-meta":{"desktop":{"background-color":"var(--ast-global-color-5)","background-image":"","background-repeat":"repeat","background-position":"center center","background-size":"auto","background-attachment":"scroll","background-type":"","background-media":"","overlay-type":"","overlay-color":"","overlay-opacity":"","overlay-gradient":""},"tablet":{"background-color":"var(--ast-global-color-5)","background-image":"","background-repeat":"repeat","background-position":"center center","background-size":"auto","background-attachment":"scroll","background-type":"","background-media":"","overlay-type":"","overlay-color":"","overlay-opacity":"","overlay-gradient":""},"mobile":{"background-color":"var(--ast-global-color-5)","background-image":"","background-repeat":"repeat","background-position":"center center","background-size":"auto","background-attachment":"scroll","background-type":"","background-media":"","overlay-type":"","overlay-color":"","overlay-opacity":"","overlay-gradient":""}},"_joinchat":[]},"product_brand":[],"product_cat":[209],"product_tag":[104,245,244],"class_list":{"0":"post-405","1":"product","2":"type-product","3":"status-publish","4":"has-post-thumbnail","6":"product_cat-chupetines","7":"product_tag-golosina","8":"product_tag-push-pop-triple","9":"product_tag-topps","10":"desktop-align-left","11":"tablet-align-left","12":"mobile-align-left","13":"ast-product-gallery-layout-vertical","14":"ast-product-gallery-with-no-image","15":"ast-product-tabs-layout-vertical","17":"first","18":"outofstock","19":"shipping-taxable","20":"purchasable","21":"product-type-simple"},"yoast_head":"<!-- This site is optimized with the Yoast SEO plugin v27.2 - https:\/\/yoast.com\/product\/yoast-seo-wordpress\/ -->\n<title>CHUPETIN TOPPS PUSH POP TRIPLE -<\/title>\n<meta name=\"description\" content=\"El nuevo chupetin Topps Push Pop triple est\u00e1 de moda, y no puede faltar en tu maxikiosco si quiere ofrecer lo mejor a tus clientes. Contamos con abundante stock para entrega inmediata.\" \/>\n<meta name=\"robots\" content=\"index, follow, max-snippet:-1, max-image-preview:large, max-video-preview:-1\" \/>\n<link rel=\"canonical\" href=\"https:\/\/www.golosinaspormayor.com\/ventaonline\/tienda\/chupetines\/chupetin-topps-push-pop-triple\/\" \/>\n<meta property=\"og:locale\" content=\"es_ES\" \/>\n<meta property=\"og:type\" content=\"article\" \/>\n<meta property=\"og:title\" content=\"CHUPETIN TOPPS PUSH POP TRIPLE -\" \/>\n<meta property=\"og:description\" content=\"El nuevo chupetin Topps Push Pop triple est\u00e1 de moda, y no puede faltar en tu maxikiosco si quiere ofrecer lo mejor a tus clientes. Contamos con abundante stock para entrega inmediata.\" \/>\n<meta property=\"og:url\" content=\"https:\/\/www.golosinaspormayor.com\/ventaonline\/tienda\/chupetines\/chupetin-topps-push-pop-triple\/\" \/>\n<meta property=\"og:site_name\" content=\"Golosinas por Mayor\" \/>\n<meta property=\"article:modified_time\" content=\"2018-08-03T14:21:04+00:00\" \/>\n<meta property=\"og:image\" content=\"https:\/\/www.golosinaspormayor.com\/ventaonline\/wp-content\/uploads\/chupetin-topps-push-pop-triple-minorista2.jpeg\" \/>\n\t<meta property=\"og:image:width\" content=\"1000\" \/>\n\t<meta property=\"og:image:height\" content=\"1000\" \/>\n\t<meta property=\"og:image:type\" content=\"image\/jpeg\" \/>\n<meta name=\"twitter:label1\" content=\"Tiempo de lectura\" \/>\n\t<meta name=\"twitter:data1\" content=\"1 minuto\" \/>\n<script type=\"application\/ld+json\" class=\"yoast-schema-graph\">{\"@context\":\"https:\/\/schema.org\",\"@graph\":[{\"@type\":\"WebPage\",\"@id\":\"https:\/\/www.golosinaspormayor.com\/ventaonline\/tienda\/chupetines\/chupetin-topps-push-pop-triple\/\",\"url\":\"https:\/\/www.golosinaspormayor.com\/ventaonline\/tienda\/chupetines\/chupetin-topps-push-pop-triple\/\",\"name\":\"CHUPETIN TOPPS PUSH POP TRIPLE -\",\"isPartOf\":{\"@id\":\"https:\/\/www.golosinaspormayor.com\/ventaonline\/#website\"},\"primaryImageOfPage\":{\"@id\":\"https:\/\/www.golosinaspormayor.com\/ventaonline\/tienda\/chupetines\/chupetin-topps-push-pop-triple\/#primaryimage\"},\"image\":{\"@id\":\"https:\/\/www.golosinaspormayor.com\/ventaonline\/tienda\/chupetines\/chupetin-topps-push-pop-triple\/#primaryimage\"},\"thumbnailUrl\":\"https:\/\/www.golosinaspormayor.com\/ventaonline\/wp-content\/uploads\/chupetin-topps-push-pop-triple-minorista2.jpeg\",\"datePublished\":\"2013-08-30T20:12:35+00:00\",\"dateModified\":\"2018-08-03T14:21:04+00:00\",\"description\":\"El nuevo chupetin Topps Push Pop triple est\u00e1 de moda, y no puede faltar en tu maxikiosco si quiere ofrecer lo mejor a tus clientes. Contamos con abundante stock para entrega inmediata.\",\"breadcrumb\":{\"@id\":\"https:\/\/www.golosinaspormayor.com\/ventaonline\/tienda\/chupetines\/chupetin-topps-push-pop-triple\/#breadcrumb\"},\"inLanguage\":\"es\",\"potentialAction\":[{\"@type\":\"ReadAction\",\"target\":[\"https:\/\/www.golosinaspormayor.com\/ventaonline\/tienda\/chupetines\/chupetin-topps-push-pop-triple\/\"]}]},{\"@type\":\"ImageObject\",\"inLanguage\":\"es\",\"@id\":\"https:\/\/www.golosinaspormayor.com\/ventaonline\/tienda\/chupetines\/chupetin-topps-push-pop-triple\/#primaryimage\",\"url\":\"https:\/\/www.golosinaspormayor.com\/ventaonline\/wp-content\/uploads\/chupetin-topps-push-pop-triple-minorista2.jpeg\",\"contentUrl\":\"https:\/\/www.golosinaspormayor.com\/ventaonline\/wp-content\/uploads\/chupetin-topps-push-pop-triple-minorista2.jpeg\",\"width\":1000,\"height\":1000,\"caption\":\"chupetin-topps-push-pop-triple-kiosco\"},{\"@type\":\"BreadcrumbList\",\"@id\":\"https:\/\/www.golosinaspormayor.com\/ventaonline\/tienda\/chupetines\/chupetin-topps-push-pop-triple\/#breadcrumb\",\"itemListElement\":[{\"@type\":\"ListItem\",\"position\":1,\"name\":\"Tienda\",\"item\":\"https:\/\/www.golosinaspormayor.com\/ventaonline\/tienda\/\"},{\"@type\":\"ListItem\",\"position\":2,\"name\":\"CHUPETIN TOPPS PUSH POP TRIPLE\"}]},{\"@type\":\"WebSite\",\"@id\":\"https:\/\/www.golosinaspormayor.com\/ventaonline\/#website\",\"url\":\"https:\/\/www.golosinaspormayor.com\/ventaonline\/\",\"name\":\"Golosinas por Mayor\",\"description\":\"Venta online de golosinas por mayor\",\"publisher\":{\"@id\":\"https:\/\/www.golosinaspormayor.com\/ventaonline\/#organization\"},\"potentialAction\":[{\"@type\":\"SearchAction\",\"target\":{\"@type\":\"EntryPoint\",\"urlTemplate\":\"https:\/\/www.golosinaspormayor.com\/ventaonline\/?s={search_term_string}\"},\"query-input\":{\"@type\":\"PropertyValueSpecification\",\"valueRequired\":true,\"valueName\":\"search_term_string\"}}],\"inLanguage\":\"es\"},{\"@type\":\"Organization\",\"@id\":\"https:\/\/www.golosinaspormayor.com\/ventaonline\/#organization\",\"name\":\"Golosinas por Mayor\",\"url\":\"https:\/\/www.golosinaspormayor.com\/ventaonline\/\",\"logo\":{\"@type\":\"ImageObject\",\"inLanguage\":\"es\",\"@id\":\"https:\/\/www.golosinaspormayor.com\/ventaonline\/#\/schema\/logo\/image\/\",\"url\":\"https:\/\/www.golosinaspormayor.com\/ventaonline\/wp-content\/uploads\/Copia-de-pop-logo-png.png\",\"contentUrl\":\"https:\/\/www.golosinaspormayor.com\/ventaonline\/wp-content\/uploads\/Copia-de-pop-logo-png.png\",\"width\":150,\"height\":46,\"caption\":\"Golosinas por Mayor\"},\"image\":{\"@id\":\"https:\/\/www.golosinaspormayor.com\/ventaonline\/#\/schema\/logo\/image\/\"}}]}<\/script>\n<!-- \/ Yoast SEO plugin. -->","yoast_head_json":{"title":"CHUPETIN TOPPS PUSH POP TRIPLE -","description":"El nuevo chupetin Topps Push Pop triple est\u00e1 de moda, y no puede faltar en tu maxikiosco si quiere ofrecer lo mejor a tus clientes. Contamos con abundante stock para entrega inmediata.","robots":{"index":"index","follow":"follow","max-snippet":"max-snippet:-1","max-image-preview":"max-image-preview:large","max-video-preview":"max-video-preview:-1"},"canonical":"https:\/\/www.golosinaspormayor.com\/ventaonline\/tienda\/chupetines\/chupetin-topps-push-pop-triple\/","og_locale":"es_ES","og_type":"article","og_title":"CHUPETIN TOPPS PUSH POP TRIPLE -","og_description":"El nuevo chupetin Topps Push Pop triple est\u00e1 de moda, y no puede faltar en tu maxikiosco si quiere ofrecer lo mejor a tus clientes. Contamos con abundante stock para entrega inmediata.","og_url":"https:\/\/www.golosinaspormayor.com\/ventaonline\/tienda\/chupetines\/chupetin-topps-push-pop-triple\/","og_site_name":"Golosinas por Mayor","article_modified_time":"2018-08-03T14:21:04+00:00","og_image":[{"width":1000,"height":1000,"url":"https:\/\/www.golosinaspormayor.com\/ventaonline\/wp-content\/uploads\/chupetin-topps-push-pop-triple-minorista2.jpeg","type":"image\/jpeg"}],"twitter_misc":{"Tiempo de lectura":"1 minuto"},"schema":{"@context":"https:\/\/schema.org","@graph":[{"@type":"WebPage","@id":"https:\/\/www.golosinaspormayor.com\/ventaonline\/tienda\/chupetines\/chupetin-topps-push-pop-triple\/","url":"https:\/\/www.golosinaspormayor.com\/ventaonline\/tienda\/chupetines\/chupetin-topps-push-pop-triple\/","name":"CHUPETIN TOPPS PUSH POP TRIPLE -","isPartOf":{"@id":"https:\/\/www.golosinaspormayor.com\/ventaonline\/#website"},"primaryImageOfPage":{"@id":"https:\/\/www.golosinaspormayor.com\/ventaonline\/tienda\/chupetines\/chupetin-topps-push-pop-triple\/#primaryimage"},"image":{"@id":"https:\/\/www.golosinaspormayor.com\/ventaonline\/tienda\/chupetines\/chupetin-topps-push-pop-triple\/#primaryimage"},"thumbnailUrl":"https:\/\/www.golosinaspormayor.com\/ventaonline\/wp-content\/uploads\/chupetin-topps-push-pop-triple-minorista2.jpeg","datePublished":"2013-08-30T20:12:35+00:00","dateModified":"2018-08-03T14:21:04+00:00","description":"El nuevo chupetin Topps Push Pop triple est\u00e1 de moda, y no puede faltar en tu maxikiosco si quiere ofrecer lo mejor a tus clientes. Contamos con abundante stock para entrega inmediata.","breadcrumb":{"@id":"https:\/\/www.golosinaspormayor.com\/ventaonline\/tienda\/chupetines\/chupetin-topps-push-pop-triple\/#breadcrumb"},"inLanguage":"es","potentialAction":[{"@type":"ReadAction","target":["https:\/\/www.golosinaspormayor.com\/ventaonline\/tienda\/chupetines\/chupetin-topps-push-pop-triple\/"]}]},{"@type":"ImageObject","inLanguage":"es","@id":"https:\/\/www.golosinaspormayor.com\/ventaonline\/tienda\/chupetines\/chupetin-topps-push-pop-triple\/#primaryimage","url":"https:\/\/www.golosinaspormayor.com\/ventaonline\/wp-content\/uploads\/chupetin-topps-push-pop-triple-minorista2.jpeg","contentUrl":"https:\/\/www.golosinaspormayor.com\/ventaonline\/wp-content\/uploads\/chupetin-topps-push-pop-triple-minorista2.jpeg","width":1000,"height":1000,"caption":"chupetin-topps-push-pop-triple-kiosco"},{"@type":"BreadcrumbList","@id":"https:\/\/www.golosinaspormayor.com\/ventaonline\/tienda\/chupetines\/chupetin-topps-push-pop-triple\/#breadcrumb","itemListElement":[{"@type":"ListItem","position":1,"name":"Tienda","item":"https:\/\/www.golosinaspormayor.com\/ventaonline\/tienda\/"},{"@type":"ListItem","position":2,"name":"CHUPETIN TOPPS PUSH POP TRIPLE"}]},{"@type":"WebSite","@id":"https:\/\/www.golosinaspormayor.com\/ventaonline\/#website","url":"https:\/\/www.golosinaspormayor.com\/ventaonline\/","name":"Golosinas por Mayor","description":"Venta online de golosinas por mayor","publisher":{"@id":"https:\/\/www.golosinaspormayor.com\/ventaonline\/#organization"},"potentialAction":[{"@type":"SearchAction","target":{"@type":"EntryPoint","urlTemplate":"https:\/\/www.golosinaspormayor.com\/ventaonline\/?s={search_term_string}"},"query-input":{"@type":"PropertyValueSpecification","valueRequired":true,"valueName":"search_term_string"}}],"inLanguage":"es"},{"@type":"Organization","@id":"https:\/\/www.golosinaspormayor.com\/ventaonline\/#organization","name":"Golosinas por Mayor","url":"https:\/\/www.golosinaspormayor.com\/ventaonline\/","logo":{"@type":"ImageObject","inLanguage":"es","@id":"https:\/\/www.golosinaspormayor.com\/ventaonline\/#\/schema\/logo\/image\/","url":"https:\/\/www.golosinaspormayor.com\/ventaonline\/wp-content\/uploads\/Copia-de-pop-logo-png.png","contentUrl":"https:\/\/www.golosinaspormayor.com\/ventaonline\/wp-content\/uploads\/Copia-de-pop-logo-png.png","width":150,"height":46,"caption":"Golosinas por Mayor"},"image":{"@id":"https:\/\/www.golosinaspormayor.com\/ventaonline\/#\/schema\/logo\/image\/"}}]}},"_links":{"self":[{"href":"https:\/\/www.golosinaspormayor.com\/ventaonline\/wp-json\/wp\/v2\/product\/405","targetHints":{"allow":["GET"]}}],"collection":[{"href":"https:\/\/www.golosinaspormayor.com\/ventaonline\/wp-json\/wp\/v2\/product"}],"about":[{"href":"https:\/\/www.golosinaspormayor.com\/ventaonline\/wp-json\/wp\/v2\/types\/product"}],"replies":[{"embeddable":true,"href":"https:\/\/www.golosinaspormayor.com\/ventaonline\/wp-json\/wp\/v2\/comments?post=405"}],"wp:featuredmedia":[{"embeddable":true,"href":"https:\/\/www.golosinaspormayor.com\/ventaonline\/wp-json\/wp\/v2\/media\/408"}],"wp:attachment":[{"href":"https:\/\/www.golosinaspormayor.com\/ventaonline\/wp-json\/wp\/v2\/media?parent=405"}],"wp:term":[{"taxonomy":"product_brand","embeddable":true,"href":"https:\/\/www.golosinaspormayor.com\/ventaonline\/wp-json\/wp\/v2\/product_brand?post=405"},{"taxonomy":"product_cat","embeddable":true,"href":"https:\/\/www.golosinaspormayor.com\/ventaonline\/wp-json\/wp\/v2\/product_cat?post=405"},{"taxonomy":"product_tag","embeddable":true,"href":"https:\/\/www.golosinaspormayor.com\/ventaonline\/wp-json\/wp\/v2\/product_tag?post=405"}],"curies":[{"name":"wp","href":"https:\/\/api.w.org\/{rel}","templated":true}]}}