{"id":401,"date":"2013-08-30T16:56:40","date_gmt":"2013-08-30T19:56:40","guid":{"rendered":"http:\/\/www.golosinaspormayor.com\/ventaonline\/?post_type=product&#038;p=401"},"modified":"2018-08-03T11:21:05","modified_gmt":"2018-08-03T14:21:05","slug":"chupetin-lheritier-chupetoncito","status":"publish","type":"product","link":"https:\/\/www.golosinaspormayor.com\/ventaonline\/tienda\/chupetines\/chupetin-lheritier-chupetoncito\/","title":{"rendered":"CHUPETIN LHERITIER CHUPETONCITO X 12U"},"content":{"rendered":"<p>Los distribuidores mayoristas de golosinas de hoy y de siempre, encuentran en el Chupet\u00edn Lheritier Chupetoncito, una venta incre\u00edble, ya que \u00e9stos se vienen vendiendo desde que Lheritier, como firma casi como pan caliente. Fueron lanzados al mercado, all\u00e1 por los a\u00f1os setenta, y siempre con el mismo \u00e9xito en las ventas, porque simplemente se trata de una golosina de riqu\u00edsimo sabor, y color.<br \/>\nTodas estas caracter\u00edsticas nos permiten reconocer que hay que tener este tipo de\u00a0 golosinas para poder encontrar un bue posicionamiento en el mercado.<br \/>\nAdem\u00e1s, son muy econ\u00f3micos, y las doce unidades con las que se presentan estos chupetines vuelan en las g\u00f3ndolas, es decir que es un producto que amerita la compra y en grandes cantidades.<br \/>\nLas cajas son muy c\u00f3modas y una vez que llegan al comercio o drugstore, se las arma para dejar ver todo el contenido de las doce paletas o chupetines como tambi\u00e9n se las conoce.<br \/>\nEl chupet\u00edn Lheritier Chupetoncito es muy adquirido por los consumidores finales para el cotill\u00f3n de fiestas infantiles, que se regalan a cada uno, o en las pi\u00f1atas.<br \/>\nEs importante que el comercio tenga de todo, pero este tipo de golosinas nacionales, no deben de faltar ya que es el elegido de siempre.<\/p>\n","protected":false},"excerpt":{"rendered":"<p><strong>LHERITIER CHUPETONCITO X 12U<\/strong><\/p>\n","protected":false},"featured_media":402,"comment_status":"closed","ping_status":"closed","template":"","meta":{"site-sidebar-layout":"default","site-content-layout":"","ast-site-content-layout":"default","site-content-style":"default","site-sidebar-style":"default","ast-global-header-display":"","ast-banner-title-visibility":"","ast-main-header-display":"","ast-hfb-above-header-display":"","ast-hfb-below-header-display":"","ast-hfb-mobile-header-display":"","site-post-title":"","ast-breadcrumbs-content":"","ast-featured-img":"","footer-sml-layout":"","ast-disable-related-posts":"","theme-transparent-header-meta":"","adv-header-id-meta":"","stick-header-meta":"","header-above-stick-meta":"","header-main-stick-meta":"","header-below-stick-meta":"","astra-migrate-meta-layouts":"default","ast-page-background-enabled":"default","ast-page-background-meta":{"desktop":{"background-color":"","background-image":"","background-repeat":"repeat","background-position":"center center","background-size":"auto","background-attachment":"scroll","background-type":"","background-media":"","overlay-type":"","overlay-color":"","overlay-opacity":"","overlay-gradient":""},"tablet":{"background-color":"","background-image":"","background-repeat":"repeat","background-position":"center center","background-size":"auto","background-attachment":"scroll","background-type":"","background-media":"","overlay-type":"","overlay-color":"","overlay-opacity":"","overlay-gradient":""},"mobile":{"background-color":"","background-image":"","background-repeat":"repeat","background-position":"center center","background-size":"auto","background-attachment":"scroll","background-type":"","background-media":"","overlay-type":"","overlay-color":"","overlay-opacity":"","overlay-gradient":""}},"ast-content-background-meta":{"desktop":{"background-color":"var(--ast-global-color-5)","background-image":"","background-repeat":"repeat","background-position":"center center","background-size":"auto","background-attachment":"scroll","background-type":"","background-media":"","overlay-type":"","overlay-color":"","overlay-opacity":"","overlay-gradient":""},"tablet":{"background-color":"var(--ast-global-color-5)","background-image":"","background-repeat":"repeat","background-position":"center center","background-size":"auto","background-attachment":"scroll","background-type":"","background-media":"","overlay-type":"","overlay-color":"","overlay-opacity":"","overlay-gradient":""},"mobile":{"background-color":"var(--ast-global-color-5)","background-image":"","background-repeat":"repeat","background-position":"center center","background-size":"auto","background-attachment":"scroll","background-type":"","background-media":"","overlay-type":"","overlay-color":"","overlay-opacity":"","overlay-gradient":""}},"_joinchat":[]},"product_brand":[],"product_cat":[209],"product_tag":[129,242,112,240],"class_list":{"0":"post-401","1":"product","2":"type-product","3":"status-publish","4":"has-post-thumbnail","6":"product_cat-chupetines","7":"product_tag-catalogo","8":"product_tag-chupetoncito","9":"product_tag-kiosco","10":"product_tag-lheritier","11":"desktop-align-left","12":"tablet-align-left","13":"mobile-align-left","14":"ast-product-gallery-layout-vertical","15":"ast-product-gallery-with-no-image","16":"ast-product-tabs-layout-vertical","18":"first","19":"outofstock","20":"shipping-taxable","21":"purchasable","22":"product-type-simple"},"yoast_head":"<!-- This site is optimized with the Yoast SEO plugin v27.2 - https:\/\/yoast.com\/product\/yoast-seo-wordpress\/ -->\n<title>CHUPETIN LHERITIER CHUPETONCITO X 12U -<\/title>\n<meta name=\"description\" content=\"Para que en tu kiosco no falte el chupetin Lheritier Chupetoncito, ad\u00e9ntrate a nuestro e-commerce y haz tu pedido. Dentro de las pr\u00f3ximas 48 horas lo tendr\u00e1s en la puerta de to local.\" \/>\n<meta name=\"robots\" content=\"index, follow, max-snippet:-1, max-image-preview:large, max-video-preview:-1\" \/>\n<link rel=\"canonical\" href=\"https:\/\/www.golosinaspormayor.com\/ventaonline\/tienda\/chupetines\/chupetin-lheritier-chupetoncito\/\" \/>\n<meta property=\"og:locale\" content=\"es_ES\" \/>\n<meta property=\"og:type\" content=\"article\" \/>\n<meta property=\"og:title\" content=\"CHUPETIN LHERITIER CHUPETONCITO X 12U -\" \/>\n<meta property=\"og:description\" content=\"Para que en tu kiosco no falte el chupetin Lheritier Chupetoncito, ad\u00e9ntrate a nuestro e-commerce y haz tu pedido. Dentro de las pr\u00f3ximas 48 horas lo tendr\u00e1s en la puerta de to local.\" \/>\n<meta property=\"og:url\" content=\"https:\/\/www.golosinaspormayor.com\/ventaonline\/tienda\/chupetines\/chupetin-lheritier-chupetoncito\/\" \/>\n<meta property=\"og:site_name\" content=\"Golosinas por Mayor\" \/>\n<meta property=\"article:modified_time\" content=\"2018-08-03T14:21:05+00:00\" \/>\n<meta property=\"og:image\" content=\"https:\/\/www.golosinaspormayor.com\/ventaonline\/wp-content\/uploads\/chupetin-lheritier-chupetoncito-catalogo.jpg\" \/>\n\t<meta property=\"og:image:width\" content=\"830\" \/>\n\t<meta property=\"og:image:height\" content=\"446\" \/>\n\t<meta property=\"og:image:type\" content=\"image\/jpeg\" \/>\n<meta name=\"twitter:label1\" content=\"Tiempo de lectura\" \/>\n\t<meta name=\"twitter:data1\" content=\"1 minuto\" \/>\n<script type=\"application\/ld+json\" class=\"yoast-schema-graph\">{\"@context\":\"https:\/\/schema.org\",\"@graph\":[{\"@type\":\"WebPage\",\"@id\":\"https:\/\/www.golosinaspormayor.com\/ventaonline\/tienda\/chupetines\/chupetin-lheritier-chupetoncito\/\",\"url\":\"https:\/\/www.golosinaspormayor.com\/ventaonline\/tienda\/chupetines\/chupetin-lheritier-chupetoncito\/\",\"name\":\"CHUPETIN LHERITIER CHUPETONCITO X 12U -\",\"isPartOf\":{\"@id\":\"https:\/\/www.golosinaspormayor.com\/ventaonline\/#website\"},\"primaryImageOfPage\":{\"@id\":\"https:\/\/www.golosinaspormayor.com\/ventaonline\/tienda\/chupetines\/chupetin-lheritier-chupetoncito\/#primaryimage\"},\"image\":{\"@id\":\"https:\/\/www.golosinaspormayor.com\/ventaonline\/tienda\/chupetines\/chupetin-lheritier-chupetoncito\/#primaryimage\"},\"thumbnailUrl\":\"https:\/\/www.golosinaspormayor.com\/ventaonline\/wp-content\/uploads\/chupetin-lheritier-chupetoncito-catalogo.jpg\",\"datePublished\":\"2013-08-30T19:56:40+00:00\",\"dateModified\":\"2018-08-03T14:21:05+00:00\",\"description\":\"Para que en tu kiosco no falte el chupetin Lheritier Chupetoncito, ad\u00e9ntrate a nuestro e-commerce y haz tu pedido. Dentro de las pr\u00f3ximas 48 horas lo tendr\u00e1s en la puerta de to local.\",\"breadcrumb\":{\"@id\":\"https:\/\/www.golosinaspormayor.com\/ventaonline\/tienda\/chupetines\/chupetin-lheritier-chupetoncito\/#breadcrumb\"},\"inLanguage\":\"es\",\"potentialAction\":[{\"@type\":\"ReadAction\",\"target\":[\"https:\/\/www.golosinaspormayor.com\/ventaonline\/tienda\/chupetines\/chupetin-lheritier-chupetoncito\/\"]}]},{\"@type\":\"ImageObject\",\"inLanguage\":\"es\",\"@id\":\"https:\/\/www.golosinaspormayor.com\/ventaonline\/tienda\/chupetines\/chupetin-lheritier-chupetoncito\/#primaryimage\",\"url\":\"https:\/\/www.golosinaspormayor.com\/ventaonline\/wp-content\/uploads\/chupetin-lheritier-chupetoncito-catalogo.jpg\",\"contentUrl\":\"https:\/\/www.golosinaspormayor.com\/ventaonline\/wp-content\/uploads\/chupetin-lheritier-chupetoncito-catalogo.jpg\",\"width\":830,\"height\":446,\"caption\":\"chupetin-lheritier-chupetoncito-golosina\"},{\"@type\":\"BreadcrumbList\",\"@id\":\"https:\/\/www.golosinaspormayor.com\/ventaonline\/tienda\/chupetines\/chupetin-lheritier-chupetoncito\/#breadcrumb\",\"itemListElement\":[{\"@type\":\"ListItem\",\"position\":1,\"name\":\"Tienda\",\"item\":\"https:\/\/www.golosinaspormayor.com\/ventaonline\/tienda\/\"},{\"@type\":\"ListItem\",\"position\":2,\"name\":\"CHUPETIN LHERITIER CHUPETONCITO X 12U\"}]},{\"@type\":\"WebSite\",\"@id\":\"https:\/\/www.golosinaspormayor.com\/ventaonline\/#website\",\"url\":\"https:\/\/www.golosinaspormayor.com\/ventaonline\/\",\"name\":\"Golosinas por Mayor\",\"description\":\"Venta online de golosinas por mayor\",\"publisher\":{\"@id\":\"https:\/\/www.golosinaspormayor.com\/ventaonline\/#organization\"},\"potentialAction\":[{\"@type\":\"SearchAction\",\"target\":{\"@type\":\"EntryPoint\",\"urlTemplate\":\"https:\/\/www.golosinaspormayor.com\/ventaonline\/?s={search_term_string}\"},\"query-input\":{\"@type\":\"PropertyValueSpecification\",\"valueRequired\":true,\"valueName\":\"search_term_string\"}}],\"inLanguage\":\"es\"},{\"@type\":\"Organization\",\"@id\":\"https:\/\/www.golosinaspormayor.com\/ventaonline\/#organization\",\"name\":\"Golosinas por Mayor\",\"url\":\"https:\/\/www.golosinaspormayor.com\/ventaonline\/\",\"logo\":{\"@type\":\"ImageObject\",\"inLanguage\":\"es\",\"@id\":\"https:\/\/www.golosinaspormayor.com\/ventaonline\/#\/schema\/logo\/image\/\",\"url\":\"https:\/\/www.golosinaspormayor.com\/ventaonline\/wp-content\/uploads\/Copia-de-pop-logo-png.png\",\"contentUrl\":\"https:\/\/www.golosinaspormayor.com\/ventaonline\/wp-content\/uploads\/Copia-de-pop-logo-png.png\",\"width\":150,\"height\":46,\"caption\":\"Golosinas por Mayor\"},\"image\":{\"@id\":\"https:\/\/www.golosinaspormayor.com\/ventaonline\/#\/schema\/logo\/image\/\"}}]}<\/script>\n<!-- \/ Yoast SEO plugin. -->","yoast_head_json":{"title":"CHUPETIN LHERITIER CHUPETONCITO X 12U -","description":"Para que en tu kiosco no falte el chupetin Lheritier Chupetoncito, ad\u00e9ntrate a nuestro e-commerce y haz tu pedido. Dentro de las pr\u00f3ximas 48 horas lo tendr\u00e1s en la puerta de to local.","robots":{"index":"index","follow":"follow","max-snippet":"max-snippet:-1","max-image-preview":"max-image-preview:large","max-video-preview":"max-video-preview:-1"},"canonical":"https:\/\/www.golosinaspormayor.com\/ventaonline\/tienda\/chupetines\/chupetin-lheritier-chupetoncito\/","og_locale":"es_ES","og_type":"article","og_title":"CHUPETIN LHERITIER CHUPETONCITO X 12U -","og_description":"Para que en tu kiosco no falte el chupetin Lheritier Chupetoncito, ad\u00e9ntrate a nuestro e-commerce y haz tu pedido. Dentro de las pr\u00f3ximas 48 horas lo tendr\u00e1s en la puerta de to local.","og_url":"https:\/\/www.golosinaspormayor.com\/ventaonline\/tienda\/chupetines\/chupetin-lheritier-chupetoncito\/","og_site_name":"Golosinas por Mayor","article_modified_time":"2018-08-03T14:21:05+00:00","og_image":[{"width":830,"height":446,"url":"https:\/\/www.golosinaspormayor.com\/ventaonline\/wp-content\/uploads\/chupetin-lheritier-chupetoncito-catalogo.jpg","type":"image\/jpeg"}],"twitter_misc":{"Tiempo de lectura":"1 minuto"},"schema":{"@context":"https:\/\/schema.org","@graph":[{"@type":"WebPage","@id":"https:\/\/www.golosinaspormayor.com\/ventaonline\/tienda\/chupetines\/chupetin-lheritier-chupetoncito\/","url":"https:\/\/www.golosinaspormayor.com\/ventaonline\/tienda\/chupetines\/chupetin-lheritier-chupetoncito\/","name":"CHUPETIN LHERITIER CHUPETONCITO X 12U -","isPartOf":{"@id":"https:\/\/www.golosinaspormayor.com\/ventaonline\/#website"},"primaryImageOfPage":{"@id":"https:\/\/www.golosinaspormayor.com\/ventaonline\/tienda\/chupetines\/chupetin-lheritier-chupetoncito\/#primaryimage"},"image":{"@id":"https:\/\/www.golosinaspormayor.com\/ventaonline\/tienda\/chupetines\/chupetin-lheritier-chupetoncito\/#primaryimage"},"thumbnailUrl":"https:\/\/www.golosinaspormayor.com\/ventaonline\/wp-content\/uploads\/chupetin-lheritier-chupetoncito-catalogo.jpg","datePublished":"2013-08-30T19:56:40+00:00","dateModified":"2018-08-03T14:21:05+00:00","description":"Para que en tu kiosco no falte el chupetin Lheritier Chupetoncito, ad\u00e9ntrate a nuestro e-commerce y haz tu pedido. Dentro de las pr\u00f3ximas 48 horas lo tendr\u00e1s en la puerta de to local.","breadcrumb":{"@id":"https:\/\/www.golosinaspormayor.com\/ventaonline\/tienda\/chupetines\/chupetin-lheritier-chupetoncito\/#breadcrumb"},"inLanguage":"es","potentialAction":[{"@type":"ReadAction","target":["https:\/\/www.golosinaspormayor.com\/ventaonline\/tienda\/chupetines\/chupetin-lheritier-chupetoncito\/"]}]},{"@type":"ImageObject","inLanguage":"es","@id":"https:\/\/www.golosinaspormayor.com\/ventaonline\/tienda\/chupetines\/chupetin-lheritier-chupetoncito\/#primaryimage","url":"https:\/\/www.golosinaspormayor.com\/ventaonline\/wp-content\/uploads\/chupetin-lheritier-chupetoncito-catalogo.jpg","contentUrl":"https:\/\/www.golosinaspormayor.com\/ventaonline\/wp-content\/uploads\/chupetin-lheritier-chupetoncito-catalogo.jpg","width":830,"height":446,"caption":"chupetin-lheritier-chupetoncito-golosina"},{"@type":"BreadcrumbList","@id":"https:\/\/www.golosinaspormayor.com\/ventaonline\/tienda\/chupetines\/chupetin-lheritier-chupetoncito\/#breadcrumb","itemListElement":[{"@type":"ListItem","position":1,"name":"Tienda","item":"https:\/\/www.golosinaspormayor.com\/ventaonline\/tienda\/"},{"@type":"ListItem","position":2,"name":"CHUPETIN LHERITIER CHUPETONCITO X 12U"}]},{"@type":"WebSite","@id":"https:\/\/www.golosinaspormayor.com\/ventaonline\/#website","url":"https:\/\/www.golosinaspormayor.com\/ventaonline\/","name":"Golosinas por Mayor","description":"Venta online de golosinas por mayor","publisher":{"@id":"https:\/\/www.golosinaspormayor.com\/ventaonline\/#organization"},"potentialAction":[{"@type":"SearchAction","target":{"@type":"EntryPoint","urlTemplate":"https:\/\/www.golosinaspormayor.com\/ventaonline\/?s={search_term_string}"},"query-input":{"@type":"PropertyValueSpecification","valueRequired":true,"valueName":"search_term_string"}}],"inLanguage":"es"},{"@type":"Organization","@id":"https:\/\/www.golosinaspormayor.com\/ventaonline\/#organization","name":"Golosinas por Mayor","url":"https:\/\/www.golosinaspormayor.com\/ventaonline\/","logo":{"@type":"ImageObject","inLanguage":"es","@id":"https:\/\/www.golosinaspormayor.com\/ventaonline\/#\/schema\/logo\/image\/","url":"https:\/\/www.golosinaspormayor.com\/ventaonline\/wp-content\/uploads\/Copia-de-pop-logo-png.png","contentUrl":"https:\/\/www.golosinaspormayor.com\/ventaonline\/wp-content\/uploads\/Copia-de-pop-logo-png.png","width":150,"height":46,"caption":"Golosinas por Mayor"},"image":{"@id":"https:\/\/www.golosinaspormayor.com\/ventaonline\/#\/schema\/logo\/image\/"}}]}},"_links":{"self":[{"href":"https:\/\/www.golosinaspormayor.com\/ventaonline\/wp-json\/wp\/v2\/product\/401","targetHints":{"allow":["GET"]}}],"collection":[{"href":"https:\/\/www.golosinaspormayor.com\/ventaonline\/wp-json\/wp\/v2\/product"}],"about":[{"href":"https:\/\/www.golosinaspormayor.com\/ventaonline\/wp-json\/wp\/v2\/types\/product"}],"replies":[{"embeddable":true,"href":"https:\/\/www.golosinaspormayor.com\/ventaonline\/wp-json\/wp\/v2\/comments?post=401"}],"wp:featuredmedia":[{"embeddable":true,"href":"https:\/\/www.golosinaspormayor.com\/ventaonline\/wp-json\/wp\/v2\/media\/402"}],"wp:attachment":[{"href":"https:\/\/www.golosinaspormayor.com\/ventaonline\/wp-json\/wp\/v2\/media?parent=401"}],"wp:term":[{"taxonomy":"product_brand","embeddable":true,"href":"https:\/\/www.golosinaspormayor.com\/ventaonline\/wp-json\/wp\/v2\/product_brand?post=401"},{"taxonomy":"product_cat","embeddable":true,"href":"https:\/\/www.golosinaspormayor.com\/ventaonline\/wp-json\/wp\/v2\/product_cat?post=401"},{"taxonomy":"product_tag","embeddable":true,"href":"https:\/\/www.golosinaspormayor.com\/ventaonline\/wp-json\/wp\/v2\/product_tag?post=401"}],"curies":[{"name":"wp","href":"https:\/\/api.w.org\/{rel}","templated":true}]}}