{"id":372,"date":"2013-08-30T16:29:52","date_gmt":"2013-08-30T19:29:52","guid":{"rendered":"http:\/\/www.golosinaspormayor.com\/ventaonline\/?post_type=product&#038;p=372"},"modified":"2018-08-03T11:21:05","modified_gmt":"2018-08-03T14:21:05","slug":"chupetin-chupa-chups-huevo-sorpresa","status":"publish","type":"product","link":"https:\/\/www.golosinaspormayor.com\/ventaonline\/tienda\/chupetines\/chupetin-chupa-chups-huevo-sorpresa\/","title":{"rendered":"CHUPETIN CHUPA CHUPS HUEVO SORPRESA X 16U"},"content":{"rendered":"<p>A todos nos encantan las sorpresas y sobre todo a los m\u00e1s chiquitos, abrir los paquetes de golosinas y encontrarse con el chupet\u00edn y el regalo, es m\u00e1gico, eso es lo que provoca el Chupetin Chupa Chups huevo sorpresa, que tiene todo lo que una golosina actual tiene que tener para que lidere el mercado como esta firma lo hace, y desde hace varios a\u00f1os. De esta manera los ni\u00f1os y ni\u00f1as, no tienen que esperar ning\u00fan d\u00eda espec\u00edfico para recibir de manera r\u00e1pida una sorpresa de regalo, que los tenga entretenidos por unas cuantas horas.<\/p>\n<p>En este momento tenemos en stock, y podemos envi\u00e1rtelo si nos haces tu pedido a trav\u00e9s de nuestra tienda online. Las entregas para Capital Federal y Gran Buenos se hace en las pr\u00f3ximas 48 horas a tu pedido. No te pierdas la posibilidad de ampliar tu stock de golosinas, con este chupetin tan pedido por los m\u00e1s chiquitos.<\/p>\n<p>El chupet\u00edn Chupa Chups huevo sorpresa es un regalo del que ning\u00fan chico quiere perderse, y debido a que se trata de una golosina econ\u00f3mica, es com\u00fan que las madres y t\u00edas se acerquen a tu comercio a comprar al\u00a0 la golosina que lidera las ventas en todos los kioscos del pa\u00eds.<\/p>\n","protected":false},"excerpt":{"rendered":"<p><strong>CHUPA CHUPS HUEVO SORPRESA x 16u B\/6<\/strong><\/p>\n","protected":false},"featured_media":3278,"comment_status":"closed","ping_status":"closed","template":"","meta":{"site-sidebar-layout":"default","site-content-layout":"","ast-site-content-layout":"default","site-content-style":"default","site-sidebar-style":"default","ast-global-header-display":"","ast-banner-title-visibility":"","ast-main-header-display":"","ast-hfb-above-header-display":"","ast-hfb-below-header-display":"","ast-hfb-mobile-header-display":"","site-post-title":"","ast-breadcrumbs-content":"","ast-featured-img":"","footer-sml-layout":"","ast-disable-related-posts":"","theme-transparent-header-meta":"","adv-header-id-meta":"","stick-header-meta":"","header-above-stick-meta":"","header-main-stick-meta":"","header-below-stick-meta":"","astra-migrate-meta-layouts":"default","ast-page-background-enabled":"default","ast-page-background-meta":{"desktop":{"background-color":"","background-image":"","background-repeat":"repeat","background-position":"center center","background-size":"auto","background-attachment":"scroll","background-type":"","background-media":"","overlay-type":"","overlay-color":"","overlay-opacity":"","overlay-gradient":""},"tablet":{"background-color":"","background-image":"","background-repeat":"repeat","background-position":"center center","background-size":"auto","background-attachment":"scroll","background-type":"","background-media":"","overlay-type":"","overlay-color":"","overlay-opacity":"","overlay-gradient":""},"mobile":{"background-color":"","background-image":"","background-repeat":"repeat","background-position":"center center","background-size":"auto","background-attachment":"scroll","background-type":"","background-media":"","overlay-type":"","overlay-color":"","overlay-opacity":"","overlay-gradient":""}},"ast-content-background-meta":{"desktop":{"background-color":"var(--ast-global-color-5)","background-image":"","background-repeat":"repeat","background-position":"center center","background-size":"auto","background-attachment":"scroll","background-type":"","background-media":"","overlay-type":"","overlay-color":"","overlay-opacity":"","overlay-gradient":""},"tablet":{"background-color":"var(--ast-global-color-5)","background-image":"","background-repeat":"repeat","background-position":"center center","background-size":"auto","background-attachment":"scroll","background-type":"","background-media":"","overlay-type":"","overlay-color":"","overlay-opacity":"","overlay-gradient":""},"mobile":{"background-color":"var(--ast-global-color-5)","background-image":"","background-repeat":"repeat","background-position":"center center","background-size":"auto","background-attachment":"scroll","background-type":"","background-media":"","overlay-type":"","overlay-color":"","overlay-opacity":"","overlay-gradient":""}},"_joinchat":[]},"product_brand":[],"product_cat":[209],"product_tag":[221,50,227],"class_list":{"0":"post-372","1":"product","2":"type-product","3":"status-publish","4":"has-post-thumbnail","6":"product_cat-chupetines","7":"product_tag-chupa-chups","8":"product_tag-golosinas","9":"product_tag-huevo-sorpresa","10":"desktop-align-left","11":"tablet-align-left","12":"mobile-align-left","13":"ast-product-gallery-layout-vertical","14":"ast-product-gallery-with-no-image","15":"ast-product-tabs-layout-vertical","17":"first","18":"outofstock","19":"shipping-taxable","20":"purchasable","21":"product-type-simple"},"yoast_head":"<!-- This site is optimized with the Yoast SEO plugin v27.2 - https:\/\/yoast.com\/product\/yoast-seo-wordpress\/ -->\n<title>CHUPETIN CHUPA CHUPS HUEVO SORPRESA X 16U -<\/title>\n<meta name=\"description\" content=\"Una golosina muy de moda entre los chicos es el Chupetin Chupa Chups Huevo Sorpresa por eso no puede faltar en tu kiosco. Haznos tu pedido online desde nuestra pagina.\" \/>\n<meta name=\"robots\" content=\"index, follow, max-snippet:-1, max-image-preview:large, max-video-preview:-1\" \/>\n<link rel=\"canonical\" href=\"https:\/\/www.golosinaspormayor.com\/ventaonline\/tienda\/chupetines\/chupetin-chupa-chups-huevo-sorpresa\/\" \/>\n<meta property=\"og:locale\" content=\"es_ES\" \/>\n<meta property=\"og:type\" content=\"article\" \/>\n<meta property=\"og:title\" content=\"CHUPETIN CHUPA CHUPS HUEVO SORPRESA X 16U -\" \/>\n<meta property=\"og:description\" content=\"Una golosina muy de moda entre los chicos es el Chupetin Chupa Chups Huevo Sorpresa por eso no puede faltar en tu kiosco. Haznos tu pedido online desde nuestra pagina.\" \/>\n<meta property=\"og:url\" content=\"https:\/\/www.golosinaspormayor.com\/ventaonline\/tienda\/chupetines\/chupetin-chupa-chups-huevo-sorpresa\/\" \/>\n<meta property=\"og:site_name\" content=\"Golosinas por Mayor\" \/>\n<meta property=\"article:modified_time\" content=\"2018-08-03T14:21:05+00:00\" \/>\n<meta property=\"og:image\" content=\"https:\/\/www.golosinaspormayor.com\/ventaonline\/wp-content\/uploads\/chupetin-chupa-chups-huevo-sorpresa-x-16u.jpg\" \/>\n\t<meta property=\"og:image:width\" content=\"500\" \/>\n\t<meta property=\"og:image:height\" content=\"500\" \/>\n\t<meta property=\"og:image:type\" content=\"image\/jpeg\" \/>\n<meta name=\"twitter:label1\" content=\"Tiempo de lectura\" \/>\n\t<meta name=\"twitter:data1\" content=\"1 minuto\" \/>\n<script type=\"application\/ld+json\" class=\"yoast-schema-graph\">{\"@context\":\"https:\/\/schema.org\",\"@graph\":[{\"@type\":\"WebPage\",\"@id\":\"https:\/\/www.golosinaspormayor.com\/ventaonline\/tienda\/chupetines\/chupetin-chupa-chups-huevo-sorpresa\/\",\"url\":\"https:\/\/www.golosinaspormayor.com\/ventaonline\/tienda\/chupetines\/chupetin-chupa-chups-huevo-sorpresa\/\",\"name\":\"CHUPETIN CHUPA CHUPS HUEVO SORPRESA X 16U -\",\"isPartOf\":{\"@id\":\"https:\/\/www.golosinaspormayor.com\/ventaonline\/#website\"},\"primaryImageOfPage\":{\"@id\":\"https:\/\/www.golosinaspormayor.com\/ventaonline\/tienda\/chupetines\/chupetin-chupa-chups-huevo-sorpresa\/#primaryimage\"},\"image\":{\"@id\":\"https:\/\/www.golosinaspormayor.com\/ventaonline\/tienda\/chupetines\/chupetin-chupa-chups-huevo-sorpresa\/#primaryimage\"},\"thumbnailUrl\":\"https:\/\/www.golosinaspormayor.com\/ventaonline\/wp-content\/uploads\/chupetin-chupa-chups-huevo-sorpresa-x-16u.jpg\",\"datePublished\":\"2013-08-30T19:29:52+00:00\",\"dateModified\":\"2018-08-03T14:21:05+00:00\",\"description\":\"Una golosina muy de moda entre los chicos es el Chupetin Chupa Chups Huevo Sorpresa por eso no puede faltar en tu kiosco. Haznos tu pedido online desde nuestra pagina.\",\"breadcrumb\":{\"@id\":\"https:\/\/www.golosinaspormayor.com\/ventaonline\/tienda\/chupetines\/chupetin-chupa-chups-huevo-sorpresa\/#breadcrumb\"},\"inLanguage\":\"es\",\"potentialAction\":[{\"@type\":\"ReadAction\",\"target\":[\"https:\/\/www.golosinaspormayor.com\/ventaonline\/tienda\/chupetines\/chupetin-chupa-chups-huevo-sorpresa\/\"]}]},{\"@type\":\"ImageObject\",\"inLanguage\":\"es\",\"@id\":\"https:\/\/www.golosinaspormayor.com\/ventaonline\/tienda\/chupetines\/chupetin-chupa-chups-huevo-sorpresa\/#primaryimage\",\"url\":\"https:\/\/www.golosinaspormayor.com\/ventaonline\/wp-content\/uploads\/chupetin-chupa-chups-huevo-sorpresa-x-16u.jpg\",\"contentUrl\":\"https:\/\/www.golosinaspormayor.com\/ventaonline\/wp-content\/uploads\/chupetin-chupa-chups-huevo-sorpresa-x-16u.jpg\",\"width\":500,\"height\":500},{\"@type\":\"BreadcrumbList\",\"@id\":\"https:\/\/www.golosinaspormayor.com\/ventaonline\/tienda\/chupetines\/chupetin-chupa-chups-huevo-sorpresa\/#breadcrumb\",\"itemListElement\":[{\"@type\":\"ListItem\",\"position\":1,\"name\":\"Tienda\",\"item\":\"https:\/\/www.golosinaspormayor.com\/ventaonline\/tienda\/\"},{\"@type\":\"ListItem\",\"position\":2,\"name\":\"CHUPETIN CHUPA CHUPS HUEVO SORPRESA X 16U\"}]},{\"@type\":\"WebSite\",\"@id\":\"https:\/\/www.golosinaspormayor.com\/ventaonline\/#website\",\"url\":\"https:\/\/www.golosinaspormayor.com\/ventaonline\/\",\"name\":\"Golosinas por Mayor\",\"description\":\"Venta online de golosinas por mayor\",\"publisher\":{\"@id\":\"https:\/\/www.golosinaspormayor.com\/ventaonline\/#organization\"},\"potentialAction\":[{\"@type\":\"SearchAction\",\"target\":{\"@type\":\"EntryPoint\",\"urlTemplate\":\"https:\/\/www.golosinaspormayor.com\/ventaonline\/?s={search_term_string}\"},\"query-input\":{\"@type\":\"PropertyValueSpecification\",\"valueRequired\":true,\"valueName\":\"search_term_string\"}}],\"inLanguage\":\"es\"},{\"@type\":\"Organization\",\"@id\":\"https:\/\/www.golosinaspormayor.com\/ventaonline\/#organization\",\"name\":\"Golosinas por Mayor\",\"url\":\"https:\/\/www.golosinaspormayor.com\/ventaonline\/\",\"logo\":{\"@type\":\"ImageObject\",\"inLanguage\":\"es\",\"@id\":\"https:\/\/www.golosinaspormayor.com\/ventaonline\/#\/schema\/logo\/image\/\",\"url\":\"https:\/\/www.golosinaspormayor.com\/ventaonline\/wp-content\/uploads\/Copia-de-pop-logo-png.png\",\"contentUrl\":\"https:\/\/www.golosinaspormayor.com\/ventaonline\/wp-content\/uploads\/Copia-de-pop-logo-png.png\",\"width\":150,\"height\":46,\"caption\":\"Golosinas por Mayor\"},\"image\":{\"@id\":\"https:\/\/www.golosinaspormayor.com\/ventaonline\/#\/schema\/logo\/image\/\"}}]}<\/script>\n<!-- \/ Yoast SEO plugin. -->","yoast_head_json":{"title":"CHUPETIN CHUPA CHUPS HUEVO SORPRESA X 16U -","description":"Una golosina muy de moda entre los chicos es el Chupetin Chupa Chups Huevo Sorpresa por eso no puede faltar en tu kiosco. Haznos tu pedido online desde nuestra pagina.","robots":{"index":"index","follow":"follow","max-snippet":"max-snippet:-1","max-image-preview":"max-image-preview:large","max-video-preview":"max-video-preview:-1"},"canonical":"https:\/\/www.golosinaspormayor.com\/ventaonline\/tienda\/chupetines\/chupetin-chupa-chups-huevo-sorpresa\/","og_locale":"es_ES","og_type":"article","og_title":"CHUPETIN CHUPA CHUPS HUEVO SORPRESA X 16U -","og_description":"Una golosina muy de moda entre los chicos es el Chupetin Chupa Chups Huevo Sorpresa por eso no puede faltar en tu kiosco. Haznos tu pedido online desde nuestra pagina.","og_url":"https:\/\/www.golosinaspormayor.com\/ventaonline\/tienda\/chupetines\/chupetin-chupa-chups-huevo-sorpresa\/","og_site_name":"Golosinas por Mayor","article_modified_time":"2018-08-03T14:21:05+00:00","og_image":[{"width":500,"height":500,"url":"https:\/\/www.golosinaspormayor.com\/ventaonline\/wp-content\/uploads\/chupetin-chupa-chups-huevo-sorpresa-x-16u.jpg","type":"image\/jpeg"}],"twitter_misc":{"Tiempo de lectura":"1 minuto"},"schema":{"@context":"https:\/\/schema.org","@graph":[{"@type":"WebPage","@id":"https:\/\/www.golosinaspormayor.com\/ventaonline\/tienda\/chupetines\/chupetin-chupa-chups-huevo-sorpresa\/","url":"https:\/\/www.golosinaspormayor.com\/ventaonline\/tienda\/chupetines\/chupetin-chupa-chups-huevo-sorpresa\/","name":"CHUPETIN CHUPA CHUPS HUEVO SORPRESA X 16U -","isPartOf":{"@id":"https:\/\/www.golosinaspormayor.com\/ventaonline\/#website"},"primaryImageOfPage":{"@id":"https:\/\/www.golosinaspormayor.com\/ventaonline\/tienda\/chupetines\/chupetin-chupa-chups-huevo-sorpresa\/#primaryimage"},"image":{"@id":"https:\/\/www.golosinaspormayor.com\/ventaonline\/tienda\/chupetines\/chupetin-chupa-chups-huevo-sorpresa\/#primaryimage"},"thumbnailUrl":"https:\/\/www.golosinaspormayor.com\/ventaonline\/wp-content\/uploads\/chupetin-chupa-chups-huevo-sorpresa-x-16u.jpg","datePublished":"2013-08-30T19:29:52+00:00","dateModified":"2018-08-03T14:21:05+00:00","description":"Una golosina muy de moda entre los chicos es el Chupetin Chupa Chups Huevo Sorpresa por eso no puede faltar en tu kiosco. Haznos tu pedido online desde nuestra pagina.","breadcrumb":{"@id":"https:\/\/www.golosinaspormayor.com\/ventaonline\/tienda\/chupetines\/chupetin-chupa-chups-huevo-sorpresa\/#breadcrumb"},"inLanguage":"es","potentialAction":[{"@type":"ReadAction","target":["https:\/\/www.golosinaspormayor.com\/ventaonline\/tienda\/chupetines\/chupetin-chupa-chups-huevo-sorpresa\/"]}]},{"@type":"ImageObject","inLanguage":"es","@id":"https:\/\/www.golosinaspormayor.com\/ventaonline\/tienda\/chupetines\/chupetin-chupa-chups-huevo-sorpresa\/#primaryimage","url":"https:\/\/www.golosinaspormayor.com\/ventaonline\/wp-content\/uploads\/chupetin-chupa-chups-huevo-sorpresa-x-16u.jpg","contentUrl":"https:\/\/www.golosinaspormayor.com\/ventaonline\/wp-content\/uploads\/chupetin-chupa-chups-huevo-sorpresa-x-16u.jpg","width":500,"height":500},{"@type":"BreadcrumbList","@id":"https:\/\/www.golosinaspormayor.com\/ventaonline\/tienda\/chupetines\/chupetin-chupa-chups-huevo-sorpresa\/#breadcrumb","itemListElement":[{"@type":"ListItem","position":1,"name":"Tienda","item":"https:\/\/www.golosinaspormayor.com\/ventaonline\/tienda\/"},{"@type":"ListItem","position":2,"name":"CHUPETIN CHUPA CHUPS HUEVO SORPRESA X 16U"}]},{"@type":"WebSite","@id":"https:\/\/www.golosinaspormayor.com\/ventaonline\/#website","url":"https:\/\/www.golosinaspormayor.com\/ventaonline\/","name":"Golosinas por Mayor","description":"Venta online de golosinas por mayor","publisher":{"@id":"https:\/\/www.golosinaspormayor.com\/ventaonline\/#organization"},"potentialAction":[{"@type":"SearchAction","target":{"@type":"EntryPoint","urlTemplate":"https:\/\/www.golosinaspormayor.com\/ventaonline\/?s={search_term_string}"},"query-input":{"@type":"PropertyValueSpecification","valueRequired":true,"valueName":"search_term_string"}}],"inLanguage":"es"},{"@type":"Organization","@id":"https:\/\/www.golosinaspormayor.com\/ventaonline\/#organization","name":"Golosinas por Mayor","url":"https:\/\/www.golosinaspormayor.com\/ventaonline\/","logo":{"@type":"ImageObject","inLanguage":"es","@id":"https:\/\/www.golosinaspormayor.com\/ventaonline\/#\/schema\/logo\/image\/","url":"https:\/\/www.golosinaspormayor.com\/ventaonline\/wp-content\/uploads\/Copia-de-pop-logo-png.png","contentUrl":"https:\/\/www.golosinaspormayor.com\/ventaonline\/wp-content\/uploads\/Copia-de-pop-logo-png.png","width":150,"height":46,"caption":"Golosinas por Mayor"},"image":{"@id":"https:\/\/www.golosinaspormayor.com\/ventaonline\/#\/schema\/logo\/image\/"}}]}},"_links":{"self":[{"href":"https:\/\/www.golosinaspormayor.com\/ventaonline\/wp-json\/wp\/v2\/product\/372","targetHints":{"allow":["GET"]}}],"collection":[{"href":"https:\/\/www.golosinaspormayor.com\/ventaonline\/wp-json\/wp\/v2\/product"}],"about":[{"href":"https:\/\/www.golosinaspormayor.com\/ventaonline\/wp-json\/wp\/v2\/types\/product"}],"replies":[{"embeddable":true,"href":"https:\/\/www.golosinaspormayor.com\/ventaonline\/wp-json\/wp\/v2\/comments?post=372"}],"wp:featuredmedia":[{"embeddable":true,"href":"https:\/\/www.golosinaspormayor.com\/ventaonline\/wp-json\/wp\/v2\/media\/3278"}],"wp:attachment":[{"href":"https:\/\/www.golosinaspormayor.com\/ventaonline\/wp-json\/wp\/v2\/media?parent=372"}],"wp:term":[{"taxonomy":"product_brand","embeddable":true,"href":"https:\/\/www.golosinaspormayor.com\/ventaonline\/wp-json\/wp\/v2\/product_brand?post=372"},{"taxonomy":"product_cat","embeddable":true,"href":"https:\/\/www.golosinaspormayor.com\/ventaonline\/wp-json\/wp\/v2\/product_cat?post=372"},{"taxonomy":"product_tag","embeddable":true,"href":"https:\/\/www.golosinaspormayor.com\/ventaonline\/wp-json\/wp\/v2\/product_tag?post=372"}],"curies":[{"name":"wp","href":"https:\/\/api.w.org\/{rel}","templated":true}]}}