{"id":339,"date":"2013-08-29T20:38:37","date_gmt":"2013-08-29T23:38:37","guid":{"rendered":"http:\/\/www.golosinaspormayor.com\/ventaonline\/?post_type=product&#038;p=339"},"modified":"2021-09-21T12:07:19","modified_gmt":"2021-09-21T15:07:19","slug":"chocolate-felfort-moneditas-piratas","status":"publish","type":"product","link":"https:\/\/www.golosinaspormayor.com\/ventaonline\/tienda\/chocolates\/chocolate-felfort-moneditas-piratas\/","title":{"rendered":"CHOCOLATE FELFORT MONEDITAS PIRATAS X 60U"},"content":{"rendered":"<p>El chocolate Felfort moneditas piratas, es un verdadero cl\u00e1sico dentro del stock de mercader\u00edas deliciosas que no pueden faltar en ning\u00fan kiosco, mini mercado, drugstore, o maxi kiosco, sin importar en donde se encuentre situado tu comercio, porque los argentinos, tenemos memoria de lo que fueron las golosinas que nos marcaronen a infancia, adem\u00e1s curiosamente este chocolate Felfort moneditas piratas, es el elegido por todos los m\u00e1s chiquitos tambi\u00e9n.<\/p>\n<p>El m\u00e1s fino chocolate Felfort, unidos al packaging, m\u00e1s extravagante y teatral, una cobertura de metal dorado recubre a la golosina, a modo de moneda de oro, para dar rienda suelta a los sue\u00f1os de los m\u00e1s osados piratas del Caribe, que encuentran cofres abandonados en el mar. Tenlas en tu kiosco, son muy econ\u00f3micas adem\u00e1s te aportar\u00e1n el color en las g\u00f3ndolas y los m\u00e1s chicos te lo agradecer\u00e1n.<\/p>\n<p>Las cajas del chocolate Felfort moneditas piratas, se presentan en 70 unidades, del m\u00e1s liviano trocito de chocolate de forma redonda y con un packaging muy divertido que simula una antigua moneda de oro. Haznos tu pedido ahora mismo desde esta p\u00e1gina, y te lo entregaremos dentro de las pr\u00f3xima 48 horas si tu kiosco se encuentra en Capital Federal o Gran Buenos Aires. Tambi\u00e9n hacemos env\u00edos al interior del pa\u00eds.<\/p>\n","protected":false},"excerpt":{"rendered":"<p><strong>FELFORT MONEDITAS PIRATAS 5gr. x 60u B\/24<\/strong><\/p>\n","protected":false},"featured_media":340,"comment_status":"closed","ping_status":"closed","template":"","meta":{"site-sidebar-layout":"default","site-content-layout":"","ast-site-content-layout":"default","site-content-style":"default","site-sidebar-style":"default","ast-global-header-display":"","ast-banner-title-visibility":"","ast-main-header-display":"","ast-hfb-above-header-display":"","ast-hfb-below-header-display":"","ast-hfb-mobile-header-display":"","site-post-title":"","ast-breadcrumbs-content":"","ast-featured-img":"","footer-sml-layout":"","ast-disable-related-posts":"","theme-transparent-header-meta":"","adv-header-id-meta":"","stick-header-meta":"","header-above-stick-meta":"","header-main-stick-meta":"","header-below-stick-meta":"","astra-migrate-meta-layouts":"default","ast-page-background-enabled":"default","ast-page-background-meta":{"desktop":{"background-color":"","background-image":"","background-repeat":"repeat","background-position":"center center","background-size":"auto","background-attachment":"scroll","background-type":"","background-media":"","overlay-type":"","overlay-color":"","overlay-opacity":"","overlay-gradient":""},"tablet":{"background-color":"","background-image":"","background-repeat":"repeat","background-position":"center center","background-size":"auto","background-attachment":"scroll","background-type":"","background-media":"","overlay-type":"","overlay-color":"","overlay-opacity":"","overlay-gradient":""},"mobile":{"background-color":"","background-image":"","background-repeat":"repeat","background-position":"center center","background-size":"auto","background-attachment":"scroll","background-type":"","background-media":"","overlay-type":"","overlay-color":"","overlay-opacity":"","overlay-gradient":""}},"ast-content-background-meta":{"desktop":{"background-color":"var(--ast-global-color-5)","background-image":"","background-repeat":"repeat","background-position":"center center","background-size":"auto","background-attachment":"scroll","background-type":"","background-media":"","overlay-type":"","overlay-color":"","overlay-opacity":"","overlay-gradient":""},"tablet":{"background-color":"var(--ast-global-color-5)","background-image":"","background-repeat":"repeat","background-position":"center center","background-size":"auto","background-attachment":"scroll","background-type":"","background-media":"","overlay-type":"","overlay-color":"","overlay-opacity":"","overlay-gradient":""},"mobile":{"background-color":"var(--ast-global-color-5)","background-image":"","background-repeat":"repeat","background-position":"center center","background-size":"auto","background-attachment":"scroll","background-type":"","background-media":"","overlay-type":"","overlay-color":"","overlay-opacity":"","overlay-gradient":""}},"_joinchat":[]},"product_brand":[],"product_cat":[103],"product_tag":[138,159,50,20,195],"class_list":{"0":"post-339","1":"product","2":"type-product","3":"status-publish","4":"has-post-thumbnail","6":"product_cat-chocolates","7":"product_tag-dulces","8":"product_tag-felfort","9":"product_tag-golosinas","10":"product_tag-mayorista","11":"product_tag-moneditas-piratas","12":"desktop-align-left","13":"tablet-align-left","14":"mobile-align-left","15":"ast-product-gallery-layout-vertical","16":"ast-product-gallery-with-no-image","17":"ast-product-tabs-layout-vertical","19":"first","20":"instock","21":"shipping-taxable","22":"purchasable","23":"product-type-simple"},"yoast_head":"<!-- This site is optimized with the Yoast SEO plugin v27.2 - https:\/\/yoast.com\/product\/yoast-seo-wordpress\/ -->\n<title>CHOCOLATE FELFORT MONEDITAS PIRATAS X 60U -<\/title>\n<meta name=\"description\" content=\"El chocolate Felfort Moneditas Piratas es uno de los preferidos de los m\u00e1s chiquitos, por eso no pueden faltarte en tu kiosco. \u00a1Haznos tu pedido desde esta p\u00e1gina.! Nuestros precios son inmejorables.\" \/>\n<meta name=\"robots\" content=\"index, follow, max-snippet:-1, max-image-preview:large, max-video-preview:-1\" \/>\n<link rel=\"canonical\" href=\"https:\/\/www.golosinaspormayor.com\/ventaonline\/tienda\/chocolates\/chocolate-felfort-moneditas-piratas\/\" \/>\n<meta property=\"og:locale\" content=\"es_ES\" \/>\n<meta property=\"og:type\" content=\"article\" \/>\n<meta property=\"og:title\" content=\"CHOCOLATE FELFORT MONEDITAS PIRATAS X 60U -\" \/>\n<meta property=\"og:description\" content=\"El chocolate Felfort Moneditas Piratas es uno de los preferidos de los m\u00e1s chiquitos, por eso no pueden faltarte en tu kiosco. \u00a1Haznos tu pedido desde esta p\u00e1gina.! Nuestros precios son inmejorables.\" \/>\n<meta property=\"og:url\" content=\"https:\/\/www.golosinaspormayor.com\/ventaonline\/tienda\/chocolates\/chocolate-felfort-moneditas-piratas\/\" \/>\n<meta property=\"og:site_name\" content=\"Golosinas por Mayor\" \/>\n<meta property=\"article:modified_time\" content=\"2021-09-21T15:07:19+00:00\" \/>\n<meta property=\"og:image\" content=\"https:\/\/www.golosinaspormayor.com\/ventaonline\/wp-content\/uploads\/chocolate-felfort-moneditas-piratas-catalogo.jpg\" \/>\n\t<meta property=\"og:image:width\" content=\"380\" \/>\n\t<meta property=\"og:image:height\" content=\"380\" \/>\n\t<meta property=\"og:image:type\" content=\"image\/jpeg\" \/>\n<meta name=\"twitter:label1\" content=\"Tiempo de lectura\" \/>\n\t<meta name=\"twitter:data1\" content=\"1 minuto\" \/>\n<script type=\"application\/ld+json\" class=\"yoast-schema-graph\">{\"@context\":\"https:\/\/schema.org\",\"@graph\":[{\"@type\":\"WebPage\",\"@id\":\"https:\/\/www.golosinaspormayor.com\/ventaonline\/tienda\/chocolates\/chocolate-felfort-moneditas-piratas\/\",\"url\":\"https:\/\/www.golosinaspormayor.com\/ventaonline\/tienda\/chocolates\/chocolate-felfort-moneditas-piratas\/\",\"name\":\"CHOCOLATE FELFORT MONEDITAS PIRATAS X 60U -\",\"isPartOf\":{\"@id\":\"https:\/\/www.golosinaspormayor.com\/ventaonline\/#website\"},\"primaryImageOfPage\":{\"@id\":\"https:\/\/www.golosinaspormayor.com\/ventaonline\/tienda\/chocolates\/chocolate-felfort-moneditas-piratas\/#primaryimage\"},\"image\":{\"@id\":\"https:\/\/www.golosinaspormayor.com\/ventaonline\/tienda\/chocolates\/chocolate-felfort-moneditas-piratas\/#primaryimage\"},\"thumbnailUrl\":\"https:\/\/www.golosinaspormayor.com\/ventaonline\/wp-content\/uploads\/chocolate-felfort-moneditas-piratas-catalogo.jpg\",\"datePublished\":\"2013-08-29T23:38:37+00:00\",\"dateModified\":\"2021-09-21T15:07:19+00:00\",\"description\":\"El chocolate Felfort Moneditas Piratas es uno de los preferidos de los m\u00e1s chiquitos, por eso no pueden faltarte en tu kiosco. \u00a1Haznos tu pedido desde esta p\u00e1gina.! Nuestros precios son inmejorables.\",\"breadcrumb\":{\"@id\":\"https:\/\/www.golosinaspormayor.com\/ventaonline\/tienda\/chocolates\/chocolate-felfort-moneditas-piratas\/#breadcrumb\"},\"inLanguage\":\"es\",\"potentialAction\":[{\"@type\":\"ReadAction\",\"target\":[\"https:\/\/www.golosinaspormayor.com\/ventaonline\/tienda\/chocolates\/chocolate-felfort-moneditas-piratas\/\"]}]},{\"@type\":\"ImageObject\",\"inLanguage\":\"es\",\"@id\":\"https:\/\/www.golosinaspormayor.com\/ventaonline\/tienda\/chocolates\/chocolate-felfort-moneditas-piratas\/#primaryimage\",\"url\":\"https:\/\/www.golosinaspormayor.com\/ventaonline\/wp-content\/uploads\/chocolate-felfort-moneditas-piratas-catalogo.jpg\",\"contentUrl\":\"https:\/\/www.golosinaspormayor.com\/ventaonline\/wp-content\/uploads\/chocolate-felfort-moneditas-piratas-catalogo.jpg\",\"width\":380,\"height\":380,\"caption\":\"chocolate-felfort-moneditas-piratas-minorista\"},{\"@type\":\"BreadcrumbList\",\"@id\":\"https:\/\/www.golosinaspormayor.com\/ventaonline\/tienda\/chocolates\/chocolate-felfort-moneditas-piratas\/#breadcrumb\",\"itemListElement\":[{\"@type\":\"ListItem\",\"position\":1,\"name\":\"Tienda\",\"item\":\"https:\/\/www.golosinaspormayor.com\/ventaonline\/tienda\/\"},{\"@type\":\"ListItem\",\"position\":2,\"name\":\"CHOCOLATE FELFORT MONEDITAS PIRATAS X 60U\"}]},{\"@type\":\"WebSite\",\"@id\":\"https:\/\/www.golosinaspormayor.com\/ventaonline\/#website\",\"url\":\"https:\/\/www.golosinaspormayor.com\/ventaonline\/\",\"name\":\"Golosinas por Mayor\",\"description\":\"Venta online de golosinas por mayor\",\"publisher\":{\"@id\":\"https:\/\/www.golosinaspormayor.com\/ventaonline\/#organization\"},\"potentialAction\":[{\"@type\":\"SearchAction\",\"target\":{\"@type\":\"EntryPoint\",\"urlTemplate\":\"https:\/\/www.golosinaspormayor.com\/ventaonline\/?s={search_term_string}\"},\"query-input\":{\"@type\":\"PropertyValueSpecification\",\"valueRequired\":true,\"valueName\":\"search_term_string\"}}],\"inLanguage\":\"es\"},{\"@type\":\"Organization\",\"@id\":\"https:\/\/www.golosinaspormayor.com\/ventaonline\/#organization\",\"name\":\"Golosinas por Mayor\",\"url\":\"https:\/\/www.golosinaspormayor.com\/ventaonline\/\",\"logo\":{\"@type\":\"ImageObject\",\"inLanguage\":\"es\",\"@id\":\"https:\/\/www.golosinaspormayor.com\/ventaonline\/#\/schema\/logo\/image\/\",\"url\":\"https:\/\/www.golosinaspormayor.com\/ventaonline\/wp-content\/uploads\/Copia-de-pop-logo-png.png\",\"contentUrl\":\"https:\/\/www.golosinaspormayor.com\/ventaonline\/wp-content\/uploads\/Copia-de-pop-logo-png.png\",\"width\":150,\"height\":46,\"caption\":\"Golosinas por Mayor\"},\"image\":{\"@id\":\"https:\/\/www.golosinaspormayor.com\/ventaonline\/#\/schema\/logo\/image\/\"}}]}<\/script>\n<!-- \/ Yoast SEO plugin. -->","yoast_head_json":{"title":"CHOCOLATE FELFORT MONEDITAS PIRATAS X 60U -","description":"El chocolate Felfort Moneditas Piratas es uno de los preferidos de los m\u00e1s chiquitos, por eso no pueden faltarte en tu kiosco. \u00a1Haznos tu pedido desde esta p\u00e1gina.! Nuestros precios son inmejorables.","robots":{"index":"index","follow":"follow","max-snippet":"max-snippet:-1","max-image-preview":"max-image-preview:large","max-video-preview":"max-video-preview:-1"},"canonical":"https:\/\/www.golosinaspormayor.com\/ventaonline\/tienda\/chocolates\/chocolate-felfort-moneditas-piratas\/","og_locale":"es_ES","og_type":"article","og_title":"CHOCOLATE FELFORT MONEDITAS PIRATAS X 60U -","og_description":"El chocolate Felfort Moneditas Piratas es uno de los preferidos de los m\u00e1s chiquitos, por eso no pueden faltarte en tu kiosco. \u00a1Haznos tu pedido desde esta p\u00e1gina.! Nuestros precios son inmejorables.","og_url":"https:\/\/www.golosinaspormayor.com\/ventaonline\/tienda\/chocolates\/chocolate-felfort-moneditas-piratas\/","og_site_name":"Golosinas por Mayor","article_modified_time":"2021-09-21T15:07:19+00:00","og_image":[{"width":380,"height":380,"url":"https:\/\/www.golosinaspormayor.com\/ventaonline\/wp-content\/uploads\/chocolate-felfort-moneditas-piratas-catalogo.jpg","type":"image\/jpeg"}],"twitter_misc":{"Tiempo de lectura":"1 minuto"},"schema":{"@context":"https:\/\/schema.org","@graph":[{"@type":"WebPage","@id":"https:\/\/www.golosinaspormayor.com\/ventaonline\/tienda\/chocolates\/chocolate-felfort-moneditas-piratas\/","url":"https:\/\/www.golosinaspormayor.com\/ventaonline\/tienda\/chocolates\/chocolate-felfort-moneditas-piratas\/","name":"CHOCOLATE FELFORT MONEDITAS PIRATAS X 60U -","isPartOf":{"@id":"https:\/\/www.golosinaspormayor.com\/ventaonline\/#website"},"primaryImageOfPage":{"@id":"https:\/\/www.golosinaspormayor.com\/ventaonline\/tienda\/chocolates\/chocolate-felfort-moneditas-piratas\/#primaryimage"},"image":{"@id":"https:\/\/www.golosinaspormayor.com\/ventaonline\/tienda\/chocolates\/chocolate-felfort-moneditas-piratas\/#primaryimage"},"thumbnailUrl":"https:\/\/www.golosinaspormayor.com\/ventaonline\/wp-content\/uploads\/chocolate-felfort-moneditas-piratas-catalogo.jpg","datePublished":"2013-08-29T23:38:37+00:00","dateModified":"2021-09-21T15:07:19+00:00","description":"El chocolate Felfort Moneditas Piratas es uno de los preferidos de los m\u00e1s chiquitos, por eso no pueden faltarte en tu kiosco. \u00a1Haznos tu pedido desde esta p\u00e1gina.! Nuestros precios son inmejorables.","breadcrumb":{"@id":"https:\/\/www.golosinaspormayor.com\/ventaonline\/tienda\/chocolates\/chocolate-felfort-moneditas-piratas\/#breadcrumb"},"inLanguage":"es","potentialAction":[{"@type":"ReadAction","target":["https:\/\/www.golosinaspormayor.com\/ventaonline\/tienda\/chocolates\/chocolate-felfort-moneditas-piratas\/"]}]},{"@type":"ImageObject","inLanguage":"es","@id":"https:\/\/www.golosinaspormayor.com\/ventaonline\/tienda\/chocolates\/chocolate-felfort-moneditas-piratas\/#primaryimage","url":"https:\/\/www.golosinaspormayor.com\/ventaonline\/wp-content\/uploads\/chocolate-felfort-moneditas-piratas-catalogo.jpg","contentUrl":"https:\/\/www.golosinaspormayor.com\/ventaonline\/wp-content\/uploads\/chocolate-felfort-moneditas-piratas-catalogo.jpg","width":380,"height":380,"caption":"chocolate-felfort-moneditas-piratas-minorista"},{"@type":"BreadcrumbList","@id":"https:\/\/www.golosinaspormayor.com\/ventaonline\/tienda\/chocolates\/chocolate-felfort-moneditas-piratas\/#breadcrumb","itemListElement":[{"@type":"ListItem","position":1,"name":"Tienda","item":"https:\/\/www.golosinaspormayor.com\/ventaonline\/tienda\/"},{"@type":"ListItem","position":2,"name":"CHOCOLATE FELFORT MONEDITAS PIRATAS X 60U"}]},{"@type":"WebSite","@id":"https:\/\/www.golosinaspormayor.com\/ventaonline\/#website","url":"https:\/\/www.golosinaspormayor.com\/ventaonline\/","name":"Golosinas por Mayor","description":"Venta online de golosinas por mayor","publisher":{"@id":"https:\/\/www.golosinaspormayor.com\/ventaonline\/#organization"},"potentialAction":[{"@type":"SearchAction","target":{"@type":"EntryPoint","urlTemplate":"https:\/\/www.golosinaspormayor.com\/ventaonline\/?s={search_term_string}"},"query-input":{"@type":"PropertyValueSpecification","valueRequired":true,"valueName":"search_term_string"}}],"inLanguage":"es"},{"@type":"Organization","@id":"https:\/\/www.golosinaspormayor.com\/ventaonline\/#organization","name":"Golosinas por Mayor","url":"https:\/\/www.golosinaspormayor.com\/ventaonline\/","logo":{"@type":"ImageObject","inLanguage":"es","@id":"https:\/\/www.golosinaspormayor.com\/ventaonline\/#\/schema\/logo\/image\/","url":"https:\/\/www.golosinaspormayor.com\/ventaonline\/wp-content\/uploads\/Copia-de-pop-logo-png.png","contentUrl":"https:\/\/www.golosinaspormayor.com\/ventaonline\/wp-content\/uploads\/Copia-de-pop-logo-png.png","width":150,"height":46,"caption":"Golosinas por Mayor"},"image":{"@id":"https:\/\/www.golosinaspormayor.com\/ventaonline\/#\/schema\/logo\/image\/"}}]}},"_links":{"self":[{"href":"https:\/\/www.golosinaspormayor.com\/ventaonline\/wp-json\/wp\/v2\/product\/339","targetHints":{"allow":["GET"]}}],"collection":[{"href":"https:\/\/www.golosinaspormayor.com\/ventaonline\/wp-json\/wp\/v2\/product"}],"about":[{"href":"https:\/\/www.golosinaspormayor.com\/ventaonline\/wp-json\/wp\/v2\/types\/product"}],"replies":[{"embeddable":true,"href":"https:\/\/www.golosinaspormayor.com\/ventaonline\/wp-json\/wp\/v2\/comments?post=339"}],"wp:featuredmedia":[{"embeddable":true,"href":"https:\/\/www.golosinaspormayor.com\/ventaonline\/wp-json\/wp\/v2\/media\/340"}],"wp:attachment":[{"href":"https:\/\/www.golosinaspormayor.com\/ventaonline\/wp-json\/wp\/v2\/media?parent=339"}],"wp:term":[{"taxonomy":"product_brand","embeddable":true,"href":"https:\/\/www.golosinaspormayor.com\/ventaonline\/wp-json\/wp\/v2\/product_brand?post=339"},{"taxonomy":"product_cat","embeddable":true,"href":"https:\/\/www.golosinaspormayor.com\/ventaonline\/wp-json\/wp\/v2\/product_cat?post=339"},{"taxonomy":"product_tag","embeddable":true,"href":"https:\/\/www.golosinaspormayor.com\/ventaonline\/wp-json\/wp\/v2\/product_tag?post=339"}],"curies":[{"name":"wp","href":"https:\/\/api.w.org\/{rel}","templated":true}]}}