{"id":305,"date":"2013-08-28T17:24:24","date_gmt":"2013-08-28T20:24:24","guid":{"rendered":"http:\/\/www.golosinaspormayor.com\/ventaonline\/?post_type=product&#038;p=305"},"modified":"2018-08-03T11:21:40","modified_gmt":"2018-08-03T14:21:40","slug":"chocolate-cadbury-tres-suenos","status":"publish","type":"product","link":"https:\/\/www.golosinaspormayor.com\/ventaonline\/tienda\/chocolates\/chocolate-cadbury-tres-suenos\/","title":{"rendered":"CHOCOLATE CADBURY TRES SUE\u00d1OS"},"content":{"rendered":"<p>Ya estamos acostumbrados a que la\u00a0 firma Cadbury,\u00a0 tiene lo que se nos ocurra de la mejor calidad de todos sus productos, incluyendo al chocolate Cadbury tres sue\u00f1os, que en este caso se presenta en 160 gramos, del mejor sabor, solo para entendidos.<br \/>\nEs una golosina de alto valor nutritivo, y en este tama\u00f1o importante de salida comercial en kioscos, y drugstores m\u00e1s importantes, se encuentra en el mercado a un precio econ\u00f3mico, para ser vendidos luego en una cifra importante y as\u00ed obtener buenas ganancias.<br \/>\nNosotros tenemos stock permanente de este rico chocolate y entregamos tu pedido dentro de las 48 horas, ya sea en Capital Federal como en Gran Buenos Aires..<br \/>\nEs un chocolate de caracter\u00edsticas bastante cl\u00e1sicas, pero es en este caso de un sabor inigualable, con los mejores ingredientes que se unen para dar paso a uno de los chocolates que hicieron historia dentro de las golosinas m\u00e1s importantes del pa\u00eds.<br \/>\nNo te pierdas las ofertas con las que te podes encontrar en nuestra p\u00e1gina como tienda online, seguro que ver\u00e1s este producto y muchos m\u00e1s de esta tan afamada marca, para que tu kiosco se posicione, adem\u00e1s contamos con otros productos muy novedosos.<\/p>\n","protected":false},"excerpt":{"rendered":"<p><strong>CADBURY TRES SUE\u00d1OS X 160GR &#8211; 72<\/strong><\/p>\n","protected":false},"featured_media":308,"comment_status":"closed","ping_status":"closed","template":"","meta":{"site-sidebar-layout":"default","site-content-layout":"","ast-site-content-layout":"default","site-content-style":"default","site-sidebar-style":"default","ast-global-header-display":"","ast-banner-title-visibility":"","ast-main-header-display":"","ast-hfb-above-header-display":"","ast-hfb-below-header-display":"","ast-hfb-mobile-header-display":"","site-post-title":"","ast-breadcrumbs-content":"","ast-featured-img":"","footer-sml-layout":"","ast-disable-related-posts":"","theme-transparent-header-meta":"","adv-header-id-meta":"","stick-header-meta":"","header-above-stick-meta":"","header-main-stick-meta":"","header-below-stick-meta":"","astra-migrate-meta-layouts":"default","ast-page-background-enabled":"default","ast-page-background-meta":{"desktop":{"background-color":"","background-image":"","background-repeat":"repeat","background-position":"center center","background-size":"auto","background-attachment":"scroll","background-type":"","background-media":"","overlay-type":"","overlay-color":"","overlay-opacity":"","overlay-gradient":""},"tablet":{"background-color":"","background-image":"","background-repeat":"repeat","background-position":"center center","background-size":"auto","background-attachment":"scroll","background-type":"","background-media":"","overlay-type":"","overlay-color":"","overlay-opacity":"","overlay-gradient":""},"mobile":{"background-color":"","background-image":"","background-repeat":"repeat","background-position":"center center","background-size":"auto","background-attachment":"scroll","background-type":"","background-media":"","overlay-type":"","overlay-color":"","overlay-opacity":"","overlay-gradient":""}},"ast-content-background-meta":{"desktop":{"background-color":"var(--ast-global-color-5)","background-image":"","background-repeat":"repeat","background-position":"center center","background-size":"auto","background-attachment":"scroll","background-type":"","background-media":"","overlay-type":"","overlay-color":"","overlay-opacity":"","overlay-gradient":""},"tablet":{"background-color":"var(--ast-global-color-5)","background-image":"","background-repeat":"repeat","background-position":"center center","background-size":"auto","background-attachment":"scroll","background-type":"","background-media":"","overlay-type":"","overlay-color":"","overlay-opacity":"","overlay-gradient":""},"mobile":{"background-color":"var(--ast-global-color-5)","background-image":"","background-repeat":"repeat","background-position":"center center","background-size":"auto","background-attachment":"scroll","background-type":"","background-media":"","overlay-type":"","overlay-color":"","overlay-opacity":"","overlay-gradient":""}},"_joinchat":[]},"product_brand":[],"product_cat":[103],"product_tag":[177,172,104,176],"class_list":{"0":"post-305","1":"product","2":"type-product","3":"status-publish","4":"has-post-thumbnail","6":"product_cat-chocolates","7":"product_tag-160-gramos","8":"product_tag-cadbury","9":"product_tag-golosina","10":"product_tag-tres-suenos","11":"desktop-align-left","12":"tablet-align-left","13":"mobile-align-left","14":"ast-product-gallery-layout-vertical","15":"ast-product-gallery-with-no-image","16":"ast-product-tabs-layout-vertical","18":"first","19":"outofstock","20":"shipping-taxable","21":"purchasable","22":"product-type-simple"},"yoast_head":"<!-- This site is optimized with the Yoast SEO plugin v27.2 - https:\/\/yoast.com\/product\/yoast-seo-wordpress\/ -->\n<title>CHOCOLATE CADBURY TRES SUE\u00d1OS -<\/title>\n<meta name=\"description\" content=\"Chocolate Cadbury tres sue\u00f1os: esta marca nos acerca un nuevo producto de su deliciosa l\u00ednea de chocolates. Contamos con stock permanente a un precio excelente.\" \/>\n<meta name=\"robots\" content=\"index, follow, max-snippet:-1, max-image-preview:large, max-video-preview:-1\" \/>\n<link rel=\"canonical\" href=\"https:\/\/www.golosinaspormayor.com\/ventaonline\/tienda\/chocolates\/chocolate-cadbury-tres-suenos\/\" \/>\n<meta property=\"og:locale\" content=\"es_ES\" \/>\n<meta property=\"og:type\" content=\"article\" \/>\n<meta property=\"og:title\" content=\"CHOCOLATE CADBURY TRES SUE\u00d1OS -\" \/>\n<meta property=\"og:description\" content=\"Chocolate Cadbury tres sue\u00f1os: esta marca nos acerca un nuevo producto de su deliciosa l\u00ednea de chocolates. Contamos con stock permanente a un precio excelente.\" \/>\n<meta property=\"og:url\" content=\"https:\/\/www.golosinaspormayor.com\/ventaonline\/tienda\/chocolates\/chocolate-cadbury-tres-suenos\/\" \/>\n<meta property=\"og:site_name\" content=\"Golosinas por Mayor\" \/>\n<meta property=\"article:modified_time\" content=\"2018-08-03T14:21:40+00:00\" \/>\n<meta property=\"og:image\" content=\"https:\/\/www.golosinaspormayor.com\/ventaonline\/wp-content\/uploads\/chocolate-cadbury-tres-suenos-kiosco.jpg\" \/>\n\t<meta property=\"og:image:width\" content=\"843\" \/>\n\t<meta property=\"og:image:height\" content=\"400\" \/>\n\t<meta property=\"og:image:type\" content=\"image\/jpeg\" \/>\n<meta name=\"twitter:label1\" content=\"Tiempo de lectura\" \/>\n\t<meta name=\"twitter:data1\" content=\"1 minuto\" \/>\n<script type=\"application\/ld+json\" class=\"yoast-schema-graph\">{\"@context\":\"https:\/\/schema.org\",\"@graph\":[{\"@type\":\"WebPage\",\"@id\":\"https:\/\/www.golosinaspormayor.com\/ventaonline\/tienda\/chocolates\/chocolate-cadbury-tres-suenos\/\",\"url\":\"https:\/\/www.golosinaspormayor.com\/ventaonline\/tienda\/chocolates\/chocolate-cadbury-tres-suenos\/\",\"name\":\"CHOCOLATE CADBURY TRES SUE\u00d1OS -\",\"isPartOf\":{\"@id\":\"https:\/\/www.golosinaspormayor.com\/ventaonline\/#website\"},\"primaryImageOfPage\":{\"@id\":\"https:\/\/www.golosinaspormayor.com\/ventaonline\/tienda\/chocolates\/chocolate-cadbury-tres-suenos\/#primaryimage\"},\"image\":{\"@id\":\"https:\/\/www.golosinaspormayor.com\/ventaonline\/tienda\/chocolates\/chocolate-cadbury-tres-suenos\/#primaryimage\"},\"thumbnailUrl\":\"https:\/\/www.golosinaspormayor.com\/ventaonline\/wp-content\/uploads\/chocolate-cadbury-tres-suenos-kiosco.jpg\",\"datePublished\":\"2013-08-28T20:24:24+00:00\",\"dateModified\":\"2018-08-03T14:21:40+00:00\",\"description\":\"Chocolate Cadbury tres sue\u00f1os: esta marca nos acerca un nuevo producto de su deliciosa l\u00ednea de chocolates. Contamos con stock permanente a un precio excelente.\",\"breadcrumb\":{\"@id\":\"https:\/\/www.golosinaspormayor.com\/ventaonline\/tienda\/chocolates\/chocolate-cadbury-tres-suenos\/#breadcrumb\"},\"inLanguage\":\"es\",\"potentialAction\":[{\"@type\":\"ReadAction\",\"target\":[\"https:\/\/www.golosinaspormayor.com\/ventaonline\/tienda\/chocolates\/chocolate-cadbury-tres-suenos\/\"]}]},{\"@type\":\"ImageObject\",\"inLanguage\":\"es\",\"@id\":\"https:\/\/www.golosinaspormayor.com\/ventaonline\/tienda\/chocolates\/chocolate-cadbury-tres-suenos\/#primaryimage\",\"url\":\"https:\/\/www.golosinaspormayor.com\/ventaonline\/wp-content\/uploads\/chocolate-cadbury-tres-suenos-kiosco.jpg\",\"contentUrl\":\"https:\/\/www.golosinaspormayor.com\/ventaonline\/wp-content\/uploads\/chocolate-cadbury-tres-suenos-kiosco.jpg\",\"width\":843,\"height\":400,\"caption\":\"chocolate-cadbury-tres-suenos-venta\"},{\"@type\":\"BreadcrumbList\",\"@id\":\"https:\/\/www.golosinaspormayor.com\/ventaonline\/tienda\/chocolates\/chocolate-cadbury-tres-suenos\/#breadcrumb\",\"itemListElement\":[{\"@type\":\"ListItem\",\"position\":1,\"name\":\"Tienda\",\"item\":\"https:\/\/www.golosinaspormayor.com\/ventaonline\/tienda\/\"},{\"@type\":\"ListItem\",\"position\":2,\"name\":\"CHOCOLATE CADBURY TRES SUE\u00d1OS\"}]},{\"@type\":\"WebSite\",\"@id\":\"https:\/\/www.golosinaspormayor.com\/ventaonline\/#website\",\"url\":\"https:\/\/www.golosinaspormayor.com\/ventaonline\/\",\"name\":\"Golosinas por Mayor\",\"description\":\"Venta online de golosinas por mayor\",\"publisher\":{\"@id\":\"https:\/\/www.golosinaspormayor.com\/ventaonline\/#organization\"},\"potentialAction\":[{\"@type\":\"SearchAction\",\"target\":{\"@type\":\"EntryPoint\",\"urlTemplate\":\"https:\/\/www.golosinaspormayor.com\/ventaonline\/?s={search_term_string}\"},\"query-input\":{\"@type\":\"PropertyValueSpecification\",\"valueRequired\":true,\"valueName\":\"search_term_string\"}}],\"inLanguage\":\"es\"},{\"@type\":\"Organization\",\"@id\":\"https:\/\/www.golosinaspormayor.com\/ventaonline\/#organization\",\"name\":\"Golosinas por Mayor\",\"url\":\"https:\/\/www.golosinaspormayor.com\/ventaonline\/\",\"logo\":{\"@type\":\"ImageObject\",\"inLanguage\":\"es\",\"@id\":\"https:\/\/www.golosinaspormayor.com\/ventaonline\/#\/schema\/logo\/image\/\",\"url\":\"https:\/\/www.golosinaspormayor.com\/ventaonline\/wp-content\/uploads\/Copia-de-pop-logo-png.png\",\"contentUrl\":\"https:\/\/www.golosinaspormayor.com\/ventaonline\/wp-content\/uploads\/Copia-de-pop-logo-png.png\",\"width\":150,\"height\":46,\"caption\":\"Golosinas por Mayor\"},\"image\":{\"@id\":\"https:\/\/www.golosinaspormayor.com\/ventaonline\/#\/schema\/logo\/image\/\"}}]}<\/script>\n<!-- \/ Yoast SEO plugin. -->","yoast_head_json":{"title":"CHOCOLATE CADBURY TRES SUE\u00d1OS -","description":"Chocolate Cadbury tres sue\u00f1os: esta marca nos acerca un nuevo producto de su deliciosa l\u00ednea de chocolates. Contamos con stock permanente a un precio excelente.","robots":{"index":"index","follow":"follow","max-snippet":"max-snippet:-1","max-image-preview":"max-image-preview:large","max-video-preview":"max-video-preview:-1"},"canonical":"https:\/\/www.golosinaspormayor.com\/ventaonline\/tienda\/chocolates\/chocolate-cadbury-tres-suenos\/","og_locale":"es_ES","og_type":"article","og_title":"CHOCOLATE CADBURY TRES SUE\u00d1OS -","og_description":"Chocolate Cadbury tres sue\u00f1os: esta marca nos acerca un nuevo producto de su deliciosa l\u00ednea de chocolates. Contamos con stock permanente a un precio excelente.","og_url":"https:\/\/www.golosinaspormayor.com\/ventaonline\/tienda\/chocolates\/chocolate-cadbury-tres-suenos\/","og_site_name":"Golosinas por Mayor","article_modified_time":"2018-08-03T14:21:40+00:00","og_image":[{"width":843,"height":400,"url":"https:\/\/www.golosinaspormayor.com\/ventaonline\/wp-content\/uploads\/chocolate-cadbury-tres-suenos-kiosco.jpg","type":"image\/jpeg"}],"twitter_misc":{"Tiempo de lectura":"1 minuto"},"schema":{"@context":"https:\/\/schema.org","@graph":[{"@type":"WebPage","@id":"https:\/\/www.golosinaspormayor.com\/ventaonline\/tienda\/chocolates\/chocolate-cadbury-tres-suenos\/","url":"https:\/\/www.golosinaspormayor.com\/ventaonline\/tienda\/chocolates\/chocolate-cadbury-tres-suenos\/","name":"CHOCOLATE CADBURY TRES SUE\u00d1OS -","isPartOf":{"@id":"https:\/\/www.golosinaspormayor.com\/ventaonline\/#website"},"primaryImageOfPage":{"@id":"https:\/\/www.golosinaspormayor.com\/ventaonline\/tienda\/chocolates\/chocolate-cadbury-tres-suenos\/#primaryimage"},"image":{"@id":"https:\/\/www.golosinaspormayor.com\/ventaonline\/tienda\/chocolates\/chocolate-cadbury-tres-suenos\/#primaryimage"},"thumbnailUrl":"https:\/\/www.golosinaspormayor.com\/ventaonline\/wp-content\/uploads\/chocolate-cadbury-tres-suenos-kiosco.jpg","datePublished":"2013-08-28T20:24:24+00:00","dateModified":"2018-08-03T14:21:40+00:00","description":"Chocolate Cadbury tres sue\u00f1os: esta marca nos acerca un nuevo producto de su deliciosa l\u00ednea de chocolates. Contamos con stock permanente a un precio excelente.","breadcrumb":{"@id":"https:\/\/www.golosinaspormayor.com\/ventaonline\/tienda\/chocolates\/chocolate-cadbury-tres-suenos\/#breadcrumb"},"inLanguage":"es","potentialAction":[{"@type":"ReadAction","target":["https:\/\/www.golosinaspormayor.com\/ventaonline\/tienda\/chocolates\/chocolate-cadbury-tres-suenos\/"]}]},{"@type":"ImageObject","inLanguage":"es","@id":"https:\/\/www.golosinaspormayor.com\/ventaonline\/tienda\/chocolates\/chocolate-cadbury-tres-suenos\/#primaryimage","url":"https:\/\/www.golosinaspormayor.com\/ventaonline\/wp-content\/uploads\/chocolate-cadbury-tres-suenos-kiosco.jpg","contentUrl":"https:\/\/www.golosinaspormayor.com\/ventaonline\/wp-content\/uploads\/chocolate-cadbury-tres-suenos-kiosco.jpg","width":843,"height":400,"caption":"chocolate-cadbury-tres-suenos-venta"},{"@type":"BreadcrumbList","@id":"https:\/\/www.golosinaspormayor.com\/ventaonline\/tienda\/chocolates\/chocolate-cadbury-tres-suenos\/#breadcrumb","itemListElement":[{"@type":"ListItem","position":1,"name":"Tienda","item":"https:\/\/www.golosinaspormayor.com\/ventaonline\/tienda\/"},{"@type":"ListItem","position":2,"name":"CHOCOLATE CADBURY TRES SUE\u00d1OS"}]},{"@type":"WebSite","@id":"https:\/\/www.golosinaspormayor.com\/ventaonline\/#website","url":"https:\/\/www.golosinaspormayor.com\/ventaonline\/","name":"Golosinas por Mayor","description":"Venta online de golosinas por mayor","publisher":{"@id":"https:\/\/www.golosinaspormayor.com\/ventaonline\/#organization"},"potentialAction":[{"@type":"SearchAction","target":{"@type":"EntryPoint","urlTemplate":"https:\/\/www.golosinaspormayor.com\/ventaonline\/?s={search_term_string}"},"query-input":{"@type":"PropertyValueSpecification","valueRequired":true,"valueName":"search_term_string"}}],"inLanguage":"es"},{"@type":"Organization","@id":"https:\/\/www.golosinaspormayor.com\/ventaonline\/#organization","name":"Golosinas por Mayor","url":"https:\/\/www.golosinaspormayor.com\/ventaonline\/","logo":{"@type":"ImageObject","inLanguage":"es","@id":"https:\/\/www.golosinaspormayor.com\/ventaonline\/#\/schema\/logo\/image\/","url":"https:\/\/www.golosinaspormayor.com\/ventaonline\/wp-content\/uploads\/Copia-de-pop-logo-png.png","contentUrl":"https:\/\/www.golosinaspormayor.com\/ventaonline\/wp-content\/uploads\/Copia-de-pop-logo-png.png","width":150,"height":46,"caption":"Golosinas por Mayor"},"image":{"@id":"https:\/\/www.golosinaspormayor.com\/ventaonline\/#\/schema\/logo\/image\/"}}]}},"_links":{"self":[{"href":"https:\/\/www.golosinaspormayor.com\/ventaonline\/wp-json\/wp\/v2\/product\/305","targetHints":{"allow":["GET"]}}],"collection":[{"href":"https:\/\/www.golosinaspormayor.com\/ventaonline\/wp-json\/wp\/v2\/product"}],"about":[{"href":"https:\/\/www.golosinaspormayor.com\/ventaonline\/wp-json\/wp\/v2\/types\/product"}],"replies":[{"embeddable":true,"href":"https:\/\/www.golosinaspormayor.com\/ventaonline\/wp-json\/wp\/v2\/comments?post=305"}],"wp:featuredmedia":[{"embeddable":true,"href":"https:\/\/www.golosinaspormayor.com\/ventaonline\/wp-json\/wp\/v2\/media\/308"}],"wp:attachment":[{"href":"https:\/\/www.golosinaspormayor.com\/ventaonline\/wp-json\/wp\/v2\/media?parent=305"}],"wp:term":[{"taxonomy":"product_brand","embeddable":true,"href":"https:\/\/www.golosinaspormayor.com\/ventaonline\/wp-json\/wp\/v2\/product_brand?post=305"},{"taxonomy":"product_cat","embeddable":true,"href":"https:\/\/www.golosinaspormayor.com\/ventaonline\/wp-json\/wp\/v2\/product_cat?post=305"},{"taxonomy":"product_tag","embeddable":true,"href":"https:\/\/www.golosinaspormayor.com\/ventaonline\/wp-json\/wp\/v2\/product_tag?post=305"}],"curies":[{"name":"wp","href":"https:\/\/api.w.org\/{rel}","templated":true}]}}