{"id":300,"date":"2013-08-28T19:18:32","date_gmt":"2013-08-28T22:18:32","guid":{"rendered":"http:\/\/www.golosinaspormayor.com\/ventaonline\/?post_type=product&#038;p=300"},"modified":"2018-08-03T11:21:39","modified_gmt":"2018-08-03T14:21:39","slug":"chocolate-cadbury-pasas","status":"publish","type":"product","link":"https:\/\/www.golosinaspormayor.com\/ventaonline\/tienda\/chocolates\/chocolate-cadbury-pasas\/","title":{"rendered":"CHOCOLATE CADBURY PASAS"},"content":{"rendered":"<p>Hablar de Cadbury, es estar hablando del sin\u00f3nimo de chocolate mejor vendido y posicionado en el mercado de estos \u00faltimos tiempos. Uno de los motivos es la amplia variedad de productos, la calidad de los mismos, las materias primas de primera calidad con los que se elaboran estas golosinas alimentos, y tambi\u00e9n otro poco tiene que ver con la publicidad que tienen en todos los medios de comunicaci\u00f3n.<\/p>\n<p>El chocolate Cadbury con pasas, es un alimento exquisito, con la calidad de siempre, ese chocolate que es \u00fanico junto a las pasas de uva que se deshacen en la boca de los consumidores, permite que una vez que los han probado, dif\u00edcilmente no los vuelvan a comprar.<\/p>\n<p>Si est\u00e1s interesado, te invitamos a que nos hagas tu pedido en nuestra tienda online ya que somos distribuidores de los productos Cadbury, as\u00ed que si quieres adquirir varias cajas del m\u00e1s delicioso, y atractivo de los chocolates, el chocolate Cadbury con pasas, puedes hacerlos ahora, sin p\u00e9rdidas de tiempo, con la m\u00e1s absoluta comodidad, desde tu computadora para que cuando tus clientes te los pidan, los tengas en la cantidad necesaria y en ese momento.<\/p>\n<p>Los precios, se diferencian por la cantidad de gramos que pesen; en este caso te ofrecemos el chocolate Cadbury con pasas de 170 gramos, para compartir.<\/p>\n","protected":false},"excerpt":{"rendered":"<p><strong>CHOCOLATE CADBURY PASAS x 170gr &#8211; 72<\/strong><\/p>\n","protected":false},"featured_media":301,"comment_status":"closed","ping_status":"closed","template":"","meta":{"site-sidebar-layout":"default","site-content-layout":"","ast-site-content-layout":"default","site-content-style":"default","site-sidebar-style":"default","ast-global-header-display":"","ast-banner-title-visibility":"","ast-main-header-display":"","ast-hfb-above-header-display":"","ast-hfb-below-header-display":"","ast-hfb-mobile-header-display":"","site-post-title":"","ast-breadcrumbs-content":"","ast-featured-img":"","footer-sml-layout":"","ast-disable-related-posts":"","theme-transparent-header-meta":"","adv-header-id-meta":"","stick-header-meta":"","header-above-stick-meta":"","header-main-stick-meta":"","header-below-stick-meta":"","astra-migrate-meta-layouts":"default","ast-page-background-enabled":"default","ast-page-background-meta":{"desktop":{"background-color":"","background-image":"","background-repeat":"repeat","background-position":"center center","background-size":"auto","background-attachment":"scroll","background-type":"","background-media":"","overlay-type":"","overlay-color":"","overlay-opacity":"","overlay-gradient":""},"tablet":{"background-color":"","background-image":"","background-repeat":"repeat","background-position":"center center","background-size":"auto","background-attachment":"scroll","background-type":"","background-media":"","overlay-type":"","overlay-color":"","overlay-opacity":"","overlay-gradient":""},"mobile":{"background-color":"","background-image":"","background-repeat":"repeat","background-position":"center center","background-size":"auto","background-attachment":"scroll","background-type":"","background-media":"","overlay-type":"","overlay-color":"","overlay-opacity":"","overlay-gradient":""}},"ast-content-background-meta":{"desktop":{"background-color":"var(--ast-global-color-5)","background-image":"","background-repeat":"repeat","background-position":"center center","background-size":"auto","background-attachment":"scroll","background-type":"","background-media":"","overlay-type":"","overlay-color":"","overlay-opacity":"","overlay-gradient":""},"tablet":{"background-color":"var(--ast-global-color-5)","background-image":"","background-repeat":"repeat","background-position":"center center","background-size":"auto","background-attachment":"scroll","background-type":"","background-media":"","overlay-type":"","overlay-color":"","overlay-opacity":"","overlay-gradient":""},"mobile":{"background-color":"var(--ast-global-color-5)","background-image":"","background-repeat":"repeat","background-position":"center center","background-size":"auto","background-attachment":"scroll","background-type":"","background-media":"","overlay-type":"","overlay-color":"","overlay-opacity":"","overlay-gradient":""}},"_joinchat":[]},"product_brand":[],"product_cat":[103],"product_tag":[172,138,50,174],"class_list":{"0":"post-300","1":"product","2":"type-product","3":"status-publish","4":"has-post-thumbnail","6":"product_cat-chocolates","7":"product_tag-cadbury","8":"product_tag-dulces","9":"product_tag-golosinas","10":"product_tag-pasas","11":"desktop-align-left","12":"tablet-align-left","13":"mobile-align-left","14":"ast-product-gallery-layout-vertical","15":"ast-product-gallery-with-no-image","16":"ast-product-tabs-layout-vertical","18":"first","19":"outofstock","20":"shipping-taxable","21":"purchasable","22":"product-type-simple"},"yoast_head":"<!-- This site is optimized with the Yoast SEO plugin v27.2 - https:\/\/yoast.com\/product\/yoast-seo-wordpress\/ -->\n<title>CHOCOLATE CADBURY PASAS -<\/title>\n<meta name=\"description\" content=\"\u00a1El chocolate Cadbury con pasas no puede faltar entre tus productos!, te ofrecemos el mejor precio mayorista para que hagas tu pedido online desde nuestra tienda.\" \/>\n<meta name=\"robots\" content=\"index, follow, max-snippet:-1, max-image-preview:large, max-video-preview:-1\" \/>\n<link rel=\"canonical\" href=\"https:\/\/www.golosinaspormayor.com\/ventaonline\/tienda\/chocolates\/chocolate-cadbury-pasas\/\" \/>\n<meta property=\"og:locale\" content=\"es_ES\" \/>\n<meta property=\"og:type\" content=\"article\" \/>\n<meta property=\"og:title\" content=\"CHOCOLATE CADBURY PASAS -\" \/>\n<meta property=\"og:description\" content=\"\u00a1El chocolate Cadbury con pasas no puede faltar entre tus productos!, te ofrecemos el mejor precio mayorista para que hagas tu pedido online desde nuestra tienda.\" \/>\n<meta property=\"og:url\" content=\"https:\/\/www.golosinaspormayor.com\/ventaonline\/tienda\/chocolates\/chocolate-cadbury-pasas\/\" \/>\n<meta property=\"og:site_name\" content=\"Golosinas por Mayor\" \/>\n<meta property=\"article:modified_time\" content=\"2018-08-03T14:21:39+00:00\" \/>\n<meta property=\"og:image\" content=\"https:\/\/www.golosinaspormayor.com\/ventaonline\/wp-content\/uploads\/chocolate-cadbury-con-pasas-kiosco.jpg\" \/>\n\t<meta property=\"og:image:width\" content=\"200\" \/>\n\t<meta property=\"og:image:height\" content=\"422\" \/>\n\t<meta property=\"og:image:type\" content=\"image\/jpeg\" \/>\n<meta name=\"twitter:label1\" content=\"Tiempo de lectura\" \/>\n\t<meta name=\"twitter:data1\" content=\"1 minuto\" \/>\n<script type=\"application\/ld+json\" class=\"yoast-schema-graph\">{\"@context\":\"https:\/\/schema.org\",\"@graph\":[{\"@type\":\"WebPage\",\"@id\":\"https:\/\/www.golosinaspormayor.com\/ventaonline\/tienda\/chocolates\/chocolate-cadbury-pasas\/\",\"url\":\"https:\/\/www.golosinaspormayor.com\/ventaonline\/tienda\/chocolates\/chocolate-cadbury-pasas\/\",\"name\":\"CHOCOLATE CADBURY PASAS -\",\"isPartOf\":{\"@id\":\"https:\/\/www.golosinaspormayor.com\/ventaonline\/#website\"},\"primaryImageOfPage\":{\"@id\":\"https:\/\/www.golosinaspormayor.com\/ventaonline\/tienda\/chocolates\/chocolate-cadbury-pasas\/#primaryimage\"},\"image\":{\"@id\":\"https:\/\/www.golosinaspormayor.com\/ventaonline\/tienda\/chocolates\/chocolate-cadbury-pasas\/#primaryimage\"},\"thumbnailUrl\":\"https:\/\/www.golosinaspormayor.com\/ventaonline\/wp-content\/uploads\/chocolate-cadbury-con-pasas-kiosco.jpg\",\"datePublished\":\"2013-08-28T22:18:32+00:00\",\"dateModified\":\"2018-08-03T14:21:39+00:00\",\"description\":\"\u00a1El chocolate Cadbury con pasas no puede faltar entre tus productos!, te ofrecemos el mejor precio mayorista para que hagas tu pedido online desde nuestra tienda.\",\"breadcrumb\":{\"@id\":\"https:\/\/www.golosinaspormayor.com\/ventaonline\/tienda\/chocolates\/chocolate-cadbury-pasas\/#breadcrumb\"},\"inLanguage\":\"es\",\"potentialAction\":[{\"@type\":\"ReadAction\",\"target\":[\"https:\/\/www.golosinaspormayor.com\/ventaonline\/tienda\/chocolates\/chocolate-cadbury-pasas\/\"]}]},{\"@type\":\"ImageObject\",\"inLanguage\":\"es\",\"@id\":\"https:\/\/www.golosinaspormayor.com\/ventaonline\/tienda\/chocolates\/chocolate-cadbury-pasas\/#primaryimage\",\"url\":\"https:\/\/www.golosinaspormayor.com\/ventaonline\/wp-content\/uploads\/chocolate-cadbury-con-pasas-kiosco.jpg\",\"contentUrl\":\"https:\/\/www.golosinaspormayor.com\/ventaonline\/wp-content\/uploads\/chocolate-cadbury-con-pasas-kiosco.jpg\",\"width\":200,\"height\":422,\"caption\":\"chocolate-cadbury-con-pasas-golosinas\"},{\"@type\":\"BreadcrumbList\",\"@id\":\"https:\/\/www.golosinaspormayor.com\/ventaonline\/tienda\/chocolates\/chocolate-cadbury-pasas\/#breadcrumb\",\"itemListElement\":[{\"@type\":\"ListItem\",\"position\":1,\"name\":\"Tienda\",\"item\":\"https:\/\/www.golosinaspormayor.com\/ventaonline\/tienda\/\"},{\"@type\":\"ListItem\",\"position\":2,\"name\":\"CHOCOLATE CADBURY PASAS\"}]},{\"@type\":\"WebSite\",\"@id\":\"https:\/\/www.golosinaspormayor.com\/ventaonline\/#website\",\"url\":\"https:\/\/www.golosinaspormayor.com\/ventaonline\/\",\"name\":\"Golosinas por Mayor\",\"description\":\"Venta online de golosinas por mayor\",\"publisher\":{\"@id\":\"https:\/\/www.golosinaspormayor.com\/ventaonline\/#organization\"},\"potentialAction\":[{\"@type\":\"SearchAction\",\"target\":{\"@type\":\"EntryPoint\",\"urlTemplate\":\"https:\/\/www.golosinaspormayor.com\/ventaonline\/?s={search_term_string}\"},\"query-input\":{\"@type\":\"PropertyValueSpecification\",\"valueRequired\":true,\"valueName\":\"search_term_string\"}}],\"inLanguage\":\"es\"},{\"@type\":\"Organization\",\"@id\":\"https:\/\/www.golosinaspormayor.com\/ventaonline\/#organization\",\"name\":\"Golosinas por Mayor\",\"url\":\"https:\/\/www.golosinaspormayor.com\/ventaonline\/\",\"logo\":{\"@type\":\"ImageObject\",\"inLanguage\":\"es\",\"@id\":\"https:\/\/www.golosinaspormayor.com\/ventaonline\/#\/schema\/logo\/image\/\",\"url\":\"https:\/\/www.golosinaspormayor.com\/ventaonline\/wp-content\/uploads\/Copia-de-pop-logo-png.png\",\"contentUrl\":\"https:\/\/www.golosinaspormayor.com\/ventaonline\/wp-content\/uploads\/Copia-de-pop-logo-png.png\",\"width\":150,\"height\":46,\"caption\":\"Golosinas por Mayor\"},\"image\":{\"@id\":\"https:\/\/www.golosinaspormayor.com\/ventaonline\/#\/schema\/logo\/image\/\"}}]}<\/script>\n<!-- \/ Yoast SEO plugin. -->","yoast_head_json":{"title":"CHOCOLATE CADBURY PASAS -","description":"\u00a1El chocolate Cadbury con pasas no puede faltar entre tus productos!, te ofrecemos el mejor precio mayorista para que hagas tu pedido online desde nuestra tienda.","robots":{"index":"index","follow":"follow","max-snippet":"max-snippet:-1","max-image-preview":"max-image-preview:large","max-video-preview":"max-video-preview:-1"},"canonical":"https:\/\/www.golosinaspormayor.com\/ventaonline\/tienda\/chocolates\/chocolate-cadbury-pasas\/","og_locale":"es_ES","og_type":"article","og_title":"CHOCOLATE CADBURY PASAS -","og_description":"\u00a1El chocolate Cadbury con pasas no puede faltar entre tus productos!, te ofrecemos el mejor precio mayorista para que hagas tu pedido online desde nuestra tienda.","og_url":"https:\/\/www.golosinaspormayor.com\/ventaonline\/tienda\/chocolates\/chocolate-cadbury-pasas\/","og_site_name":"Golosinas por Mayor","article_modified_time":"2018-08-03T14:21:39+00:00","og_image":[{"width":200,"height":422,"url":"https:\/\/www.golosinaspormayor.com\/ventaonline\/wp-content\/uploads\/chocolate-cadbury-con-pasas-kiosco.jpg","type":"image\/jpeg"}],"twitter_misc":{"Tiempo de lectura":"1 minuto"},"schema":{"@context":"https:\/\/schema.org","@graph":[{"@type":"WebPage","@id":"https:\/\/www.golosinaspormayor.com\/ventaonline\/tienda\/chocolates\/chocolate-cadbury-pasas\/","url":"https:\/\/www.golosinaspormayor.com\/ventaonline\/tienda\/chocolates\/chocolate-cadbury-pasas\/","name":"CHOCOLATE CADBURY PASAS -","isPartOf":{"@id":"https:\/\/www.golosinaspormayor.com\/ventaonline\/#website"},"primaryImageOfPage":{"@id":"https:\/\/www.golosinaspormayor.com\/ventaonline\/tienda\/chocolates\/chocolate-cadbury-pasas\/#primaryimage"},"image":{"@id":"https:\/\/www.golosinaspormayor.com\/ventaonline\/tienda\/chocolates\/chocolate-cadbury-pasas\/#primaryimage"},"thumbnailUrl":"https:\/\/www.golosinaspormayor.com\/ventaonline\/wp-content\/uploads\/chocolate-cadbury-con-pasas-kiosco.jpg","datePublished":"2013-08-28T22:18:32+00:00","dateModified":"2018-08-03T14:21:39+00:00","description":"\u00a1El chocolate Cadbury con pasas no puede faltar entre tus productos!, te ofrecemos el mejor precio mayorista para que hagas tu pedido online desde nuestra tienda.","breadcrumb":{"@id":"https:\/\/www.golosinaspormayor.com\/ventaonline\/tienda\/chocolates\/chocolate-cadbury-pasas\/#breadcrumb"},"inLanguage":"es","potentialAction":[{"@type":"ReadAction","target":["https:\/\/www.golosinaspormayor.com\/ventaonline\/tienda\/chocolates\/chocolate-cadbury-pasas\/"]}]},{"@type":"ImageObject","inLanguage":"es","@id":"https:\/\/www.golosinaspormayor.com\/ventaonline\/tienda\/chocolates\/chocolate-cadbury-pasas\/#primaryimage","url":"https:\/\/www.golosinaspormayor.com\/ventaonline\/wp-content\/uploads\/chocolate-cadbury-con-pasas-kiosco.jpg","contentUrl":"https:\/\/www.golosinaspormayor.com\/ventaonline\/wp-content\/uploads\/chocolate-cadbury-con-pasas-kiosco.jpg","width":200,"height":422,"caption":"chocolate-cadbury-con-pasas-golosinas"},{"@type":"BreadcrumbList","@id":"https:\/\/www.golosinaspormayor.com\/ventaonline\/tienda\/chocolates\/chocolate-cadbury-pasas\/#breadcrumb","itemListElement":[{"@type":"ListItem","position":1,"name":"Tienda","item":"https:\/\/www.golosinaspormayor.com\/ventaonline\/tienda\/"},{"@type":"ListItem","position":2,"name":"CHOCOLATE CADBURY PASAS"}]},{"@type":"WebSite","@id":"https:\/\/www.golosinaspormayor.com\/ventaonline\/#website","url":"https:\/\/www.golosinaspormayor.com\/ventaonline\/","name":"Golosinas por Mayor","description":"Venta online de golosinas por mayor","publisher":{"@id":"https:\/\/www.golosinaspormayor.com\/ventaonline\/#organization"},"potentialAction":[{"@type":"SearchAction","target":{"@type":"EntryPoint","urlTemplate":"https:\/\/www.golosinaspormayor.com\/ventaonline\/?s={search_term_string}"},"query-input":{"@type":"PropertyValueSpecification","valueRequired":true,"valueName":"search_term_string"}}],"inLanguage":"es"},{"@type":"Organization","@id":"https:\/\/www.golosinaspormayor.com\/ventaonline\/#organization","name":"Golosinas por Mayor","url":"https:\/\/www.golosinaspormayor.com\/ventaonline\/","logo":{"@type":"ImageObject","inLanguage":"es","@id":"https:\/\/www.golosinaspormayor.com\/ventaonline\/#\/schema\/logo\/image\/","url":"https:\/\/www.golosinaspormayor.com\/ventaonline\/wp-content\/uploads\/Copia-de-pop-logo-png.png","contentUrl":"https:\/\/www.golosinaspormayor.com\/ventaonline\/wp-content\/uploads\/Copia-de-pop-logo-png.png","width":150,"height":46,"caption":"Golosinas por Mayor"},"image":{"@id":"https:\/\/www.golosinaspormayor.com\/ventaonline\/#\/schema\/logo\/image\/"}}]}},"_links":{"self":[{"href":"https:\/\/www.golosinaspormayor.com\/ventaonline\/wp-json\/wp\/v2\/product\/300","targetHints":{"allow":["GET"]}}],"collection":[{"href":"https:\/\/www.golosinaspormayor.com\/ventaonline\/wp-json\/wp\/v2\/product"}],"about":[{"href":"https:\/\/www.golosinaspormayor.com\/ventaonline\/wp-json\/wp\/v2\/types\/product"}],"replies":[{"embeddable":true,"href":"https:\/\/www.golosinaspormayor.com\/ventaonline\/wp-json\/wp\/v2\/comments?post=300"}],"wp:featuredmedia":[{"embeddable":true,"href":"https:\/\/www.golosinaspormayor.com\/ventaonline\/wp-json\/wp\/v2\/media\/301"}],"wp:attachment":[{"href":"https:\/\/www.golosinaspormayor.com\/ventaonline\/wp-json\/wp\/v2\/media?parent=300"}],"wp:term":[{"taxonomy":"product_brand","embeddable":true,"href":"https:\/\/www.golosinaspormayor.com\/ventaonline\/wp-json\/wp\/v2\/product_brand?post=300"},{"taxonomy":"product_cat","embeddable":true,"href":"https:\/\/www.golosinaspormayor.com\/ventaonline\/wp-json\/wp\/v2\/product_cat?post=300"},{"taxonomy":"product_tag","embeddable":true,"href":"https:\/\/www.golosinaspormayor.com\/ventaonline\/wp-json\/wp\/v2\/product_tag?post=300"}],"curies":[{"name":"wp","href":"https:\/\/api.w.org\/{rel}","templated":true}]}}