{"id":260,"date":"2013-08-27T18:54:07","date_gmt":"2013-08-27T21:54:07","guid":{"rendered":"http:\/\/www.golosinaspormayor.com\/ventaonline\/?post_type=product&#038;p=260"},"modified":"2019-05-12T08:42:47","modified_gmt":"2019-05-12T11:42:47","slug":"chicle-wrigleys-doublemint","status":"publish","type":"product","link":"https:\/\/www.golosinaspormayor.com\/ventaonline\/tienda\/chicles\/chicle-wrigleys-doublemint\/","title":{"rendered":"CHICLE WRIGLEYS DOUBLEMINT x 20U"},"content":{"rendered":"<p>Los especiales Chicles Wrigleys Doublemint, se han ganado la reputaci\u00f3n en Estados Unidos, desde que su inventor Williams Wrigleys, los ha lanzado a la venta en el siglo XIX. En la actualidad, los tenemos en stock, en su presentaci\u00f3n mayorista para todo aquel que le interese tener a la venta estos productos de alta calidad, que sin duda le otorgar\u00e1n variedad a tu kiosco o local comercial.<\/p>\n<p>La menta que tienen estos chicles es intensa, pero al mismo tiempo suave y delicada en su sabor. Adem\u00e1s, tienen un valor agregado que permite que los amantes de la est\u00e9tica, y los que necesitan perder peso, deseen adquirirlos, gracias a que los chicles Wrigleys doublemint permiten que entretengan por varias horas a las personas que deben seguir dietas estrictas, y al no tener az\u00facares agregadas, cuidan mejor la dentadura. Este es un detalle que tienen en cuenta los clientes de todas las edades, es por eso que estos chicles se convirtieron en r\u00e9cords de ventas en los kioscos tanto de la Capital, como tambi\u00e9n en el interior del pa\u00eds.<\/p>\n<p>Ricos, refrescantes y con un packaging pr\u00e1ctico y peque\u00f1o se han convertido en el cl\u00e1sico de las compras en los mejores kioscos del pa\u00eds.<\/p>\n","protected":false},"excerpt":{"rendered":"<p><strong>CHICLE WRIGLEYS DOUBLEMINT x 20u B\/40<\/strong><\/p>\n","protected":false},"featured_media":261,"comment_status":"closed","ping_status":"closed","template":"","meta":{"site-sidebar-layout":"default","site-content-layout":"","ast-site-content-layout":"default","site-content-style":"default","site-sidebar-style":"default","ast-global-header-display":"","ast-banner-title-visibility":"","ast-main-header-display":"","ast-hfb-above-header-display":"","ast-hfb-below-header-display":"","ast-hfb-mobile-header-display":"","site-post-title":"","ast-breadcrumbs-content":"","ast-featured-img":"","footer-sml-layout":"","ast-disable-related-posts":"","theme-transparent-header-meta":"","adv-header-id-meta":"","stick-header-meta":"","header-above-stick-meta":"","header-main-stick-meta":"","header-below-stick-meta":"","astra-migrate-meta-layouts":"default","ast-page-background-enabled":"default","ast-page-background-meta":{"desktop":{"background-color":"","background-image":"","background-repeat":"repeat","background-position":"center center","background-size":"auto","background-attachment":"scroll","background-type":"","background-media":"","overlay-type":"","overlay-color":"","overlay-opacity":"","overlay-gradient":""},"tablet":{"background-color":"","background-image":"","background-repeat":"repeat","background-position":"center center","background-size":"auto","background-attachment":"scroll","background-type":"","background-media":"","overlay-type":"","overlay-color":"","overlay-opacity":"","overlay-gradient":""},"mobile":{"background-color":"","background-image":"","background-repeat":"repeat","background-position":"center center","background-size":"auto","background-attachment":"scroll","background-type":"","background-media":"","overlay-type":"","overlay-color":"","overlay-opacity":"","overlay-gradient":""}},"ast-content-background-meta":{"desktop":{"background-color":"var(--ast-global-color-5)","background-image":"","background-repeat":"repeat","background-position":"center center","background-size":"auto","background-attachment":"scroll","background-type":"","background-media":"","overlay-type":"","overlay-color":"","overlay-opacity":"","overlay-gradient":""},"tablet":{"background-color":"var(--ast-global-color-5)","background-image":"","background-repeat":"repeat","background-position":"center center","background-size":"auto","background-attachment":"scroll","background-type":"","background-media":"","overlay-type":"","overlay-color":"","overlay-opacity":"","overlay-gradient":""},"mobile":{"background-color":"var(--ast-global-color-5)","background-image":"","background-repeat":"repeat","background-position":"center center","background-size":"auto","background-attachment":"scroll","background-type":"","background-media":"","overlay-type":"","overlay-color":"","overlay-opacity":"","overlay-gradient":""}},"_joinchat":[]},"product_brand":[],"product_cat":[102],"product_tag":[145,50,112,124,143],"class_list":{"0":"post-260","1":"product","2":"type-product","3":"status-publish","4":"has-post-thumbnail","6":"product_cat-chicles","7":"product_tag-doublemint","8":"product_tag-golosinas","9":"product_tag-kiosco","10":"product_tag-masticables","11":"product_tag-wrigleys","12":"desktop-align-left","13":"tablet-align-left","14":"mobile-align-left","15":"ast-product-gallery-layout-vertical","16":"ast-product-gallery-with-no-image","17":"ast-product-tabs-layout-vertical","19":"first","20":"outofstock","21":"shipping-taxable","22":"purchasable","23":"product-type-simple"},"yoast_head":"<!-- This site is optimized with the Yoast SEO plugin v27.2 - https:\/\/yoast.com\/product\/yoast-seo-wordpress\/ -->\n<title>CHICLE WRIGLEYS DOUBLEMINT x 20U -<\/title>\n<meta name=\"description\" content=\"Los chicles Wrigley Doublemint son una golosina lider muy vendida en los kioscos. Haznos tu pedido y te proveeremos con estos productos y otros de la misma variedad a muy bajos precios.\" \/>\n<meta name=\"robots\" content=\"index, follow, max-snippet:-1, max-image-preview:large, max-video-preview:-1\" \/>\n<link rel=\"canonical\" href=\"https:\/\/www.golosinaspormayor.com\/ventaonline\/tienda\/chicles\/chicle-wrigleys-doublemint\/\" \/>\n<meta property=\"og:locale\" content=\"es_ES\" \/>\n<meta property=\"og:type\" content=\"article\" \/>\n<meta property=\"og:title\" content=\"CHICLE WRIGLEYS DOUBLEMINT x 20U -\" \/>\n<meta property=\"og:description\" content=\"Los chicles Wrigley Doublemint son una golosina lider muy vendida en los kioscos. Haznos tu pedido y te proveeremos con estos productos y otros de la misma variedad a muy bajos precios.\" \/>\n<meta property=\"og:url\" content=\"https:\/\/www.golosinaspormayor.com\/ventaonline\/tienda\/chicles\/chicle-wrigleys-doublemint\/\" \/>\n<meta property=\"og:site_name\" content=\"Golosinas por Mayor\" \/>\n<meta property=\"article:modified_time\" content=\"2019-05-12T11:42:47+00:00\" \/>\n<meta property=\"og:image\" content=\"https:\/\/www.golosinaspormayor.com\/ventaonline\/wp-content\/uploads\/chicle-wrigleys-doublemint-drugstore.jpg\" \/>\n\t<meta property=\"og:image:width\" content=\"356\" \/>\n\t<meta property=\"og:image:height\" content=\"326\" \/>\n\t<meta property=\"og:image:type\" content=\"image\/jpeg\" \/>\n<meta name=\"twitter:label1\" content=\"Tiempo de lectura\" \/>\n\t<meta name=\"twitter:data1\" content=\"1 minuto\" \/>\n<script type=\"application\/ld+json\" class=\"yoast-schema-graph\">{\"@context\":\"https:\/\/schema.org\",\"@graph\":[{\"@type\":\"WebPage\",\"@id\":\"https:\/\/www.golosinaspormayor.com\/ventaonline\/tienda\/chicles\/chicle-wrigleys-doublemint\/\",\"url\":\"https:\/\/www.golosinaspormayor.com\/ventaonline\/tienda\/chicles\/chicle-wrigleys-doublemint\/\",\"name\":\"CHICLE WRIGLEYS DOUBLEMINT x 20U -\",\"isPartOf\":{\"@id\":\"https:\/\/www.golosinaspormayor.com\/ventaonline\/#website\"},\"primaryImageOfPage\":{\"@id\":\"https:\/\/www.golosinaspormayor.com\/ventaonline\/tienda\/chicles\/chicle-wrigleys-doublemint\/#primaryimage\"},\"image\":{\"@id\":\"https:\/\/www.golosinaspormayor.com\/ventaonline\/tienda\/chicles\/chicle-wrigleys-doublemint\/#primaryimage\"},\"thumbnailUrl\":\"https:\/\/www.golosinaspormayor.com\/ventaonline\/wp-content\/uploads\/chicle-wrigleys-doublemint-drugstore.jpg\",\"datePublished\":\"2013-08-27T21:54:07+00:00\",\"dateModified\":\"2019-05-12T11:42:47+00:00\",\"description\":\"Los chicles Wrigley Doublemint son una golosina lider muy vendida en los kioscos. Haznos tu pedido y te proveeremos con estos productos y otros de la misma variedad a muy bajos precios.\",\"breadcrumb\":{\"@id\":\"https:\/\/www.golosinaspormayor.com\/ventaonline\/tienda\/chicles\/chicle-wrigleys-doublemint\/#breadcrumb\"},\"inLanguage\":\"es\",\"potentialAction\":[{\"@type\":\"ReadAction\",\"target\":[\"https:\/\/www.golosinaspormayor.com\/ventaonline\/tienda\/chicles\/chicle-wrigleys-doublemint\/\"]}]},{\"@type\":\"ImageObject\",\"inLanguage\":\"es\",\"@id\":\"https:\/\/www.golosinaspormayor.com\/ventaonline\/tienda\/chicles\/chicle-wrigleys-doublemint\/#primaryimage\",\"url\":\"https:\/\/www.golosinaspormayor.com\/ventaonline\/wp-content\/uploads\/chicle-wrigleys-doublemint-drugstore.jpg\",\"contentUrl\":\"https:\/\/www.golosinaspormayor.com\/ventaonline\/wp-content\/uploads\/chicle-wrigleys-doublemint-drugstore.jpg\",\"width\":356,\"height\":326,\"caption\":\"chicle-wrigleys-doublemint-precios\"},{\"@type\":\"BreadcrumbList\",\"@id\":\"https:\/\/www.golosinaspormayor.com\/ventaonline\/tienda\/chicles\/chicle-wrigleys-doublemint\/#breadcrumb\",\"itemListElement\":[{\"@type\":\"ListItem\",\"position\":1,\"name\":\"Tienda\",\"item\":\"https:\/\/www.golosinaspormayor.com\/ventaonline\/tienda\/\"},{\"@type\":\"ListItem\",\"position\":2,\"name\":\"CHICLE WRIGLEYS DOUBLEMINT x 20U\"}]},{\"@type\":\"WebSite\",\"@id\":\"https:\/\/www.golosinaspormayor.com\/ventaonline\/#website\",\"url\":\"https:\/\/www.golosinaspormayor.com\/ventaonline\/\",\"name\":\"Golosinas por Mayor\",\"description\":\"Venta online de golosinas por mayor\",\"publisher\":{\"@id\":\"https:\/\/www.golosinaspormayor.com\/ventaonline\/#organization\"},\"potentialAction\":[{\"@type\":\"SearchAction\",\"target\":{\"@type\":\"EntryPoint\",\"urlTemplate\":\"https:\/\/www.golosinaspormayor.com\/ventaonline\/?s={search_term_string}\"},\"query-input\":{\"@type\":\"PropertyValueSpecification\",\"valueRequired\":true,\"valueName\":\"search_term_string\"}}],\"inLanguage\":\"es\"},{\"@type\":\"Organization\",\"@id\":\"https:\/\/www.golosinaspormayor.com\/ventaonline\/#organization\",\"name\":\"Golosinas por Mayor\",\"url\":\"https:\/\/www.golosinaspormayor.com\/ventaonline\/\",\"logo\":{\"@type\":\"ImageObject\",\"inLanguage\":\"es\",\"@id\":\"https:\/\/www.golosinaspormayor.com\/ventaonline\/#\/schema\/logo\/image\/\",\"url\":\"https:\/\/www.golosinaspormayor.com\/ventaonline\/wp-content\/uploads\/Copia-de-pop-logo-png.png\",\"contentUrl\":\"https:\/\/www.golosinaspormayor.com\/ventaonline\/wp-content\/uploads\/Copia-de-pop-logo-png.png\",\"width\":150,\"height\":46,\"caption\":\"Golosinas por Mayor\"},\"image\":{\"@id\":\"https:\/\/www.golosinaspormayor.com\/ventaonline\/#\/schema\/logo\/image\/\"}}]}<\/script>\n<!-- \/ Yoast SEO plugin. -->","yoast_head_json":{"title":"CHICLE WRIGLEYS DOUBLEMINT x 20U -","description":"Los chicles Wrigley Doublemint son una golosina lider muy vendida en los kioscos. Haznos tu pedido y te proveeremos con estos productos y otros de la misma variedad a muy bajos precios.","robots":{"index":"index","follow":"follow","max-snippet":"max-snippet:-1","max-image-preview":"max-image-preview:large","max-video-preview":"max-video-preview:-1"},"canonical":"https:\/\/www.golosinaspormayor.com\/ventaonline\/tienda\/chicles\/chicle-wrigleys-doublemint\/","og_locale":"es_ES","og_type":"article","og_title":"CHICLE WRIGLEYS DOUBLEMINT x 20U -","og_description":"Los chicles Wrigley Doublemint son una golosina lider muy vendida en los kioscos. Haznos tu pedido y te proveeremos con estos productos y otros de la misma variedad a muy bajos precios.","og_url":"https:\/\/www.golosinaspormayor.com\/ventaonline\/tienda\/chicles\/chicle-wrigleys-doublemint\/","og_site_name":"Golosinas por Mayor","article_modified_time":"2019-05-12T11:42:47+00:00","og_image":[{"width":356,"height":326,"url":"https:\/\/www.golosinaspormayor.com\/ventaonline\/wp-content\/uploads\/chicle-wrigleys-doublemint-drugstore.jpg","type":"image\/jpeg"}],"twitter_misc":{"Tiempo de lectura":"1 minuto"},"schema":{"@context":"https:\/\/schema.org","@graph":[{"@type":"WebPage","@id":"https:\/\/www.golosinaspormayor.com\/ventaonline\/tienda\/chicles\/chicle-wrigleys-doublemint\/","url":"https:\/\/www.golosinaspormayor.com\/ventaonline\/tienda\/chicles\/chicle-wrigleys-doublemint\/","name":"CHICLE WRIGLEYS DOUBLEMINT x 20U -","isPartOf":{"@id":"https:\/\/www.golosinaspormayor.com\/ventaonline\/#website"},"primaryImageOfPage":{"@id":"https:\/\/www.golosinaspormayor.com\/ventaonline\/tienda\/chicles\/chicle-wrigleys-doublemint\/#primaryimage"},"image":{"@id":"https:\/\/www.golosinaspormayor.com\/ventaonline\/tienda\/chicles\/chicle-wrigleys-doublemint\/#primaryimage"},"thumbnailUrl":"https:\/\/www.golosinaspormayor.com\/ventaonline\/wp-content\/uploads\/chicle-wrigleys-doublemint-drugstore.jpg","datePublished":"2013-08-27T21:54:07+00:00","dateModified":"2019-05-12T11:42:47+00:00","description":"Los chicles Wrigley Doublemint son una golosina lider muy vendida en los kioscos. Haznos tu pedido y te proveeremos con estos productos y otros de la misma variedad a muy bajos precios.","breadcrumb":{"@id":"https:\/\/www.golosinaspormayor.com\/ventaonline\/tienda\/chicles\/chicle-wrigleys-doublemint\/#breadcrumb"},"inLanguage":"es","potentialAction":[{"@type":"ReadAction","target":["https:\/\/www.golosinaspormayor.com\/ventaonline\/tienda\/chicles\/chicle-wrigleys-doublemint\/"]}]},{"@type":"ImageObject","inLanguage":"es","@id":"https:\/\/www.golosinaspormayor.com\/ventaonline\/tienda\/chicles\/chicle-wrigleys-doublemint\/#primaryimage","url":"https:\/\/www.golosinaspormayor.com\/ventaonline\/wp-content\/uploads\/chicle-wrigleys-doublemint-drugstore.jpg","contentUrl":"https:\/\/www.golosinaspormayor.com\/ventaonline\/wp-content\/uploads\/chicle-wrigleys-doublemint-drugstore.jpg","width":356,"height":326,"caption":"chicle-wrigleys-doublemint-precios"},{"@type":"BreadcrumbList","@id":"https:\/\/www.golosinaspormayor.com\/ventaonline\/tienda\/chicles\/chicle-wrigleys-doublemint\/#breadcrumb","itemListElement":[{"@type":"ListItem","position":1,"name":"Tienda","item":"https:\/\/www.golosinaspormayor.com\/ventaonline\/tienda\/"},{"@type":"ListItem","position":2,"name":"CHICLE WRIGLEYS DOUBLEMINT x 20U"}]},{"@type":"WebSite","@id":"https:\/\/www.golosinaspormayor.com\/ventaonline\/#website","url":"https:\/\/www.golosinaspormayor.com\/ventaonline\/","name":"Golosinas por Mayor","description":"Venta online de golosinas por mayor","publisher":{"@id":"https:\/\/www.golosinaspormayor.com\/ventaonline\/#organization"},"potentialAction":[{"@type":"SearchAction","target":{"@type":"EntryPoint","urlTemplate":"https:\/\/www.golosinaspormayor.com\/ventaonline\/?s={search_term_string}"},"query-input":{"@type":"PropertyValueSpecification","valueRequired":true,"valueName":"search_term_string"}}],"inLanguage":"es"},{"@type":"Organization","@id":"https:\/\/www.golosinaspormayor.com\/ventaonline\/#organization","name":"Golosinas por Mayor","url":"https:\/\/www.golosinaspormayor.com\/ventaonline\/","logo":{"@type":"ImageObject","inLanguage":"es","@id":"https:\/\/www.golosinaspormayor.com\/ventaonline\/#\/schema\/logo\/image\/","url":"https:\/\/www.golosinaspormayor.com\/ventaonline\/wp-content\/uploads\/Copia-de-pop-logo-png.png","contentUrl":"https:\/\/www.golosinaspormayor.com\/ventaonline\/wp-content\/uploads\/Copia-de-pop-logo-png.png","width":150,"height":46,"caption":"Golosinas por Mayor"},"image":{"@id":"https:\/\/www.golosinaspormayor.com\/ventaonline\/#\/schema\/logo\/image\/"}}]}},"_links":{"self":[{"href":"https:\/\/www.golosinaspormayor.com\/ventaonline\/wp-json\/wp\/v2\/product\/260","targetHints":{"allow":["GET"]}}],"collection":[{"href":"https:\/\/www.golosinaspormayor.com\/ventaonline\/wp-json\/wp\/v2\/product"}],"about":[{"href":"https:\/\/www.golosinaspormayor.com\/ventaonline\/wp-json\/wp\/v2\/types\/product"}],"replies":[{"embeddable":true,"href":"https:\/\/www.golosinaspormayor.com\/ventaonline\/wp-json\/wp\/v2\/comments?post=260"}],"wp:featuredmedia":[{"embeddable":true,"href":"https:\/\/www.golosinaspormayor.com\/ventaonline\/wp-json\/wp\/v2\/media\/261"}],"wp:attachment":[{"href":"https:\/\/www.golosinaspormayor.com\/ventaonline\/wp-json\/wp\/v2\/media?parent=260"}],"wp:term":[{"taxonomy":"product_brand","embeddable":true,"href":"https:\/\/www.golosinaspormayor.com\/ventaonline\/wp-json\/wp\/v2\/product_brand?post=260"},{"taxonomy":"product_cat","embeddable":true,"href":"https:\/\/www.golosinaspormayor.com\/ventaonline\/wp-json\/wp\/v2\/product_cat?post=260"},{"taxonomy":"product_tag","embeddable":true,"href":"https:\/\/www.golosinaspormayor.com\/ventaonline\/wp-json\/wp\/v2\/product_tag?post=260"}],"curies":[{"name":"wp","href":"https:\/\/api.w.org\/{rel}","templated":true}]}}