{"id":258,"date":"2013-08-27T18:56:05","date_gmt":"2013-08-27T21:56:05","guid":{"rendered":"http:\/\/www.golosinaspormayor.com\/ventaonline\/?post_type=product&#038;p=258"},"modified":"2018-08-03T11:21:40","modified_gmt":"2018-08-03T14:21:40","slug":"chicle-wrigleys-big-red","status":"publish","type":"product","link":"https:\/\/www.golosinaspormayor.com\/ventaonline\/tienda\/chicles\/chicle-wrigleys-big-red\/","title":{"rendered":"CHICLE WRIGLEYS BIG RED x 20U"},"content":{"rendered":"<p style=\"text-align: justify;\">Los chicles Wrigleys Big Red, son importados de Estados Unidos, y en ese pa\u00eds son muy famosos, por ello se trata de un mercado en apertura, aqu\u00ed en Argentina, pero eso no es una casualidad, sino que tiene que ver con la originalidad del sabor inmejorable a canela. Fueron el \u00edcono de chicles americanos en el siglo XIX, despu\u00e9s que su creador, Williams Wrigleys, los lanzara al mercado.<\/p>\n<p style=\"text-align: justify;\">Los chicles Wrigleys Big Red, son ideales para tenerlos como opci\u00f3n en los kioscos, especialmente en mini mercados, o maxi kioscos ya que deben tener una variedad en productos mucho m\u00e1s grande que comercios m\u00e1s peque\u00f1os. Adem\u00e1s, son muchas las personas que conocen y consumen los chicles Wrigleys Big Red.<\/p>\n<p style=\"text-align: justify;\">Ese sabor picante que les da la canela, permite que los amantes de las golosinas y de sabores intensos y ex\u00f3ticos, los elijan sin dudarlo. Adem\u00e1s, su presentaci\u00f3n por unidad es pr\u00e1ctica y peque\u00f1a, de manera que sus consumidores puedan llevarlos y consumirlos a toda hora.<\/p>\n<p style=\"text-align: justify;\">Estas son las razones por las cuales no puedes dejar de hacernos tu pedido. Esta golosina se presenta en cajas de 20 unidades y nuestra empresa te har\u00e1 entrega de tu pedido dentro de las 48 horas posteriores de que lo hayas hecho.<\/p>\n","protected":false},"excerpt":{"rendered":"<p><strong>CHICLE WRIGLEYS BIG RED x 20u B\/40<\/strong><\/p>\n","protected":false},"featured_media":259,"comment_status":"open","ping_status":"closed","template":"","meta":{"site-sidebar-layout":"default","site-content-layout":"","ast-site-content-layout":"default","site-content-style":"default","site-sidebar-style":"default","ast-global-header-display":"","ast-banner-title-visibility":"","ast-main-header-display":"","ast-hfb-above-header-display":"","ast-hfb-below-header-display":"","ast-hfb-mobile-header-display":"","site-post-title":"","ast-breadcrumbs-content":"","ast-featured-img":"","footer-sml-layout":"","ast-disable-related-posts":"","theme-transparent-header-meta":"","adv-header-id-meta":"","stick-header-meta":"","header-above-stick-meta":"","header-main-stick-meta":"","header-below-stick-meta":"","astra-migrate-meta-layouts":"default","ast-page-background-enabled":"default","ast-page-background-meta":{"desktop":{"background-color":"","background-image":"","background-repeat":"repeat","background-position":"center center","background-size":"auto","background-attachment":"scroll","background-type":"","background-media":"","overlay-type":"","overlay-color":"","overlay-opacity":"","overlay-gradient":""},"tablet":{"background-color":"","background-image":"","background-repeat":"repeat","background-position":"center center","background-size":"auto","background-attachment":"scroll","background-type":"","background-media":"","overlay-type":"","overlay-color":"","overlay-opacity":"","overlay-gradient":""},"mobile":{"background-color":"","background-image":"","background-repeat":"repeat","background-position":"center center","background-size":"auto","background-attachment":"scroll","background-type":"","background-media":"","overlay-type":"","overlay-color":"","overlay-opacity":"","overlay-gradient":""}},"ast-content-background-meta":{"desktop":{"background-color":"var(--ast-global-color-5)","background-image":"","background-repeat":"repeat","background-position":"center center","background-size":"auto","background-attachment":"scroll","background-type":"","background-media":"","overlay-type":"","overlay-color":"","overlay-opacity":"","overlay-gradient":""},"tablet":{"background-color":"var(--ast-global-color-5)","background-image":"","background-repeat":"repeat","background-position":"center center","background-size":"auto","background-attachment":"scroll","background-type":"","background-media":"","overlay-type":"","overlay-color":"","overlay-opacity":"","overlay-gradient":""},"mobile":{"background-color":"var(--ast-global-color-5)","background-image":"","background-repeat":"repeat","background-position":"center center","background-size":"auto","background-attachment":"scroll","background-type":"","background-media":"","overlay-type":"","overlay-color":"","overlay-opacity":"","overlay-gradient":""}},"_joinchat":[]},"product_brand":[],"product_cat":[102],"product_tag":[144,50,112,124,143],"class_list":{"0":"post-258","1":"product","2":"type-product","3":"status-publish","4":"has-post-thumbnail","6":"product_cat-chicles","7":"product_tag-big-red","8":"product_tag-golosinas","9":"product_tag-kiosco","10":"product_tag-masticables","11":"product_tag-wrigleys","12":"desktop-align-left","13":"tablet-align-left","14":"mobile-align-left","15":"ast-product-gallery-layout-vertical","16":"ast-product-gallery-with-no-image","17":"ast-product-tabs-layout-vertical","19":"first","20":"outofstock","21":"shipping-taxable","22":"purchasable","23":"product-type-simple"},"yoast_head":"<!-- This site is optimized with the Yoast SEO plugin v27.2 - https:\/\/yoast.com\/product\/yoast-seo-wordpress\/ -->\n<title>CHICLE WRIGLEYS BIG RED x 20U -<\/title>\n<meta name=\"description\" content=\"Para tener una mayor variedad de chicles en tu kiosco, haznos tu pedido de la marca de chicle Wrigleys Big Red, una de las golosinas masticables importadas m\u00e1s vendidas.\" \/>\n<meta name=\"robots\" content=\"index, follow, max-snippet:-1, max-image-preview:large, max-video-preview:-1\" \/>\n<link rel=\"canonical\" href=\"https:\/\/www.golosinaspormayor.com\/ventaonline\/tienda\/chicles\/chicle-wrigleys-big-red\/\" \/>\n<meta property=\"og:locale\" content=\"es_ES\" \/>\n<meta property=\"og:type\" content=\"article\" \/>\n<meta property=\"og:title\" content=\"CHICLE WRIGLEYS BIG RED x 20U -\" \/>\n<meta property=\"og:description\" content=\"Para tener una mayor variedad de chicles en tu kiosco, haznos tu pedido de la marca de chicle Wrigleys Big Red, una de las golosinas masticables importadas m\u00e1s vendidas.\" \/>\n<meta property=\"og:url\" content=\"https:\/\/www.golosinaspormayor.com\/ventaonline\/tienda\/chicles\/chicle-wrigleys-big-red\/\" \/>\n<meta property=\"og:site_name\" content=\"Golosinas por Mayor\" \/>\n<meta property=\"article:modified_time\" content=\"2018-08-03T14:21:40+00:00\" \/>\n<meta property=\"og:image\" content=\"https:\/\/www.golosinaspormayor.com\/ventaonline\/wp-content\/uploads\/chicle-wrigleys-big-red-kiosco.jpg\" \/>\n\t<meta property=\"og:image:width\" content=\"800\" \/>\n\t<meta property=\"og:image:height\" content=\"800\" \/>\n\t<meta property=\"og:image:type\" content=\"image\/jpeg\" \/>\n<meta name=\"twitter:label1\" content=\"Tiempo de lectura\" \/>\n\t<meta name=\"twitter:data1\" content=\"1 minuto\" \/>\n<script type=\"application\/ld+json\" class=\"yoast-schema-graph\">{\"@context\":\"https:\/\/schema.org\",\"@graph\":[{\"@type\":\"WebPage\",\"@id\":\"https:\/\/www.golosinaspormayor.com\/ventaonline\/tienda\/chicles\/chicle-wrigleys-big-red\/\",\"url\":\"https:\/\/www.golosinaspormayor.com\/ventaonline\/tienda\/chicles\/chicle-wrigleys-big-red\/\",\"name\":\"CHICLE WRIGLEYS BIG RED x 20U -\",\"isPartOf\":{\"@id\":\"https:\/\/www.golosinaspormayor.com\/ventaonline\/#website\"},\"primaryImageOfPage\":{\"@id\":\"https:\/\/www.golosinaspormayor.com\/ventaonline\/tienda\/chicles\/chicle-wrigleys-big-red\/#primaryimage\"},\"image\":{\"@id\":\"https:\/\/www.golosinaspormayor.com\/ventaonline\/tienda\/chicles\/chicle-wrigleys-big-red\/#primaryimage\"},\"thumbnailUrl\":\"https:\/\/www.golosinaspormayor.com\/ventaonline\/wp-content\/uploads\/chicle-wrigleys-big-red-kiosco.jpg\",\"datePublished\":\"2013-08-27T21:56:05+00:00\",\"dateModified\":\"2018-08-03T14:21:40+00:00\",\"description\":\"Para tener una mayor variedad de chicles en tu kiosco, haznos tu pedido de la marca de chicle Wrigleys Big Red, una de las golosinas masticables importadas m\u00e1s vendidas.\",\"breadcrumb\":{\"@id\":\"https:\/\/www.golosinaspormayor.com\/ventaonline\/tienda\/chicles\/chicle-wrigleys-big-red\/#breadcrumb\"},\"inLanguage\":\"es\",\"potentialAction\":[{\"@type\":\"ReadAction\",\"target\":[\"https:\/\/www.golosinaspormayor.com\/ventaonline\/tienda\/chicles\/chicle-wrigleys-big-red\/\"]}]},{\"@type\":\"ImageObject\",\"inLanguage\":\"es\",\"@id\":\"https:\/\/www.golosinaspormayor.com\/ventaonline\/tienda\/chicles\/chicle-wrigleys-big-red\/#primaryimage\",\"url\":\"https:\/\/www.golosinaspormayor.com\/ventaonline\/wp-content\/uploads\/chicle-wrigleys-big-red-kiosco.jpg\",\"contentUrl\":\"https:\/\/www.golosinaspormayor.com\/ventaonline\/wp-content\/uploads\/chicle-wrigleys-big-red-kiosco.jpg\",\"width\":800,\"height\":800,\"caption\":\"chicle-wrigleys-big-red-golosinas\"},{\"@type\":\"BreadcrumbList\",\"@id\":\"https:\/\/www.golosinaspormayor.com\/ventaonline\/tienda\/chicles\/chicle-wrigleys-big-red\/#breadcrumb\",\"itemListElement\":[{\"@type\":\"ListItem\",\"position\":1,\"name\":\"Tienda\",\"item\":\"https:\/\/www.golosinaspormayor.com\/ventaonline\/tienda\/\"},{\"@type\":\"ListItem\",\"position\":2,\"name\":\"CHICLE WRIGLEYS BIG RED x 20U\"}]},{\"@type\":\"WebSite\",\"@id\":\"https:\/\/www.golosinaspormayor.com\/ventaonline\/#website\",\"url\":\"https:\/\/www.golosinaspormayor.com\/ventaonline\/\",\"name\":\"Golosinas por Mayor\",\"description\":\"Venta online de golosinas por mayor\",\"publisher\":{\"@id\":\"https:\/\/www.golosinaspormayor.com\/ventaonline\/#organization\"},\"potentialAction\":[{\"@type\":\"SearchAction\",\"target\":{\"@type\":\"EntryPoint\",\"urlTemplate\":\"https:\/\/www.golosinaspormayor.com\/ventaonline\/?s={search_term_string}\"},\"query-input\":{\"@type\":\"PropertyValueSpecification\",\"valueRequired\":true,\"valueName\":\"search_term_string\"}}],\"inLanguage\":\"es\"},{\"@type\":\"Organization\",\"@id\":\"https:\/\/www.golosinaspormayor.com\/ventaonline\/#organization\",\"name\":\"Golosinas por Mayor\",\"url\":\"https:\/\/www.golosinaspormayor.com\/ventaonline\/\",\"logo\":{\"@type\":\"ImageObject\",\"inLanguage\":\"es\",\"@id\":\"https:\/\/www.golosinaspormayor.com\/ventaonline\/#\/schema\/logo\/image\/\",\"url\":\"https:\/\/www.golosinaspormayor.com\/ventaonline\/wp-content\/uploads\/Copia-de-pop-logo-png.png\",\"contentUrl\":\"https:\/\/www.golosinaspormayor.com\/ventaonline\/wp-content\/uploads\/Copia-de-pop-logo-png.png\",\"width\":150,\"height\":46,\"caption\":\"Golosinas por Mayor\"},\"image\":{\"@id\":\"https:\/\/www.golosinaspormayor.com\/ventaonline\/#\/schema\/logo\/image\/\"}}]}<\/script>\n<!-- \/ Yoast SEO plugin. -->","yoast_head_json":{"title":"CHICLE WRIGLEYS BIG RED x 20U -","description":"Para tener una mayor variedad de chicles en tu kiosco, haznos tu pedido de la marca de chicle Wrigleys Big Red, una de las golosinas masticables importadas m\u00e1s vendidas.","robots":{"index":"index","follow":"follow","max-snippet":"max-snippet:-1","max-image-preview":"max-image-preview:large","max-video-preview":"max-video-preview:-1"},"canonical":"https:\/\/www.golosinaspormayor.com\/ventaonline\/tienda\/chicles\/chicle-wrigleys-big-red\/","og_locale":"es_ES","og_type":"article","og_title":"CHICLE WRIGLEYS BIG RED x 20U -","og_description":"Para tener una mayor variedad de chicles en tu kiosco, haznos tu pedido de la marca de chicle Wrigleys Big Red, una de las golosinas masticables importadas m\u00e1s vendidas.","og_url":"https:\/\/www.golosinaspormayor.com\/ventaonline\/tienda\/chicles\/chicle-wrigleys-big-red\/","og_site_name":"Golosinas por Mayor","article_modified_time":"2018-08-03T14:21:40+00:00","og_image":[{"width":800,"height":800,"url":"https:\/\/www.golosinaspormayor.com\/ventaonline\/wp-content\/uploads\/chicle-wrigleys-big-red-kiosco.jpg","type":"image\/jpeg"}],"twitter_misc":{"Tiempo de lectura":"1 minuto"},"schema":{"@context":"https:\/\/schema.org","@graph":[{"@type":"WebPage","@id":"https:\/\/www.golosinaspormayor.com\/ventaonline\/tienda\/chicles\/chicle-wrigleys-big-red\/","url":"https:\/\/www.golosinaspormayor.com\/ventaonline\/tienda\/chicles\/chicle-wrigleys-big-red\/","name":"CHICLE WRIGLEYS BIG RED x 20U -","isPartOf":{"@id":"https:\/\/www.golosinaspormayor.com\/ventaonline\/#website"},"primaryImageOfPage":{"@id":"https:\/\/www.golosinaspormayor.com\/ventaonline\/tienda\/chicles\/chicle-wrigleys-big-red\/#primaryimage"},"image":{"@id":"https:\/\/www.golosinaspormayor.com\/ventaonline\/tienda\/chicles\/chicle-wrigleys-big-red\/#primaryimage"},"thumbnailUrl":"https:\/\/www.golosinaspormayor.com\/ventaonline\/wp-content\/uploads\/chicle-wrigleys-big-red-kiosco.jpg","datePublished":"2013-08-27T21:56:05+00:00","dateModified":"2018-08-03T14:21:40+00:00","description":"Para tener una mayor variedad de chicles en tu kiosco, haznos tu pedido de la marca de chicle Wrigleys Big Red, una de las golosinas masticables importadas m\u00e1s vendidas.","breadcrumb":{"@id":"https:\/\/www.golosinaspormayor.com\/ventaonline\/tienda\/chicles\/chicle-wrigleys-big-red\/#breadcrumb"},"inLanguage":"es","potentialAction":[{"@type":"ReadAction","target":["https:\/\/www.golosinaspormayor.com\/ventaonline\/tienda\/chicles\/chicle-wrigleys-big-red\/"]}]},{"@type":"ImageObject","inLanguage":"es","@id":"https:\/\/www.golosinaspormayor.com\/ventaonline\/tienda\/chicles\/chicle-wrigleys-big-red\/#primaryimage","url":"https:\/\/www.golosinaspormayor.com\/ventaonline\/wp-content\/uploads\/chicle-wrigleys-big-red-kiosco.jpg","contentUrl":"https:\/\/www.golosinaspormayor.com\/ventaonline\/wp-content\/uploads\/chicle-wrigleys-big-red-kiosco.jpg","width":800,"height":800,"caption":"chicle-wrigleys-big-red-golosinas"},{"@type":"BreadcrumbList","@id":"https:\/\/www.golosinaspormayor.com\/ventaonline\/tienda\/chicles\/chicle-wrigleys-big-red\/#breadcrumb","itemListElement":[{"@type":"ListItem","position":1,"name":"Tienda","item":"https:\/\/www.golosinaspormayor.com\/ventaonline\/tienda\/"},{"@type":"ListItem","position":2,"name":"CHICLE WRIGLEYS BIG RED x 20U"}]},{"@type":"WebSite","@id":"https:\/\/www.golosinaspormayor.com\/ventaonline\/#website","url":"https:\/\/www.golosinaspormayor.com\/ventaonline\/","name":"Golosinas por Mayor","description":"Venta online de golosinas por mayor","publisher":{"@id":"https:\/\/www.golosinaspormayor.com\/ventaonline\/#organization"},"potentialAction":[{"@type":"SearchAction","target":{"@type":"EntryPoint","urlTemplate":"https:\/\/www.golosinaspormayor.com\/ventaonline\/?s={search_term_string}"},"query-input":{"@type":"PropertyValueSpecification","valueRequired":true,"valueName":"search_term_string"}}],"inLanguage":"es"},{"@type":"Organization","@id":"https:\/\/www.golosinaspormayor.com\/ventaonline\/#organization","name":"Golosinas por Mayor","url":"https:\/\/www.golosinaspormayor.com\/ventaonline\/","logo":{"@type":"ImageObject","inLanguage":"es","@id":"https:\/\/www.golosinaspormayor.com\/ventaonline\/#\/schema\/logo\/image\/","url":"https:\/\/www.golosinaspormayor.com\/ventaonline\/wp-content\/uploads\/Copia-de-pop-logo-png.png","contentUrl":"https:\/\/www.golosinaspormayor.com\/ventaonline\/wp-content\/uploads\/Copia-de-pop-logo-png.png","width":150,"height":46,"caption":"Golosinas por Mayor"},"image":{"@id":"https:\/\/www.golosinaspormayor.com\/ventaonline\/#\/schema\/logo\/image\/"}}]}},"_links":{"self":[{"href":"https:\/\/www.golosinaspormayor.com\/ventaonline\/wp-json\/wp\/v2\/product\/258","targetHints":{"allow":["GET"]}}],"collection":[{"href":"https:\/\/www.golosinaspormayor.com\/ventaonline\/wp-json\/wp\/v2\/product"}],"about":[{"href":"https:\/\/www.golosinaspormayor.com\/ventaonline\/wp-json\/wp\/v2\/types\/product"}],"replies":[{"embeddable":true,"href":"https:\/\/www.golosinaspormayor.com\/ventaonline\/wp-json\/wp\/v2\/comments?post=258"}],"wp:featuredmedia":[{"embeddable":true,"href":"https:\/\/www.golosinaspormayor.com\/ventaonline\/wp-json\/wp\/v2\/media\/259"}],"wp:attachment":[{"href":"https:\/\/www.golosinaspormayor.com\/ventaonline\/wp-json\/wp\/v2\/media?parent=258"}],"wp:term":[{"taxonomy":"product_brand","embeddable":true,"href":"https:\/\/www.golosinaspormayor.com\/ventaonline\/wp-json\/wp\/v2\/product_brand?post=258"},{"taxonomy":"product_cat","embeddable":true,"href":"https:\/\/www.golosinaspormayor.com\/ventaonline\/wp-json\/wp\/v2\/product_cat?post=258"},{"taxonomy":"product_tag","embeddable":true,"href":"https:\/\/www.golosinaspormayor.com\/ventaonline\/wp-json\/wp\/v2\/product_tag?post=258"}],"curies":[{"name":"wp","href":"https:\/\/api.w.org\/{rel}","templated":true}]}}