{"id":184,"date":"2013-08-08T12:46:08","date_gmt":"2013-08-08T15:46:08","guid":{"rendered":"http:\/\/www.golosinaspormayor.com\/ventaonline\/?post_type=product&#038;p=184"},"modified":"2018-08-03T11:21:43","modified_gmt":"2018-08-03T14:21:43","slug":"jugo-tang-pomelo-rosado","status":"publish","type":"product","link":"https:\/\/www.golosinaspormayor.com\/ventaonline\/tienda\/jugos\/jugo-tang-pomelo-rosado\/","title":{"rendered":"JUGO TANG POMELO ROSADO"},"content":{"rendered":"<p>Nada es m\u00e1s refrescante que hacer un buen jugo Tang de pomelo rosado, justo cuando m\u00e1s sed tenemos, as\u00ed que este es el sabor elegido del verano, por gente de todas las edades, que se acercan a los mercados a comprarlos.<br \/>\nSolo se necesita el agua fresca, y listo colocamos el polvo en ella, y el mejor jugo Tang de pomelo rosado est\u00e1 listo para beber, as\u00ed de rico, y nutritivo.<br \/>\nLos jugos Tang, no son nuevos en el mercado, porque esta marca tiene m\u00e1s de treinta a\u00f1os elaborando los mejores refrescos que se sirven en los cumplea\u00f1os infantiles, en comidas al aire libre, en el hogar, para todos los d\u00edas, etc\u00e9tera.<br \/>\nEl jugo Tang de pomelo rosado, es uno de los m\u00e1s ricos porque tiene el sabor verdadero de los pomelos rosados reci\u00e9n exprimidos y con toda la vitamina C.<br \/>\nSi realmente te has fijado y no tienes en tu drugstore o kiosco todos los sabores de los jugos de esta marca, es hora de adquirir y ver en este cat\u00e1logo los que te hacen falta para tener el m\u00e1s completo stock de jugos, los clientes te lo agradecer\u00e1n. P\u00eddelos aqu\u00ed y ahora a este precio inigualable.<\/p>\n","protected":false},"excerpt":{"rendered":"<div title=\"Page 2\">\n<div>\n<div>\n<p><strong>TANG POMELO ROSADO X 18U B\/12\u00a0<\/strong><\/p>\n<\/div>\n<\/div>\n<\/div>\n","protected":false},"featured_media":185,"comment_status":"closed","ping_status":"closed","template":"","meta":{"site-sidebar-layout":"default","site-content-layout":"","ast-site-content-layout":"default","site-content-style":"default","site-sidebar-style":"default","ast-global-header-display":"","ast-banner-title-visibility":"","ast-main-header-display":"","ast-hfb-above-header-display":"","ast-hfb-below-header-display":"","ast-hfb-mobile-header-display":"","site-post-title":"","ast-breadcrumbs-content":"","ast-featured-img":"","footer-sml-layout":"","ast-disable-related-posts":"","theme-transparent-header-meta":"","adv-header-id-meta":"","stick-header-meta":"","header-above-stick-meta":"","header-main-stick-meta":"","header-below-stick-meta":"","astra-migrate-meta-layouts":"default","ast-page-background-enabled":"default","ast-page-background-meta":{"desktop":{"background-color":"","background-image":"","background-repeat":"repeat","background-position":"center center","background-size":"auto","background-attachment":"scroll","background-type":"","background-media":"","overlay-type":"","overlay-color":"","overlay-opacity":"","overlay-gradient":""},"tablet":{"background-color":"","background-image":"","background-repeat":"repeat","background-position":"center center","background-size":"auto","background-attachment":"scroll","background-type":"","background-media":"","overlay-type":"","overlay-color":"","overlay-opacity":"","overlay-gradient":""},"mobile":{"background-color":"","background-image":"","background-repeat":"repeat","background-position":"center center","background-size":"auto","background-attachment":"scroll","background-type":"","background-media":"","overlay-type":"","overlay-color":"","overlay-opacity":"","overlay-gradient":""}},"ast-content-background-meta":{"desktop":{"background-color":"var(--ast-global-color-5)","background-image":"","background-repeat":"repeat","background-position":"center center","background-size":"auto","background-attachment":"scroll","background-type":"","background-media":"","overlay-type":"","overlay-color":"","overlay-opacity":"","overlay-gradient":""},"tablet":{"background-color":"var(--ast-global-color-5)","background-image":"","background-repeat":"repeat","background-position":"center center","background-size":"auto","background-attachment":"scroll","background-type":"","background-media":"","overlay-type":"","overlay-color":"","overlay-opacity":"","overlay-gradient":""},"mobile":{"background-color":"var(--ast-global-color-5)","background-image":"","background-repeat":"repeat","background-position":"center center","background-size":"auto","background-attachment":"scroll","background-type":"","background-media":"","overlay-type":"","overlay-color":"","overlay-opacity":"","overlay-gradient":""}},"_joinchat":[]},"product_brand":[],"product_cat":[79],"product_tag":[81,101,83],"class_list":{"0":"post-184","1":"product","2":"type-product","3":"status-publish","4":"has-post-thumbnail","6":"product_cat-jugos","7":"product_tag-bebida","8":"product_tag-pomelo-rosado","9":"product_tag-tang","10":"desktop-align-left","11":"tablet-align-left","12":"mobile-align-left","13":"ast-product-gallery-layout-vertical","14":"ast-product-gallery-with-no-image","15":"ast-product-tabs-layout-vertical","17":"first","18":"outofstock","19":"shipping-taxable","20":"purchasable","21":"product-type-simple"},"yoast_head":"<!-- This site is optimized with the Yoast SEO plugin v27.2 - https:\/\/yoast.com\/product\/yoast-seo-wordpress\/ -->\n<title>JUGO TANG POMELO ROSADO -<\/title>\n<meta name=\"description\" content=\"Jugo Tang Pomelo Rosado venta mayorista y minorista. Distribuidor de golosinas para kioscos en CABA y el interior de la Argentina. Tienda online.\" \/>\n<meta name=\"robots\" content=\"index, follow, max-snippet:-1, max-image-preview:large, max-video-preview:-1\" \/>\n<link rel=\"canonical\" href=\"https:\/\/www.golosinaspormayor.com\/ventaonline\/tienda\/jugos\/jugo-tang-pomelo-rosado\/\" \/>\n<meta property=\"og:locale\" content=\"es_ES\" \/>\n<meta property=\"og:type\" content=\"article\" \/>\n<meta property=\"og:title\" content=\"JUGO TANG POMELO ROSADO -\" \/>\n<meta property=\"og:description\" content=\"Jugo Tang Pomelo Rosado venta mayorista y minorista. Distribuidor de golosinas para kioscos en CABA y el interior de la Argentina. Tienda online.\" \/>\n<meta property=\"og:url\" content=\"https:\/\/www.golosinaspormayor.com\/ventaonline\/tienda\/jugos\/jugo-tang-pomelo-rosado\/\" \/>\n<meta property=\"og:site_name\" content=\"Golosinas por Mayor\" \/>\n<meta property=\"article:modified_time\" content=\"2018-08-03T14:21:43+00:00\" \/>\n<meta property=\"og:image\" content=\"https:\/\/www.golosinaspormayor.com\/ventaonline\/wp-content\/uploads\/tang-pomelo-rosado-precio.jpg\" \/>\n\t<meta property=\"og:image:width\" content=\"300\" \/>\n\t<meta property=\"og:image:height\" content=\"300\" \/>\n\t<meta property=\"og:image:type\" content=\"image\/jpeg\" \/>\n<meta name=\"twitter:label1\" content=\"Tiempo de lectura\" \/>\n\t<meta name=\"twitter:data1\" content=\"1 minuto\" \/>\n<script type=\"application\/ld+json\" class=\"yoast-schema-graph\">{\"@context\":\"https:\/\/schema.org\",\"@graph\":[{\"@type\":\"WebPage\",\"@id\":\"https:\/\/www.golosinaspormayor.com\/ventaonline\/tienda\/jugos\/jugo-tang-pomelo-rosado\/\",\"url\":\"https:\/\/www.golosinaspormayor.com\/ventaonline\/tienda\/jugos\/jugo-tang-pomelo-rosado\/\",\"name\":\"JUGO TANG POMELO ROSADO -\",\"isPartOf\":{\"@id\":\"https:\/\/www.golosinaspormayor.com\/ventaonline\/#website\"},\"primaryImageOfPage\":{\"@id\":\"https:\/\/www.golosinaspormayor.com\/ventaonline\/tienda\/jugos\/jugo-tang-pomelo-rosado\/#primaryimage\"},\"image\":{\"@id\":\"https:\/\/www.golosinaspormayor.com\/ventaonline\/tienda\/jugos\/jugo-tang-pomelo-rosado\/#primaryimage\"},\"thumbnailUrl\":\"https:\/\/www.golosinaspormayor.com\/ventaonline\/wp-content\/uploads\/tang-pomelo-rosado-precio.jpg\",\"datePublished\":\"2013-08-08T15:46:08+00:00\",\"dateModified\":\"2018-08-03T14:21:43+00:00\",\"description\":\"Jugo Tang Pomelo Rosado venta mayorista y minorista. Distribuidor de golosinas para kioscos en CABA y el interior de la Argentina. Tienda online.\",\"breadcrumb\":{\"@id\":\"https:\/\/www.golosinaspormayor.com\/ventaonline\/tienda\/jugos\/jugo-tang-pomelo-rosado\/#breadcrumb\"},\"inLanguage\":\"es\",\"potentialAction\":[{\"@type\":\"ReadAction\",\"target\":[\"https:\/\/www.golosinaspormayor.com\/ventaonline\/tienda\/jugos\/jugo-tang-pomelo-rosado\/\"]}]},{\"@type\":\"ImageObject\",\"inLanguage\":\"es\",\"@id\":\"https:\/\/www.golosinaspormayor.com\/ventaonline\/tienda\/jugos\/jugo-tang-pomelo-rosado\/#primaryimage\",\"url\":\"https:\/\/www.golosinaspormayor.com\/ventaonline\/wp-content\/uploads\/tang-pomelo-rosado-precio.jpg\",\"contentUrl\":\"https:\/\/www.golosinaspormayor.com\/ventaonline\/wp-content\/uploads\/tang-pomelo-rosado-precio.jpg\",\"width\":300,\"height\":300,\"caption\":\"mayorista-tang-pomelo-rosado\"},{\"@type\":\"BreadcrumbList\",\"@id\":\"https:\/\/www.golosinaspormayor.com\/ventaonline\/tienda\/jugos\/jugo-tang-pomelo-rosado\/#breadcrumb\",\"itemListElement\":[{\"@type\":\"ListItem\",\"position\":1,\"name\":\"Tienda\",\"item\":\"https:\/\/www.golosinaspormayor.com\/ventaonline\/tienda\/\"},{\"@type\":\"ListItem\",\"position\":2,\"name\":\"JUGO TANG POMELO ROSADO\"}]},{\"@type\":\"WebSite\",\"@id\":\"https:\/\/www.golosinaspormayor.com\/ventaonline\/#website\",\"url\":\"https:\/\/www.golosinaspormayor.com\/ventaonline\/\",\"name\":\"Golosinas por Mayor\",\"description\":\"Venta online de golosinas por mayor\",\"publisher\":{\"@id\":\"https:\/\/www.golosinaspormayor.com\/ventaonline\/#organization\"},\"potentialAction\":[{\"@type\":\"SearchAction\",\"target\":{\"@type\":\"EntryPoint\",\"urlTemplate\":\"https:\/\/www.golosinaspormayor.com\/ventaonline\/?s={search_term_string}\"},\"query-input\":{\"@type\":\"PropertyValueSpecification\",\"valueRequired\":true,\"valueName\":\"search_term_string\"}}],\"inLanguage\":\"es\"},{\"@type\":\"Organization\",\"@id\":\"https:\/\/www.golosinaspormayor.com\/ventaonline\/#organization\",\"name\":\"Golosinas por Mayor\",\"url\":\"https:\/\/www.golosinaspormayor.com\/ventaonline\/\",\"logo\":{\"@type\":\"ImageObject\",\"inLanguage\":\"es\",\"@id\":\"https:\/\/www.golosinaspormayor.com\/ventaonline\/#\/schema\/logo\/image\/\",\"url\":\"https:\/\/www.golosinaspormayor.com\/ventaonline\/wp-content\/uploads\/Copia-de-pop-logo-png.png\",\"contentUrl\":\"https:\/\/www.golosinaspormayor.com\/ventaonline\/wp-content\/uploads\/Copia-de-pop-logo-png.png\",\"width\":150,\"height\":46,\"caption\":\"Golosinas por Mayor\"},\"image\":{\"@id\":\"https:\/\/www.golosinaspormayor.com\/ventaonline\/#\/schema\/logo\/image\/\"}}]}<\/script>\n<!-- \/ Yoast SEO plugin. -->","yoast_head_json":{"title":"JUGO TANG POMELO ROSADO -","description":"Jugo Tang Pomelo Rosado venta mayorista y minorista. Distribuidor de golosinas para kioscos en CABA y el interior de la Argentina. Tienda online.","robots":{"index":"index","follow":"follow","max-snippet":"max-snippet:-1","max-image-preview":"max-image-preview:large","max-video-preview":"max-video-preview:-1"},"canonical":"https:\/\/www.golosinaspormayor.com\/ventaonline\/tienda\/jugos\/jugo-tang-pomelo-rosado\/","og_locale":"es_ES","og_type":"article","og_title":"JUGO TANG POMELO ROSADO -","og_description":"Jugo Tang Pomelo Rosado venta mayorista y minorista. Distribuidor de golosinas para kioscos en CABA y el interior de la Argentina. Tienda online.","og_url":"https:\/\/www.golosinaspormayor.com\/ventaonline\/tienda\/jugos\/jugo-tang-pomelo-rosado\/","og_site_name":"Golosinas por Mayor","article_modified_time":"2018-08-03T14:21:43+00:00","og_image":[{"width":300,"height":300,"url":"https:\/\/www.golosinaspormayor.com\/ventaonline\/wp-content\/uploads\/tang-pomelo-rosado-precio.jpg","type":"image\/jpeg"}],"twitter_misc":{"Tiempo de lectura":"1 minuto"},"schema":{"@context":"https:\/\/schema.org","@graph":[{"@type":"WebPage","@id":"https:\/\/www.golosinaspormayor.com\/ventaonline\/tienda\/jugos\/jugo-tang-pomelo-rosado\/","url":"https:\/\/www.golosinaspormayor.com\/ventaonline\/tienda\/jugos\/jugo-tang-pomelo-rosado\/","name":"JUGO TANG POMELO ROSADO -","isPartOf":{"@id":"https:\/\/www.golosinaspormayor.com\/ventaonline\/#website"},"primaryImageOfPage":{"@id":"https:\/\/www.golosinaspormayor.com\/ventaonline\/tienda\/jugos\/jugo-tang-pomelo-rosado\/#primaryimage"},"image":{"@id":"https:\/\/www.golosinaspormayor.com\/ventaonline\/tienda\/jugos\/jugo-tang-pomelo-rosado\/#primaryimage"},"thumbnailUrl":"https:\/\/www.golosinaspormayor.com\/ventaonline\/wp-content\/uploads\/tang-pomelo-rosado-precio.jpg","datePublished":"2013-08-08T15:46:08+00:00","dateModified":"2018-08-03T14:21:43+00:00","description":"Jugo Tang Pomelo Rosado venta mayorista y minorista. Distribuidor de golosinas para kioscos en CABA y el interior de la Argentina. Tienda online.","breadcrumb":{"@id":"https:\/\/www.golosinaspormayor.com\/ventaonline\/tienda\/jugos\/jugo-tang-pomelo-rosado\/#breadcrumb"},"inLanguage":"es","potentialAction":[{"@type":"ReadAction","target":["https:\/\/www.golosinaspormayor.com\/ventaonline\/tienda\/jugos\/jugo-tang-pomelo-rosado\/"]}]},{"@type":"ImageObject","inLanguage":"es","@id":"https:\/\/www.golosinaspormayor.com\/ventaonline\/tienda\/jugos\/jugo-tang-pomelo-rosado\/#primaryimage","url":"https:\/\/www.golosinaspormayor.com\/ventaonline\/wp-content\/uploads\/tang-pomelo-rosado-precio.jpg","contentUrl":"https:\/\/www.golosinaspormayor.com\/ventaonline\/wp-content\/uploads\/tang-pomelo-rosado-precio.jpg","width":300,"height":300,"caption":"mayorista-tang-pomelo-rosado"},{"@type":"BreadcrumbList","@id":"https:\/\/www.golosinaspormayor.com\/ventaonline\/tienda\/jugos\/jugo-tang-pomelo-rosado\/#breadcrumb","itemListElement":[{"@type":"ListItem","position":1,"name":"Tienda","item":"https:\/\/www.golosinaspormayor.com\/ventaonline\/tienda\/"},{"@type":"ListItem","position":2,"name":"JUGO TANG POMELO ROSADO"}]},{"@type":"WebSite","@id":"https:\/\/www.golosinaspormayor.com\/ventaonline\/#website","url":"https:\/\/www.golosinaspormayor.com\/ventaonline\/","name":"Golosinas por Mayor","description":"Venta online de golosinas por mayor","publisher":{"@id":"https:\/\/www.golosinaspormayor.com\/ventaonline\/#organization"},"potentialAction":[{"@type":"SearchAction","target":{"@type":"EntryPoint","urlTemplate":"https:\/\/www.golosinaspormayor.com\/ventaonline\/?s={search_term_string}"},"query-input":{"@type":"PropertyValueSpecification","valueRequired":true,"valueName":"search_term_string"}}],"inLanguage":"es"},{"@type":"Organization","@id":"https:\/\/www.golosinaspormayor.com\/ventaonline\/#organization","name":"Golosinas por Mayor","url":"https:\/\/www.golosinaspormayor.com\/ventaonline\/","logo":{"@type":"ImageObject","inLanguage":"es","@id":"https:\/\/www.golosinaspormayor.com\/ventaonline\/#\/schema\/logo\/image\/","url":"https:\/\/www.golosinaspormayor.com\/ventaonline\/wp-content\/uploads\/Copia-de-pop-logo-png.png","contentUrl":"https:\/\/www.golosinaspormayor.com\/ventaonline\/wp-content\/uploads\/Copia-de-pop-logo-png.png","width":150,"height":46,"caption":"Golosinas por Mayor"},"image":{"@id":"https:\/\/www.golosinaspormayor.com\/ventaonline\/#\/schema\/logo\/image\/"}}]}},"_links":{"self":[{"href":"https:\/\/www.golosinaspormayor.com\/ventaonline\/wp-json\/wp\/v2\/product\/184","targetHints":{"allow":["GET"]}}],"collection":[{"href":"https:\/\/www.golosinaspormayor.com\/ventaonline\/wp-json\/wp\/v2\/product"}],"about":[{"href":"https:\/\/www.golosinaspormayor.com\/ventaonline\/wp-json\/wp\/v2\/types\/product"}],"replies":[{"embeddable":true,"href":"https:\/\/www.golosinaspormayor.com\/ventaonline\/wp-json\/wp\/v2\/comments?post=184"}],"wp:featuredmedia":[{"embeddable":true,"href":"https:\/\/www.golosinaspormayor.com\/ventaonline\/wp-json\/wp\/v2\/media\/185"}],"wp:attachment":[{"href":"https:\/\/www.golosinaspormayor.com\/ventaonline\/wp-json\/wp\/v2\/media?parent=184"}],"wp:term":[{"taxonomy":"product_brand","embeddable":true,"href":"https:\/\/www.golosinaspormayor.com\/ventaonline\/wp-json\/wp\/v2\/product_brand?post=184"},{"taxonomy":"product_cat","embeddable":true,"href":"https:\/\/www.golosinaspormayor.com\/ventaonline\/wp-json\/wp\/v2\/product_cat?post=184"},{"taxonomy":"product_tag","embeddable":true,"href":"https:\/\/www.golosinaspormayor.com\/ventaonline\/wp-json\/wp\/v2\/product_tag?post=184"}],"curies":[{"name":"wp","href":"https:\/\/api.w.org\/{rel}","templated":true}]}}