{"id":155,"date":"2013-08-05T17:51:16","date_gmt":"2013-08-05T20:51:16","guid":{"rendered":"http:\/\/www.golosinaspormayor.com\/ventaonline\/?post_type=product&#038;p=155"},"modified":"2018-08-03T11:21:44","modified_gmt":"2018-08-03T14:21:44","slug":"jugo-tang-naranja-frutilla-kiwi","status":"publish","type":"product","link":"https:\/\/www.golosinaspormayor.com\/ventaonline\/tienda\/jugos\/jugo-tang-naranja-frutilla-kiwi\/","title":{"rendered":"JUGO TANG NARANJA FRUTILLA KIWI"},"content":{"rendered":"<p>Nada mejor que encontrar en los jugos en polvo, dos o tres sabores, como es en este caso, el jugo Tang de naranja, frutilla, y kiwi, porque en solo un sobrecito, podemos tener los tres sabores m\u00e1s ricos de todo el amplio espectro que tenemos a nuestra elecci\u00f3n.<br \/>\nToda la dulzura de la naranja reci\u00e9n exprimida, el color de la frutilla, y las vitaminas del kiwi presentes en un solo sobre que pr\u00e1cticamente pesa muy poco.<br \/>\nUno de los productos que no han de faltar en los mercaditos, en los drugstores, o en cualquier kiosco de la Capital, ya que conocemos a la marca Tang que desde hace muchos a\u00f1os es la marca l\u00edder en este mercado tan competitivo.<br \/>\nEl jugo Tang de naranja, frutilla, y kiwi, es uno de los sabores que m\u00e1s buscan los amantes de las bebidas frescas, para preparar de manera c\u00f3moda y sencilla en cualquier lugar.<br \/>\nEsta tienda Online de productos mayoristas para mini mercados, tiene de todo, as\u00ed como lo estamos presentando en el cat\u00e1logo que tenemos preparado para los comerciantes.<br \/>\nEl mejor precio de la Web, y la mejor atenci\u00f3n para que los pedidos lleguen al destino en tiempo y forma.<\/p>\n","protected":false},"excerpt":{"rendered":"<div title=\"Page 2\">\n<p><strong>TANG NARANJA FRUTILLA KIWI X 18U B\/12\u00a0<\/strong><\/p>\n<\/div>\n","protected":false},"featured_media":3326,"comment_status":"closed","ping_status":"closed","template":"","meta":{"site-sidebar-layout":"default","site-content-layout":"","ast-site-content-layout":"default","site-content-style":"default","site-sidebar-style":"default","ast-global-header-display":"","ast-banner-title-visibility":"","ast-main-header-display":"","ast-hfb-above-header-display":"","ast-hfb-below-header-display":"","ast-hfb-mobile-header-display":"","site-post-title":"","ast-breadcrumbs-content":"","ast-featured-img":"","footer-sml-layout":"","ast-disable-related-posts":"","theme-transparent-header-meta":"","adv-header-id-meta":"","stick-header-meta":"","header-above-stick-meta":"","header-main-stick-meta":"","header-below-stick-meta":"","astra-migrate-meta-layouts":"default","ast-page-background-enabled":"default","ast-page-background-meta":{"desktop":{"background-color":"","background-image":"","background-repeat":"repeat","background-position":"center center","background-size":"auto","background-attachment":"scroll","background-type":"","background-media":"","overlay-type":"","overlay-color":"","overlay-opacity":"","overlay-gradient":""},"tablet":{"background-color":"","background-image":"","background-repeat":"repeat","background-position":"center center","background-size":"auto","background-attachment":"scroll","background-type":"","background-media":"","overlay-type":"","overlay-color":"","overlay-opacity":"","overlay-gradient":""},"mobile":{"background-color":"","background-image":"","background-repeat":"repeat","background-position":"center center","background-size":"auto","background-attachment":"scroll","background-type":"","background-media":"","overlay-type":"","overlay-color":"","overlay-opacity":"","overlay-gradient":""}},"ast-content-background-meta":{"desktop":{"background-color":"var(--ast-global-color-5)","background-image":"","background-repeat":"repeat","background-position":"center center","background-size":"auto","background-attachment":"scroll","background-type":"","background-media":"","overlay-type":"","overlay-color":"","overlay-opacity":"","overlay-gradient":""},"tablet":{"background-color":"var(--ast-global-color-5)","background-image":"","background-repeat":"repeat","background-position":"center center","background-size":"auto","background-attachment":"scroll","background-type":"","background-media":"","overlay-type":"","overlay-color":"","overlay-opacity":"","overlay-gradient":""},"mobile":{"background-color":"var(--ast-global-color-5)","background-image":"","background-repeat":"repeat","background-position":"center center","background-size":"auto","background-attachment":"scroll","background-type":"","background-media":"","overlay-type":"","overlay-color":"","overlay-opacity":"","overlay-gradient":""}},"_joinchat":[]},"product_brand":[],"product_cat":[79],"product_tag":[81,89,83],"class_list":{"0":"post-155","1":"product","2":"type-product","3":"status-publish","4":"has-post-thumbnail","6":"product_cat-jugos","7":"product_tag-bebida","8":"product_tag-naranja-frutilla-kiwi","9":"product_tag-tang","10":"desktop-align-left","11":"tablet-align-left","12":"mobile-align-left","13":"ast-product-gallery-layout-vertical","14":"ast-product-gallery-with-no-image","15":"ast-product-tabs-layout-vertical","17":"first","18":"outofstock","19":"shipping-taxable","20":"purchasable","21":"product-type-simple"},"yoast_head":"<!-- This site is optimized with the Yoast SEO plugin v27.2 - https:\/\/yoast.com\/product\/yoast-seo-wordpress\/ -->\n<title>JUGO TANG NARANJA FRUTILLA KIWI -<\/title>\n<meta name=\"description\" content=\"Jugo Tang Naranja Frutilla Kiwi: venta por mayor a trav\u00e9s de nuestro comercio electr\u00f3nico. Distribuimos art\u00edculos para kiosco en la CABA y el interior de Argentina.\" \/>\n<meta name=\"robots\" content=\"index, follow, max-snippet:-1, max-image-preview:large, max-video-preview:-1\" \/>\n<link rel=\"canonical\" href=\"https:\/\/www.golosinaspormayor.com\/ventaonline\/tienda\/jugos\/jugo-tang-naranja-frutilla-kiwi\/\" \/>\n<meta property=\"og:locale\" content=\"es_ES\" \/>\n<meta property=\"og:type\" content=\"article\" \/>\n<meta property=\"og:title\" content=\"JUGO TANG NARANJA FRUTILLA KIWI -\" \/>\n<meta property=\"og:description\" content=\"Jugo Tang Naranja Frutilla Kiwi: venta por mayor a trav\u00e9s de nuestro comercio electr\u00f3nico. Distribuimos art\u00edculos para kiosco en la CABA y el interior de Argentina.\" \/>\n<meta property=\"og:url\" content=\"https:\/\/www.golosinaspormayor.com\/ventaonline\/tienda\/jugos\/jugo-tang-naranja-frutilla-kiwi\/\" \/>\n<meta property=\"og:site_name\" content=\"Golosinas por Mayor\" \/>\n<meta property=\"article:modified_time\" content=\"2018-08-03T14:21:44+00:00\" \/>\n<meta property=\"og:image\" content=\"https:\/\/www.golosinaspormayor.com\/ventaonline\/wp-content\/uploads\/jugo-tang-naranja-frutilla-kiwi.jpg\" \/>\n\t<meta property=\"og:image:width\" content=\"500\" \/>\n\t<meta property=\"og:image:height\" content=\"500\" \/>\n\t<meta property=\"og:image:type\" content=\"image\/jpeg\" \/>\n<meta name=\"twitter:label1\" content=\"Tiempo de lectura\" \/>\n\t<meta name=\"twitter:data1\" content=\"1 minuto\" \/>\n<script type=\"application\/ld+json\" class=\"yoast-schema-graph\">{\"@context\":\"https:\/\/schema.org\",\"@graph\":[{\"@type\":\"WebPage\",\"@id\":\"https:\/\/www.golosinaspormayor.com\/ventaonline\/tienda\/jugos\/jugo-tang-naranja-frutilla-kiwi\/\",\"url\":\"https:\/\/www.golosinaspormayor.com\/ventaonline\/tienda\/jugos\/jugo-tang-naranja-frutilla-kiwi\/\",\"name\":\"JUGO TANG NARANJA FRUTILLA KIWI -\",\"isPartOf\":{\"@id\":\"https:\/\/www.golosinaspormayor.com\/ventaonline\/#website\"},\"primaryImageOfPage\":{\"@id\":\"https:\/\/www.golosinaspormayor.com\/ventaonline\/tienda\/jugos\/jugo-tang-naranja-frutilla-kiwi\/#primaryimage\"},\"image\":{\"@id\":\"https:\/\/www.golosinaspormayor.com\/ventaonline\/tienda\/jugos\/jugo-tang-naranja-frutilla-kiwi\/#primaryimage\"},\"thumbnailUrl\":\"https:\/\/www.golosinaspormayor.com\/ventaonline\/wp-content\/uploads\/jugo-tang-naranja-frutilla-kiwi.jpg\",\"datePublished\":\"2013-08-05T20:51:16+00:00\",\"dateModified\":\"2018-08-03T14:21:44+00:00\",\"description\":\"Jugo Tang Naranja Frutilla Kiwi: venta por mayor a trav\u00e9s de nuestro comercio electr\u00f3nico. Distribuimos art\u00edculos para kiosco en la CABA y el interior de Argentina.\",\"breadcrumb\":{\"@id\":\"https:\/\/www.golosinaspormayor.com\/ventaonline\/tienda\/jugos\/jugo-tang-naranja-frutilla-kiwi\/#breadcrumb\"},\"inLanguage\":\"es\",\"potentialAction\":[{\"@type\":\"ReadAction\",\"target\":[\"https:\/\/www.golosinaspormayor.com\/ventaonline\/tienda\/jugos\/jugo-tang-naranja-frutilla-kiwi\/\"]}]},{\"@type\":\"ImageObject\",\"inLanguage\":\"es\",\"@id\":\"https:\/\/www.golosinaspormayor.com\/ventaonline\/tienda\/jugos\/jugo-tang-naranja-frutilla-kiwi\/#primaryimage\",\"url\":\"https:\/\/www.golosinaspormayor.com\/ventaonline\/wp-content\/uploads\/jugo-tang-naranja-frutilla-kiwi.jpg\",\"contentUrl\":\"https:\/\/www.golosinaspormayor.com\/ventaonline\/wp-content\/uploads\/jugo-tang-naranja-frutilla-kiwi.jpg\",\"width\":500,\"height\":500},{\"@type\":\"BreadcrumbList\",\"@id\":\"https:\/\/www.golosinaspormayor.com\/ventaonline\/tienda\/jugos\/jugo-tang-naranja-frutilla-kiwi\/#breadcrumb\",\"itemListElement\":[{\"@type\":\"ListItem\",\"position\":1,\"name\":\"Tienda\",\"item\":\"https:\/\/www.golosinaspormayor.com\/ventaonline\/tienda\/\"},{\"@type\":\"ListItem\",\"position\":2,\"name\":\"JUGO TANG NARANJA FRUTILLA KIWI\"}]},{\"@type\":\"WebSite\",\"@id\":\"https:\/\/www.golosinaspormayor.com\/ventaonline\/#website\",\"url\":\"https:\/\/www.golosinaspormayor.com\/ventaonline\/\",\"name\":\"Golosinas por Mayor\",\"description\":\"Venta online de golosinas por mayor\",\"publisher\":{\"@id\":\"https:\/\/www.golosinaspormayor.com\/ventaonline\/#organization\"},\"potentialAction\":[{\"@type\":\"SearchAction\",\"target\":{\"@type\":\"EntryPoint\",\"urlTemplate\":\"https:\/\/www.golosinaspormayor.com\/ventaonline\/?s={search_term_string}\"},\"query-input\":{\"@type\":\"PropertyValueSpecification\",\"valueRequired\":true,\"valueName\":\"search_term_string\"}}],\"inLanguage\":\"es\"},{\"@type\":\"Organization\",\"@id\":\"https:\/\/www.golosinaspormayor.com\/ventaonline\/#organization\",\"name\":\"Golosinas por Mayor\",\"url\":\"https:\/\/www.golosinaspormayor.com\/ventaonline\/\",\"logo\":{\"@type\":\"ImageObject\",\"inLanguage\":\"es\",\"@id\":\"https:\/\/www.golosinaspormayor.com\/ventaonline\/#\/schema\/logo\/image\/\",\"url\":\"https:\/\/www.golosinaspormayor.com\/ventaonline\/wp-content\/uploads\/Copia-de-pop-logo-png.png\",\"contentUrl\":\"https:\/\/www.golosinaspormayor.com\/ventaonline\/wp-content\/uploads\/Copia-de-pop-logo-png.png\",\"width\":150,\"height\":46,\"caption\":\"Golosinas por Mayor\"},\"image\":{\"@id\":\"https:\/\/www.golosinaspormayor.com\/ventaonline\/#\/schema\/logo\/image\/\"}}]}<\/script>\n<!-- \/ Yoast SEO plugin. -->","yoast_head_json":{"title":"JUGO TANG NARANJA FRUTILLA KIWI -","description":"Jugo Tang Naranja Frutilla Kiwi: venta por mayor a trav\u00e9s de nuestro comercio electr\u00f3nico. Distribuimos art\u00edculos para kiosco en la CABA y el interior de Argentina.","robots":{"index":"index","follow":"follow","max-snippet":"max-snippet:-1","max-image-preview":"max-image-preview:large","max-video-preview":"max-video-preview:-1"},"canonical":"https:\/\/www.golosinaspormayor.com\/ventaonline\/tienda\/jugos\/jugo-tang-naranja-frutilla-kiwi\/","og_locale":"es_ES","og_type":"article","og_title":"JUGO TANG NARANJA FRUTILLA KIWI -","og_description":"Jugo Tang Naranja Frutilla Kiwi: venta por mayor a trav\u00e9s de nuestro comercio electr\u00f3nico. Distribuimos art\u00edculos para kiosco en la CABA y el interior de Argentina.","og_url":"https:\/\/www.golosinaspormayor.com\/ventaonline\/tienda\/jugos\/jugo-tang-naranja-frutilla-kiwi\/","og_site_name":"Golosinas por Mayor","article_modified_time":"2018-08-03T14:21:44+00:00","og_image":[{"width":500,"height":500,"url":"https:\/\/www.golosinaspormayor.com\/ventaonline\/wp-content\/uploads\/jugo-tang-naranja-frutilla-kiwi.jpg","type":"image\/jpeg"}],"twitter_misc":{"Tiempo de lectura":"1 minuto"},"schema":{"@context":"https:\/\/schema.org","@graph":[{"@type":"WebPage","@id":"https:\/\/www.golosinaspormayor.com\/ventaonline\/tienda\/jugos\/jugo-tang-naranja-frutilla-kiwi\/","url":"https:\/\/www.golosinaspormayor.com\/ventaonline\/tienda\/jugos\/jugo-tang-naranja-frutilla-kiwi\/","name":"JUGO TANG NARANJA FRUTILLA KIWI -","isPartOf":{"@id":"https:\/\/www.golosinaspormayor.com\/ventaonline\/#website"},"primaryImageOfPage":{"@id":"https:\/\/www.golosinaspormayor.com\/ventaonline\/tienda\/jugos\/jugo-tang-naranja-frutilla-kiwi\/#primaryimage"},"image":{"@id":"https:\/\/www.golosinaspormayor.com\/ventaonline\/tienda\/jugos\/jugo-tang-naranja-frutilla-kiwi\/#primaryimage"},"thumbnailUrl":"https:\/\/www.golosinaspormayor.com\/ventaonline\/wp-content\/uploads\/jugo-tang-naranja-frutilla-kiwi.jpg","datePublished":"2013-08-05T20:51:16+00:00","dateModified":"2018-08-03T14:21:44+00:00","description":"Jugo Tang Naranja Frutilla Kiwi: venta por mayor a trav\u00e9s de nuestro comercio electr\u00f3nico. Distribuimos art\u00edculos para kiosco en la CABA y el interior de Argentina.","breadcrumb":{"@id":"https:\/\/www.golosinaspormayor.com\/ventaonline\/tienda\/jugos\/jugo-tang-naranja-frutilla-kiwi\/#breadcrumb"},"inLanguage":"es","potentialAction":[{"@type":"ReadAction","target":["https:\/\/www.golosinaspormayor.com\/ventaonline\/tienda\/jugos\/jugo-tang-naranja-frutilla-kiwi\/"]}]},{"@type":"ImageObject","inLanguage":"es","@id":"https:\/\/www.golosinaspormayor.com\/ventaonline\/tienda\/jugos\/jugo-tang-naranja-frutilla-kiwi\/#primaryimage","url":"https:\/\/www.golosinaspormayor.com\/ventaonline\/wp-content\/uploads\/jugo-tang-naranja-frutilla-kiwi.jpg","contentUrl":"https:\/\/www.golosinaspormayor.com\/ventaonline\/wp-content\/uploads\/jugo-tang-naranja-frutilla-kiwi.jpg","width":500,"height":500},{"@type":"BreadcrumbList","@id":"https:\/\/www.golosinaspormayor.com\/ventaonline\/tienda\/jugos\/jugo-tang-naranja-frutilla-kiwi\/#breadcrumb","itemListElement":[{"@type":"ListItem","position":1,"name":"Tienda","item":"https:\/\/www.golosinaspormayor.com\/ventaonline\/tienda\/"},{"@type":"ListItem","position":2,"name":"JUGO TANG NARANJA FRUTILLA KIWI"}]},{"@type":"WebSite","@id":"https:\/\/www.golosinaspormayor.com\/ventaonline\/#website","url":"https:\/\/www.golosinaspormayor.com\/ventaonline\/","name":"Golosinas por Mayor","description":"Venta online de golosinas por mayor","publisher":{"@id":"https:\/\/www.golosinaspormayor.com\/ventaonline\/#organization"},"potentialAction":[{"@type":"SearchAction","target":{"@type":"EntryPoint","urlTemplate":"https:\/\/www.golosinaspormayor.com\/ventaonline\/?s={search_term_string}"},"query-input":{"@type":"PropertyValueSpecification","valueRequired":true,"valueName":"search_term_string"}}],"inLanguage":"es"},{"@type":"Organization","@id":"https:\/\/www.golosinaspormayor.com\/ventaonline\/#organization","name":"Golosinas por Mayor","url":"https:\/\/www.golosinaspormayor.com\/ventaonline\/","logo":{"@type":"ImageObject","inLanguage":"es","@id":"https:\/\/www.golosinaspormayor.com\/ventaonline\/#\/schema\/logo\/image\/","url":"https:\/\/www.golosinaspormayor.com\/ventaonline\/wp-content\/uploads\/Copia-de-pop-logo-png.png","contentUrl":"https:\/\/www.golosinaspormayor.com\/ventaonline\/wp-content\/uploads\/Copia-de-pop-logo-png.png","width":150,"height":46,"caption":"Golosinas por Mayor"},"image":{"@id":"https:\/\/www.golosinaspormayor.com\/ventaonline\/#\/schema\/logo\/image\/"}}]}},"_links":{"self":[{"href":"https:\/\/www.golosinaspormayor.com\/ventaonline\/wp-json\/wp\/v2\/product\/155","targetHints":{"allow":["GET"]}}],"collection":[{"href":"https:\/\/www.golosinaspormayor.com\/ventaonline\/wp-json\/wp\/v2\/product"}],"about":[{"href":"https:\/\/www.golosinaspormayor.com\/ventaonline\/wp-json\/wp\/v2\/types\/product"}],"replies":[{"embeddable":true,"href":"https:\/\/www.golosinaspormayor.com\/ventaonline\/wp-json\/wp\/v2\/comments?post=155"}],"wp:featuredmedia":[{"embeddable":true,"href":"https:\/\/www.golosinaspormayor.com\/ventaonline\/wp-json\/wp\/v2\/media\/3326"}],"wp:attachment":[{"href":"https:\/\/www.golosinaspormayor.com\/ventaonline\/wp-json\/wp\/v2\/media?parent=155"}],"wp:term":[{"taxonomy":"product_brand","embeddable":true,"href":"https:\/\/www.golosinaspormayor.com\/ventaonline\/wp-json\/wp\/v2\/product_brand?post=155"},{"taxonomy":"product_cat","embeddable":true,"href":"https:\/\/www.golosinaspormayor.com\/ventaonline\/wp-json\/wp\/v2\/product_cat?post=155"},{"taxonomy":"product_tag","embeddable":true,"href":"https:\/\/www.golosinaspormayor.com\/ventaonline\/wp-json\/wp\/v2\/product_tag?post=155"}],"curies":[{"name":"wp","href":"https:\/\/api.w.org\/{rel}","templated":true}]}}