{"id":128,"date":"2013-07-29T17:48:33","date_gmt":"2013-07-29T20:48:33","guid":{"rendered":"http:\/\/www.golosinaspormayor.com\/ventaonline\/?post_type=product&#038;p=128"},"modified":"2018-08-03T11:21:44","modified_gmt":"2018-08-03T14:21:44","slug":"preservativo-prime-espermicida-blanco","status":"publish","type":"product","link":"https:\/\/www.golosinaspormayor.com\/ventaonline\/tienda\/preservativos\/preservativo-prime-espermicida-blanco\/","title":{"rendered":"PRESERVATIVO PRIME ESPERMICIDA BLANCO x 24u"},"content":{"rendered":"<p>Tus clientes te pedir\u00e1n los preservativos Prime con espermicida blanco, ya que se trata de una de las variedades m\u00e1s consumidas dentro de la l\u00ednea Prime por eso es importante que tengas este producto dentro de tu stock, ya que son sencillos de colocar y tienen a particularidad de adem\u00e1s lograr la mejor protecci\u00f3n. Adem\u00e1s de ofrecerte la mejor protecci\u00f3n en las enfermedades de transmisi\u00f3n sexual, estos preservativos de la marca l\u00edder, no permite que los espermas, tengan vida, as\u00ed que tambi\u00e9n est\u00e1 protegido en caso de no desear un embarazo.<\/p>\n<p>Los preservativos Prime con espermicida blanco, brindan una mayor tranquilidad en todo sentido, as\u00ed que deber\u00edas pensar seriamente en tenerlos en tu drugstore ahora, sin p\u00e9rdidas de tiempo. Contamos con el mayor surtido de preservativos de la marca Prime, para todas las necesidades y preferencias, ya que el mercado de la actualidad es bastante amplio en este sentido. No dudes en ponerte en contacto con nosotros que somos una empresa l\u00edder en ventas mayoristas para mini mercados, drugstores y maxi kioscos, con una experiencia importante, y sabemos mejor que nadie como es el mercado actual. Puedes hacernos tu pedido a trav\u00e9s de esta p\u00e1gina web, y te lo enviaremos dentro de las pr\u00f3ximas 48 horas. No dudes en consultarnos sobre nuestros env\u00edos al interior.<\/p>\n","protected":false},"excerpt":{"rendered":"<p><strong>PRIME ESPERMICIDA BLANCO X 24U B\/20<\/strong><\/p>\n","protected":false},"featured_media":131,"comment_status":"closed","ping_status":"closed","template":"","meta":{"site-sidebar-layout":"default","site-content-layout":"","ast-site-content-layout":"default","site-content-style":"default","site-sidebar-style":"default","ast-global-header-display":"","ast-banner-title-visibility":"","ast-main-header-display":"","ast-hfb-above-header-display":"","ast-hfb-below-header-display":"","ast-hfb-mobile-header-display":"","site-post-title":"","ast-breadcrumbs-content":"","ast-featured-img":"","footer-sml-layout":"","ast-disable-related-posts":"","theme-transparent-header-meta":"","adv-header-id-meta":"","stick-header-meta":"","header-above-stick-meta":"","header-main-stick-meta":"","header-below-stick-meta":"","astra-migrate-meta-layouts":"default","ast-page-background-enabled":"default","ast-page-background-meta":{"desktop":{"background-color":"","background-image":"","background-repeat":"repeat","background-position":"center center","background-size":"auto","background-attachment":"scroll","background-type":"","background-media":"","overlay-type":"","overlay-color":"","overlay-opacity":"","overlay-gradient":""},"tablet":{"background-color":"","background-image":"","background-repeat":"repeat","background-position":"center center","background-size":"auto","background-attachment":"scroll","background-type":"","background-media":"","overlay-type":"","overlay-color":"","overlay-opacity":"","overlay-gradient":""},"mobile":{"background-color":"","background-image":"","background-repeat":"repeat","background-position":"center center","background-size":"auto","background-attachment":"scroll","background-type":"","background-media":"","overlay-type":"","overlay-color":"","overlay-opacity":"","overlay-gradient":""}},"ast-content-background-meta":{"desktop":{"background-color":"var(--ast-global-color-5)","background-image":"","background-repeat":"repeat","background-position":"center center","background-size":"auto","background-attachment":"scroll","background-type":"","background-media":"","overlay-type":"","overlay-color":"","overlay-opacity":"","overlay-gradient":""},"tablet":{"background-color":"var(--ast-global-color-5)","background-image":"","background-repeat":"repeat","background-position":"center center","background-size":"auto","background-attachment":"scroll","background-type":"","background-media":"","overlay-type":"","overlay-color":"","overlay-opacity":"","overlay-gradient":""},"mobile":{"background-color":"var(--ast-global-color-5)","background-image":"","background-repeat":"repeat","background-position":"center center","background-size":"auto","background-attachment":"scroll","background-type":"","background-media":"","overlay-type":"","overlay-color":"","overlay-opacity":"","overlay-gradient":""}},"_joinchat":[]},"product_brand":[],"product_cat":[32],"product_tag":[35,78,75],"class_list":{"0":"post-128","1":"product","2":"type-product","3":"status-publish","4":"has-post-thumbnail","6":"product_cat-preservativos","7":"product_tag-blanco","8":"product_tag-espermicida","9":"product_tag-prime","10":"desktop-align-left","11":"tablet-align-left","12":"mobile-align-left","13":"ast-product-gallery-layout-vertical","14":"ast-product-gallery-with-no-image","15":"ast-product-tabs-layout-vertical","17":"first","18":"outofstock","19":"shipping-taxable","20":"purchasable","21":"product-type-simple"},"yoast_head":"<!-- This site is optimized with the Yoast SEO plugin v27.2 - https:\/\/yoast.com\/product\/yoast-seo-wordpress\/ -->\n<title>PRESERVATIVO PRIME ESPERMICIDA BLANCO x 24u -<\/title>\n<meta name=\"description\" content=\"Venta online de preservativos Prime Espermicida Blanco. Distribuimos productos para kioscos en Buenos Aires y el interior del pa\u00eds. Hace tu pedido ahora.\" \/>\n<meta name=\"robots\" content=\"index, follow, max-snippet:-1, max-image-preview:large, max-video-preview:-1\" \/>\n<link rel=\"canonical\" href=\"https:\/\/www.golosinaspormayor.com\/ventaonline\/tienda\/preservativos\/preservativo-prime-espermicida-blanco\/\" \/>\n<meta property=\"og:locale\" content=\"es_ES\" \/>\n<meta property=\"og:type\" content=\"article\" \/>\n<meta property=\"og:title\" content=\"PRESERVATIVO PRIME ESPERMICIDA BLANCO x 24u -\" \/>\n<meta property=\"og:description\" content=\"Venta online de preservativos Prime Espermicida Blanco. Distribuimos productos para kioscos en Buenos Aires y el interior del pa\u00eds. Hace tu pedido ahora.\" \/>\n<meta property=\"og:url\" content=\"https:\/\/www.golosinaspormayor.com\/ventaonline\/tienda\/preservativos\/preservativo-prime-espermicida-blanco\/\" \/>\n<meta property=\"og:site_name\" content=\"Golosinas por Mayor\" \/>\n<meta property=\"article:modified_time\" content=\"2018-08-03T14:21:44+00:00\" \/>\n<meta property=\"og:image\" content=\"https:\/\/www.golosinaspormayor.com\/ventaonline\/wp-content\/uploads\/prime-espermicida-blanco1.jpg\" \/>\n\t<meta property=\"og:image:width\" content=\"200\" \/>\n\t<meta property=\"og:image:height\" content=\"200\" \/>\n\t<meta property=\"og:image:type\" content=\"image\/jpeg\" \/>\n<meta name=\"twitter:label1\" content=\"Tiempo de lectura\" \/>\n\t<meta name=\"twitter:data1\" content=\"1 minuto\" \/>\n<script type=\"application\/ld+json\" class=\"yoast-schema-graph\">{\"@context\":\"https:\/\/schema.org\",\"@graph\":[{\"@type\":\"WebPage\",\"@id\":\"https:\/\/www.golosinaspormayor.com\/ventaonline\/tienda\/preservativos\/preservativo-prime-espermicida-blanco\/\",\"url\":\"https:\/\/www.golosinaspormayor.com\/ventaonline\/tienda\/preservativos\/preservativo-prime-espermicida-blanco\/\",\"name\":\"PRESERVATIVO PRIME ESPERMICIDA BLANCO x 24u -\",\"isPartOf\":{\"@id\":\"https:\/\/www.golosinaspormayor.com\/ventaonline\/#website\"},\"primaryImageOfPage\":{\"@id\":\"https:\/\/www.golosinaspormayor.com\/ventaonline\/tienda\/preservativos\/preservativo-prime-espermicida-blanco\/#primaryimage\"},\"image\":{\"@id\":\"https:\/\/www.golosinaspormayor.com\/ventaonline\/tienda\/preservativos\/preservativo-prime-espermicida-blanco\/#primaryimage\"},\"thumbnailUrl\":\"https:\/\/www.golosinaspormayor.com\/ventaonline\/wp-content\/uploads\/prime-espermicida-blanco1.jpg\",\"datePublished\":\"2013-07-29T20:48:33+00:00\",\"dateModified\":\"2018-08-03T14:21:44+00:00\",\"description\":\"Venta online de preservativos Prime Espermicida Blanco. Distribuimos productos para kioscos en Buenos Aires y el interior del pa\u00eds. Hace tu pedido ahora.\",\"breadcrumb\":{\"@id\":\"https:\/\/www.golosinaspormayor.com\/ventaonline\/tienda\/preservativos\/preservativo-prime-espermicida-blanco\/#breadcrumb\"},\"inLanguage\":\"es\",\"potentialAction\":[{\"@type\":\"ReadAction\",\"target\":[\"https:\/\/www.golosinaspormayor.com\/ventaonline\/tienda\/preservativos\/preservativo-prime-espermicida-blanco\/\"]}]},{\"@type\":\"ImageObject\",\"inLanguage\":\"es\",\"@id\":\"https:\/\/www.golosinaspormayor.com\/ventaonline\/tienda\/preservativos\/preservativo-prime-espermicida-blanco\/#primaryimage\",\"url\":\"https:\/\/www.golosinaspormayor.com\/ventaonline\/wp-content\/uploads\/prime-espermicida-blanco1.jpg\",\"contentUrl\":\"https:\/\/www.golosinaspormayor.com\/ventaonline\/wp-content\/uploads\/prime-espermicida-blanco1.jpg\",\"width\":200,\"height\":200,\"caption\":\"prime-espermicida-blanco-mayorista\"},{\"@type\":\"BreadcrumbList\",\"@id\":\"https:\/\/www.golosinaspormayor.com\/ventaonline\/tienda\/preservativos\/preservativo-prime-espermicida-blanco\/#breadcrumb\",\"itemListElement\":[{\"@type\":\"ListItem\",\"position\":1,\"name\":\"Tienda\",\"item\":\"https:\/\/www.golosinaspormayor.com\/ventaonline\/tienda\/\"},{\"@type\":\"ListItem\",\"position\":2,\"name\":\"PRESERVATIVO PRIME ESPERMICIDA BLANCO x 24u\"}]},{\"@type\":\"WebSite\",\"@id\":\"https:\/\/www.golosinaspormayor.com\/ventaonline\/#website\",\"url\":\"https:\/\/www.golosinaspormayor.com\/ventaonline\/\",\"name\":\"Golosinas por Mayor\",\"description\":\"Venta online de golosinas por mayor\",\"publisher\":{\"@id\":\"https:\/\/www.golosinaspormayor.com\/ventaonline\/#organization\"},\"potentialAction\":[{\"@type\":\"SearchAction\",\"target\":{\"@type\":\"EntryPoint\",\"urlTemplate\":\"https:\/\/www.golosinaspormayor.com\/ventaonline\/?s={search_term_string}\"},\"query-input\":{\"@type\":\"PropertyValueSpecification\",\"valueRequired\":true,\"valueName\":\"search_term_string\"}}],\"inLanguage\":\"es\"},{\"@type\":\"Organization\",\"@id\":\"https:\/\/www.golosinaspormayor.com\/ventaonline\/#organization\",\"name\":\"Golosinas por Mayor\",\"url\":\"https:\/\/www.golosinaspormayor.com\/ventaonline\/\",\"logo\":{\"@type\":\"ImageObject\",\"inLanguage\":\"es\",\"@id\":\"https:\/\/www.golosinaspormayor.com\/ventaonline\/#\/schema\/logo\/image\/\",\"url\":\"https:\/\/www.golosinaspormayor.com\/ventaonline\/wp-content\/uploads\/Copia-de-pop-logo-png.png\",\"contentUrl\":\"https:\/\/www.golosinaspormayor.com\/ventaonline\/wp-content\/uploads\/Copia-de-pop-logo-png.png\",\"width\":150,\"height\":46,\"caption\":\"Golosinas por Mayor\"},\"image\":{\"@id\":\"https:\/\/www.golosinaspormayor.com\/ventaonline\/#\/schema\/logo\/image\/\"}}]}<\/script>\n<!-- \/ Yoast SEO plugin. -->","yoast_head_json":{"title":"PRESERVATIVO PRIME ESPERMICIDA BLANCO x 24u -","description":"Venta online de preservativos Prime Espermicida Blanco. Distribuimos productos para kioscos en Buenos Aires y el interior del pa\u00eds. Hace tu pedido ahora.","robots":{"index":"index","follow":"follow","max-snippet":"max-snippet:-1","max-image-preview":"max-image-preview:large","max-video-preview":"max-video-preview:-1"},"canonical":"https:\/\/www.golosinaspormayor.com\/ventaonline\/tienda\/preservativos\/preservativo-prime-espermicida-blanco\/","og_locale":"es_ES","og_type":"article","og_title":"PRESERVATIVO PRIME ESPERMICIDA BLANCO x 24u -","og_description":"Venta online de preservativos Prime Espermicida Blanco. Distribuimos productos para kioscos en Buenos Aires y el interior del pa\u00eds. Hace tu pedido ahora.","og_url":"https:\/\/www.golosinaspormayor.com\/ventaonline\/tienda\/preservativos\/preservativo-prime-espermicida-blanco\/","og_site_name":"Golosinas por Mayor","article_modified_time":"2018-08-03T14:21:44+00:00","og_image":[{"width":200,"height":200,"url":"https:\/\/www.golosinaspormayor.com\/ventaonline\/wp-content\/uploads\/prime-espermicida-blanco1.jpg","type":"image\/jpeg"}],"twitter_misc":{"Tiempo de lectura":"1 minuto"},"schema":{"@context":"https:\/\/schema.org","@graph":[{"@type":"WebPage","@id":"https:\/\/www.golosinaspormayor.com\/ventaonline\/tienda\/preservativos\/preservativo-prime-espermicida-blanco\/","url":"https:\/\/www.golosinaspormayor.com\/ventaonline\/tienda\/preservativos\/preservativo-prime-espermicida-blanco\/","name":"PRESERVATIVO PRIME ESPERMICIDA BLANCO x 24u -","isPartOf":{"@id":"https:\/\/www.golosinaspormayor.com\/ventaonline\/#website"},"primaryImageOfPage":{"@id":"https:\/\/www.golosinaspormayor.com\/ventaonline\/tienda\/preservativos\/preservativo-prime-espermicida-blanco\/#primaryimage"},"image":{"@id":"https:\/\/www.golosinaspormayor.com\/ventaonline\/tienda\/preservativos\/preservativo-prime-espermicida-blanco\/#primaryimage"},"thumbnailUrl":"https:\/\/www.golosinaspormayor.com\/ventaonline\/wp-content\/uploads\/prime-espermicida-blanco1.jpg","datePublished":"2013-07-29T20:48:33+00:00","dateModified":"2018-08-03T14:21:44+00:00","description":"Venta online de preservativos Prime Espermicida Blanco. Distribuimos productos para kioscos en Buenos Aires y el interior del pa\u00eds. Hace tu pedido ahora.","breadcrumb":{"@id":"https:\/\/www.golosinaspormayor.com\/ventaonline\/tienda\/preservativos\/preservativo-prime-espermicida-blanco\/#breadcrumb"},"inLanguage":"es","potentialAction":[{"@type":"ReadAction","target":["https:\/\/www.golosinaspormayor.com\/ventaonline\/tienda\/preservativos\/preservativo-prime-espermicida-blanco\/"]}]},{"@type":"ImageObject","inLanguage":"es","@id":"https:\/\/www.golosinaspormayor.com\/ventaonline\/tienda\/preservativos\/preservativo-prime-espermicida-blanco\/#primaryimage","url":"https:\/\/www.golosinaspormayor.com\/ventaonline\/wp-content\/uploads\/prime-espermicida-blanco1.jpg","contentUrl":"https:\/\/www.golosinaspormayor.com\/ventaonline\/wp-content\/uploads\/prime-espermicida-blanco1.jpg","width":200,"height":200,"caption":"prime-espermicida-blanco-mayorista"},{"@type":"BreadcrumbList","@id":"https:\/\/www.golosinaspormayor.com\/ventaonline\/tienda\/preservativos\/preservativo-prime-espermicida-blanco\/#breadcrumb","itemListElement":[{"@type":"ListItem","position":1,"name":"Tienda","item":"https:\/\/www.golosinaspormayor.com\/ventaonline\/tienda\/"},{"@type":"ListItem","position":2,"name":"PRESERVATIVO PRIME ESPERMICIDA BLANCO x 24u"}]},{"@type":"WebSite","@id":"https:\/\/www.golosinaspormayor.com\/ventaonline\/#website","url":"https:\/\/www.golosinaspormayor.com\/ventaonline\/","name":"Golosinas por Mayor","description":"Venta online de golosinas por mayor","publisher":{"@id":"https:\/\/www.golosinaspormayor.com\/ventaonline\/#organization"},"potentialAction":[{"@type":"SearchAction","target":{"@type":"EntryPoint","urlTemplate":"https:\/\/www.golosinaspormayor.com\/ventaonline\/?s={search_term_string}"},"query-input":{"@type":"PropertyValueSpecification","valueRequired":true,"valueName":"search_term_string"}}],"inLanguage":"es"},{"@type":"Organization","@id":"https:\/\/www.golosinaspormayor.com\/ventaonline\/#organization","name":"Golosinas por Mayor","url":"https:\/\/www.golosinaspormayor.com\/ventaonline\/","logo":{"@type":"ImageObject","inLanguage":"es","@id":"https:\/\/www.golosinaspormayor.com\/ventaonline\/#\/schema\/logo\/image\/","url":"https:\/\/www.golosinaspormayor.com\/ventaonline\/wp-content\/uploads\/Copia-de-pop-logo-png.png","contentUrl":"https:\/\/www.golosinaspormayor.com\/ventaonline\/wp-content\/uploads\/Copia-de-pop-logo-png.png","width":150,"height":46,"caption":"Golosinas por Mayor"},"image":{"@id":"https:\/\/www.golosinaspormayor.com\/ventaonline\/#\/schema\/logo\/image\/"}}]}},"_links":{"self":[{"href":"https:\/\/www.golosinaspormayor.com\/ventaonline\/wp-json\/wp\/v2\/product\/128","targetHints":{"allow":["GET"]}}],"collection":[{"href":"https:\/\/www.golosinaspormayor.com\/ventaonline\/wp-json\/wp\/v2\/product"}],"about":[{"href":"https:\/\/www.golosinaspormayor.com\/ventaonline\/wp-json\/wp\/v2\/types\/product"}],"replies":[{"embeddable":true,"href":"https:\/\/www.golosinaspormayor.com\/ventaonline\/wp-json\/wp\/v2\/comments?post=128"}],"wp:featuredmedia":[{"embeddable":true,"href":"https:\/\/www.golosinaspormayor.com\/ventaonline\/wp-json\/wp\/v2\/media\/131"}],"wp:attachment":[{"href":"https:\/\/www.golosinaspormayor.com\/ventaonline\/wp-json\/wp\/v2\/media?parent=128"}],"wp:term":[{"taxonomy":"product_brand","embeddable":true,"href":"https:\/\/www.golosinaspormayor.com\/ventaonline\/wp-json\/wp\/v2\/product_brand?post=128"},{"taxonomy":"product_cat","embeddable":true,"href":"https:\/\/www.golosinaspormayor.com\/ventaonline\/wp-json\/wp\/v2\/product_cat?post=128"},{"taxonomy":"product_tag","embeddable":true,"href":"https:\/\/www.golosinaspormayor.com\/ventaonline\/wp-json\/wp\/v2\/product_tag?post=128"}],"curies":[{"name":"wp","href":"https:\/\/api.w.org\/{rel}","templated":true}]}}