{"id":125,"date":"2013-07-29T17:27:39","date_gmt":"2013-07-29T20:27:39","guid":{"rendered":"http:\/\/www.golosinaspormayor.com\/ventaonline\/?post_type=product&#038;p=125"},"modified":"2018-08-03T11:21:44","modified_gmt":"2018-08-03T14:21:44","slug":"preservativo-prime-anatomico-verde","status":"publish","type":"product","link":"https:\/\/www.golosinaspormayor.com\/ventaonline\/tienda\/preservativos\/preservativo-prime-anatomico-verde\/","title":{"rendered":"PRESERVATIVO PRIME ANATOMICO VERDE x 24u"},"content":{"rendered":"<p>Las pr\u00e1cticas sexuales deben hacerse a conciencia para lograr a\u00fan m\u00e1s placer y diversi\u00f3n, por ello es que la marca Prime, l\u00edder en preservativos en el mundo entero, tiene una amplia variedad de productos para todos los gustos y preferencias. S\u00ed en nuestra tienda Online que tiene de todo en este rubro, te ofrecemos para la venta en t\u00fa comercio los preservativos Prime anat\u00f3micos verdes, que son como su palabra lo indica m\u00e1s sencillos de colocar, y eso es porque se adaptan a cada forma, y tama\u00f1o, para conseguir el placer, sin molestias.<\/p>\n<p>El var\u00f3n que se coloca los preservativos Prime anat\u00f3micos verdes, siente m\u00e1s placer, porque est\u00e1n desarrollados con materiales que permiten una mejor adaptaci\u00f3n, y como esa colocaci\u00f3n no se dificulta, se puede seguir perfectamente con el juego sexual, sin detenerse. Ofr\u00e9celos a tus clientes, y mu\u00e9stralos para que todo aquel que necesite saber m\u00e1s, los pueda probar, adem\u00e1s, ten en cuenta que toda la l\u00ednea de preservativos Prime es l\u00edder en el mercado. Los precios incre\u00edbles y los productos de calidad que tenemos dentro de nuestro stock de mercader\u00edas son muchos y variados, como este que es uno de los m\u00e1s atractivos para la actividad sexual de estos tiempos.<\/p>\n","protected":false},"excerpt":{"rendered":"<p><strong>PRIME ANAT\u00d3MICO VERDE X 24U B\/20<\/strong><\/p>\n","protected":false},"featured_media":126,"comment_status":"closed","ping_status":"closed","template":"","meta":{"site-sidebar-layout":"default","site-content-layout":"","ast-site-content-layout":"default","site-content-style":"default","site-sidebar-style":"default","ast-global-header-display":"","ast-banner-title-visibility":"","ast-main-header-display":"","ast-hfb-above-header-display":"","ast-hfb-below-header-display":"","ast-hfb-mobile-header-display":"","site-post-title":"","ast-breadcrumbs-content":"","ast-featured-img":"","footer-sml-layout":"","ast-disable-related-posts":"","theme-transparent-header-meta":"","adv-header-id-meta":"","stick-header-meta":"","header-above-stick-meta":"","header-main-stick-meta":"","header-below-stick-meta":"","astra-migrate-meta-layouts":"default","ast-page-background-enabled":"default","ast-page-background-meta":{"desktop":{"background-color":"","background-image":"","background-repeat":"repeat","background-position":"center center","background-size":"auto","background-attachment":"scroll","background-type":"","background-media":"","overlay-type":"","overlay-color":"","overlay-opacity":"","overlay-gradient":""},"tablet":{"background-color":"","background-image":"","background-repeat":"repeat","background-position":"center center","background-size":"auto","background-attachment":"scroll","background-type":"","background-media":"","overlay-type":"","overlay-color":"","overlay-opacity":"","overlay-gradient":""},"mobile":{"background-color":"","background-image":"","background-repeat":"repeat","background-position":"center center","background-size":"auto","background-attachment":"scroll","background-type":"","background-media":"","overlay-type":"","overlay-color":"","overlay-opacity":"","overlay-gradient":""}},"ast-content-background-meta":{"desktop":{"background-color":"var(--ast-global-color-5)","background-image":"","background-repeat":"repeat","background-position":"center center","background-size":"auto","background-attachment":"scroll","background-type":"","background-media":"","overlay-type":"","overlay-color":"","overlay-opacity":"","overlay-gradient":""},"tablet":{"background-color":"var(--ast-global-color-5)","background-image":"","background-repeat":"repeat","background-position":"center center","background-size":"auto","background-attachment":"scroll","background-type":"","background-media":"","overlay-type":"","overlay-color":"","overlay-opacity":"","overlay-gradient":""},"mobile":{"background-color":"var(--ast-global-color-5)","background-image":"","background-repeat":"repeat","background-position":"center center","background-size":"auto","background-attachment":"scroll","background-type":"","background-media":"","overlay-type":"","overlay-color":"","overlay-opacity":"","overlay-gradient":""}},"_joinchat":[]},"product_brand":[],"product_cat":[32],"product_tag":[76,75,617,77],"class_list":{"0":"post-125","1":"product","2":"type-product","3":"status-publish","4":"has-post-thumbnail","6":"product_cat-preservativos","7":"product_tag-anatomico","8":"product_tag-prime","9":"product_tag-profilactico","10":"product_tag-verde","11":"desktop-align-left","12":"tablet-align-left","13":"mobile-align-left","14":"ast-product-gallery-layout-vertical","15":"ast-product-gallery-with-no-image","16":"ast-product-tabs-layout-vertical","18":"first","19":"outofstock","20":"shipping-taxable","21":"purchasable","22":"product-type-simple"},"yoast_head":"<!-- This site is optimized with the Yoast SEO plugin v27.2 - https:\/\/yoast.com\/product\/yoast-seo-wordpress\/ -->\n<title>PRESERVATIVO PRIME ANATOMICO VERDE x 24u -<\/title>\n<meta name=\"description\" content=\"Preservativo Prime Anat\u00f3mico Verde. Compralo por mayor en nuestro comercio electr\u00f3nico o por tel\u00e9fono a trav\u00e9s de nuestros vendedores. Entrega en 48 horas.\" \/>\n<meta name=\"robots\" content=\"index, follow, max-snippet:-1, max-image-preview:large, max-video-preview:-1\" \/>\n<link rel=\"canonical\" href=\"https:\/\/www.golosinaspormayor.com\/ventaonline\/tienda\/preservativos\/preservativo-prime-anatomico-verde\/\" \/>\n<meta property=\"og:locale\" content=\"es_ES\" \/>\n<meta property=\"og:type\" content=\"article\" \/>\n<meta property=\"og:title\" content=\"PRESERVATIVO PRIME ANATOMICO VERDE x 24u -\" \/>\n<meta property=\"og:description\" content=\"Preservativo Prime Anat\u00f3mico Verde. Compralo por mayor en nuestro comercio electr\u00f3nico o por tel\u00e9fono a trav\u00e9s de nuestros vendedores. Entrega en 48 horas.\" \/>\n<meta property=\"og:url\" content=\"https:\/\/www.golosinaspormayor.com\/ventaonline\/tienda\/preservativos\/preservativo-prime-anatomico-verde\/\" \/>\n<meta property=\"og:site_name\" content=\"Golosinas por Mayor\" \/>\n<meta property=\"article:modified_time\" content=\"2018-08-03T14:21:44+00:00\" \/>\n<meta property=\"og:image\" content=\"https:\/\/www.golosinaspormayor.com\/ventaonline\/wp-content\/uploads\/preservativo-prime-anatomico-verde.jpg\" \/>\n\t<meta property=\"og:image:width\" content=\"241\" \/>\n\t<meta property=\"og:image:height\" content=\"209\" \/>\n\t<meta property=\"og:image:type\" content=\"image\/jpeg\" \/>\n<meta name=\"twitter:label1\" content=\"Tiempo de lectura\" \/>\n\t<meta name=\"twitter:data1\" content=\"1 minuto\" \/>\n<script type=\"application\/ld+json\" class=\"yoast-schema-graph\">{\"@context\":\"https:\/\/schema.org\",\"@graph\":[{\"@type\":\"WebPage\",\"@id\":\"https:\/\/www.golosinaspormayor.com\/ventaonline\/tienda\/preservativos\/preservativo-prime-anatomico-verde\/\",\"url\":\"https:\/\/www.golosinaspormayor.com\/ventaonline\/tienda\/preservativos\/preservativo-prime-anatomico-verde\/\",\"name\":\"PRESERVATIVO PRIME ANATOMICO VERDE x 24u -\",\"isPartOf\":{\"@id\":\"https:\/\/www.golosinaspormayor.com\/ventaonline\/#website\"},\"primaryImageOfPage\":{\"@id\":\"https:\/\/www.golosinaspormayor.com\/ventaonline\/tienda\/preservativos\/preservativo-prime-anatomico-verde\/#primaryimage\"},\"image\":{\"@id\":\"https:\/\/www.golosinaspormayor.com\/ventaonline\/tienda\/preservativos\/preservativo-prime-anatomico-verde\/#primaryimage\"},\"thumbnailUrl\":\"https:\/\/www.golosinaspormayor.com\/ventaonline\/wp-content\/uploads\/preservativo-prime-anatomico-verde.jpg\",\"datePublished\":\"2013-07-29T20:27:39+00:00\",\"dateModified\":\"2018-08-03T14:21:44+00:00\",\"description\":\"Preservativo Prime Anat\u00f3mico Verde. Compralo por mayor en nuestro comercio electr\u00f3nico o por tel\u00e9fono a trav\u00e9s de nuestros vendedores. Entrega en 48 horas.\",\"breadcrumb\":{\"@id\":\"https:\/\/www.golosinaspormayor.com\/ventaonline\/tienda\/preservativos\/preservativo-prime-anatomico-verde\/#breadcrumb\"},\"inLanguage\":\"es\",\"potentialAction\":[{\"@type\":\"ReadAction\",\"target\":[\"https:\/\/www.golosinaspormayor.com\/ventaonline\/tienda\/preservativos\/preservativo-prime-anatomico-verde\/\"]}]},{\"@type\":\"ImageObject\",\"inLanguage\":\"es\",\"@id\":\"https:\/\/www.golosinaspormayor.com\/ventaonline\/tienda\/preservativos\/preservativo-prime-anatomico-verde\/#primaryimage\",\"url\":\"https:\/\/www.golosinaspormayor.com\/ventaonline\/wp-content\/uploads\/preservativo-prime-anatomico-verde.jpg\",\"contentUrl\":\"https:\/\/www.golosinaspormayor.com\/ventaonline\/wp-content\/uploads\/preservativo-prime-anatomico-verde.jpg\",\"width\":241,\"height\":209,\"caption\":\"prime-verde-anatomico-precio\"},{\"@type\":\"BreadcrumbList\",\"@id\":\"https:\/\/www.golosinaspormayor.com\/ventaonline\/tienda\/preservativos\/preservativo-prime-anatomico-verde\/#breadcrumb\",\"itemListElement\":[{\"@type\":\"ListItem\",\"position\":1,\"name\":\"Tienda\",\"item\":\"https:\/\/www.golosinaspormayor.com\/ventaonline\/tienda\/\"},{\"@type\":\"ListItem\",\"position\":2,\"name\":\"PRESERVATIVO PRIME ANATOMICO VERDE x 24u\"}]},{\"@type\":\"WebSite\",\"@id\":\"https:\/\/www.golosinaspormayor.com\/ventaonline\/#website\",\"url\":\"https:\/\/www.golosinaspormayor.com\/ventaonline\/\",\"name\":\"Golosinas por Mayor\",\"description\":\"Venta online de golosinas por mayor\",\"publisher\":{\"@id\":\"https:\/\/www.golosinaspormayor.com\/ventaonline\/#organization\"},\"potentialAction\":[{\"@type\":\"SearchAction\",\"target\":{\"@type\":\"EntryPoint\",\"urlTemplate\":\"https:\/\/www.golosinaspormayor.com\/ventaonline\/?s={search_term_string}\"},\"query-input\":{\"@type\":\"PropertyValueSpecification\",\"valueRequired\":true,\"valueName\":\"search_term_string\"}}],\"inLanguage\":\"es\"},{\"@type\":\"Organization\",\"@id\":\"https:\/\/www.golosinaspormayor.com\/ventaonline\/#organization\",\"name\":\"Golosinas por Mayor\",\"url\":\"https:\/\/www.golosinaspormayor.com\/ventaonline\/\",\"logo\":{\"@type\":\"ImageObject\",\"inLanguage\":\"es\",\"@id\":\"https:\/\/www.golosinaspormayor.com\/ventaonline\/#\/schema\/logo\/image\/\",\"url\":\"https:\/\/www.golosinaspormayor.com\/ventaonline\/wp-content\/uploads\/Copia-de-pop-logo-png.png\",\"contentUrl\":\"https:\/\/www.golosinaspormayor.com\/ventaonline\/wp-content\/uploads\/Copia-de-pop-logo-png.png\",\"width\":150,\"height\":46,\"caption\":\"Golosinas por Mayor\"},\"image\":{\"@id\":\"https:\/\/www.golosinaspormayor.com\/ventaonline\/#\/schema\/logo\/image\/\"}}]}<\/script>\n<!-- \/ Yoast SEO plugin. -->","yoast_head_json":{"title":"PRESERVATIVO PRIME ANATOMICO VERDE x 24u -","description":"Preservativo Prime Anat\u00f3mico Verde. Compralo por mayor en nuestro comercio electr\u00f3nico o por tel\u00e9fono a trav\u00e9s de nuestros vendedores. Entrega en 48 horas.","robots":{"index":"index","follow":"follow","max-snippet":"max-snippet:-1","max-image-preview":"max-image-preview:large","max-video-preview":"max-video-preview:-1"},"canonical":"https:\/\/www.golosinaspormayor.com\/ventaonline\/tienda\/preservativos\/preservativo-prime-anatomico-verde\/","og_locale":"es_ES","og_type":"article","og_title":"PRESERVATIVO PRIME ANATOMICO VERDE x 24u -","og_description":"Preservativo Prime Anat\u00f3mico Verde. Compralo por mayor en nuestro comercio electr\u00f3nico o por tel\u00e9fono a trav\u00e9s de nuestros vendedores. Entrega en 48 horas.","og_url":"https:\/\/www.golosinaspormayor.com\/ventaonline\/tienda\/preservativos\/preservativo-prime-anatomico-verde\/","og_site_name":"Golosinas por Mayor","article_modified_time":"2018-08-03T14:21:44+00:00","og_image":[{"width":241,"height":209,"url":"https:\/\/www.golosinaspormayor.com\/ventaonline\/wp-content\/uploads\/preservativo-prime-anatomico-verde.jpg","type":"image\/jpeg"}],"twitter_misc":{"Tiempo de lectura":"1 minuto"},"schema":{"@context":"https:\/\/schema.org","@graph":[{"@type":"WebPage","@id":"https:\/\/www.golosinaspormayor.com\/ventaonline\/tienda\/preservativos\/preservativo-prime-anatomico-verde\/","url":"https:\/\/www.golosinaspormayor.com\/ventaonline\/tienda\/preservativos\/preservativo-prime-anatomico-verde\/","name":"PRESERVATIVO PRIME ANATOMICO VERDE x 24u -","isPartOf":{"@id":"https:\/\/www.golosinaspormayor.com\/ventaonline\/#website"},"primaryImageOfPage":{"@id":"https:\/\/www.golosinaspormayor.com\/ventaonline\/tienda\/preservativos\/preservativo-prime-anatomico-verde\/#primaryimage"},"image":{"@id":"https:\/\/www.golosinaspormayor.com\/ventaonline\/tienda\/preservativos\/preservativo-prime-anatomico-verde\/#primaryimage"},"thumbnailUrl":"https:\/\/www.golosinaspormayor.com\/ventaonline\/wp-content\/uploads\/preservativo-prime-anatomico-verde.jpg","datePublished":"2013-07-29T20:27:39+00:00","dateModified":"2018-08-03T14:21:44+00:00","description":"Preservativo Prime Anat\u00f3mico Verde. Compralo por mayor en nuestro comercio electr\u00f3nico o por tel\u00e9fono a trav\u00e9s de nuestros vendedores. Entrega en 48 horas.","breadcrumb":{"@id":"https:\/\/www.golosinaspormayor.com\/ventaonline\/tienda\/preservativos\/preservativo-prime-anatomico-verde\/#breadcrumb"},"inLanguage":"es","potentialAction":[{"@type":"ReadAction","target":["https:\/\/www.golosinaspormayor.com\/ventaonline\/tienda\/preservativos\/preservativo-prime-anatomico-verde\/"]}]},{"@type":"ImageObject","inLanguage":"es","@id":"https:\/\/www.golosinaspormayor.com\/ventaonline\/tienda\/preservativos\/preservativo-prime-anatomico-verde\/#primaryimage","url":"https:\/\/www.golosinaspormayor.com\/ventaonline\/wp-content\/uploads\/preservativo-prime-anatomico-verde.jpg","contentUrl":"https:\/\/www.golosinaspormayor.com\/ventaonline\/wp-content\/uploads\/preservativo-prime-anatomico-verde.jpg","width":241,"height":209,"caption":"prime-verde-anatomico-precio"},{"@type":"BreadcrumbList","@id":"https:\/\/www.golosinaspormayor.com\/ventaonline\/tienda\/preservativos\/preservativo-prime-anatomico-verde\/#breadcrumb","itemListElement":[{"@type":"ListItem","position":1,"name":"Tienda","item":"https:\/\/www.golosinaspormayor.com\/ventaonline\/tienda\/"},{"@type":"ListItem","position":2,"name":"PRESERVATIVO PRIME ANATOMICO VERDE x 24u"}]},{"@type":"WebSite","@id":"https:\/\/www.golosinaspormayor.com\/ventaonline\/#website","url":"https:\/\/www.golosinaspormayor.com\/ventaonline\/","name":"Golosinas por Mayor","description":"Venta online de golosinas por mayor","publisher":{"@id":"https:\/\/www.golosinaspormayor.com\/ventaonline\/#organization"},"potentialAction":[{"@type":"SearchAction","target":{"@type":"EntryPoint","urlTemplate":"https:\/\/www.golosinaspormayor.com\/ventaonline\/?s={search_term_string}"},"query-input":{"@type":"PropertyValueSpecification","valueRequired":true,"valueName":"search_term_string"}}],"inLanguage":"es"},{"@type":"Organization","@id":"https:\/\/www.golosinaspormayor.com\/ventaonline\/#organization","name":"Golosinas por Mayor","url":"https:\/\/www.golosinaspormayor.com\/ventaonline\/","logo":{"@type":"ImageObject","inLanguage":"es","@id":"https:\/\/www.golosinaspormayor.com\/ventaonline\/#\/schema\/logo\/image\/","url":"https:\/\/www.golosinaspormayor.com\/ventaonline\/wp-content\/uploads\/Copia-de-pop-logo-png.png","contentUrl":"https:\/\/www.golosinaspormayor.com\/ventaonline\/wp-content\/uploads\/Copia-de-pop-logo-png.png","width":150,"height":46,"caption":"Golosinas por Mayor"},"image":{"@id":"https:\/\/www.golosinaspormayor.com\/ventaonline\/#\/schema\/logo\/image\/"}}]}},"_links":{"self":[{"href":"https:\/\/www.golosinaspormayor.com\/ventaonline\/wp-json\/wp\/v2\/product\/125","targetHints":{"allow":["GET"]}}],"collection":[{"href":"https:\/\/www.golosinaspormayor.com\/ventaonline\/wp-json\/wp\/v2\/product"}],"about":[{"href":"https:\/\/www.golosinaspormayor.com\/ventaonline\/wp-json\/wp\/v2\/types\/product"}],"replies":[{"embeddable":true,"href":"https:\/\/www.golosinaspormayor.com\/ventaonline\/wp-json\/wp\/v2\/comments?post=125"}],"wp:featuredmedia":[{"embeddable":true,"href":"https:\/\/www.golosinaspormayor.com\/ventaonline\/wp-json\/wp\/v2\/media\/126"}],"wp:attachment":[{"href":"https:\/\/www.golosinaspormayor.com\/ventaonline\/wp-json\/wp\/v2\/media?parent=125"}],"wp:term":[{"taxonomy":"product_brand","embeddable":true,"href":"https:\/\/www.golosinaspormayor.com\/ventaonline\/wp-json\/wp\/v2\/product_brand?post=125"},{"taxonomy":"product_cat","embeddable":true,"href":"https:\/\/www.golosinaspormayor.com\/ventaonline\/wp-json\/wp\/v2\/product_cat?post=125"},{"taxonomy":"product_tag","embeddable":true,"href":"https:\/\/www.golosinaspormayor.com\/ventaonline\/wp-json\/wp\/v2\/product_tag?post=125"}],"curies":[{"name":"wp","href":"https:\/\/api.w.org\/{rel}","templated":true}]}}